{"id":3212,"date":"2025-04-27T07:08:23","date_gmt":"2025-04-27T07:08:23","guid":{"rendered":"https:\/\/theperfumebottles.com\/?post_type=product&#038;p=3212"},"modified":"2025-04-27T07:08:25","modified_gmt":"2025-04-27T07:08:25","slug":"premium-circle-perfume-bottles-with-fan-shaped-caps","status":"publish","type":"product","link":"https:\/\/theperfumebottles.com\/fi\/tuote\/premium-circle-perfume-bottles-with-fan-shaped-caps\/","title":{"rendered":"Ensiluokkaiset py\u00f6re\u00e4t hajuvesipullot viuhkanmuotoisilla korkeilla br\u00e4ndillesi"},"content":{"rendered":"<h2><strong>Tekniset tiedot<\/strong><\/h2>\n<table>\n<thead>\n<tr>\n<th>Malli<\/th>\n<th>Kapasiteetti<\/th>\n<th>Mitat (mm)<\/th>\n<th>Pumpun p\u00e4\u00e4n v\u00e4rit<\/th>\n<th>Sertifioinnit<\/th>\n<\/tr>\n<\/thead>\n<tbody>\n<tr>\n<td>PB-YX1901<\/td>\n<td>30 ml<\/td>\n<td>64\u00d728\u00d772<\/td>\n<td>Hopea\/Kulta\/Musta<\/td>\n<td>CE, ISO, BSCI, REACH<\/td>\n<\/tr>\n<tr>\n<td>PB-YX1902<\/td>\n<td>50 ml<\/td>\n<td>75\u00d725\u00d785<\/td>\n<td>Hopea\/Kulta\/Musta<\/td>\n<td>CE, ISO, BSCI, REACH<\/td>\n<\/tr>\n<tr>\n<td>PB-YX1903<\/td>\n<td>100 ml<\/td>\n<td>86\u00d736\u00d790<\/td>\n<td>Hopea\/Kulta\/Musta<\/td>\n<td>CE, ISO, BSCI, REACH<\/td>\n<\/tr>\n<\/tbody>\n<\/table>\n<h2>Pakkausvinkkej\u00e4<\/h2>\n<p>Er\u00e4s eurooppalainen ylellinen hajuvesimerkki teki hiljattain yhteisty\u00f6t\u00e4 kanssamme r\u00e4\u00e4t\u00e4l\u00f6id\u00e4kseen PB-YX1902 50 ml:n hajuvesipullon, jossa on ruusukultainen pumppup\u00e4\u00e4 ja kaiverrettu logo. Ainutlaatuisen pakkauksen ja korkealaatuisen koostumuksen ansiosta sen hajuvesien myynti kasvoi 30% kolmessa kuukaudessa.<\/p>\n<h3>Ehdotukset<\/h3>\n<p>V\u00e4ri ja viimeistely: Lis\u00e4\u00e4 metallinen rakenne tai kuumaleimaus tehd\u00e4ksesi siit\u00e4 silm\u00e4\u00e4npist\u00e4v\u00e4mm\u00e4n: Lis\u00e4\u00e4 metallinen rakenne tai kuumaleimaus tehd\u00e4ksesi siit\u00e4 silm\u00e4\u00e4npist\u00e4v\u00e4mm\u00e4n.<\/p>\n<p>Etiketin suunnittelu: Yhdist\u00e4 tyhjien etikettiemme kanssa ja luo br\u00e4ndikuvasi.<\/p>\n<p>Irtopakkaus: Puiset kuormalavat tai ymp\u00e4rist\u00f6yst\u00e4v\u00e4lliset laatikot tukkutilauksiin.<\/p>\n<p>Panemme etusijalle liiketoiminnan kasvun. Tukkuhinnoittelun ja nopean toimituksen (7-15 p\u00e4iv\u00e4\u00e4 varastotuotteille) ansiosta voit keskitty\u00e4 parfyymisi tuoksuun, ja me huolehdimme pakkaamisesta.<\/p>","protected":false},"excerpt":{"rendered":"<p>Tutustu ylellisiin py\u00f6reisiin hajuvesipulloihin, joissa on viuhkanmuotoiset korkit. R\u00e4\u00e4t\u00e4l\u00f6inti ja irtotavarana tukkuvaihtoehdot. T\u00e4ydellinen korkealaatuisia tuoksupakkauksia etsiville tuotemerkeille.<\/p>","protected":false},"featured_media":3214,"comment_status":"open","ping_status":"closed","template":"","meta":{"_acf_changed":false,"site-sidebar-layout":"default","site-content-layout":"","ast-site-content-layout":"default","site-content-style":"default","site-sidebar-style":"default","ast-global-header-display":"","ast-banner-title-visibility":"","ast-main-header-display":"","ast-hfb-above-header-display":"","ast-hfb-below-header-display":"","ast-hfb-mobile-header-display":"","site-post-title":"","ast-breadcrumbs-content":"","ast-featured-img":"","footer-sml-layout":"","ast-disable-related-posts":"","theme-transparent-header-meta":"default","adv-header-id-meta":"","stick-header-meta":"","header-above-stick-meta":"","header-main-stick-meta":"","header-below-stick-meta":"","astra-migrate-meta-layouts":"set","ast-page-background-enabled":"default","ast-page-background-meta":{"desktop":{"background-color":"var(--ast-global-color-5)","background-image":"","background-repeat":"repeat","background-position":"center center","background-size":"auto","background-attachment":"scroll","background-type":"","background-media":"","overlay-type":"","overlay-color":"","overlay-opacity":"","overlay-gradient":""},"tablet":{"background-color":"","background-image":"","background-repeat":"repeat","background-position":"center center","background-size":"auto","background-attachment":"scroll","background-type":"","background-media":"","overlay-type":"","overlay-color":"","overlay-opacity":"","overlay-gradient":""},"mobile":{"background-color":"","background-image":"","background-repeat":"repeat","background-position":"center center","background-size":"auto","background-attachment":"scroll","background-type":"","background-media":"","overlay-type":"","overlay-color":"","overlay-opacity":"","overlay-gradient":""}},"ast-content-background-meta":{"desktop":{"background-color":"var(--ast-global-color-4)","background-image":"","background-repeat":"repeat","background-position":"center center","background-size":"auto","background-attachment":"scroll","background-type":"","background-media":"","overlay-type":"","overlay-color":"","overlay-opacity":"","overlay-gradient":""},"tablet":{"background-color":"var(--ast-global-color-4)","background-image":"","background-repeat":"repeat","background-position":"center center","background-size":"auto","background-attachment":"scroll","background-type":"","background-media":"","overlay-type":"","overlay-color":"","overlay-opacity":"","overlay-gradient":""},"mobile":{"background-color":"var(--ast-global-color-4)","background-image":"","background-repeat":"repeat","background-position":"center center","background-size":"auto","background-attachment":"scroll","background-type":"","background-media":"","overlay-type":"","overlay-color":"","overlay-opacity":"","overlay-gradient":""}}},"product_brand":[],"product_cat":[72,91,41],"product_tag":[],"class_list":{"0":"post-3212","1":"product","2":"type-product","3":"status-publish","4":"has-post-thumbnail","6":"product_cat-cosmetic-packaging","7":"product_cat-custom-perfume-bottles","8":"product_cat-perfume-bottles","9":"desktop-align-left","10":"tablet-align-left","11":"mobile-align-left","13":"first","14":"instock","15":"shipping-taxable","16":"product-type-simple"},"acf":[],"jetpack_sharing_enabled":true,"_links":{"self":[{"href":"https:\/\/theperfumebottles.com\/fi\/wp-json\/wp\/v2\/product\/3212","targetHints":{"allow":["GET"]}}],"collection":[{"href":"https:\/\/theperfumebottles.com\/fi\/wp-json\/wp\/v2\/product"}],"about":[{"href":"https:\/\/theperfumebottles.com\/fi\/wp-json\/wp\/v2\/types\/product"}],"replies":[{"embeddable":true,"href":"https:\/\/theperfumebottles.com\/fi\/wp-json\/wp\/v2\/comments?post=3212"}],"wp:featuredmedia":[{"embeddable":true,"href":"https:\/\/theperfumebottles.com\/fi\/wp-json\/wp\/v2\/media\/3214"}],"wp:attachment":[{"href":"https:\/\/theperfumebottles.com\/fi\/wp-json\/wp\/v2\/media?parent=3212"}],"wp:term":[{"taxonomy":"product_brand","embeddable":true,"href":"https:\/\/theperfumebottles.com\/fi\/wp-json\/wp\/v2\/product_brand?post=3212"},{"taxonomy":"product_cat","embeddable":true,"href":"https:\/\/theperfumebottles.com\/fi\/wp-json\/wp\/v2\/product_cat?post=3212"},{"taxonomy":"product_tag","embeddable":true,"href":"https:\/\/theperfumebottles.com\/fi\/wp-json\/wp\/v2\/product_tag?post=3212"}],"curies":[{"name":"wp","href":"https:\/\/api.w.org\/{rel}","templated":true}]}}