{"id":3235,"date":"2025-04-28T08:04:02","date_gmt":"2025-04-28T08:04:02","guid":{"rendered":"https:\/\/theperfumebottles.com\/?post_type=product&#038;p=3235"},"modified":"2026-04-07T14:19:18","modified_gmt":"2026-04-07T06:19:18","slug":"25ml-stylish-small-empty-perfume-bottles-for-wholesale","status":"publish","type":"product","link":"https:\/\/theperfumebottles.com\/fi\/tuote\/25ml-stylish-small-empty-perfume-bottles-for-wholesale\/","title":{"rendered":"25 ml:n tyylikk\u00e4\u00e4t pienet tyhj\u00e4t hajuvesipullot tukkumyyntiin"},"content":{"rendered":"<p>Pienet, suorakaiteen muotoiset, sile\u00e4reunaiset hajuvesipullot luovat modernin ilmeen symmetrisen muotoilunsa ansiosta. Pullon runko tuo tuoksun v\u00e4rin esiin, koska sen kirkas lasirunko yhdistyy paksuun pohjaan, mik\u00e4 parantaa vakautta. Tuotteessa yhdistyv\u00e4t virtaviivainen lieri\u00f6m\u00e4inen korkki ja herkk\u00e4 sumutin, mik\u00e4 tekee siit\u00e4 sopivan jokap\u00e4iv\u00e4iseen k\u00e4ytt\u00f6\u00f6n ja kompakteihin matkak\u00e4ytt\u00f6\u00f6n.<\/p>\n<h2>T\u00e4rkeimm\u00e4t tekniset tiedot<\/h2>\n<p>&nbsp;<\/p>\n<table style=\"border-collapse: collapse; margin-left: auto; margin-right: auto; width: 80%;\" border=\"0\" width=\"80%\" cellspacing=\"0\" cellpadding=\"0\">\n<tbody>\n<tr style=\"height: 13.50pt;\">\n<td style=\"height: 13.5pt; width: 132pt; text-align: center;\" width=\"176\" height=\"18\"><strong>Malli<\/strong><\/td>\n<td style=\"width: 195pt; text-align: center;\" width=\"260\">PB-YX2001<\/td>\n<\/tr>\n<tr style=\"height: 13.50pt;\">\n<td style=\"height: 13.5pt; text-align: center;\" height=\"18\"><strong>Ulottuvuus<\/strong><\/td>\n<td style=\"text-align: center;\">25 ml<\/td>\n<\/tr>\n<tr style=\"height: 13.50pt;\">\n<td style=\"height: 13.5pt; text-align: center;\" height=\"18\"><strong>Koko<\/strong><\/td>\n<td style=\"text-align: center;\">32 \u00d7 20 \u00d7 75 mm<\/td>\n<\/tr>\n<tr style=\"height: 13.50pt;\">\n<td style=\"height: 13.5pt; text-align: center;\" height=\"18\"><strong>Kaliiperi<\/strong><\/td>\n<td style=\"text-align: center;\">15 mm<\/td>\n<\/tr>\n<tr style=\"height: 13.50pt;\">\n<td style=\"height: 13.5pt; text-align: center;\" height=\"18\"><strong>Saatavilla olevat pumpun v\u00e4rit<\/strong><\/td>\n<td style=\"text-align: center;\">Hopea, kulta, musta<\/td>\n<\/tr>\n<tr style=\"height: 13.50pt;\">\n<td style=\"height: 13.5pt; text-align: center;\" height=\"18\"><strong>Tiivistystyyppi<\/strong><\/td>\n<td style=\"text-align: center;\">Puristuskaula<\/td>\n<\/tr>\n<\/tbody>\n<\/table>\n<h2>Menestystapaus<\/h2>\n<p>Riippumaton tuoksubr\u00e4ndi otti meihin yhteytt\u00e4 ja valitsi 25 ml:n suorakaiteen muotoisen hajuvesipullomme. Pullon r\u00e4\u00e4t\u00e4l\u00f6intiprosessiin kuului pehme\u00e4n liukuv\u00e4rj\u00e4yksen levitt\u00e4minen pullon sis\u00e4puolelle, mik\u00e4 loi erityisen tehosteen, joka toi esiin tuoksunesteen luonnollisen v\u00e4rin. Korkit viimeisteltiin mittatilausty\u00f6n\u00e4 kahtena erillisen\u00e4 tyylin\u00e4 \u2013 harjattu kulta ja kiilt\u00e4v\u00e4n musta \u2013 eri tuoksuluokkien erottamiseksi toisistaan. Br\u00e4ndin logo levitettiin tarkalla seripainomenetelm\u00e4ll\u00e4, joka varmisti erinomaisen tarttuvuuden pintaan.<\/p>\n<p>Asiakas tilasi lis\u00e4\u00e4 tuotteita havaittuaan kokeilukokoisten lahjapakkausten myynnin kasvaneen 35 % kahden kuukauden aikana niiden virallisen lanseerauksen j\u00e4lkeen.<\/p>\n<h2>Mukautusehdotukset<\/h2>\n<p>Yksi asiakkaistamme on niche-hajuvesiyritys, joka r\u00e4\u00e4t\u00e4l\u00f6i n\u00e4m\u00e4 pullot n\u00e4ytteiden tilaamiseksi. He r\u00e4\u00e4t\u00e4l\u00f6iv\u00e4t kuumapainatusprosessin pinnan ja kaulan koristelun. Elegantti pakkaus paransi br\u00e4ndikuvaa ja lis\u00e4si siten tukkumyyntikyselyit\u00e4.<\/p>\n<p>Suihkepumpun ja korkin valinnasta pahvilaatikon tai laatikon valintaan, tiimimme voi suunnitella yrityksesi tarpeisiin sopivan pakkausratkaisun.<\/p>","protected":false},"excerpt":{"rendered":"<p>Korkealaatuiset pienet tyhj\u00e4t hajuvesipullot tukkumyyjille, toimitus suoraan tehtaalta, mukautettava muotoilu ja nopea toimitus. Minikokoiset tyhj\u00e4t hajuvesipullot irtotavarana.<\/p>","protected":false},"featured_media":3238,"comment_status":"open","ping_status":"closed","template":"","meta":{"_acf_changed":false,"site-sidebar-layout":"default","site-content-layout":"","ast-site-content-layout":"default","site-content-style":"default","site-sidebar-style":"default","ast-global-header-display":"","ast-banner-title-visibility":"","ast-main-header-display":"","ast-hfb-above-header-display":"","ast-hfb-below-header-display":"","ast-hfb-mobile-header-display":"","site-post-title":"","ast-breadcrumbs-content":"","ast-featured-img":"","footer-sml-layout":"","ast-disable-related-posts":"","theme-transparent-header-meta":"default","adv-header-id-meta":"","stick-header-meta":"","header-above-stick-meta":"","header-main-stick-meta":"","header-below-stick-meta":"","astra-migrate-meta-layouts":"set","ast-page-background-enabled":"default","ast-page-background-meta":{"desktop":{"background-color":"var(--ast-global-color-5)","background-image":"","background-repeat":"repeat","background-position":"center center","background-size":"auto","background-attachment":"scroll","background-type":"","background-media":"","overlay-type":"","overlay-color":"","overlay-opacity":"","overlay-gradient":""},"tablet":{"background-color":"","background-image":"","background-repeat":"repeat","background-position":"center center","background-size":"auto","background-attachment":"scroll","background-type":"","background-media":"","overlay-type":"","overlay-color":"","overlay-opacity":"","overlay-gradient":""},"mobile":{"background-color":"","background-image":"","background-repeat":"repeat","background-position":"center center","background-size":"auto","background-attachment":"scroll","background-type":"","background-media":"","overlay-type":"","overlay-color":"","overlay-opacity":"","overlay-gradient":""}},"ast-content-background-meta":{"desktop":{"background-color":"var(--ast-global-color-4)","background-image":"","background-repeat":"repeat","background-position":"center center","background-size":"auto","background-attachment":"scroll","background-type":"","background-media":"","overlay-type":"","overlay-color":"","overlay-opacity":"","overlay-gradient":""},"tablet":{"background-color":"var(--ast-global-color-4)","background-image":"","background-repeat":"repeat","background-position":"center center","background-size":"auto","background-attachment":"scroll","background-type":"","background-media":"","overlay-type":"","overlay-color":"","overlay-opacity":"","overlay-gradient":""},"mobile":{"background-color":"var(--ast-global-color-4)","background-image":"","background-repeat":"repeat","background-position":"center center","background-size":"auto","background-attachment":"scroll","background-type":"","background-media":"","overlay-type":"","overlay-color":"","overlay-opacity":"","overlay-gradient":""}}},"product_brand":[],"product_cat":[74,72,41],"product_tag":[],"class_list":{"0":"post-3235","1":"product","2":"type-product","3":"status-publish","4":"has-post-thumbnail","6":"product_cat-mini-perfume-bottles","7":"product_cat-cosmetic-packaging","8":"product_cat-perfume-bottles","9":"desktop-align-left","10":"tablet-align-left","11":"mobile-align-left","13":"first","14":"instock","15":"shipping-taxable","16":"product-type-simple"},"acf":[],"jetpack_sharing_enabled":true,"_links":{"self":[{"href":"https:\/\/theperfumebottles.com\/fi\/wp-json\/wp\/v2\/product\/3235","targetHints":{"allow":["GET"]}}],"collection":[{"href":"https:\/\/theperfumebottles.com\/fi\/wp-json\/wp\/v2\/product"}],"about":[{"href":"https:\/\/theperfumebottles.com\/fi\/wp-json\/wp\/v2\/types\/product"}],"replies":[{"embeddable":true,"href":"https:\/\/theperfumebottles.com\/fi\/wp-json\/wp\/v2\/comments?post=3235"}],"wp:featuredmedia":[{"embeddable":true,"href":"https:\/\/theperfumebottles.com\/fi\/wp-json\/wp\/v2\/media\/3238"}],"wp:attachment":[{"href":"https:\/\/theperfumebottles.com\/fi\/wp-json\/wp\/v2\/media?parent=3235"}],"wp:term":[{"taxonomy":"product_brand","embeddable":true,"href":"https:\/\/theperfumebottles.com\/fi\/wp-json\/wp\/v2\/product_brand?post=3235"},{"taxonomy":"product_cat","embeddable":true,"href":"https:\/\/theperfumebottles.com\/fi\/wp-json\/wp\/v2\/product_cat?post=3235"},{"taxonomy":"product_tag","embeddable":true,"href":"https:\/\/theperfumebottles.com\/fi\/wp-json\/wp\/v2\/product_tag?post=3235"}],"curies":[{"name":"wp","href":"https:\/\/api.w.org\/{rel}","templated":true}]}}