{"id":3272,"date":"2025-05-07T08:01:39","date_gmt":"2025-05-07T08:01:39","guid":{"rendered":"https:\/\/theperfumebottles.com\/?post_type=product&#038;p=3272"},"modified":"2025-05-12T05:20:09","modified_gmt":"2025-05-12T05:20:09","slug":"tall-100ml-perfume-glass-bottle-custom-scent-containers","status":"publish","type":"product","link":"https:\/\/theperfumebottles.com\/fi\/tuote\/tall-100ml-perfume-glass-bottle-custom-scent-containers\/","title":{"rendered":"Korkea 100 ml:n hajuvesilasipullo | Mukautetut tuoksuastiat"},"content":{"rendered":"<p>PB-YZ01 3.4oz\/100ml parfyymilasipullo, jossa on py\u00f6ristetty muotoilu, maksimoi hyllyyn asettumisen, kun taas suihkumekanismi takaa tarkan suihkun. Tarvitsitpa sitten tyylik\u00e4st\u00e4 tuoksus\u00e4ili\u00f6t\u00e4 tuoksu\u00f6ljyille tai irtotavarana myyt\u00e4v\u00e4\u00e4 lasipulloa valtavirran tuoksukokoelmaasi varten, PB-YX2401 on sinulle sopiva.<\/p>\n<h2>T\u00e4rkeimm\u00e4t tekniset tiedot<\/h2>\n<table style=\"border-collapse: collapse; margin-left: auto; margin-right: auto; width: 80%;\" border=\"0\" width=\"80%\" cellspacing=\"0\" cellpadding=\"0\">\n<tbody>\n<tr style=\"height: 13.50pt;\">\n<td style=\"height: 13.50pt; width: 126.00pt;\" width=\"168\" height=\"18\"><strong>Malli<\/strong><\/td>\n<td style=\"width: 326.25pt;\" width=\"435\">PB-YZ01<\/td>\n<\/tr>\n<tr style=\"height: 13.50pt;\">\n<td style=\"height: 13.50pt;\" height=\"18\"><strong>Kapasiteetti<\/strong><\/td>\n<td>100 ml<\/td>\n<\/tr>\n<tr style=\"height: 13.50pt;\">\n<td style=\"height: 13.50pt;\" height=\"18\"><strong>Mitat<\/strong><\/td>\n<td>55 x 114 mm<\/td>\n<\/tr>\n<tr style=\"height: 13.50pt;\">\n<td style=\"height: 13.50pt;\" height=\"18\"><strong>Kaliiperi<\/strong><\/td>\n<td>15 mm<\/td>\n<\/tr>\n<tr style=\"height: 13.50pt;\">\n<td style=\"height: 13.50pt;\" height=\"18\"><strong>Materiaali<\/strong><\/td>\n<td>Kristallilasi, akryylikorkki<\/td>\n<\/tr>\n<tr style=\"height: 13.50pt;\">\n<td style=\"height: 13.50pt;\" height=\"18\"><strong>Tiivisteen tyyppi<\/strong><\/td>\n<td>Puristuskaula suihkupumpulla<\/td>\n<\/tr>\n<tr style=\"height: 13.50pt;\">\n<td style=\"height: 13.50pt;\" height=\"18\"><strong>Materiaalit<\/strong><\/td>\n<td>Kristallilasi, akryylikansi, metalli\/muovipumppu.<\/td>\n<\/tr>\n<\/tbody>\n<\/table>\n<h2>Pakkausehdotukset<\/h2>\n<p>Ranskalainen hajuvesimerkki lis\u00e4si uuden Jasmine-mallistonsa myynti\u00e4 27% k\u00e4ytt\u00e4m\u00e4ll\u00e4 100 ml:n lasisia hajuvesipullojamme. Peilattu kultakorkki t\u00e4ydent\u00e4\u00e4 sen \"kohtuuhintaisen ylellisyyden\" br\u00e4ndipositiointia ja todistaa, ett\u00e4 jopa kukkavesi voi tuntua ylelliselt\u00e4.<\/p>\n<h3>Mukautusvinkkej\u00e4<\/h3>\n<p>V\u00e4ris\u00e4vyjen yhteensovittaminen: Valitse pehme\u00e4 s\u00e4vy, kuten mattavalkoinen, yksinkertaista estetiikkaa varten tai rohkea meripihkanv\u00e4rinen s\u00e4vy erikoistuoksua varten.<\/p>\n<p>Lippalakki Koriste: Lis\u00e4\u00e4 mattapintainen pinta kiilt\u00e4v\u00e4n pullon vastakohdaksi tai mukautettu logokorostus.<\/p>\n<p>Pumpun p\u00e4\u00e4n vaihtoehdot: Valitse metalliset sumuttimet huippuluokan k\u00f6lninvesi\u00e4 varten tai muoviset pumppup\u00e4\u00e4t irtotilauksia varten edulliseen hintaan.<\/p>","protected":false},"excerpt":{"rendered":"<p>Tutustu 100 ml:n korkealaatuisiin 100 ml:n hajuvesipulloihin, jotka on valmistettu ylellisyytt\u00e4 tuovien hajuvesien tuoksupullojen pakkaamiseen. Saatavana r\u00e4\u00e4t\u00e4l\u00f6it\u00e4viss\u00e4 olevat, tiiviit ja irtotilausvaihtoehdot.<\/p>","protected":false},"featured_media":3274,"comment_status":"open","ping_status":"closed","template":"","meta":{"_acf_changed":false,"site-sidebar-layout":"default","site-content-layout":"","ast-site-content-layout":"default","site-content-style":"default","site-sidebar-style":"default","ast-global-header-display":"","ast-banner-title-visibility":"","ast-main-header-display":"","ast-hfb-above-header-display":"","ast-hfb-below-header-display":"","ast-hfb-mobile-header-display":"","site-post-title":"","ast-breadcrumbs-content":"","ast-featured-img":"","footer-sml-layout":"","ast-disable-related-posts":"","theme-transparent-header-meta":"default","adv-header-id-meta":"","stick-header-meta":"","header-above-stick-meta":"","header-main-stick-meta":"","header-below-stick-meta":"","astra-migrate-meta-layouts":"set","ast-page-background-enabled":"default","ast-page-background-meta":{"desktop":{"background-color":"var(--ast-global-color-5)","background-image":"","background-repeat":"repeat","background-position":"center center","background-size":"auto","background-attachment":"scroll","background-type":"","background-media":"","overlay-type":"","overlay-color":"","overlay-opacity":"","overlay-gradient":""},"tablet":{"background-color":"","background-image":"","background-repeat":"repeat","background-position":"center center","background-size":"auto","background-attachment":"scroll","background-type":"","background-media":"","overlay-type":"","overlay-color":"","overlay-opacity":"","overlay-gradient":""},"mobile":{"background-color":"","background-image":"","background-repeat":"repeat","background-position":"center center","background-size":"auto","background-attachment":"scroll","background-type":"","background-media":"","overlay-type":"","overlay-color":"","overlay-opacity":"","overlay-gradient":""}},"ast-content-background-meta":{"desktop":{"background-color":"var(--ast-global-color-4)","background-image":"","background-repeat":"repeat","background-position":"center center","background-size":"auto","background-attachment":"scroll","background-type":"","background-media":"","overlay-type":"","overlay-color":"","overlay-opacity":"","overlay-gradient":""},"tablet":{"background-color":"var(--ast-global-color-4)","background-image":"","background-repeat":"repeat","background-position":"center center","background-size":"auto","background-attachment":"scroll","background-type":"","background-media":"","overlay-type":"","overlay-color":"","overlay-opacity":"","overlay-gradient":""},"mobile":{"background-color":"var(--ast-global-color-4)","background-image":"","background-repeat":"repeat","background-position":"center center","background-size":"auto","background-attachment":"scroll","background-type":"","background-media":"","overlay-type":"","overlay-color":"","overlay-opacity":"","overlay-gradient":""}}},"product_brand":[],"product_cat":[72,91,41],"product_tag":[],"class_list":{"0":"post-3272","1":"product","2":"type-product","3":"status-publish","4":"has-post-thumbnail","6":"product_cat-cosmetic-packaging","7":"product_cat-custom-perfume-bottles","8":"product_cat-perfume-bottles","9":"desktop-align-left","10":"tablet-align-left","11":"mobile-align-left","13":"first","14":"instock","15":"shipping-taxable","16":"product-type-simple"},"acf":[],"jetpack_sharing_enabled":true,"_links":{"self":[{"href":"https:\/\/theperfumebottles.com\/fi\/wp-json\/wp\/v2\/product\/3272","targetHints":{"allow":["GET"]}}],"collection":[{"href":"https:\/\/theperfumebottles.com\/fi\/wp-json\/wp\/v2\/product"}],"about":[{"href":"https:\/\/theperfumebottles.com\/fi\/wp-json\/wp\/v2\/types\/product"}],"replies":[{"embeddable":true,"href":"https:\/\/theperfumebottles.com\/fi\/wp-json\/wp\/v2\/comments?post=3272"}],"wp:featuredmedia":[{"embeddable":true,"href":"https:\/\/theperfumebottles.com\/fi\/wp-json\/wp\/v2\/media\/3274"}],"wp:attachment":[{"href":"https:\/\/theperfumebottles.com\/fi\/wp-json\/wp\/v2\/media?parent=3272"}],"wp:term":[{"taxonomy":"product_brand","embeddable":true,"href":"https:\/\/theperfumebottles.com\/fi\/wp-json\/wp\/v2\/product_brand?post=3272"},{"taxonomy":"product_cat","embeddable":true,"href":"https:\/\/theperfumebottles.com\/fi\/wp-json\/wp\/v2\/product_cat?post=3272"},{"taxonomy":"product_tag","embeddable":true,"href":"https:\/\/theperfumebottles.com\/fi\/wp-json\/wp\/v2\/product_tag?post=3272"}],"curies":[{"name":"wp","href":"https:\/\/api.w.org\/{rel}","templated":true}]}}