{"id":3292,"date":"2025-05-12T03:29:57","date_gmt":"2025-05-12T03:29:57","guid":{"rendered":"https:\/\/theperfumebottles.com\/?post_type=product&#038;p=3292"},"modified":"2025-05-12T03:41:05","modified_gmt":"2025-05-12T03:41:05","slug":"90-ml-3-oz-cologne-bottle-with-ball-cap","status":"publish","type":"product","link":"https:\/\/theperfumebottles.com\/fi\/tuote\/90-ml-3-oz-cologne-bottle-with-ball-cap\/","title":{"rendered":"90 ml 3 oz k\u00f6lninvesipullo pallokorkilla"},"content":{"rendered":"<p>PB-YZ03 hajuvesipullossa minimalismi kohtaa rohkean muotoilun. T\u00e4m\u00e4 3 oz:n parfyymipullo on enemm\u00e4n kuin pelkk\u00e4 pakkaus; se on tarinankertoja. PB-YZ03-parfyymipullo nostaa hajuveden jokap\u00e4iv\u00e4isest\u00e4 suihkeesta k\u00e4ytt\u00f6taideteokseksi. Tilaa n\u00e4yte jo t\u00e4n\u00e4\u00e4n ja anna meid\u00e4n luoda oma tunnusomainen ilmeesi.<\/p>\n<figure id=\"attachment_3291\" aria-describedby=\"caption-attachment-3291\" style=\"width: 500px\" class=\"wp-caption aligncenter\"><img fetchpriority=\"high\" decoding=\"async\" class=\"wp-image-3291\" src=\"https:\/\/theperfumebottles.com\/wp-content\/uploads\/2025\/05\/90-ml-perfume-bottles-yz03.webp\" alt=\"Premium 90 ml 3 oz k\u00f6lninvesipullo, jossa on pallokorkki\" width=\"500\" height=\"500\" srcset=\"https:\/\/theperfumebottles.com\/wp-content\/uploads\/2025\/05\/90-ml-perfume-bottles-yz03.webp 1000w, https:\/\/theperfumebottles.com\/wp-content\/uploads\/2025\/05\/90-ml-perfume-bottles-yz03-300x300.webp 300w, https:\/\/theperfumebottles.com\/wp-content\/uploads\/2025\/05\/90-ml-perfume-bottles-yz03-150x150.webp 150w, https:\/\/theperfumebottles.com\/wp-content\/uploads\/2025\/05\/90-ml-perfume-bottles-yz03-768x768.webp 768w, https:\/\/theperfumebottles.com\/wp-content\/uploads\/2025\/05\/90-ml-perfume-bottles-yz03-12x12.webp 12w, https:\/\/theperfumebottles.com\/wp-content\/uploads\/2025\/05\/90-ml-perfume-bottles-yz03-600x600.webp 600w, https:\/\/theperfumebottles.com\/wp-content\/uploads\/2025\/05\/90-ml-perfume-bottles-yz03-100x100.webp 100w\" sizes=\"(max-width: 500px) 100vw, 500px\" \/><figcaption id=\"caption-attachment-3291\" class=\"wp-caption-text\">90 ml hajuvesipullo pallokorkilla<\/figcaption><\/figure>\n<h2>T\u00e4rkeimm\u00e4t tekniset tiedot<\/h2>\n<table style=\"border-collapse: collapse; margin-left: auto; margin-right: auto; width: 80%;\" border=\"0\" width=\"80%\" cellspacing=\"0\" cellpadding=\"0\">\n<tbody>\n<tr style=\"height: 13.50pt;\">\n<td style=\"height: 13.50pt; width: 105.00pt;\" width=\"140\" height=\"18\"><strong>Ominaisuus<\/strong><\/td>\n<td style=\"width: 257.25pt;\" width=\"343\"><strong>Yksityiskohta<\/strong><\/td>\n<\/tr>\n<tr style=\"height: 13.50pt;\">\n<td style=\"height: 13.50pt;\" height=\"18\"><strong>Kapasiteetti<\/strong><\/td>\n<td>90ml (3 oz)<\/td>\n<\/tr>\n<tr style=\"height: 13.50pt;\">\n<td style=\"height: 13.50pt;\" height=\"18\"><strong>Materiaali<\/strong><\/td>\n<td>Kristallilasi<\/td>\n<\/tr>\n<tr style=\"height: 13.50pt;\">\n<td style=\"height: 13.50pt;\" height=\"18\"><strong>Mitat<\/strong><\/td>\n<td>60mm x 95mm<\/td>\n<\/tr>\n<tr style=\"height: 13.50pt;\">\n<td style=\"height: 13.50pt;\" height=\"18\"><strong>Kaliiperi<\/strong><\/td>\n<td>15mm kierteitetty aukko<\/td>\n<\/tr>\n<tr style=\"height: 13.50pt;\">\n<td style=\"height: 13.50pt;\" height=\"18\"><strong>Tiivisteen tyyppi<\/strong><\/td>\n<td>Puristuskaula + sumutin<\/td>\n<\/tr>\n<tr style=\"height: 13.50pt;\">\n<td style=\"height: 13.50pt;\" height=\"18\"><strong>V\u00e4rivaihtoehdot<\/strong><\/td>\n<td>L\u00e4pin\u00e4kyv\u00e4 lasi, mukautettava korkki<\/td>\n<\/tr>\n<\/tbody>\n<\/table>\n<h2>Miksi t\u00e4m\u00e4 pullo sopii sinulle?<\/h2>\n<p>Olipa kyseess\u00e4 sitten 3 oz:n miesten k\u00f6lninvesipullo tai kukkainen hajuvesisumu, t\u00e4m\u00e4 malli sopii t\u00e4ydellisesti. 15 mm:n kaula sopii useimpiin alan standardisumuttimiin, ja lasi suojaa herkki\u00e4 tuoksu\u00f6ljyj\u00e4 UV-vaurioilta.<\/p>\n<h2>Pakkausehdotukset<\/h2>\n<p>Er\u00e4s kasviper\u00e4isten tuoksujen tuotemerkki valitsi t\u00e4m\u00e4n 90 ml:n hajuvesipullon uutta mallistoaan varten. Silmiinpist\u00e4v\u00e4 sininen korkki ja silkkipainettu logo t\u00e4ydensiv\u00e4t sen br\u00e4ndi-imagoa ja lis\u00e4siv\u00e4t myynti\u00e4 18% ensimm\u00e4isell\u00e4 vuosinelj\u00e4nneksell\u00e4. Rajoitettu painos myytiin loppuun kolmessa viikossa.<\/p>\n<h3>Mukauttaminen Vinkkej\u00e4\uff1a<\/h3>\n<ul>\n<li>Luksussarjaan voi valita metallisen pullonkorkin (kulta tai ruusukulta).<\/li>\n<li>Orgaaninen teema tuoksusarja voi valita mattapintaisen suihkeen, jossa on l\u00e4pikuultava korkki.<\/li>\n<li>Joukkotilaukset voivat alentaa uusien kausituotteiden lanseerauskustannuksia.<\/li>\n<\/ul>\n<h3>Startup-yrityksille:<\/h3>\n<p>Aloita pienell\u00e4 er\u00e4ll\u00e4 (50 kappaletta) suunnittelun testaamiseksi. Vakiintuneet tuotemerkit voivat k\u00e4ytt\u00e4\u00e4 tukkualennuksia maailmanlaajuisten markkinointikampanjoiden k\u00e4ynnist\u00e4miseen. Varastopullojemme ostaminen kevyell\u00e4 r\u00e4\u00e4t\u00e4l\u00f6innill\u00e4 t\u00e4yden r\u00e4\u00e4t\u00e4l\u00f6innin sijaan auttaa hallitsemaan kustannuksia br\u00e4ndin alkuvaiheessa.<\/p>","protected":false},"excerpt":{"rendered":"<p>Korosta tuoksubr\u00e4ndi\u00e4si 3 oz:n k\u00f6lninvesipullolla. 90 ml:n hajuvesipullo, jossa on r\u00e4\u00e4t\u00e4l\u00f6it\u00e4viss\u00e4 olevia vaihtoehtoja, irtotilaukset. T\u00e4ydellinen luksus- ja k\u00e4sity\u00f6l\u00e4isbr\u00e4ndeille.<\/p>","protected":false},"featured_media":3290,"comment_status":"open","ping_status":"closed","template":"","meta":{"_acf_changed":false,"site-sidebar-layout":"default","site-content-layout":"","ast-site-content-layout":"default","site-content-style":"default","site-sidebar-style":"default","ast-global-header-display":"","ast-banner-title-visibility":"","ast-main-header-display":"","ast-hfb-above-header-display":"","ast-hfb-below-header-display":"","ast-hfb-mobile-header-display":"","site-post-title":"","ast-breadcrumbs-content":"","ast-featured-img":"","footer-sml-layout":"","ast-disable-related-posts":"","theme-transparent-header-meta":"default","adv-header-id-meta":"","stick-header-meta":"","header-above-stick-meta":"","header-main-stick-meta":"","header-below-stick-meta":"","astra-migrate-meta-layouts":"set","ast-page-background-enabled":"default","ast-page-background-meta":{"desktop":{"background-color":"var(--ast-global-color-5)","background-image":"","background-repeat":"repeat","background-position":"center center","background-size":"auto","background-attachment":"scroll","background-type":"","background-media":"","overlay-type":"","overlay-color":"","overlay-opacity":"","overlay-gradient":""},"tablet":{"background-color":"","background-image":"","background-repeat":"repeat","background-position":"center center","background-size":"auto","background-attachment":"scroll","background-type":"","background-media":"","overlay-type":"","overlay-color":"","overlay-opacity":"","overlay-gradient":""},"mobile":{"background-color":"","background-image":"","background-repeat":"repeat","background-position":"center center","background-size":"auto","background-attachment":"scroll","background-type":"","background-media":"","overlay-type":"","overlay-color":"","overlay-opacity":"","overlay-gradient":""}},"ast-content-background-meta":{"desktop":{"background-color":"var(--ast-global-color-4)","background-image":"","background-repeat":"repeat","background-position":"center center","background-size":"auto","background-attachment":"scroll","background-type":"","background-media":"","overlay-type":"","overlay-color":"","overlay-opacity":"","overlay-gradient":""},"tablet":{"background-color":"var(--ast-global-color-4)","background-image":"","background-repeat":"repeat","background-position":"center center","background-size":"auto","background-attachment":"scroll","background-type":"","background-media":"","overlay-type":"","overlay-color":"","overlay-opacity":"","overlay-gradient":""},"mobile":{"background-color":"var(--ast-global-color-4)","background-image":"","background-repeat":"repeat","background-position":"center center","background-size":"auto","background-attachment":"scroll","background-type":"","background-media":"","overlay-type":"","overlay-color":"","overlay-opacity":"","overlay-gradient":""}}},"product_brand":[],"product_cat":[72,91,41],"product_tag":[],"class_list":{"0":"post-3292","1":"product","2":"type-product","3":"status-publish","4":"has-post-thumbnail","6":"product_cat-cosmetic-packaging","7":"product_cat-custom-perfume-bottles","8":"product_cat-perfume-bottles","9":"desktop-align-left","10":"tablet-align-left","11":"mobile-align-left","13":"first","14":"instock","15":"shipping-taxable","16":"product-type-simple"},"acf":[],"jetpack_sharing_enabled":true,"_links":{"self":[{"href":"https:\/\/theperfumebottles.com\/fi\/wp-json\/wp\/v2\/product\/3292","targetHints":{"allow":["GET"]}}],"collection":[{"href":"https:\/\/theperfumebottles.com\/fi\/wp-json\/wp\/v2\/product"}],"about":[{"href":"https:\/\/theperfumebottles.com\/fi\/wp-json\/wp\/v2\/types\/product"}],"replies":[{"embeddable":true,"href":"https:\/\/theperfumebottles.com\/fi\/wp-json\/wp\/v2\/comments?post=3292"}],"wp:featuredmedia":[{"embeddable":true,"href":"https:\/\/theperfumebottles.com\/fi\/wp-json\/wp\/v2\/media\/3290"}],"wp:attachment":[{"href":"https:\/\/theperfumebottles.com\/fi\/wp-json\/wp\/v2\/media?parent=3292"}],"wp:term":[{"taxonomy":"product_brand","embeddable":true,"href":"https:\/\/theperfumebottles.com\/fi\/wp-json\/wp\/v2\/product_brand?post=3292"},{"taxonomy":"product_cat","embeddable":true,"href":"https:\/\/theperfumebottles.com\/fi\/wp-json\/wp\/v2\/product_cat?post=3292"},{"taxonomy":"product_tag","embeddable":true,"href":"https:\/\/theperfumebottles.com\/fi\/wp-json\/wp\/v2\/product_tag?post=3292"}],"curies":[{"name":"wp","href":"https:\/\/api.w.org\/{rel}","templated":true}]}}