{"id":3300,"date":"2025-05-12T06:03:14","date_gmt":"2025-05-12T06:03:14","guid":{"rendered":"https:\/\/theperfumebottles.com\/?post_type=product&#038;p=3300"},"modified":"2025-05-23T11:48:09","modified_gmt":"2025-05-23T03:48:09","slug":"55ml-portable-perfume-bottles-with-diamond-cap","status":"publish","type":"product","link":"https:\/\/theperfumebottles.com\/fi\/tuote\/55ml-portable-perfume-bottles-with-diamond-cap\/","title":{"rendered":"55 ml kannettava hajuvesipullo timanttikorkilla"},"content":{"rendered":"<p>Premium 55ml -mobiilituoksupullot huippuluokan tuoksuille. S\u00e4\u00e4dett\u00e4v\u00e4t lasiputkien asettelut, irtotilaukset ja virtaviivainen pakkaus - t\u00e4ydellinen hajuvesimerkkien ja tukkukauppiaiden k\u00e4ytt\u00f6\u00f6n. Kannettava PB-YZ05-parfyymipullomme on enemm\u00e4n kuin pelkk\u00e4 tuotepakkaus; se on keskustelun her\u00e4tt\u00e4j\u00e4.<\/p>\n<p>Nykyaikaiset naiset kantavat yh\u00e4 useammin hajuvett\u00e4 mukanaan. He voivat aina k\u00e4ytt\u00e4\u00e4 suosikkituoksuaan. Olipa kyseess\u00e4 sitten raikas ja elegantti hajuvesi tai t\u00e4ytel\u00e4inen k\u00f6lninvesi, voimme r\u00e4\u00e4t\u00e4l\u00f6id\u00e4 pullon br\u00e4ndisi tyyliin sopivaksi. Suurtilaus voi s\u00e4\u00e4st\u00e4\u00e4 kustannuksia laadusta tinkim\u00e4tt\u00e4.<\/p>\n<figure id=\"attachment_3296\" aria-describedby=\"caption-attachment-3296\" style=\"width: 500px\" class=\"wp-caption aligncenter\"><img fetchpriority=\"high\" decoding=\"async\" class=\"wp-image-3296\" src=\"https:\/\/theperfumebottles.com\/wp-content\/uploads\/2025\/05\/portable-perfume-bottle-yz05pb.webp\" alt=\"kannettava hajuvesipullo\" width=\"500\" height=\"500\" srcset=\"https:\/\/theperfumebottles.com\/wp-content\/uploads\/2025\/05\/portable-perfume-bottle-yz05pb.webp 1000w, https:\/\/theperfumebottles.com\/wp-content\/uploads\/2025\/05\/portable-perfume-bottle-yz05pb-300x300.webp 300w, https:\/\/theperfumebottles.com\/wp-content\/uploads\/2025\/05\/portable-perfume-bottle-yz05pb-150x150.webp 150w, https:\/\/theperfumebottles.com\/wp-content\/uploads\/2025\/05\/portable-perfume-bottle-yz05pb-768x768.webp 768w, https:\/\/theperfumebottles.com\/wp-content\/uploads\/2025\/05\/portable-perfume-bottle-yz05pb-12x12.webp 12w, https:\/\/theperfumebottles.com\/wp-content\/uploads\/2025\/05\/portable-perfume-bottle-yz05pb-600x600.webp 600w, https:\/\/theperfumebottles.com\/wp-content\/uploads\/2025\/05\/portable-perfume-bottle-yz05pb-100x100.webp 100w\" sizes=\"(max-width: 500px) 100vw, 500px\" \/><figcaption id=\"caption-attachment-3296\" class=\"wp-caption-text\">55ml kannettava hajuvesipullo<\/figcaption><\/figure>\n<h2>Keskeiset tiedot<\/h2>\n<p>&nbsp;<\/p>\n<table style=\"border-collapse: collapse; margin-left: auto; margin-right: auto; width: 80%;\" border=\"0\" width=\"80%\" cellspacing=\"0\" cellpadding=\"0\">\n<tbody>\n<tr style=\"height: 13.50pt;\">\n<td style=\"height: 13.50pt; width: 102.00pt;\" width=\"136\" height=\"18\"><strong>Malli<\/strong><\/td>\n<td style=\"width: 219.00pt;\" width=\"292\">PB-YZ05<\/td>\n<\/tr>\n<tr style=\"height: 13.50pt;\">\n<td style=\"height: 13.50pt;\" height=\"18\"><strong>Kapasiteetti<\/strong><\/td>\n<td>55ml<\/td>\n<\/tr>\n<tr style=\"height: 13.50pt;\">\n<td style=\"height: 13.50pt;\" height=\"18\"><strong>Mitat<\/strong><\/td>\n<td>40mm (halkaisija) x 102mm (korkeus)<\/td>\n<\/tr>\n<tr style=\"height: 13.50pt;\">\n<td style=\"height: 13.50pt;\" height=\"18\"><strong>Kaliiperi<\/strong><\/td>\n<td>15 mm<\/td>\n<\/tr>\n<tr style=\"height: 13.50pt;\">\n<td style=\"height: 13.50pt;\" height=\"18\"><strong>Materiaali<\/strong><\/td>\n<td>Kristallilasi, akryylikorkki, metalliset aksentit<\/td>\n<\/tr>\n<tr style=\"height: 13.50pt;\">\n<td style=\"height: 13.50pt;\" height=\"18\"><strong>Tiivisteen tyyppi<\/strong><\/td>\n<td>Puristuskaula + ruisku<\/td>\n<\/tr>\n<tr style=\"height: 13.50pt;\">\n<td style=\"height: 13.50pt;\" height=\"18\"><strong>V\u00e4ri<\/strong><\/td>\n<td>muokattavissa<\/td>\n<\/tr>\n<\/tbody>\n<\/table>\n<h2>Tuotepakkaus Kotelo:<\/h2>\n<p>Er\u00e4s erityinen niche high-end-tuoksumerkki personoi 55 ml:n kannettavan hajuvesisuihkupullomme tarraetiketeill\u00e4, kultaisella pumpulla ja olkap\u00e4\u00e4malleilla, jotka sopivat sen \"hohtavan hienostuneisuuden\" tyyliin ja edistiv\u00e4t 32%:n myynnin kehityst\u00e4 koko lomakauden ajan.<\/p>\n<h3>Mukauttamisvihjeit\u00e4:<\/h3>\n<ul>\n<li>Lis\u00e4\u00e4 tuotemerkkisi logo lasiin ja kanteen br\u00e4ndin tunnettuuden lis\u00e4\u00e4miseksi.<\/li>\n<li>Korkin v\u00e4rin tulisi sopia tuoksuun (esim. vaaleanpunainen ruusun tuoksulle).<\/li>\n<li>Kun tilaat tukkumyynti\u00e4, voit yhdist\u00e4\u00e4 sen veluuripussin kanssa luodaksesi korkealaatuisen esteettisen tuotepakkauksen.<\/li>\n<li>Yhdist\u00e4 se tuoksu\u00f6ljykokeilusarjan kanssa lahjapaketin luomiseksi. \u00c4l\u00e4 vain myy hajuvett\u00e4, vaan tarjoa taskukokoinen el\u00e4mys!<\/li>\n<\/ul>","protected":false},"excerpt":{"rendered":"<p>Premium 55ml kannettavat hajuvesipullot ylellisille tuoksuille. Mukautettavat lasiset spay-mallit, irtotilaukset ja tyylikk\u00e4\u00e4t pakkaukset - ihanteellinen hajuvesibr\u00e4ndeille ja tukkukauppiaille.<\/p>","protected":false},"featured_media":3295,"comment_status":"open","ping_status":"closed","template":"","meta":{"_acf_changed":false,"site-sidebar-layout":"default","site-content-layout":"","ast-site-content-layout":"default","site-content-style":"default","site-sidebar-style":"default","ast-global-header-display":"","ast-banner-title-visibility":"","ast-main-header-display":"","ast-hfb-above-header-display":"","ast-hfb-below-header-display":"","ast-hfb-mobile-header-display":"","site-post-title":"","ast-breadcrumbs-content":"","ast-featured-img":"","footer-sml-layout":"","ast-disable-related-posts":"","theme-transparent-header-meta":"default","adv-header-id-meta":"","stick-header-meta":"","header-above-stick-meta":"","header-main-stick-meta":"","header-below-stick-meta":"","astra-migrate-meta-layouts":"set","ast-page-background-enabled":"default","ast-page-background-meta":{"desktop":{"background-color":"var(--ast-global-color-5)","background-image":"","background-repeat":"repeat","background-position":"center center","background-size":"auto","background-attachment":"scroll","background-type":"","background-media":"","overlay-type":"","overlay-color":"","overlay-opacity":"","overlay-gradient":""},"tablet":{"background-color":"","background-image":"","background-repeat":"repeat","background-position":"center center","background-size":"auto","background-attachment":"scroll","background-type":"","background-media":"","overlay-type":"","overlay-color":"","overlay-opacity":"","overlay-gradient":""},"mobile":{"background-color":"","background-image":"","background-repeat":"repeat","background-position":"center center","background-size":"auto","background-attachment":"scroll","background-type":"","background-media":"","overlay-type":"","overlay-color":"","overlay-opacity":"","overlay-gradient":""}},"ast-content-background-meta":{"desktop":{"background-color":"var(--ast-global-color-4)","background-image":"","background-repeat":"repeat","background-position":"center center","background-size":"auto","background-attachment":"scroll","background-type":"","background-media":"","overlay-type":"","overlay-color":"","overlay-opacity":"","overlay-gradient":""},"tablet":{"background-color":"var(--ast-global-color-4)","background-image":"","background-repeat":"repeat","background-position":"center center","background-size":"auto","background-attachment":"scroll","background-type":"","background-media":"","overlay-type":"","overlay-color":"","overlay-opacity":"","overlay-gradient":""},"mobile":{"background-color":"var(--ast-global-color-4)","background-image":"","background-repeat":"repeat","background-position":"center center","background-size":"auto","background-attachment":"scroll","background-type":"","background-media":"","overlay-type":"","overlay-color":"","overlay-opacity":"","overlay-gradient":""}}},"product_brand":[],"product_cat":[72,91,41],"product_tag":[],"class_list":{"0":"post-3300","1":"product","2":"type-product","3":"status-publish","4":"has-post-thumbnail","6":"product_cat-cosmetic-packaging","7":"product_cat-custom-perfume-bottles","8":"product_cat-perfume-bottles","9":"desktop-align-left","10":"tablet-align-left","11":"mobile-align-left","13":"first","14":"instock","15":"shipping-taxable","16":"product-type-simple"},"acf":[],"jetpack_sharing_enabled":true,"_links":{"self":[{"href":"https:\/\/theperfumebottles.com\/fi\/wp-json\/wp\/v2\/product\/3300","targetHints":{"allow":["GET"]}}],"collection":[{"href":"https:\/\/theperfumebottles.com\/fi\/wp-json\/wp\/v2\/product"}],"about":[{"href":"https:\/\/theperfumebottles.com\/fi\/wp-json\/wp\/v2\/types\/product"}],"replies":[{"embeddable":true,"href":"https:\/\/theperfumebottles.com\/fi\/wp-json\/wp\/v2\/comments?post=3300"}],"wp:featuredmedia":[{"embeddable":true,"href":"https:\/\/theperfumebottles.com\/fi\/wp-json\/wp\/v2\/media\/3295"}],"wp:attachment":[{"href":"https:\/\/theperfumebottles.com\/fi\/wp-json\/wp\/v2\/media?parent=3300"}],"wp:term":[{"taxonomy":"product_brand","embeddable":true,"href":"https:\/\/theperfumebottles.com\/fi\/wp-json\/wp\/v2\/product_brand?post=3300"},{"taxonomy":"product_cat","embeddable":true,"href":"https:\/\/theperfumebottles.com\/fi\/wp-json\/wp\/v2\/product_cat?post=3300"},{"taxonomy":"product_tag","embeddable":true,"href":"https:\/\/theperfumebottles.com\/fi\/wp-json\/wp\/v2\/product_tag?post=3300"}],"curies":[{"name":"wp","href":"https:\/\/api.w.org\/{rel}","templated":true}]}}