{"id":3325,"date":"2025-05-14T03:26:10","date_gmt":"2025-05-14T03:26:10","guid":{"rendered":"https:\/\/theperfumebottles.com\/?post_type=product&#038;p=3325"},"modified":"2025-05-23T10:54:00","modified_gmt":"2025-05-23T02:54:00","slug":"premium-perfume-bottles-recyclable-modern-fragrance-bottle-set","status":"publish","type":"product","link":"https:\/\/theperfumebottles.com\/fi\/tuote\/premium-perfume-bottles-recyclable-modern-fragrance-bottle-set\/","title":{"rendered":"50 ml 100 ml kierr\u00e4tett\u00e4v\u00e4 hajuvesipullosetti tuoksumerkeille"},"content":{"rendered":"<p>Hajuvesipullosarjamme PB-YZ06 on t\u00e4ydellinen yhdistelm\u00e4 kest\u00e4vyytt\u00e4, tyyli\u00e4 ja k\u00e4yt\u00e4nn\u00f6llisyytt\u00e4. Hajuvesipullosarjassamme PB-YZ06 yhdistyv\u00e4t kest\u00e4vyys, muoti ja k\u00e4yt\u00e4nn\u00f6llisyys. Sopii hajuveden, parfyymin, k\u00f6lnin, kukkaveden tai eteeristen \u00f6ljyjen tuotteiden pullottamiseen jne. Lis\u00e4ksi t\u00e4ydelliset mukautetut vaihtoehtomme voivat t\u00e4ysin ilmaista luovuutesi.<\/p>\n<figure id=\"attachment_3330\" aria-describedby=\"caption-attachment-3330\" style=\"width: 500px\" class=\"wp-caption aligncenter\"><img fetchpriority=\"high\" decoding=\"async\" class=\"wp-image-3330\" src=\"https:\/\/theperfumebottles.com\/wp-content\/uploads\/2025\/05\/perfume-bottles-recyclable-pbyz06.webp\" alt=\"Premium hajuvesipullot kierr\u00e4tett\u00e4vi\u00e4 | Moderni tuoksu pullo Set\" width=\"500\" height=\"500\" srcset=\"https:\/\/theperfumebottles.com\/wp-content\/uploads\/2025\/05\/perfume-bottles-recyclable-pbyz06.webp 1000w, https:\/\/theperfumebottles.com\/wp-content\/uploads\/2025\/05\/perfume-bottles-recyclable-pbyz06-300x300.webp 300w, https:\/\/theperfumebottles.com\/wp-content\/uploads\/2025\/05\/perfume-bottles-recyclable-pbyz06-150x150.webp 150w, https:\/\/theperfumebottles.com\/wp-content\/uploads\/2025\/05\/perfume-bottles-recyclable-pbyz06-768x768.webp 768w, https:\/\/theperfumebottles.com\/wp-content\/uploads\/2025\/05\/perfume-bottles-recyclable-pbyz06-12x12.webp 12w, https:\/\/theperfumebottles.com\/wp-content\/uploads\/2025\/05\/perfume-bottles-recyclable-pbyz06-600x600.webp 600w, https:\/\/theperfumebottles.com\/wp-content\/uploads\/2025\/05\/perfume-bottles-recyclable-pbyz06-100x100.webp 100w\" sizes=\"(max-width: 500px) 100vw, 500px\" \/><figcaption id=\"caption-attachment-3330\" class=\"wp-caption-text\">Premium hajuvesipullosarja<\/figcaption><\/figure>\n<h2>T\u00e4rkeimm\u00e4t tekniset tiedot<\/h2>\n<table border=\"0\" width=\"80%\" cellspacing=\"0\" cellpadding=\"0\">\n<tbody>\n<tr>\n<td width=\"96\" height=\"18\">Malli<\/td>\n<td width=\"93\">Kapasiteetti<\/td>\n<td width=\"104\">Lasin koko<\/td>\n<td width=\"128\">Materiaali<\/td>\n<td width=\"211\">Tiivisteen tyyppi<\/td>\n<td width=\"225\">V\u00e4rivaihtoehdot<\/td>\n<\/tr>\n<tr>\n<td height=\"18\">PB-YZ0601<\/td>\n<td>50 ml<\/td>\n<td>47 * 81mm<\/td>\n<td>Kristallilasi<\/td>\n<td>15mm puristuskaula + sumutin<\/td>\n<td>L\u00e4pin\u00e4kyv\u00e4 + hopea\/vaaleanpunainen<\/td>\n<\/tr>\n<tr>\n<td height=\"18\">PB-YZ0602<\/td>\n<td>100 ml<\/td>\n<td>59 * 103mm<\/td>\n<td>Kristallilasi<\/td>\n<td>15mm puristuskaula + sumutin<\/td>\n<td>L\u00e4pin\u00e4kyv\u00e4 + hopea\/musta<\/td>\n<\/tr>\n<\/tbody>\n<\/table>\n<h2>Pakkausehdotukset<\/h2>\n<p>Indie-br\u00e4ndi Bloom &amp; Mist lanseerasi unisex-tuoksumallistonsa PB-YZ0601-parfyymipullolla (50 ml). He muokkasivat korkit ruusukultaisella viimeistelyll\u00e4 ja lis\u00e4siv\u00e4t minimalistisen etiketin, mik\u00e4 auttoi lis\u00e4\u00e4m\u00e4\u00e4n myynti\u00e4 27% ensimm\u00e4isell\u00e4 nelj\u00e4nneksell\u00e4.<\/p>\n<h2>Mukautusvinkkej\u00e4:<\/h2>\n<p>Sovita tuotemerkkisi v\u00e4rej\u00e4: Kun tilaat irtotavarana, lippiksen v\u00e4rien on vastattava br\u00e4ndisi identiteetti\u00e4.<\/p>\n<p>Korkit: N\u00e4m\u00e4 hajuvesipullot voidaan yhdist\u00e4\u00e4 metallisiin suihkukorkkeihin ylellisen ulkon\u00e4\u00f6n aikaansaamiseksi.<\/p>\n<p>Viimeistelyt: Valitse mattapintainen viimeistely minimalistisen ulkoasun saavuttamiseksi.<\/p>\n<h2>Miksi valita hajuvesipullomme?<\/h2>\n<p>Tarvitsetpa tyhji\u00e4 hajuvesipulloja pieneen er\u00e4\u00e4n tai mukautettuja kosmetiikkapakkauksia irtotavarana, monipuoliset hajuvesipullosarjamme kattavat nopean l\u00e4pimenon, kest\u00e4vyyden ja paljon muuta.<\/p>\n<p>Tarvitsetko apua? Me opastamme sinua suunnittelusta toimitukseen! Tilaa palautettava hajuvesipullosarja jo t\u00e4n\u00e4\u00e4n - saat tukkualennuksia kaupallisista irtotilauksista!<\/p>","protected":false},"excerpt":{"rendered":"<p>Nosta tuoksubr\u00e4ndi\u00e4si parfyymipullosarjalla. Tyylikk\u00e4\u00e4t, r\u00e4\u00e4t\u00e4l\u00f6it\u00e4v\u00e4t hajuvesipullot, jotka ovat kierr\u00e4tett\u00e4viss\u00e4 naisten hajuvesille, miesten k\u00f6lnille ja aromaattisille \u00f6ljyille.<\/p>","protected":false},"featured_media":3333,"comment_status":"open","ping_status":"closed","template":"","meta":{"_acf_changed":false,"site-sidebar-layout":"default","site-content-layout":"","ast-site-content-layout":"default","site-content-style":"default","site-sidebar-style":"default","ast-global-header-display":"","ast-banner-title-visibility":"","ast-main-header-display":"","ast-hfb-above-header-display":"","ast-hfb-below-header-display":"","ast-hfb-mobile-header-display":"","site-post-title":"","ast-breadcrumbs-content":"","ast-featured-img":"","footer-sml-layout":"","ast-disable-related-posts":"","theme-transparent-header-meta":"default","adv-header-id-meta":"","stick-header-meta":"","header-above-stick-meta":"","header-main-stick-meta":"","header-below-stick-meta":"","astra-migrate-meta-layouts":"set","ast-page-background-enabled":"default","ast-page-background-meta":{"desktop":{"background-color":"var(--ast-global-color-5)","background-image":"","background-repeat":"repeat","background-position":"center center","background-size":"auto","background-attachment":"scroll","background-type":"","background-media":"","overlay-type":"","overlay-color":"","overlay-opacity":"","overlay-gradient":""},"tablet":{"background-color":"","background-image":"","background-repeat":"repeat","background-position":"center center","background-size":"auto","background-attachment":"scroll","background-type":"","background-media":"","overlay-type":"","overlay-color":"","overlay-opacity":"","overlay-gradient":""},"mobile":{"background-color":"","background-image":"","background-repeat":"repeat","background-position":"center center","background-size":"auto","background-attachment":"scroll","background-type":"","background-media":"","overlay-type":"","overlay-color":"","overlay-opacity":"","overlay-gradient":""}},"ast-content-background-meta":{"desktop":{"background-color":"var(--ast-global-color-4)","background-image":"","background-repeat":"repeat","background-position":"center center","background-size":"auto","background-attachment":"scroll","background-type":"","background-media":"","overlay-type":"","overlay-color":"","overlay-opacity":"","overlay-gradient":""},"tablet":{"background-color":"var(--ast-global-color-4)","background-image":"","background-repeat":"repeat","background-position":"center center","background-size":"auto","background-attachment":"scroll","background-type":"","background-media":"","overlay-type":"","overlay-color":"","overlay-opacity":"","overlay-gradient":""},"mobile":{"background-color":"var(--ast-global-color-4)","background-image":"","background-repeat":"repeat","background-position":"center center","background-size":"auto","background-attachment":"scroll","background-type":"","background-media":"","overlay-type":"","overlay-color":"","overlay-opacity":"","overlay-gradient":""}}},"product_brand":[],"product_cat":[72,91,37,41],"product_tag":[],"class_list":{"0":"post-3325","1":"product","2":"type-product","3":"status-publish","4":"has-post-thumbnail","6":"product_cat-cosmetic-packaging","7":"product_cat-custom-perfume-bottles","8":"product_cat-uncategorized","9":"product_cat-perfume-bottles","10":"desktop-align-left","11":"tablet-align-left","12":"mobile-align-left","14":"first","15":"instock","16":"shipping-taxable","17":"product-type-simple"},"acf":[],"jetpack_sharing_enabled":true,"_links":{"self":[{"href":"https:\/\/theperfumebottles.com\/fi\/wp-json\/wp\/v2\/product\/3325","targetHints":{"allow":["GET"]}}],"collection":[{"href":"https:\/\/theperfumebottles.com\/fi\/wp-json\/wp\/v2\/product"}],"about":[{"href":"https:\/\/theperfumebottles.com\/fi\/wp-json\/wp\/v2\/types\/product"}],"replies":[{"embeddable":true,"href":"https:\/\/theperfumebottles.com\/fi\/wp-json\/wp\/v2\/comments?post=3325"}],"wp:featuredmedia":[{"embeddable":true,"href":"https:\/\/theperfumebottles.com\/fi\/wp-json\/wp\/v2\/media\/3333"}],"wp:attachment":[{"href":"https:\/\/theperfumebottles.com\/fi\/wp-json\/wp\/v2\/media?parent=3325"}],"wp:term":[{"taxonomy":"product_brand","embeddable":true,"href":"https:\/\/theperfumebottles.com\/fi\/wp-json\/wp\/v2\/product_brand?post=3325"},{"taxonomy":"product_cat","embeddable":true,"href":"https:\/\/theperfumebottles.com\/fi\/wp-json\/wp\/v2\/product_cat?post=3325"},{"taxonomy":"product_tag","embeddable":true,"href":"https:\/\/theperfumebottles.com\/fi\/wp-json\/wp\/v2\/product_tag?post=3325"}],"curies":[{"name":"wp","href":"https:\/\/api.w.org\/{rel}","templated":true}]}}