{"id":3381,"date":"2025-05-22T11:47:13","date_gmt":"2025-05-22T03:47:13","guid":{"rendered":"https:\/\/theperfumebottles.com\/?post_type=product&#038;p=3381"},"modified":"2025-05-23T10:23:30","modified_gmt":"2025-05-23T02:23:30","slug":"custom-30ml-50ml-roll-on-bottles-wholesale","status":"publish","type":"product","link":"https:\/\/theperfumebottles.com\/fi\/tuote\/custom-30ml-50ml-roll-on-bottles-wholesale\/","title":{"rendered":"Mukautetut 30 ml:n 50 ml:n rullapullot tukkumyynniss\u00e4"},"content":{"rendered":"<p>Haluatko ostaa pullopulloja tukkukaupasta, joissa yhdistyv\u00e4t muotoilu, toiminta ja kest\u00e4vyys? Lasiset rullapullomme on kehitetty sinun kaltaisiasi tuotemerkkej\u00e4 varten. Me autamme sinua kehitt\u00e4m\u00e4\u00e4n pakkauksia, jotka erottuvat muista 30 ml:n matkakokoisista rullapallopakkauksista 50 ml:n uudelleent\u00e4ytett\u00e4viin t\u00e4rkeisiin \u00f6ljypulloihin, joissa on rulla. Valitse 30 ml:n tai 50 ml:n kapasiteetin v\u00e4lilt\u00e4 ja valitse musta, valkoinen, kultainen tai hopeinen korkki. Tarvitsetko jotain ainutlaatuista? Autamme sinua suunnittelemaan lasiset rullapullot, jotka heijastavat br\u00e4ndisi identiteetti\u00e4 - olipa se sitten minimalistinen, ylellinen tai ekologinen.<\/p>\n<h2>T\u00e4rkeimm\u00e4t tekniset tiedot<\/h2>\n<table style=\"border-collapse: collapse; margin-left: auto; margin-right: auto; width: 80%;\" border=\"0\" width=\"80%\" cellspacing=\"0\" cellpadding=\"0\">\n<tbody>\n<tr style=\"height: 13.50pt;\">\n<td style=\"height: 13.50pt; width: 112.50pt;\" width=\"150\" height=\"18\"><strong>Kapasiteetti<\/strong><\/td>\n<td style=\"width: 382.50pt;\" width=\"510\">30ml \/ 50ml<\/td>\n<\/tr>\n<tr style=\"height: 13.50pt;\">\n<td style=\"height: 13.50pt;\" height=\"18\"><strong>Materiaali<\/strong><\/td>\n<td>Tulihiottu lasi (l\u00e4pin\u00e4kyv\u00e4), muovi (muokattavissa).<\/td>\n<\/tr>\n<tr style=\"height: 13.50pt;\">\n<td style=\"height: 13.50pt;\" height=\"18\"><strong>Korkin v\u00e4rivaihtoehdot<\/strong><\/td>\n<td>Musta, valkoinen, kulta, hopea (mukautettuja v\u00e4rej\u00e4 saatavana).<\/td>\n<\/tr>\n<tr style=\"height: 13.50pt;\">\n<td style=\"height: 13.50pt;\" height=\"18\"><strong>Tiivistysmekanismi<\/strong><\/td>\n<td>Ruuvikaula + rullapallo<\/td>\n<\/tr>\n<tr style=\"height: 13.50pt;\">\n<td style=\"height: 13.50pt;\" height=\"18\"><strong>Mitat<\/strong><\/td>\n<td>Sylinterin muotoinen, kompakti matka- tai v\u00e4hitt\u00e4ismyyntipakkaukseen.<\/td>\n<\/tr>\n<tr style=\"height: 54.00pt;\">\n<td style=\"height: 54.00pt;\" height=\"72\"><strong>Kohdek\u00e4ytt\u00f6<\/strong><\/td>\n<td class=\"et2\" style=\"width: 382.50pt;\" width=\"510\">Suunniteltu roll-on hajuvesille, eteerisille \u00f6ljyille, deodoranteille tai seerumeille.<br \/>\nSoveltuu erinomaisesti matkakokoisiin tuotteisiin, p\u00e4ivitt\u00e4iseen k\u00e4ytt\u00f6\u00f6n tai kohdennettuihin ihonhoito-\/hajuvesisovelluksiin.<\/td>\n<\/tr>\n<\/tbody>\n<\/table>\n<h2>Tuotteen pakkauskotelo<\/h2>\n<p>Er\u00e4s wellness-br\u00e4ndi huomasi 35%:n lis\u00e4yksen kanta-asiakkaiden m\u00e4\u00e4r\u00e4ss\u00e4 siirrytty\u00e4\u00e4n k\u00e4ytt\u00e4m\u00e4\u00e4n 30 ml:n lasisia rullapulloja eteeristen \u00f6ljyjen rullapulloissa. Kirkas lasi korosti tuotteen luonnollista v\u00e4ri\u00e4, kun taas kierr\u00e4tett\u00e4v\u00e4 tuotepakkaus suoristi niiden ymp\u00e4rist\u00f6yst\u00e4v\u00e4llisi\u00e4 arvoja.<\/p>\n<h2>R\u00e4\u00e4t\u00e4l\u00f6idyt vinkit<\/h2>\n<ul>\n<li>50 ml:n roll-on-pulloille: Valitse hopeinen tai kultainen korkki korostaaksesi luksusparfyymisarjaa.<\/li>\n<li>30 ml:n lasisille rullapulloille: K\u00e4yt\u00e4 mustia tai valkoisia muovikorkkeja, jotta kosmetiikkapakkaukset olisivat siistej\u00e4 ja minimalistisia.<\/li>\n<\/ul>\n<p>&nbsp;<\/p>","protected":false},"excerpt":{"rendered":"<p>Tehosta br\u00e4ndi\u00e4si tukkukaupan roll-on-pulloillamme - ymp\u00e4rist\u00f6yst\u00e4v\u00e4lliset lasiset roll-on-pullot 30 ml:n ja 50 ml:n kokoisina roll-on-hajuvesille, eteerisille \u00f6ljyille, deodoranteille tai seerumeille.<\/p>","protected":false},"featured_media":3385,"comment_status":"open","ping_status":"closed","template":"","meta":{"_acf_changed":false,"site-sidebar-layout":"default","site-content-layout":"","ast-site-content-layout":"default","site-content-style":"default","site-sidebar-style":"default","ast-global-header-display":"","ast-banner-title-visibility":"","ast-main-header-display":"","ast-hfb-above-header-display":"","ast-hfb-below-header-display":"","ast-hfb-mobile-header-display":"","site-post-title":"","ast-breadcrumbs-content":"","ast-featured-img":"","footer-sml-layout":"","ast-disable-related-posts":"","theme-transparent-header-meta":"default","adv-header-id-meta":"","stick-header-meta":"","header-above-stick-meta":"","header-main-stick-meta":"","header-below-stick-meta":"","astra-migrate-meta-layouts":"set","ast-page-background-enabled":"default","ast-page-background-meta":{"desktop":{"background-color":"var(--ast-global-color-5)","background-image":"","background-repeat":"repeat","background-position":"center center","background-size":"auto","background-attachment":"scroll","background-type":"","background-media":"","overlay-type":"","overlay-color":"","overlay-opacity":"","overlay-gradient":""},"tablet":{"background-color":"","background-image":"","background-repeat":"repeat","background-position":"center center","background-size":"auto","background-attachment":"scroll","background-type":"","background-media":"","overlay-type":"","overlay-color":"","overlay-opacity":"","overlay-gradient":""},"mobile":{"background-color":"","background-image":"","background-repeat":"repeat","background-position":"center center","background-size":"auto","background-attachment":"scroll","background-type":"","background-media":"","overlay-type":"","overlay-color":"","overlay-opacity":"","overlay-gradient":""}},"ast-content-background-meta":{"desktop":{"background-color":"var(--ast-global-color-4)","background-image":"","background-repeat":"repeat","background-position":"center center","background-size":"auto","background-attachment":"scroll","background-type":"","background-media":"","overlay-type":"","overlay-color":"","overlay-opacity":"","overlay-gradient":""},"tablet":{"background-color":"var(--ast-global-color-4)","background-image":"","background-repeat":"repeat","background-position":"center center","background-size":"auto","background-attachment":"scroll","background-type":"","background-media":"","overlay-type":"","overlay-color":"","overlay-opacity":"","overlay-gradient":""},"mobile":{"background-color":"var(--ast-global-color-4)","background-image":"","background-repeat":"repeat","background-position":"center center","background-size":"auto","background-attachment":"scroll","background-type":"","background-media":"","overlay-type":"","overlay-color":"","overlay-opacity":"","overlay-gradient":""}}},"product_brand":[],"product_cat":[72,62,60],"product_tag":[],"class_list":{"0":"post-3381","1":"product","2":"type-product","3":"status-publish","4":"has-post-thumbnail","6":"product_cat-cosmetic-packaging","7":"product_cat-cosmetic-containers","8":"product_cat-roller-bottles","9":"desktop-align-left","10":"tablet-align-left","11":"mobile-align-left","13":"first","14":"instock","15":"shipping-taxable","16":"product-type-simple"},"acf":[],"jetpack_sharing_enabled":true,"_links":{"self":[{"href":"https:\/\/theperfumebottles.com\/fi\/wp-json\/wp\/v2\/product\/3381","targetHints":{"allow":["GET"]}}],"collection":[{"href":"https:\/\/theperfumebottles.com\/fi\/wp-json\/wp\/v2\/product"}],"about":[{"href":"https:\/\/theperfumebottles.com\/fi\/wp-json\/wp\/v2\/types\/product"}],"replies":[{"embeddable":true,"href":"https:\/\/theperfumebottles.com\/fi\/wp-json\/wp\/v2\/comments?post=3381"}],"wp:featuredmedia":[{"embeddable":true,"href":"https:\/\/theperfumebottles.com\/fi\/wp-json\/wp\/v2\/media\/3385"}],"wp:attachment":[{"href":"https:\/\/theperfumebottles.com\/fi\/wp-json\/wp\/v2\/media?parent=3381"}],"wp:term":[{"taxonomy":"product_brand","embeddable":true,"href":"https:\/\/theperfumebottles.com\/fi\/wp-json\/wp\/v2\/product_brand?post=3381"},{"taxonomy":"product_cat","embeddable":true,"href":"https:\/\/theperfumebottles.com\/fi\/wp-json\/wp\/v2\/product_cat?post=3381"},{"taxonomy":"product_tag","embeddable":true,"href":"https:\/\/theperfumebottles.com\/fi\/wp-json\/wp\/v2\/product_tag?post=3381"}],"curies":[{"name":"wp","href":"https:\/\/api.w.org\/{rel}","templated":true}]}}