{"id":3409,"date":"2025-05-23T18:00:18","date_gmt":"2025-05-23T10:00:18","guid":{"rendered":"https:\/\/theperfumebottles.com\/?post_type=product&#038;p=3409"},"modified":"2025-05-26T13:33:07","modified_gmt":"2025-05-26T05:33:07","slug":"10ml-20ml-30ml-refillable-fragrance-bottle-travel-cologne-bottle","status":"publish","type":"product","link":"https:\/\/theperfumebottles.com\/fi\/tuote\/10ml-20ml-30ml-refillable-fragrance-bottle-travel-cologne-bottle\/","title":{"rendered":"10 ml 20 ml 30 ml t\u00e4ytett\u00e4v\u00e4 tuoksupullo ja matkak\u00f6lninvesipullo"},"content":{"rendered":"<p>Etsitk\u00f6 my\u00f6s s\u00e4ili\u00f6t\u00e4, joka voi kantaa tuoksua ja v\u00e4litt\u00e4\u00e4 br\u00e4ndin sielun? Kuvittele: kun asiakas avaa varovasti uudelleent\u00e4ytett\u00e4v\u00e4n tuoksupullosi, herkk\u00e4 lasitekstiili virtaa sormien v\u00e4liss\u00e4, ja meripihkanv\u00e4rinen neste valuu kuin silkki, ja jokainen pisara kertoo br\u00e4nditarinasi.<\/p>\n<h2>\nT\u00e4rkeimm\u00e4t tekniset tiedot<\/h2>\n<table style=\"border-collapse: collapse;margin-left: auto;margin-right: auto;width: 80%\" border=\"0\" width=\"80%\" cellspacing=\"0\" cellpadding=\"0\">\n<tbody>\n<tr style=\"height: 13.50pt\">\n<td style=\"height: 13.50pt;width: 109.50pt\" width=\"146\" height=\"18\"><strong>Kapasiteetti<\/strong><\/td>\n<td style=\"width: 194.25pt\" width=\"259\">10ml, 20ml, 30ml<\/td>\n<\/tr>\n<tr style=\"height: 13.50pt\">\n<td style=\"height: 13.50pt\" height=\"18\"><strong>Materiaali<\/strong><\/td>\n<td>Kristallilasi, metallikorkki<\/td>\n<\/tr>\n<tr style=\"height: 13.50pt\">\n<td style=\"height: 13.50pt\" height=\"18\"><strong>Tiivistys<\/strong><\/td>\n<td>ruuvikaula + ruiskusuutin<\/td>\n<\/tr>\n<tr style=\"height: 13.50pt\">\n<td style=\"height: 13.50pt\" height=\"18\"><strong>V\u00e4ri<\/strong><\/td>\n<td>T\u00e4ysin muokattavissa<\/td>\n<\/tr>\n<tr style=\"height: 13.50pt\">\n<td style=\"height: 13.50pt\" height=\"18\"><strong>Muoto<\/strong><\/td>\n<td>Lieri\u00f6m\u00e4inen<\/td>\n<\/tr>\n<tr style=\"height: 13.50pt\">\n<td style=\"height: 13.50pt\" height=\"18\"><strong>Pakkaustyyppi<\/strong><\/td>\n<td>Kierr\u00e4tett\u00e4v\u00e4t kosmetiikkapakkaukset<\/td>\n<\/tr>\n<\/tbody>\n<\/table>\n<p><img fetchpriority=\"high\" decoding=\"async\" class=\"wp-image-3402\" src=\"https:\/\/theperfumebottles.com\/wp-content\/uploads\/2025\/05\/travel-cologne-bottle-rb3020.webp\" alt=\"matkak\u00f6lnin pullo\" width=\"451\" height=\"451\" srcset=\"https:\/\/theperfumebottles.com\/wp-content\/uploads\/2025\/05\/travel-cologne-bottle-rb3020.webp 1000w, https:\/\/theperfumebottles.com\/wp-content\/uploads\/2025\/05\/travel-cologne-bottle-rb3020-300x300.webp 300w, https:\/\/theperfumebottles.com\/wp-content\/uploads\/2025\/05\/travel-cologne-bottle-rb3020-150x150.webp 150w, https:\/\/theperfumebottles.com\/wp-content\/uploads\/2025\/05\/travel-cologne-bottle-rb3020-768x768.webp 768w, https:\/\/theperfumebottles.com\/wp-content\/uploads\/2025\/05\/travel-cologne-bottle-rb3020-12x12.webp 12w, https:\/\/theperfumebottles.com\/wp-content\/uploads\/2025\/05\/travel-cologne-bottle-rb3020-600x600.webp 600w, https:\/\/theperfumebottles.com\/wp-content\/uploads\/2025\/05\/travel-cologne-bottle-rb3020-100x100.webp 100w\" sizes=\"(max-width: 451px) 100vw, 451px\" \/><\/p>\n<p>&nbsp;<\/p>\n<h2>Menestystarina &amp; r\u00e4\u00e4t\u00e4l\u00f6intivinkkej\u00e4<\/h2>\n<p>Er\u00e4s ihonhoitomerkki, jonka kanssa teimme yhteisty\u00f6t\u00e4, lis\u00e4si asiakaspysyvyytt\u00e4 40%:ll\u00e4 k\u00e4ytt\u00e4m\u00e4ll\u00e4 n\u00e4it\u00e4 lasisia hajuvesipulloja matkan\u00e4yttein\u00e4. Tarjoamalla uudelleent\u00e4ytett\u00e4vi\u00e4 tuoksupulloja he v\u00e4hensiv\u00e4t j\u00e4tett\u00e4 ja kannustivat uusintaostoksiin.<\/p>\n<h2>Mukautusvinkkej\u00e4<\/h2>\n<ul>\n<li><strong>Suunnittelun joustavuus<\/strong>: Lis\u00e4\u00e4 logosi kaiverruksella tai v\u00e4rikuvioinnilla luodaksesi br\u00e4ndikohtaisen ilmeen.<\/li>\n<li><strong>Irtotilaukset<\/strong>: Tilaa tukkumyynti\u00e4, jotta voit varastoida n\u00e4ytepulloja tapahtumia tai v\u00e4hitt\u00e4iskauppaa varten.<\/li>\n<li><strong>Ymp\u00e4rist\u00f6yst\u00e4v\u00e4llinen reuna<\/strong>: Korosta kierr\u00e4tett\u00e4v\u00e4\u00e4 lasia ja kannettavaa muotoilua markkinoinnissasi houkutellaksesi tietoisia kuluttajia.<\/li>\n<\/ul>\n<h2>Anna tuoksun kauneuden todella n\u00e4ky\u00e4<\/h2>\n<p>Etsitk\u00f6 my\u00f6s s\u00e4ili\u00f6t\u00e4, joka voi kantaa tuoksua ja v\u00e4litt\u00e4\u00e4 br\u00e4ndin sielun? Kuvittele: kun asiakas avaa varovasti hajuvesipullosi, herkk\u00e4 lasitekstiili virtaa sormien v\u00e4liss\u00e4, ja meripihkanv\u00e4rinen neste valuu kuin silkki, ja jokainen pisara kertoo br\u00e4ndisi tarinan.<\/p>\n<p>Olemme hyvin tietoisia siit\u00e4, ett\u00e4 nykyajan kuluttajat ostavat paitsi hajuvesi\u00e4, my\u00f6s el\u00e4myksi\u00e4. Look-<\/p>\n<blockquote><p>Vuodonkest\u00e4v\u00e4 muotoilu tekee liikematkoista tyylikk\u00e4it\u00e4 ja rauhallisia.<\/p>\n<p>Magneettinen pullonkorkki tulkitsee it\u00e4maisen estetiikan hienoutta.<\/p>\n<p>Mattapintainen rakenne korostaa matalaa high-end-tunnetta<\/p><\/blockquote>\n<p>N\u00e4m\u00e4 yksityiskohdat kertovat hiljaisesti: T\u00e4m\u00e4 ei ole keskinkertainen s\u00e4ili\u00f6, vaan k\u00e4velev\u00e4 taideteos.<\/p>\n<h2>Aloita ideastasi<\/h2>\n<p>Tarvitsetko erikoissuunnittelijaa, joka auttaa sinua luomaan mieleenpainuvan pisteen? Tiimimme ty\u00f6st\u00e4\u00e4 jokaisen yksityiskohdan kuin taideteoksen pullon kaarevuudesta valo- ja varjotehosteisiin. Muistatko asiakkaan, joka halusi luoda k\u00e4sitteen \"Moonlight Forest\"? K\u00e4ytimme gradienttilasia + valovoimaista logoa, jotta h\u00e4nen tuotemerkkins\u00e4 erottuu n\u00e4yttelyss\u00e4.<\/p>\n<h3>T\u00e4ll\u00e4 hetkell\u00e4 sinun tarvitsee vain kertoa minulle:<\/h3>\n<p>Mink\u00e4laisen br\u00e4ndin temperamentin odotat v\u00e4littyv\u00e4n?<\/p>\n<p>Mink\u00e4laista kosketuskokemusta kohderyhm\u00e4 suosii?<\/p>\n<p>P.S. \u00c4lk\u00e4\u00e4 vain uskoko meid\u00e4n sanaanne. Kokeile ensin n\u00e4yte-er\u00e4\u00e4, sill\u00e4 loistava muotoilu alkaa loistavasta ensivaikutelmasta.<\/p>","protected":false},"excerpt":{"rendered":"<p>P\u00e4ivit\u00e4 br\u00e4ndi\u00e4si uudelleent\u00e4ytett\u00e4vien tuoksupullojen ja matkak\u00e4ytt\u00f6\u00f6n tarkoitettujen k\u00f6lninvesipullojen avulla. Mukautetut lasiset hajuvesipullot pieniss\u00e4, kannettavissa malleissa tukku- tai irtotilauksiin.<\/p>","protected":false},"featured_media":3399,"comment_status":"open","ping_status":"closed","template":"","meta":{"_acf_changed":false,"site-sidebar-layout":"default","site-content-layout":"","ast-site-content-layout":"default","site-content-style":"default","site-sidebar-style":"default","ast-global-header-display":"","ast-banner-title-visibility":"","ast-main-header-display":"","ast-hfb-above-header-display":"","ast-hfb-below-header-display":"","ast-hfb-mobile-header-display":"","site-post-title":"","ast-breadcrumbs-content":"","ast-featured-img":"","footer-sml-layout":"","ast-disable-related-posts":"","theme-transparent-header-meta":"default","adv-header-id-meta":"","stick-header-meta":"","header-above-stick-meta":"","header-main-stick-meta":"","header-below-stick-meta":"","astra-migrate-meta-layouts":"set","ast-page-background-enabled":"default","ast-page-background-meta":{"desktop":{"background-color":"var(--ast-global-color-5)","background-image":"","background-repeat":"repeat","background-position":"center center","background-size":"auto","background-attachment":"scroll","background-type":"","background-media":"","overlay-type":"","overlay-color":"","overlay-opacity":"","overlay-gradient":""},"tablet":{"background-color":"","background-image":"","background-repeat":"repeat","background-position":"center center","background-size":"auto","background-attachment":"scroll","background-type":"","background-media":"","overlay-type":"","overlay-color":"","overlay-opacity":"","overlay-gradient":""},"mobile":{"background-color":"","background-image":"","background-repeat":"repeat","background-position":"center center","background-size":"auto","background-attachment":"scroll","background-type":"","background-media":"","overlay-type":"","overlay-color":"","overlay-opacity":"","overlay-gradient":""}},"ast-content-background-meta":{"desktop":{"background-color":"var(--ast-global-color-4)","background-image":"","background-repeat":"repeat","background-position":"center center","background-size":"auto","background-attachment":"scroll","background-type":"","background-media":"","overlay-type":"","overlay-color":"","overlay-opacity":"","overlay-gradient":""},"tablet":{"background-color":"var(--ast-global-color-4)","background-image":"","background-repeat":"repeat","background-position":"center center","background-size":"auto","background-attachment":"scroll","background-type":"","background-media":"","overlay-type":"","overlay-color":"","overlay-opacity":"","overlay-gradient":""},"mobile":{"background-color":"var(--ast-global-color-4)","background-image":"","background-repeat":"repeat","background-position":"center center","background-size":"auto","background-attachment":"scroll","background-type":"","background-media":"","overlay-type":"","overlay-color":"","overlay-opacity":"","overlay-gradient":""}}},"product_brand":[],"product_cat":[72,74,90,41],"product_tag":[],"class_list":{"0":"post-3409","1":"product","2":"type-product","3":"status-publish","4":"has-post-thumbnail","6":"product_cat-cosmetic-packaging","7":"product_cat-mini-perfume-bottles","8":"product_cat-refillable-perfume-bottles","9":"product_cat-perfume-bottles","10":"desktop-align-left","11":"tablet-align-left","12":"mobile-align-left","14":"first","15":"instock","16":"shipping-taxable","17":"product-type-simple"},"acf":[],"jetpack_sharing_enabled":true,"_links":{"self":[{"href":"https:\/\/theperfumebottles.com\/fi\/wp-json\/wp\/v2\/product\/3409","targetHints":{"allow":["GET"]}}],"collection":[{"href":"https:\/\/theperfumebottles.com\/fi\/wp-json\/wp\/v2\/product"}],"about":[{"href":"https:\/\/theperfumebottles.com\/fi\/wp-json\/wp\/v2\/types\/product"}],"replies":[{"embeddable":true,"href":"https:\/\/theperfumebottles.com\/fi\/wp-json\/wp\/v2\/comments?post=3409"}],"wp:featuredmedia":[{"embeddable":true,"href":"https:\/\/theperfumebottles.com\/fi\/wp-json\/wp\/v2\/media\/3399"}],"wp:attachment":[{"href":"https:\/\/theperfumebottles.com\/fi\/wp-json\/wp\/v2\/media?parent=3409"}],"wp:term":[{"taxonomy":"product_brand","embeddable":true,"href":"https:\/\/theperfumebottles.com\/fi\/wp-json\/wp\/v2\/product_brand?post=3409"},{"taxonomy":"product_cat","embeddable":true,"href":"https:\/\/theperfumebottles.com\/fi\/wp-json\/wp\/v2\/product_cat?post=3409"},{"taxonomy":"product_tag","embeddable":true,"href":"https:\/\/theperfumebottles.com\/fi\/wp-json\/wp\/v2\/product_tag?post=3409"}],"curies":[{"name":"wp","href":"https:\/\/api.w.org\/{rel}","templated":true}]}}