{"id":3430,"date":"2025-05-26T14:39:30","date_gmt":"2025-05-26T06:39:30","guid":{"rendered":"https:\/\/theperfumebottles.com\/?post_type=product&#038;p=3430"},"modified":"2026-03-30T09:49:23","modified_gmt":"2026-03-30T01:49:23","slug":"50ml-1-7oz-perfume-bottle-for-custom-brand-packaging","status":"publish","type":"product","link":"https:\/\/theperfumebottles.com\/fi\/tuote\/50ml-1-7oz-perfume-bottle-for-custom-brand-packaging\/","title":{"rendered":"50 ml \/ 1,7 oz hajuvesipullo r\u00e4\u00e4t\u00e4l\u00f6ityjen tuotemerkkien pakkaamiseen"},"content":{"rendered":"<p>Kuvittele hajuvesipullo, joka ei sis\u00e4ll\u00e4 vain tunnusomaista tuoksuasi vaan ilment\u00e4\u00e4 br\u00e4ndisi olemusta. PB-YZ0801-mallimme 1,7 tuuman hajuvesipullo (50 ml:n k\u00f6lninpullo) on suunniteltu tuotemerkkej\u00e4 varten, jotka vaativat sek\u00e4 hienostuneisuutta ett\u00e4 toimivuutta. T\u00e4m\u00e4 pullo on sinun kankaasi riippumatta siit\u00e4, lanseeraatko luksuslinjan tai tarvitsetko kosmetiikkapakkauksia tukkukaupassa.<\/p>\n<h2>T\u00e4rkeimm\u00e4t tekniset tiedot<\/h2>\n<table style=\"border-collapse: collapse; margin-left: auto; margin-right: auto; width: 80%;\" border=\"0\" width=\"80%\" cellspacing=\"0\" cellpadding=\"0\">\n<tbody>\n<tr style=\"height: 13.50pt;\">\n<td style=\"height: 13.50pt; width: 93.75pt;\" width=\"125\" height=\"18\"><strong>Malli<\/strong><\/td>\n<td style=\"width: 222.00pt;\" width=\"296\">PB-YZ0801<\/td>\n<\/tr>\n<tr style=\"height: 13.50pt;\">\n<td style=\"height: 13.50pt;\" height=\"18\"><strong>Kapasiteetti<\/strong><\/td>\n<td style=\"width: 222.00pt;\" width=\"296\">50ml \/ 1.7oz<\/td>\n<\/tr>\n<tr style=\"height: 13.50pt;\">\n<td style=\"height: 13.50pt;\" height=\"18\"><strong>Mitat<\/strong><\/td>\n<td>43 x 96mm<\/td>\n<\/tr>\n<tr style=\"height: 13.50pt;\">\n<td style=\"height: 13.50pt;\" height=\"18\"><strong>Kaulan halkaisija<\/strong><\/td>\n<td>15 mm<\/td>\n<\/tr>\n<tr style=\"height: 13.50pt;\">\n<td style=\"height: 13.50pt;\" height=\"18\"><strong>Muoto<\/strong><\/td>\n<td>Sylinterin muotoinen ja kalteva olkap\u00e4\u00e4<\/td>\n<\/tr>\n<tr style=\"height: 13.50pt;\">\n<td style=\"height: 13.50pt;\" height=\"18\"><strong>P\u00e4\u00e4tt\u00e4minen<\/strong><\/td>\n<td>Push-top spray + dip-putki<\/td>\n<\/tr>\n<tr style=\"height: 13.50pt;\">\n<td style=\"height: 13.50pt;\" height=\"18\"><strong>Materiaali<\/strong><\/td>\n<td>Korkean valkoisuuden sooda-kalkkilasi<\/td>\n<\/tr>\n<tr style=\"height: 13.50pt;\">\n<td style=\"height: 13.50pt;\" height=\"18\"><strong>V\u00e4rivaihtoehdot<\/strong><\/td>\n<td>T\u00e4ysin muokattavissa<\/td>\n<\/tr>\n<\/tbody>\n<\/table>\n<h2>Pakkauskotelo<\/h2>\n<p>Nouseva hajuvesimerkki tarvitsi rohkean mutta minimalistisen lasisen hajuvesipullon Midnight Bloom -parfyymilleen. Kun he valitsivat 50 ml:n k\u00f6lninvesipullon, jossa on syv\u00e4 violetti s\u00e4vy ja ruusukultainen korkki, he n\u00e4kiv\u00e4t 40% piikin asiakaskyselyiss\u00e4. \"Lasipullot tuntuivat koruilta\", heid\u00e4n johtava suunnittelijansa sanoi. \"Se sai tuoksumme tuntumaan perint\u00f6kalulta.\"<\/p>\n<h2>Mukautetut vinkit<\/h2>\n<ul>\n<li><strong>Mukautettu v\u00e4ri<\/strong>: Valitse v\u00e4ri, joka kuvastaa br\u00e4ndisi tunnelmaa (esim. koboltinsininen rauhallisuutta, rubiininpunainen intohimoa, punainen, valkoinen, musta, mit\u00e4 tahansa).<\/li>\n<li><strong>Mukautettu viimeistely<\/strong>: Luo henkil\u00f6kohtainen kosketus - kuten laserkaiverrus, tarrat tai koristeet pullonkaulaan.<\/li>\n<li><strong>Tilaa irtotavarana<\/strong>: Tarvitsetko n\u00e4ytepulloja testataksesi ulkon\u00e4k\u00f6\u00e4 ennen sitoutumista? Tarjoamme tukkuhinnoittelua irtotilauksille.<\/li>\n<\/ul>\n<p>Oletko valmis tilaamaan? Suunnitellaan pullo, joka k\u00e4\u00e4nt\u00e4\u00e4 katseet ja luo uskollisuutta.<\/p>\n<p>P.S. \u00c4lk\u00e4\u00e4 vain uskoko meid\u00e4n sanaanne. Kokeile n\u00e4ytepulloa jo t\u00e4n\u00e4\u00e4n ja n\u00e4e, miksi fiksut yritt\u00e4j\u00e4t r\u00e4\u00e4t\u00e4l\u00f6iv\u00e4t omia lasisia hajuvesipullojaan. Seuraava suuri ideasi ansaitsee astian, joka vastaa sen kunnianhimoa.<\/p>","protected":false},"excerpt":{"rendered":"<p data-spm-anchor-id=\"5176.28103460.0.i4.59d21db8X86Wee\">Tutustu 1,7 tuuman hajuvesipulloon (50 ml:n k\u00f6lninvesipullo) - premium-luokan lasinen muotoilu tuotemerkkej\u00e4 varten. Mukautetut v\u00e4rit, tukkumyyntivaihtoehdot ja matkayst\u00e4v\u00e4llinen pakkaus.<\/p>","protected":false},"featured_media":3433,"comment_status":"open","ping_status":"closed","template":"","meta":{"_acf_changed":false,"site-sidebar-layout":"default","site-content-layout":"","ast-site-content-layout":"default","site-content-style":"default","site-sidebar-style":"default","ast-global-header-display":"","ast-banner-title-visibility":"","ast-main-header-display":"","ast-hfb-above-header-display":"","ast-hfb-below-header-display":"","ast-hfb-mobile-header-display":"","site-post-title":"","ast-breadcrumbs-content":"","ast-featured-img":"","footer-sml-layout":"","ast-disable-related-posts":"","theme-transparent-header-meta":"default","adv-header-id-meta":"","stick-header-meta":"","header-above-stick-meta":"","header-main-stick-meta":"","header-below-stick-meta":"","astra-migrate-meta-layouts":"set","ast-page-background-enabled":"default","ast-page-background-meta":{"desktop":{"background-color":"var(--ast-global-color-5)","background-image":"","background-repeat":"repeat","background-position":"center center","background-size":"auto","background-attachment":"scroll","background-type":"","background-media":"","overlay-type":"","overlay-color":"","overlay-opacity":"","overlay-gradient":""},"tablet":{"background-color":"","background-image":"","background-repeat":"repeat","background-position":"center center","background-size":"auto","background-attachment":"scroll","background-type":"","background-media":"","overlay-type":"","overlay-color":"","overlay-opacity":"","overlay-gradient":""},"mobile":{"background-color":"","background-image":"","background-repeat":"repeat","background-position":"center center","background-size":"auto","background-attachment":"scroll","background-type":"","background-media":"","overlay-type":"","overlay-color":"","overlay-opacity":"","overlay-gradient":""}},"ast-content-background-meta":{"desktop":{"background-color":"var(--ast-global-color-4)","background-image":"","background-repeat":"repeat","background-position":"center center","background-size":"auto","background-attachment":"scroll","background-type":"","background-media":"","overlay-type":"","overlay-color":"","overlay-opacity":"","overlay-gradient":""},"tablet":{"background-color":"var(--ast-global-color-4)","background-image":"","background-repeat":"repeat","background-position":"center center","background-size":"auto","background-attachment":"scroll","background-type":"","background-media":"","overlay-type":"","overlay-color":"","overlay-opacity":"","overlay-gradient":""},"mobile":{"background-color":"var(--ast-global-color-4)","background-image":"","background-repeat":"repeat","background-position":"center center","background-size":"auto","background-attachment":"scroll","background-type":"","background-media":"","overlay-type":"","overlay-color":"","overlay-opacity":"","overlay-gradient":""}}},"product_brand":[],"product_cat":[91,72,41],"product_tag":[],"class_list":{"0":"post-3430","1":"product","2":"type-product","3":"status-publish","4":"has-post-thumbnail","6":"product_cat-custom-perfume-bottles","7":"product_cat-cosmetic-packaging","8":"product_cat-perfume-bottles","9":"desktop-align-left","10":"tablet-align-left","11":"mobile-align-left","13":"first","14":"instock","15":"shipping-taxable","16":"product-type-simple"},"acf":[],"jetpack_sharing_enabled":true,"_links":{"self":[{"href":"https:\/\/theperfumebottles.com\/fi\/wp-json\/wp\/v2\/product\/3430","targetHints":{"allow":["GET"]}}],"collection":[{"href":"https:\/\/theperfumebottles.com\/fi\/wp-json\/wp\/v2\/product"}],"about":[{"href":"https:\/\/theperfumebottles.com\/fi\/wp-json\/wp\/v2\/types\/product"}],"replies":[{"embeddable":true,"href":"https:\/\/theperfumebottles.com\/fi\/wp-json\/wp\/v2\/comments?post=3430"}],"wp:featuredmedia":[{"embeddable":true,"href":"https:\/\/theperfumebottles.com\/fi\/wp-json\/wp\/v2\/media\/3433"}],"wp:attachment":[{"href":"https:\/\/theperfumebottles.com\/fi\/wp-json\/wp\/v2\/media?parent=3430"}],"wp:term":[{"taxonomy":"product_brand","embeddable":true,"href":"https:\/\/theperfumebottles.com\/fi\/wp-json\/wp\/v2\/product_brand?post=3430"},{"taxonomy":"product_cat","embeddable":true,"href":"https:\/\/theperfumebottles.com\/fi\/wp-json\/wp\/v2\/product_cat?post=3430"},{"taxonomy":"product_tag","embeddable":true,"href":"https:\/\/theperfumebottles.com\/fi\/wp-json\/wp\/v2\/product_tag?post=3430"}],"curies":[{"name":"wp","href":"https:\/\/api.w.org\/{rel}","templated":true}]}}