{"id":3581,"date":"2025-06-02T12:00:15","date_gmt":"2025-06-02T04:00:15","guid":{"rendered":"https:\/\/theperfumebottles.com\/?post_type=product&#038;p=3581"},"modified":"2025-06-11T18:36:26","modified_gmt":"2025-06-11T10:36:26","slug":"50ml-100ml-luxury-glass-perfume-decanters-with-gold-lids","status":"publish","type":"product","link":"https:\/\/theperfumebottles.com\/fi\/tuote\/50ml-100ml-luxury-glass-perfume-decanters-with-gold-lids\/","title":{"rendered":"50 ml 100 ml ylellisi\u00e4 lasisia hajuvesikarahvipulloja, joissa on kultaiset kannet"},"content":{"rendered":"<p>Jos etsit hajuveden dekantteria, joka saa tuotemerkkisi tuoksun j\u00e4\u00e4m\u00e4\u00e4n asiakkaiden mieleen pitk\u00e4ksi aikaa, tutustu tuotteisiimme PB-YZ0901 ja PB-YZ0902. Niiss\u00e4 yhdistyv\u00e4t taitavasti klassinen kauneus ja moderni k\u00e4yt\u00e4nn\u00f6llisyys, ja ne on suunniteltu erityisesti tuotemerkkej\u00e4 varten, jotka haluavat j\u00e4tt\u00e4\u00e4 syv\u00e4n vaikutuksen.<\/p>\n<h2>T\u00e4rkeimm\u00e4t tekniset tiedot<\/h2>\n<table style=\"border-collapse: collapse;margin-left: auto;margin-right: auto;width: 90%\" border=\"0\" width=\"90%\" cellspacing=\"0\" cellpadding=\"0\">\n<tbody>\n<tr style=\"height: 13.50pt\">\n<td style=\"height: 13.50pt;width: 96.00pt\" width=\"128\" height=\"18\"><strong>Malli<\/strong><\/td>\n<td style=\"width: 75.75pt\" width=\"101\"><strong>Kapasiteetti<\/strong><\/td>\n<td style=\"width: 99.00pt\" width=\"132\">Mitat (mm)<\/td>\n<td style=\"width: 95.25pt\" width=\"127\">Kaulan halkaisija<\/td>\n<td style=\"width: 160.50pt\" width=\"214\">Tiivistysmenetelm\u00e4<\/td>\n<td style=\"width: 90.75pt\" width=\"121\">Materiaali<\/td>\n<td style=\"width: 90.75pt\" width=\"121\">V\u00e4rivaihtoehdot<\/td>\n<\/tr>\n<tr style=\"height: 13.50pt\">\n<td style=\"height: 13.50pt\" height=\"18\">PB-YZ0901<\/td>\n<td>50 ml<\/td>\n<td>43 x 77<\/td>\n<td>15 mm<\/td>\n<td>Press-fit kaula + sumutin<\/td>\n<td>Kristallilasi<\/td>\n<td>Mukautettava<\/td>\n<\/tr>\n<tr style=\"height: 13.50pt\">\n<td style=\"height: 13.50pt\" height=\"18\">PB-YZ0902<\/td>\n<td>100 ml<\/td>\n<td>52 x 93<\/td>\n<td>15 mm<\/td>\n<td>Press-fit kaula + sumutin<\/td>\n<td>Kristallilasi<\/td>\n<td>Mukautettava<\/td>\n<\/tr>\n<\/tbody>\n<\/table>\n<h2>30ml 55ml 100ml Fancy Parfymflaskor f\u00f6r Partihandelsflaskor<\/h2>\n<p>snygga parfymflaskor<\/p>\n<h2>Pro-vinkki r\u00e4\u00e4t\u00e4l\u00f6inti\u00e4 varten:<\/h2>\n<ul>\n<li><strong>Miesten tuoksut<\/strong>: Valitse syv\u00e4n tummansiniset lippikset ja minimalistinen logokaiverrus.<\/li>\n<li><strong>Naisten linjat<\/strong>: Pehme\u00e4t vaaleanpunaiset korkit, joissa on kulta-lehti-aksentti.<\/li>\n<li><strong>Lahjaksi<\/strong>: Lis\u00e4\u00e4 silkkipussi hajuvesipullon pakkaukseen - tekee tuotteesta lahjan.<\/li>\n<\/ul>\n<h2>Miksi t\u00e4m\u00e4 sopii sinulle<\/h2>\n<p>Myyt muutakin kuin pelkk\u00e4\u00e4 hajuvett\u00e4, myyt unohtumatonta kokemusta. N\u00e4m\u00e4 lasipullot eiv\u00e4t ole vain tuoksujen s\u00e4ilytysastioita, vaan my\u00f6s v\u00e4lineit\u00e4, jotka vahvistavat niiden vieh\u00e4tyst\u00e4 ja saavat jokaisen hajuvesipisaran huokumaan entist\u00e4kin vieh\u00e4tt\u00e4v\u00e4mp\u00e4\u00e4 loistoa. Kuvittele, ett\u00e4 asiakas avaa mattamustan laatikon ja l\u00f6yt\u00e4\u00e4 kristallinkirkkaan dekantteripullon, joka vangitsee valon. Se ei ole pelkk\u00e4 pakkaus, se on hetki.<\/p>\n<p>Tarvitsetko apua p\u00e4\u00e4t\u00f6ksenteossa? Luodaan yhdess\u00e4 jotain unohtumatonta.<\/p>\n<p>P.S. \u00c4l\u00e4 anna kilpailijoiden varastaa valokeilaa. Parfyymisi tarvitsee huippupullon, joka huutaa: \"T\u00e4m\u00e4 on luksusta\". Tehd\u00e4\u00e4n siit\u00e4 sinun.<\/p>","protected":false},"excerpt":{"rendered":"<p>Nosta br\u00e4ndi\u00e4si tyylikk\u00e4ill\u00e4 lasisilla hajuvesiastiastoilla ja ensiluokkaisilla pullopakkauksilla. Valitse valmistajalta huippuluokan tuoksuratkaisut.<\/p>","protected":false},"featured_media":3585,"comment_status":"open","ping_status":"closed","template":"","meta":{"_acf_changed":false,"site-sidebar-layout":"default","site-content-layout":"","ast-site-content-layout":"default","site-content-style":"default","site-sidebar-style":"default","ast-global-header-display":"","ast-banner-title-visibility":"","ast-main-header-display":"","ast-hfb-above-header-display":"","ast-hfb-below-header-display":"","ast-hfb-mobile-header-display":"","site-post-title":"","ast-breadcrumbs-content":"","ast-featured-img":"","footer-sml-layout":"","ast-disable-related-posts":"","theme-transparent-header-meta":"default","adv-header-id-meta":"","stick-header-meta":"","header-above-stick-meta":"","header-main-stick-meta":"","header-below-stick-meta":"","astra-migrate-meta-layouts":"set","ast-page-background-enabled":"default","ast-page-background-meta":{"desktop":{"background-color":"var(--ast-global-color-5)","background-image":"","background-repeat":"repeat","background-position":"center center","background-size":"auto","background-attachment":"scroll","background-type":"","background-media":"","overlay-type":"","overlay-color":"","overlay-opacity":"","overlay-gradient":""},"tablet":{"background-color":"","background-image":"","background-repeat":"repeat","background-position":"center center","background-size":"auto","background-attachment":"scroll","background-type":"","background-media":"","overlay-type":"","overlay-color":"","overlay-opacity":"","overlay-gradient":""},"mobile":{"background-color":"","background-image":"","background-repeat":"repeat","background-position":"center center","background-size":"auto","background-attachment":"scroll","background-type":"","background-media":"","overlay-type":"","overlay-color":"","overlay-opacity":"","overlay-gradient":""}},"ast-content-background-meta":{"desktop":{"background-color":"var(--ast-global-color-4)","background-image":"","background-repeat":"repeat","background-position":"center center","background-size":"auto","background-attachment":"scroll","background-type":"","background-media":"","overlay-type":"","overlay-color":"","overlay-opacity":"","overlay-gradient":""},"tablet":{"background-color":"var(--ast-global-color-4)","background-image":"","background-repeat":"repeat","background-position":"center center","background-size":"auto","background-attachment":"scroll","background-type":"","background-media":"","overlay-type":"","overlay-color":"","overlay-opacity":"","overlay-gradient":""},"mobile":{"background-color":"var(--ast-global-color-4)","background-image":"","background-repeat":"repeat","background-position":"center center","background-size":"auto","background-attachment":"scroll","background-type":"","background-media":"","overlay-type":"","overlay-color":"","overlay-opacity":"","overlay-gradient":""}}},"product_brand":[],"product_cat":[72,91,37,41],"product_tag":[89],"class_list":{"0":"post-3581","1":"product","2":"type-product","3":"status-publish","4":"has-post-thumbnail","6":"product_cat-cosmetic-packaging","7":"product_cat-custom-perfume-bottles","8":"product_cat-uncategorized","9":"product_cat-perfume-bottles","10":"product_tag-perfume-bottle","11":"desktop-align-left","12":"tablet-align-left","13":"mobile-align-left","15":"first","16":"instock","17":"shipping-taxable","18":"product-type-simple"},"acf":[],"jetpack_sharing_enabled":true,"_links":{"self":[{"href":"https:\/\/theperfumebottles.com\/fi\/wp-json\/wp\/v2\/product\/3581","targetHints":{"allow":["GET"]}}],"collection":[{"href":"https:\/\/theperfumebottles.com\/fi\/wp-json\/wp\/v2\/product"}],"about":[{"href":"https:\/\/theperfumebottles.com\/fi\/wp-json\/wp\/v2\/types\/product"}],"replies":[{"embeddable":true,"href":"https:\/\/theperfumebottles.com\/fi\/wp-json\/wp\/v2\/comments?post=3581"}],"wp:featuredmedia":[{"embeddable":true,"href":"https:\/\/theperfumebottles.com\/fi\/wp-json\/wp\/v2\/media\/3585"}],"wp:attachment":[{"href":"https:\/\/theperfumebottles.com\/fi\/wp-json\/wp\/v2\/media?parent=3581"}],"wp:term":[{"taxonomy":"product_brand","embeddable":true,"href":"https:\/\/theperfumebottles.com\/fi\/wp-json\/wp\/v2\/product_brand?post=3581"},{"taxonomy":"product_cat","embeddable":true,"href":"https:\/\/theperfumebottles.com\/fi\/wp-json\/wp\/v2\/product_cat?post=3581"},{"taxonomy":"product_tag","embeddable":true,"href":"https:\/\/theperfumebottles.com\/fi\/wp-json\/wp\/v2\/product_tag?post=3581"}],"curies":[{"name":"wp","href":"https:\/\/api.w.org\/{rel}","templated":true}]}}