{"id":3596,"date":"2025-06-04T10:01:33","date_gmt":"2025-06-04T02:01:33","guid":{"rendered":"https:\/\/theperfumebottles.com\/?post_type=product&#038;p=3596"},"modified":"2026-05-05T13:37:17","modified_gmt":"2026-05-05T05:37:17","slug":"fancy-perfume-bottles-for-vials-wholesale","status":"publish","type":"product","link":"https:\/\/theperfumebottles.com\/fi\/tuote\/fancy-perfume-bottles-for-vials-wholesale\/","title":{"rendered":"30ml 55ml 100ml Fancy Perfume Bottles for Vials Wholesale"},"content":{"rendered":"<p>N\u00e4m\u00e4 hienot hajuvesipullot erottuvat muotonsa ansiosta lieri\u00f6m\u00e4isess\u00e4 rungossaan, joka p\u00e4\u00e4ttyy l\u00e4pin\u00e4kyv\u00e4\u00e4n pohjaan, jossa on ainutlaatuinen s\u00e4teilev\u00e4 tekstuurikuvio. Eritt\u00e4in kirkkaasta lasista valmistetut pullot ovat saatavilla useissa kokoluokissa ja valinnaisesti kultaisilla, mustilla tai mustilla korkeilla.<\/p>\n<h2>Keskeiset tiedot<\/h2>\n<table style=\"border-collapse: collapse; width: 80%; margin-left: auto; margin-right: auto;\" border=\"0\" width=\"432\" cellspacing=\"0\" cellpadding=\"0\">\n<tbody>\n<tr style=\"height: 13.50pt;\">\n<td class=\"et2\" style=\"height: 13.5pt; width: 54pt; text-align: center;\" width=\"72\" height=\"18\">Malli<\/td>\n<td class=\"et2\" style=\"width: 54pt; text-align: center;\" width=\"72\">Tilavuus (ml)<\/td>\n<td class=\"et2\" style=\"width: 54pt; text-align: center;\" width=\"72\">Mitat (mm)<\/td>\n<td class=\"et2\" style=\"width: 54pt; text-align: center;\" width=\"72\">Korkin halkaisija<\/td>\n<td class=\"et2\" style=\"width: 54pt; text-align: center;\" width=\"72\">Sulkemistyyppi<\/td>\n<td class=\"et2\" style=\"width: 54pt; text-align: center;\" width=\"72\">Materiaali<\/td>\n<\/tr>\n<tr style=\"height: 13.50pt;\">\n<td class=\"et2\" style=\"height: 13.5pt; text-align: center;\" height=\"18\">PB-YZ1101<\/td>\n<td class=\"et2\" style=\"text-align: center;\">30<\/td>\n<td class=\"et2\" style=\"text-align: center;\">45 x 76<\/td>\n<td class=\"et2\" style=\"text-align: center;\" rowspan=\"3\">15 mm<\/td>\n<td class=\"et2\" style=\"text-align: center;\" rowspan=\"3\">Puristuskaula + sumutin<\/td>\n<td class=\"et2\" style=\"text-align: center;\" rowspan=\"3\">Kristallilasi<\/td>\n<\/tr>\n<tr style=\"height: 13.50pt;\">\n<td class=\"et2\" style=\"height: 13.5pt; text-align: center;\" height=\"18\">PB-YZ1102<\/td>\n<td class=\"et2\" style=\"text-align: center;\">55<\/td>\n<td class=\"et2\" style=\"text-align: center;\">46 x 91,4<\/td>\n<\/tr>\n<tr style=\"height: 13.50pt;\">\n<td class=\"et2\" style=\"height: 13.5pt; text-align: center;\" height=\"18\">PB-YZ1103<\/td>\n<td class=\"et2\" style=\"text-align: center;\">100<\/td>\n<td class=\"et2\" style=\"text-align: center;\">45 x 126<\/td>\n<\/tr>\n<\/tbody>\n<\/table>\n<h2>Menestystarina<\/h2>\n<p>L\u00e4hi-id\u00e4n niche-hajuvesibr\u00e4ndi valitsi hienot hajuvesipullomme, joissa on kultainen korkki ja silkkipainotekniikalla koristeltu kultainen nauha. Tuotteen peruselementist\u00e4 tuli br\u00e4ndin t\u00e4rkein tunnusmerkki. Br\u00e4ndi raportoi br\u00e4nditietoisuuden kasvusta 30 %, mik\u00e4 johtui tuotepakkauksista ja korkealaatuisista materiaaleista, koska he nostivat uuden oud-hajuvesiens\u00e4 hintaa 60 % k\u00e4ytt\u00e4m\u00e4ll\u00e4 ensiluokkaisia \u200b\u200bmateriaaleja. Br\u00e4ndi saavutti merkitt\u00e4v\u00e4n virstanpylv\u00e4\u00e4n, jonka seurauksena he pyysiv\u00e4t 200 000 hajuvesipullon lis\u00e4toimitusta tulevan eteeristen \u00f6ljyjen ja kiinteiden hajuvesien tuotannon tukemiseksi.<\/p>\n<h2>Hajuvesipullojen tukkumyynnin r\u00e4\u00e4t\u00e4l\u00f6intivaihtoehdot<\/h2>\n<ul>\n<li>Neli\u00f6n tai monikulmion muotoinen muotoilu: Muotoilu (teksturoitu pohja + kirkas pullo) mahdollistaa neli\u00f6n tai monikulmion muotoisen pinnan luomisen kaksiosaisen muotoilunsa ansiosta.<\/li>\n<li>Magneettinen korkki: Tuotteessa on magneettinen tiiviste, joka tarjoaa k\u00e4ytt\u00e4jille saumattoman ja miellytt\u00e4v\u00e4n k\u00e4ytt\u00f6kokemuksen.<\/li>\n<li>Mukautettava pohjatekstuuri ja -v\u00e4ri: Tarjoaa erilaisia \u200b\u200bsis\u00e4isi\u00e4 pohjatekstuureja (geometrinen, marmori, kristalli) ja mahdollistaa eriv\u00e4risten lasipohjien valinnan.<\/li>\n<\/ul>","protected":false},"excerpt":{"rendered":"<p>Shop fancy perfume bottles and high-quality perfume vials wholesale\u2014ideal for luxury fragrance brands seeking elegant, eye-catching packaging. Free samples.<\/p>","protected":false},"featured_media":3601,"comment_status":"open","ping_status":"closed","template":"","meta":{"_acf_changed":false,"site-sidebar-layout":"default","site-content-layout":"","ast-site-content-layout":"default","site-content-style":"default","site-sidebar-style":"default","ast-global-header-display":"","ast-banner-title-visibility":"","ast-main-header-display":"","ast-hfb-above-header-display":"","ast-hfb-below-header-display":"","ast-hfb-mobile-header-display":"","site-post-title":"","ast-breadcrumbs-content":"","ast-featured-img":"","footer-sml-layout":"","ast-disable-related-posts":"","theme-transparent-header-meta":"default","adv-header-id-meta":"","stick-header-meta":"","header-above-stick-meta":"","header-main-stick-meta":"","header-below-stick-meta":"","astra-migrate-meta-layouts":"set","ast-page-background-enabled":"default","ast-page-background-meta":{"desktop":{"background-color":"var(--ast-global-color-5)","background-image":"","background-repeat":"repeat","background-position":"center center","background-size":"auto","background-attachment":"scroll","background-type":"","background-media":"","overlay-type":"","overlay-color":"","overlay-opacity":"","overlay-gradient":""},"tablet":{"background-color":"","background-image":"","background-repeat":"repeat","background-position":"center center","background-size":"auto","background-attachment":"scroll","background-type":"","background-media":"","overlay-type":"","overlay-color":"","overlay-opacity":"","overlay-gradient":""},"mobile":{"background-color":"","background-image":"","background-repeat":"repeat","background-position":"center center","background-size":"auto","background-attachment":"scroll","background-type":"","background-media":"","overlay-type":"","overlay-color":"","overlay-opacity":"","overlay-gradient":""}},"ast-content-background-meta":{"desktop":{"background-color":"var(--ast-global-color-4)","background-image":"","background-repeat":"repeat","background-position":"center center","background-size":"auto","background-attachment":"scroll","background-type":"","background-media":"","overlay-type":"","overlay-color":"","overlay-opacity":"","overlay-gradient":""},"tablet":{"background-color":"var(--ast-global-color-4)","background-image":"","background-repeat":"repeat","background-position":"center center","background-size":"auto","background-attachment":"scroll","background-type":"","background-media":"","overlay-type":"","overlay-color":"","overlay-opacity":"","overlay-gradient":""},"mobile":{"background-color":"var(--ast-global-color-4)","background-image":"","background-repeat":"repeat","background-position":"center center","background-size":"auto","background-attachment":"scroll","background-type":"","background-media":"","overlay-type":"","overlay-color":"","overlay-opacity":"","overlay-gradient":""}}},"product_brand":[],"product_cat":[91,72,41],"product_tag":[49],"class_list":{"0":"post-3596","1":"product","2":"type-product","3":"status-publish","4":"has-post-thumbnail","6":"product_cat-custom-perfume-bottles","7":"product_cat-cosmetic-packaging","8":"product_cat-perfume-bottles","9":"product_tag-perfume-bottles","10":"desktop-align-left","11":"tablet-align-left","12":"mobile-align-left","14":"first","15":"instock","16":"shipping-taxable","17":"product-type-simple"},"acf":[],"jetpack_sharing_enabled":true,"_links":{"self":[{"href":"https:\/\/theperfumebottles.com\/fi\/wp-json\/wp\/v2\/product\/3596","targetHints":{"allow":["GET"]}}],"collection":[{"href":"https:\/\/theperfumebottles.com\/fi\/wp-json\/wp\/v2\/product"}],"about":[{"href":"https:\/\/theperfumebottles.com\/fi\/wp-json\/wp\/v2\/types\/product"}],"replies":[{"embeddable":true,"href":"https:\/\/theperfumebottles.com\/fi\/wp-json\/wp\/v2\/comments?post=3596"}],"wp:featuredmedia":[{"embeddable":true,"href":"https:\/\/theperfumebottles.com\/fi\/wp-json\/wp\/v2\/media\/3601"}],"wp:attachment":[{"href":"https:\/\/theperfumebottles.com\/fi\/wp-json\/wp\/v2\/media?parent=3596"}],"wp:term":[{"taxonomy":"product_brand","embeddable":true,"href":"https:\/\/theperfumebottles.com\/fi\/wp-json\/wp\/v2\/product_brand?post=3596"},{"taxonomy":"product_cat","embeddable":true,"href":"https:\/\/theperfumebottles.com\/fi\/wp-json\/wp\/v2\/product_cat?post=3596"},{"taxonomy":"product_tag","embeddable":true,"href":"https:\/\/theperfumebottles.com\/fi\/wp-json\/wp\/v2\/product_tag?post=3596"}],"curies":[{"name":"wp","href":"https:\/\/api.w.org\/{rel}","templated":true}]}}