{"id":3752,"date":"2025-06-09T10:25:03","date_gmt":"2025-06-09T02:25:03","guid":{"rendered":"https:\/\/theperfumebottles.com\/?post_type=product&#038;p=3752"},"modified":"2025-09-05T12:01:54","modified_gmt":"2025-09-05T04:01:54","slug":"30ml-50ml-100ml-perfume-containers-wholesale","status":"publish","type":"product","link":"https:\/\/theperfumebottles.com\/fi\/tuote\/30ml-50ml-100ml-perfume-containers-wholesale\/","title":{"rendered":"30ml 50ml 100ml hajuvesis\u00e4ili\u00f6iden tukkumyynti"},"content":{"rendered":"<p>Etsitk\u00f6 j\u00e4nnitt\u00e4v\u00e4\u00e4 hajuvesipakkausten tukkumyynti\u00e4? Tarjoamme 30ml\/50ml\/100ml lasipulloja, joissa on korkealaatuinen vuotamaton muotoilu, minimalistisesta ylelliseen tyyliin! Hajuvesis\u00e4ili\u00f6iden tukkuasiantuntijoina k\u00e4yt\u00e4mme ammattitaitoista k\u00e4sity\u00f6taitoa suojellaksemme hajuvesiunelmaasi ja tehd\u00e4ksemme hajuvesipullostasi p\u00e4\u00e4henkil\u00f6n kuluttajan linssiss\u00e4!<\/p>\n<h2>T\u00e4rkeimm\u00e4t tekniset tiedot<\/h2>\n<table style=\"border-collapse: collapseautomargin-left: auto; margin-right: auto; ;width: 80% margin-left:;\" border=\"0\" width=\"80%\" cellspacing=\"0\" cellpadding=\"0\">\n<tbody>\n<tr style=\"height: 13.50pt;\">\n<td style=\"height: 13.50pt; width: 105.75pt;\" width=\"141\" height=\"18\">Ominaisuus<\/td>\n<td style=\"width: 261.75pt;\" width=\"349\">Kuvaus<\/td>\n<\/tr>\n<tr style=\"height: 13.50pt;\">\n<td style=\"height: 13.50pt;\" height=\"18\">Mallit<\/td>\n<td>PB-YZ1401 \/ PB-YZ1402 \/ PB-YZ1403<\/td>\n<\/tr>\n<tr style=\"height: 25.50pt;\">\n<td style=\"height: 25.50pt;\" height=\"34\">Kapasiteetti<\/td>\n<td>30ml \/ 50ml \/ 100ml<\/td>\n<\/tr>\n<tr style=\"height: 13.50pt;\">\n<td style=\"height: 13.50pt;\" height=\"18\">Muoto<\/td>\n<td>Lieri\u00f6m\u00e4inen<\/td>\n<\/tr>\n<tr style=\"height: 13.50pt;\">\n<td style=\"height: 13.50pt;\" height=\"18\">Mitat<\/td>\n<td>32x98mm \/ 32x122mm \/ 40x167mm<\/td>\n<\/tr>\n<tr style=\"height: 13.50pt;\">\n<td style=\"height: 13.50pt;\" height=\"18\">Kaulan halkaisija<\/td>\n<td>18mm<\/td>\n<\/tr>\n<tr style=\"height: 13.50pt;\">\n<td style=\"height: 13.50pt;\" height=\"18\">Sulkemistyyppi<\/td>\n<td>ruuvan kaula + suihkupumpu<\/td>\n<\/tr>\n<tr style=\"height: 13.50pt;\">\n<td style=\"height: 13.50pt;\" height=\"18\">Materiaali<\/td>\n<td>Kristallilasi<\/td>\n<\/tr>\n<tr style=\"height: 13.50pt;\">\n<td style=\"height: 13.50pt;\" height=\"18\">Korkin v\u00e4ri<\/td>\n<td>Mukautettava<\/td>\n<\/tr>\n<tr style=\"height: 13.50pt;\">\n<td style=\"height: 13.50pt;\" height=\"18\">Ihanteellinen<\/td>\n<td>Hajuvesien, tuoksujen ja kosmetiikan pakkaukset<\/td>\n<\/tr>\n<\/tbody>\n<\/table>\n<h2>Todellisen maailman menestystarina<\/h2>\n<p>Kalifornialainen hajuvesiputiikki valmisteli ensimm\u00e4isen unisex-tuoksunsa lanseeraamista. He halusivat jotain tyylik\u00e4st\u00e4, mutta ei liian r\u00e4ike\u00e4\u00e4 - jotain, joka her\u00e4tt\u00e4isi huomiota vaikuttajalahjakampanjan aikana.He valitsivat PB-YZ1401 (30 ml) -mallin, jossa on hopeinen korkki ja mukautettu logokaiverrus. He loivat my\u00f6s lahjasetin, jossa oli kaikki kolme kokoa. Heid\u00e4n tuotteensa esiteltiin useilla Instagram-tileill\u00e4, joilla on yli 100 000 seuraajaa. Asiakkaat pitiv\u00e4t puhtaasta ulkoasusta ja \"luksusta ilman lis\u00e4maksua\" -fiiliksest\u00e4.<\/p>\n<p>Lopputulos: oikeanlainen lasinen hajuvesipullo auttoi heit\u00e4 p\u00e4\u00e4sem\u00e4\u00e4n pitk\u00e4lle yli oman painonsa.<\/p>\n<h2>Br\u00e4ndisi mukauttamisvinkkej\u00e4<\/h2>\n<p>Jos haluat tuoksusi erottuvan:<\/p>\n<ul>\n<li>Lis\u00e4\u00e4 tuotemerkkisi tai logosi laserkaiverruksella tai silkkipainatuksella.<\/li>\n<li>Valitse ainutlaatuiset korkin v\u00e4rit, jotka sopivat yhteen br\u00e4ndipalettisi kanssa.<\/li>\n<li>Tarjoa matkakokoinen lahjasetti, jossa on kaikki kolme kokoa - se sopii t\u00e4ydellisesti n\u00e4ytteenottoon ja asiakkaiden houkutteluun.<\/li>\n<\/ul>\n<p>&nbsp;<\/p>","protected":false},"excerpt":{"rendered":"<p>Tutustu tyylikk\u00e4isiin hajuvesiastioihin tukkukaupassa - t\u00e4ydellisi\u00e4 kaikille hajuvesipulloille. Ihanteellinen kauneusbr\u00e4ndeille, jotka etsiv\u00e4t tyylikk\u00e4it\u00e4, v\u00e4rikk\u00e4it\u00e4 pakkausratkaisuja.<\/p>","protected":false},"featured_media":3754,"comment_status":"closed","ping_status":"closed","template":"","meta":{"_acf_changed":false,"site-sidebar-layout":"default","site-content-layout":"","ast-site-content-layout":"default","site-content-style":"default","site-sidebar-style":"default","ast-global-header-display":"","ast-banner-title-visibility":"","ast-main-header-display":"","ast-hfb-above-header-display":"","ast-hfb-below-header-display":"","ast-hfb-mobile-header-display":"","site-post-title":"","ast-breadcrumbs-content":"","ast-featured-img":"","footer-sml-layout":"","ast-disable-related-posts":"","theme-transparent-header-meta":"default","adv-header-id-meta":"","stick-header-meta":"","header-above-stick-meta":"","header-main-stick-meta":"","header-below-stick-meta":"","astra-migrate-meta-layouts":"set","ast-page-background-enabled":"default","ast-page-background-meta":{"desktop":{"background-color":"var(--ast-global-color-5)","background-image":"","background-repeat":"repeat","background-position":"center center","background-size":"auto","background-attachment":"scroll","background-type":"","background-media":"","overlay-type":"","overlay-color":"","overlay-opacity":"","overlay-gradient":""},"tablet":{"background-color":"","background-image":"","background-repeat":"repeat","background-position":"center center","background-size":"auto","background-attachment":"scroll","background-type":"","background-media":"","overlay-type":"","overlay-color":"","overlay-opacity":"","overlay-gradient":""},"mobile":{"background-color":"","background-image":"","background-repeat":"repeat","background-position":"center center","background-size":"auto","background-attachment":"scroll","background-type":"","background-media":"","overlay-type":"","overlay-color":"","overlay-opacity":"","overlay-gradient":""}},"ast-content-background-meta":{"desktop":{"background-color":"var(--ast-global-color-4)","background-image":"","background-repeat":"repeat","background-position":"center center","background-size":"auto","background-attachment":"scroll","background-type":"","background-media":"","overlay-type":"","overlay-color":"","overlay-opacity":"","overlay-gradient":""},"tablet":{"background-color":"var(--ast-global-color-4)","background-image":"","background-repeat":"repeat","background-position":"center center","background-size":"auto","background-attachment":"scroll","background-type":"","background-media":"","overlay-type":"","overlay-color":"","overlay-opacity":"","overlay-gradient":""},"mobile":{"background-color":"var(--ast-global-color-4)","background-image":"","background-repeat":"repeat","background-position":"center center","background-size":"auto","background-attachment":"scroll","background-type":"","background-media":"","overlay-type":"","overlay-color":"","overlay-opacity":"","overlay-gradient":""}}},"product_brand":[],"product_cat":[72,91,41,37],"product_tag":[102,101],"class_list":{"0":"post-3752","1":"product","2":"type-product","3":"status-publish","4":"has-post-thumbnail","6":"product_cat-cosmetic-packaging","7":"product_cat-custom-perfume-bottles","8":"product_cat-perfume-bottles","9":"product_cat-uncategorized","10":"product_tag-bottle-of-perfume","11":"product_tag-perfume-containers-wholesale","12":"desktop-align-left","13":"tablet-align-left","14":"mobile-align-left","16":"first","17":"instock","18":"shipping-taxable","19":"product-type-simple"},"acf":[],"jetpack_sharing_enabled":true,"_links":{"self":[{"href":"https:\/\/theperfumebottles.com\/fi\/wp-json\/wp\/v2\/product\/3752","targetHints":{"allow":["GET"]}}],"collection":[{"href":"https:\/\/theperfumebottles.com\/fi\/wp-json\/wp\/v2\/product"}],"about":[{"href":"https:\/\/theperfumebottles.com\/fi\/wp-json\/wp\/v2\/types\/product"}],"replies":[{"embeddable":true,"href":"https:\/\/theperfumebottles.com\/fi\/wp-json\/wp\/v2\/comments?post=3752"}],"wp:featuredmedia":[{"embeddable":true,"href":"https:\/\/theperfumebottles.com\/fi\/wp-json\/wp\/v2\/media\/3754"}],"wp:attachment":[{"href":"https:\/\/theperfumebottles.com\/fi\/wp-json\/wp\/v2\/media?parent=3752"}],"wp:term":[{"taxonomy":"product_brand","embeddable":true,"href":"https:\/\/theperfumebottles.com\/fi\/wp-json\/wp\/v2\/product_brand?post=3752"},{"taxonomy":"product_cat","embeddable":true,"href":"https:\/\/theperfumebottles.com\/fi\/wp-json\/wp\/v2\/product_cat?post=3752"},{"taxonomy":"product_tag","embeddable":true,"href":"https:\/\/theperfumebottles.com\/fi\/wp-json\/wp\/v2\/product_tag?post=3752"}],"curies":[{"name":"wp","href":"https:\/\/api.w.org\/{rel}","templated":true}]}}