{"id":3897,"date":"2025-06-13T17:04:32","date_gmt":"2025-06-13T09:04:32","guid":{"rendered":"https:\/\/theperfumebottles.com\/?post_type=product&#038;p=3897"},"modified":"2025-06-17T09:38:58","modified_gmt":"2025-06-17T01:38:58","slug":"elegant-perfume-beautiful-bottle-with-glass-design","status":"publish","type":"product","link":"https:\/\/theperfumebottles.com\/fi\/tuote\/elegant-perfume-beautiful-bottle-with-glass-design\/","title":{"rendered":"50 ml 100 ml elegantti hajuvesipullo, kaunis lasidesignilla"},"content":{"rendered":"<p>Jos etsit kaunispulloista parfyymia, joka yhdist\u00e4\u00e4 ajattoman eleganssin ja modernin k\u00e4yt\u00e4nn\u00f6llisyyden, n\u00e4m\u00e4 lasipullot ovat juuri sit\u00e4 mit\u00e4 tarvitset. Olipa kyseess\u00e4 uuden tuoksusarjan lanseeraus tai nykyisen pakkauksen p\u00e4ivitt\u00e4minen, n\u00e4m\u00e4 pullot voivat parantaa br\u00e4ndikuvaasi.<\/p>\n<h2>T\u00e4rkeimm\u00e4t tekniset tiedot<\/h2>\n<table style=\"border-collapse: collapse;margin-left: auto;margin-right: auto;width: 80%\" border=\"0\" width=\"80%\" cellspacing=\"0\" cellpadding=\"0\">\n<tbody>\n<tr style=\"height: 13.50pt\">\n<td style=\"height: 13.50pt;width: 81.00pt\" width=\"108\" height=\"18\">Malli<\/td>\n<td style=\"width: 70.50pt\" width=\"94\">Kapasiteetti<\/td>\n<td style=\"width: 93.00pt\" width=\"124\">Muoto<\/td>\n<td style=\"width: 102.00pt\" width=\"136\">Mitat (mm)<\/td>\n<td style=\"width: 102.75pt\" width=\"137\">Kaulan halkaisija<\/td>\n<td style=\"width: 193.50pt\" width=\"258\">Tiivistysmenetelm\u00e4<\/td>\n<td style=\"width: 105.75pt\" width=\"141\">Materiaali<\/td>\n<td style=\"width: 104.25pt\" width=\"139\">V\u00e4ri<\/td>\n<\/tr>\n<tr style=\"height: 13.50pt\">\n<td style=\"height: 13.50pt\" height=\"18\">PB-YZ1604<\/td>\n<td>50 ml<\/td>\n<td>Lieri\u00f6m\u00e4inen<\/td>\n<td>37 \u00d7 98<\/td>\n<td>15 mm<\/td>\n<td>Puristuskaula + sumutin<\/td>\n<td>Kristallilasi<\/td>\n<td>Mukautettava<\/td>\n<\/tr>\n<tr style=\"height: 13.50pt\">\n<td style=\"height: 13.50pt\" height=\"18\">PB-YZ1605<\/td>\n<td>50 ml<\/td>\n<td>Lieri\u00f6m\u00e4inen<\/td>\n<td>32 \u00d7 137<\/td>\n<td>15 mm<\/td>\n<td>Puristuskaula + sumutin<\/td>\n<td>Kristallilasi<\/td>\n<td>Mukautettava<\/td>\n<\/tr>\n<tr style=\"height: 13.50pt\">\n<td style=\"height: 13.50pt\" height=\"18\">PB-YZ1606<\/td>\n<td>100 ml<\/td>\n<td>Lieri\u00f6m\u00e4inen<\/td>\n<td>39 \u00d7 159<\/td>\n<td>15 mm<\/td>\n<td>Puristuskaula + sumutin<\/td>\n<td>Kristallilasi<\/td>\n<td>Mukautettava<\/td>\n<\/tr>\n<\/tbody>\n<\/table>\n<h2>Todellinen tapaustutkimus<\/h2>\n<p>Pariisilainen boutique-hajuvesimerkki lanseerasi allekirjoitushajuvetens\u00e4 t\u00e4ll\u00e4 kauniilla pullolla. He valitsivat pehme\u00e4n laventelin s\u00e4vyn, yhdistettyn\u00e4 harjattuun hopeiseen suihkepullon korkkiin ja minimaaliseen br\u00e4ndilogon. Tulos? Tuote erottui hyllyss\u00e4, her\u00e4tti huomiota verkossa ja myyntitilaukset kasvoivat 40% vain muutamassa kuukaudessa.<\/p>\n<h2>Vinkkej\u00e4 oman hajuvesipullon luomiseen<\/h2>\n<ul>\n<li><strong>V\u00e4rimuokkaus:<\/strong> Valitse pullon v\u00e4ri tuoksun mukaan (kuten pehme\u00e4 vaaleanpunainen kukkaistuoksulle ja tummanruskea puumaiselle tuoksulle) saamaan ulkon\u00e4k\u00f6 ja tuoksu paremmin yhteen.<\/li>\n<li><strong>Br\u00e4ndilogo:<\/strong> Voit silkkipainattaa LOGOn tai kaivertaa sen pulloon laserilla br\u00e4ndin tunnettavuuden parantamiseksi.<\/li>\n<li><strong>Materiaaliyksityiskohdat:<\/strong> Valitse matta\/s\u00e4hk\u00f6pinnoitetut pullonkorkit ja metallisen tekstuurin etiketit luksuksen tunteen parantamiseksi.<\/li>\n<li><strong>Ymp\u00e4rist\u00f6yst\u00e4v\u00e4llinen pakkaus:<\/strong> Kierr\u00e4tett\u00e4vist\u00e4 paperikoteloista + r\u00e4\u00e4t\u00e4l\u00f6idyst\u00e4 vuorauksesta luotu vihre\u00e4 br\u00e4ndikuva.<\/li>\n<li><strong>Massar\u00e4\u00e4t\u00e4l\u00f6innin tuki:<\/strong> Suurten tilausten ja OEM-palveluiden tuki, paremmat hinnat ja vakaa toimitus.<\/li>\n<\/ul>\n<h2>Miksi valita Minghang hajusteiden valmistajaksi?<\/h2>\n<p>Minghangin valitseminen tarkoittaa yhden luukun hajusteiden valmistajan valitsemista, joka yhdist\u00e4\u00e4 ammattitaidon, laatutakuun ja joustavan r\u00e4\u00e4t\u00e4l\u00f6innin. Ymm\u00e4rr\u00e4mme br\u00e4ndien tarpeet ja markkinoiden rytmin. Tarjoamme t\u00e4yden palvelun suunnittelusta tuotantoon, mutta k\u00e4yt\u00e4mme my\u00f6s ymp\u00e4rist\u00f6yst\u00e4v\u00e4llisi\u00e4 materiaaleja, tiukkaa laatukontrollia ja kilpailukykyisi\u00e4 tukkuhinnoittelua auttaaksemme sinua luomaan tehokkaasti ainutlaatuisia tuoksutuotteita ja erottumaan markkinoilla.<\/p>","protected":false},"excerpt":{"rendered":"<p>Upea, ensiluokkaisesta pullolasista valmistettu tuoksupullo. Tyylisuunnittelu 100 ml, lahjaksi tai tukkumyynti\u00e4 varten tarkoitettu tuoksupakkkaus.<\/p>","protected":false},"featured_media":3903,"comment_status":"open","ping_status":"closed","template":"","meta":{"_acf_changed":false,"site-sidebar-layout":"default","site-content-layout":"","ast-site-content-layout":"default","site-content-style":"default","site-sidebar-style":"default","ast-global-header-display":"","ast-banner-title-visibility":"","ast-main-header-display":"","ast-hfb-above-header-display":"","ast-hfb-below-header-display":"","ast-hfb-mobile-header-display":"","site-post-title":"","ast-breadcrumbs-content":"","ast-featured-img":"","footer-sml-layout":"","ast-disable-related-posts":"","theme-transparent-header-meta":"default","adv-header-id-meta":"","stick-header-meta":"","header-above-stick-meta":"","header-main-stick-meta":"","header-below-stick-meta":"","astra-migrate-meta-layouts":"set","ast-page-background-enabled":"default","ast-page-background-meta":{"desktop":{"background-color":"var(--ast-global-color-5)","background-image":"","background-repeat":"repeat","background-position":"center center","background-size":"auto","background-attachment":"scroll","background-type":"","background-media":"","overlay-type":"","overlay-color":"","overlay-opacity":"","overlay-gradient":""},"tablet":{"background-color":"","background-image":"","background-repeat":"repeat","background-position":"center center","background-size":"auto","background-attachment":"scroll","background-type":"","background-media":"","overlay-type":"","overlay-color":"","overlay-opacity":"","overlay-gradient":""},"mobile":{"background-color":"","background-image":"","background-repeat":"repeat","background-position":"center center","background-size":"auto","background-attachment":"scroll","background-type":"","background-media":"","overlay-type":"","overlay-color":"","overlay-opacity":"","overlay-gradient":""}},"ast-content-background-meta":{"desktop":{"background-color":"var(--ast-global-color-4)","background-image":"","background-repeat":"repeat","background-position":"center center","background-size":"auto","background-attachment":"scroll","background-type":"","background-media":"","overlay-type":"","overlay-color":"","overlay-opacity":"","overlay-gradient":""},"tablet":{"background-color":"var(--ast-global-color-4)","background-image":"","background-repeat":"repeat","background-position":"center center","background-size":"auto","background-attachment":"scroll","background-type":"","background-media":"","overlay-type":"","overlay-color":"","overlay-opacity":"","overlay-gradient":""},"mobile":{"background-color":"var(--ast-global-color-4)","background-image":"","background-repeat":"repeat","background-position":"center center","background-size":"auto","background-attachment":"scroll","background-type":"","background-media":"","overlay-type":"","overlay-color":"","overlay-opacity":"","overlay-gradient":""}}},"product_brand":[],"product_cat":[72,91,41],"product_tag":[49],"class_list":{"0":"post-3897","1":"product","2":"type-product","3":"status-publish","4":"has-post-thumbnail","6":"product_cat-cosmetic-packaging","7":"product_cat-custom-perfume-bottles","8":"product_cat-perfume-bottles","9":"product_tag-perfume-bottles","10":"desktop-align-left","11":"tablet-align-left","12":"mobile-align-left","14":"first","15":"instock","16":"shipping-taxable","17":"product-type-simple"},"acf":[],"jetpack_sharing_enabled":true,"_links":{"self":[{"href":"https:\/\/theperfumebottles.com\/fi\/wp-json\/wp\/v2\/product\/3897","targetHints":{"allow":["GET"]}}],"collection":[{"href":"https:\/\/theperfumebottles.com\/fi\/wp-json\/wp\/v2\/product"}],"about":[{"href":"https:\/\/theperfumebottles.com\/fi\/wp-json\/wp\/v2\/types\/product"}],"replies":[{"embeddable":true,"href":"https:\/\/theperfumebottles.com\/fi\/wp-json\/wp\/v2\/comments?post=3897"}],"wp:featuredmedia":[{"embeddable":true,"href":"https:\/\/theperfumebottles.com\/fi\/wp-json\/wp\/v2\/media\/3903"}],"wp:attachment":[{"href":"https:\/\/theperfumebottles.com\/fi\/wp-json\/wp\/v2\/media?parent=3897"}],"wp:term":[{"taxonomy":"product_brand","embeddable":true,"href":"https:\/\/theperfumebottles.com\/fi\/wp-json\/wp\/v2\/product_brand?post=3897"},{"taxonomy":"product_cat","embeddable":true,"href":"https:\/\/theperfumebottles.com\/fi\/wp-json\/wp\/v2\/product_cat?post=3897"},{"taxonomy":"product_tag","embeddable":true,"href":"https:\/\/theperfumebottles.com\/fi\/wp-json\/wp\/v2\/product_tag?post=3897"}],"curies":[{"name":"wp","href":"https:\/\/api.w.org\/{rel}","templated":true}]}}