{"id":3939,"date":"2025-06-16T18:01:47","date_gmt":"2025-06-16T10:01:47","guid":{"rendered":"https:\/\/theperfumebottles.com\/?post_type=product&#038;p=3939"},"modified":"2025-06-16T18:01:48","modified_gmt":"2025-06-16T10:01:48","slug":"wholesale-miniature-perfume-bottles-custom-perfume-bottle-mini","status":"publish","type":"product","link":"https:\/\/theperfumebottles.com\/fi\/tuote\/wholesale-miniature-perfume-bottles-custom-perfume-bottle-mini\/","title":{"rendered":"15 ml 20 ml 30 ml miniatyyrihajuvesipullot | Mukautettu hajuvesipullo Mini"},"content":{"rendered":"<p>Haluatko tarjota asiakkaillesi ylellisen ja helposti mukana kulkevan tuoksukokemuksen? Miniatyyriparfyymipullomme ovat t\u00e4ydellisi\u00e4! Miniparfyymipullo on sek\u00e4 elegantti ett\u00e4 k\u00e4yt\u00e4nn\u00f6llinen, ja se tuo modernin kosketuksen br\u00e4ndipakkausten~<\/p>\n<h2>T\u00e4rkeimm\u00e4t tekniset tiedot<\/h2>\n<table style=\"border-collapse: collapse; margin-left: auto; margin-right: auto; width: 80%;\" border=\"0\" width=\"80%\" cellspacing=\"0\" cellpadding=\"0\">\n<tbody>\n<tr style=\"height: 13.50pt;\">\n<td style=\"height: 13.50pt; width: 99.75pt;\" width=\"133\" height=\"18\">Ominaisuus<\/td>\n<td style=\"width: 262.50pt;\" width=\"350\">Kuvaus<\/td>\n<\/tr>\n<tr style=\"height: 13.50pt;\">\n<td style=\"height: 13.50pt;\" height=\"18\">Mallit<\/td>\n<td>PB-YZ1601 \/ PB-YZ1602 \/ PB-YZ1603<\/td>\n<\/tr>\n<tr style=\"height: 13.50pt;\">\n<td style=\"height: 13.50pt;\" height=\"18\">Kapasiteetti<\/td>\n<td>15ml \/ 20ml \/ 30ml<\/td>\n<\/tr>\n<tr style=\"height: 13.50pt;\">\n<td style=\"height: 13.50pt;\" height=\"18\">Muoto<\/td>\n<td>Lieri\u00f6m\u00e4inen<\/td>\n<\/tr>\n<tr style=\"height: 13.50pt;\">\n<td style=\"height: 13.50pt;\" height=\"18\">Mitat<\/td>\n<td>25x84mm \/ 29x67mm \/ 33x98mm<\/td>\n<\/tr>\n<tr style=\"height: 13.50pt;\">\n<td style=\"height: 13.50pt;\" height=\"18\">Kaulan halkaisija<\/td>\n<td>15 mm<\/td>\n<\/tr>\n<tr style=\"height: 13.50pt;\">\n<td style=\"height: 13.50pt;\" height=\"18\">Sulkemistyyppi<\/td>\n<td>Puristettava korkki+sumutinpumppu<\/td>\n<\/tr>\n<tr style=\"height: 13.50pt;\">\n<td style=\"height: 13.50pt;\" height=\"18\">Materiaali<\/td>\n<td>Kristallilasi<\/td>\n<\/tr>\n<tr style=\"height: 13.50pt;\">\n<td style=\"height: 13.50pt;\" height=\"18\">Korkin v\u00e4ri<\/td>\n<td>Matta musta, hopea, kulta, kirkas akryyli<\/td>\n<\/tr>\n<tr style=\"height: 13.50pt;\">\n<td style=\"height: 13.50pt;\" height=\"18\">Ihanteellinen<\/td>\n<td>Tuoksun\u00e4ytteet, matkakokoiset parfyymit<\/td>\n<\/tr>\n<\/tbody>\n<\/table>\n<h2><strong>Todellinen kotelo on eritt\u00e4in vakuuttava:<\/strong><\/h2>\n<p>Pieni, eksklusiivinen tuoksumerkki k\u00e4ytti syv\u00e4n koboltinsinist\u00e4 30 ml PB-YZ1603 -pulloa, jossa oli kullanv\u00e4rinen korkki ja tuotemerkin teksti, luodakseen lahjapaketteja vaikuttajille ja VIP-asiakkaille, ja vaikuttajamarkkinointi olikin menestys! Kaikki kehuivat sen n\u00e4ytt\u00e4vyytt\u00e4 ja k\u00e4tevyytt\u00e4~<\/p>\n<h2>Br\u00e4ndisi mukauttamisvinkkej\u00e4<\/h2>\n<p>Jos haluat tuoksusi erottuvan joukosta, pakkauksen tulee tehd\u00e4 enemm\u00e4n kuin vain suojata tuoksua \u2013 sen tulee kertoa tarina, kiinnitt\u00e4\u00e4 huomiota ja her\u00e4tt\u00e4\u00e4 uteliaisuutta.<\/p>\n<ul>\n<li><strong>Tuo br\u00e4ndisi esiin:<\/strong> Lis\u00e4\u00e4 logosi tai nimesi laserkaiverruksella tai silkkipainatuksella. Se ei ole pelkk\u00e4 koriste \u2013 se on sinun tunnusmerkki. Ajattele sit\u00e4 kuin allekirjoitusta mestariteokseen.<\/li>\n<li><strong>Lis\u00e4\u00e4 mausteita korkkien v\u00e4reill\u00e4:<\/strong> Kuka sanoo, ett\u00e4 korkkien pit\u00e4\u00e4 olla tyls\u00e4t? Valitse mattamusta, jos pid\u00e4t tyylikk\u00e4\u00e4st\u00e4, minimalistisesta tyylist\u00e4 \u2013 tai valitse ruusukulta, jos haluat luksusvibaa. V\u00e4ripilkku voi t\u00e4ysin muuttaa pullon tunnelmaa.<\/li>\n<li><strong>Ajattele monipuolisuutta:<\/strong> Yhdist\u00e4 15 ml, 20 ml ja 30 ml pullot lahjapakkaussarjaan. Se sopii t\u00e4ydellisesti n\u00e4ytepakkauksiksi, matkoille, juhla- ja vaikuttajalahjoiksi. Ja rehellisesti sanottuna? Ihmiset rakastavat vaihtoehtoja.<\/li>\n<\/ul>\n<h2>Johtop\u00e4\u00e4t\u00f6s<\/h2>\n<p>Tuoksupullon valitseminen ei ole pelkk\u00e4\u00e4 astian valitsemista. Se on selv\u00e4sti br\u00e4ndin \u201dpukeutumista\u201d. Olipa kyseess\u00e4 15 ml:n n\u00e4ytepullo tai 30 ml:n v\u00e4hitt\u00e4ismyyntiversio, jokainen yksityiskohta k\u00e4tkee sis\u00e4\u00e4ns\u00e4 br\u00e4ndin pieni\u00e4 ajatuksia. Meid\u00e4n minituoksupullomme on valmistettu kest\u00e4v\u00e4st\u00e4 lasista ja sill\u00e4 on tyylik\u00e4s muotoilu, jotta tuoksusi erottuisi joukosta. Lukuisien r\u00e4\u00e4t\u00e4l\u00f6intioptioidemme ansiosta voit paitsi valita oikean pullon, my\u00f6s tehd\u00e4 tuoksusta sellaisen, joka todella \u201dkasvaa\u201d br\u00e4ndin n\u00e4k\u00f6iseksi. Puhutaan siit\u00e4, miten ideasi saadaan toteutettua \u2013 aloita r\u00e4\u00e4t\u00e4l\u00f6idyll\u00e4 lasisesta valmistetulla tuoksupullolla ja hio hitaasti omaa br\u00e4ndi\u00e4si.<\/p>","protected":false},"excerpt":{"rendered":"<p>L\u00f6yd\u00e4 korkealaatuisia miniatyyriparfyymipulloja ja r\u00e4\u00e4t\u00e4l\u00f6ityj\u00e4 miniparfyymipulloja \u2013 t\u00e4ydellisi\u00e4 matkoille, n\u00e4ytteenottoon tai ylellisen tuoksupakkauksen luomiseen.<\/p>","protected":false},"featured_media":3901,"comment_status":"open","ping_status":"closed","template":"","meta":{"_acf_changed":false,"site-sidebar-layout":"default","site-content-layout":"","ast-site-content-layout":"default","site-content-style":"default","site-sidebar-style":"default","ast-global-header-display":"","ast-banner-title-visibility":"","ast-main-header-display":"","ast-hfb-above-header-display":"","ast-hfb-below-header-display":"","ast-hfb-mobile-header-display":"","site-post-title":"","ast-breadcrumbs-content":"","ast-featured-img":"","footer-sml-layout":"","ast-disable-related-posts":"","theme-transparent-header-meta":"default","adv-header-id-meta":"","stick-header-meta":"","header-above-stick-meta":"","header-main-stick-meta":"","header-below-stick-meta":"","astra-migrate-meta-layouts":"set","ast-page-background-enabled":"default","ast-page-background-meta":{"desktop":{"background-color":"var(--ast-global-color-5)","background-image":"","background-repeat":"repeat","background-position":"center center","background-size":"auto","background-attachment":"scroll","background-type":"","background-media":"","overlay-type":"","overlay-color":"","overlay-opacity":"","overlay-gradient":""},"tablet":{"background-color":"","background-image":"","background-repeat":"repeat","background-position":"center center","background-size":"auto","background-attachment":"scroll","background-type":"","background-media":"","overlay-type":"","overlay-color":"","overlay-opacity":"","overlay-gradient":""},"mobile":{"background-color":"","background-image":"","background-repeat":"repeat","background-position":"center center","background-size":"auto","background-attachment":"scroll","background-type":"","background-media":"","overlay-type":"","overlay-color":"","overlay-opacity":"","overlay-gradient":""}},"ast-content-background-meta":{"desktop":{"background-color":"var(--ast-global-color-4)","background-image":"","background-repeat":"repeat","background-position":"center center","background-size":"auto","background-attachment":"scroll","background-type":"","background-media":"","overlay-type":"","overlay-color":"","overlay-opacity":"","overlay-gradient":""},"tablet":{"background-color":"var(--ast-global-color-4)","background-image":"","background-repeat":"repeat","background-position":"center center","background-size":"auto","background-attachment":"scroll","background-type":"","background-media":"","overlay-type":"","overlay-color":"","overlay-opacity":"","overlay-gradient":""},"mobile":{"background-color":"var(--ast-global-color-4)","background-image":"","background-repeat":"repeat","background-position":"center center","background-size":"auto","background-attachment":"scroll","background-type":"","background-media":"","overlay-type":"","overlay-color":"","overlay-opacity":"","overlay-gradient":""}}},"product_brand":[],"product_cat":[72,91,74,41],"product_tag":[49],"class_list":{"0":"post-3939","1":"product","2":"type-product","3":"status-publish","4":"has-post-thumbnail","6":"product_cat-cosmetic-packaging","7":"product_cat-custom-perfume-bottles","8":"product_cat-mini-perfume-bottles","9":"product_cat-perfume-bottles","10":"product_tag-perfume-bottles","11":"desktop-align-left","12":"tablet-align-left","13":"mobile-align-left","15":"first","16":"instock","17":"shipping-taxable","18":"product-type-simple"},"acf":[],"jetpack_sharing_enabled":true,"_links":{"self":[{"href":"https:\/\/theperfumebottles.com\/fi\/wp-json\/wp\/v2\/product\/3939","targetHints":{"allow":["GET"]}}],"collection":[{"href":"https:\/\/theperfumebottles.com\/fi\/wp-json\/wp\/v2\/product"}],"about":[{"href":"https:\/\/theperfumebottles.com\/fi\/wp-json\/wp\/v2\/types\/product"}],"replies":[{"embeddable":true,"href":"https:\/\/theperfumebottles.com\/fi\/wp-json\/wp\/v2\/comments?post=3939"}],"wp:featuredmedia":[{"embeddable":true,"href":"https:\/\/theperfumebottles.com\/fi\/wp-json\/wp\/v2\/media\/3901"}],"wp:attachment":[{"href":"https:\/\/theperfumebottles.com\/fi\/wp-json\/wp\/v2\/media?parent=3939"}],"wp:term":[{"taxonomy":"product_brand","embeddable":true,"href":"https:\/\/theperfumebottles.com\/fi\/wp-json\/wp\/v2\/product_brand?post=3939"},{"taxonomy":"product_cat","embeddable":true,"href":"https:\/\/theperfumebottles.com\/fi\/wp-json\/wp\/v2\/product_cat?post=3939"},{"taxonomy":"product_tag","embeddable":true,"href":"https:\/\/theperfumebottles.com\/fi\/wp-json\/wp\/v2\/product_tag?post=3939"}],"curies":[{"name":"wp","href":"https:\/\/api.w.org\/{rel}","templated":true}]}}