{"id":4002,"date":"2025-06-17T18:06:19","date_gmt":"2025-06-17T10:06:19","guid":{"rendered":"https:\/\/theperfumebottles.com\/?post_type=product&#038;p=4002"},"modified":"2025-06-17T18:06:21","modified_gmt":"2025-06-17T10:06:21","slug":"wholesale-perfume-bottles-bulk-perfume-bottles-supplier","status":"publish","type":"product","link":"https:\/\/theperfumebottles.com\/fi\/tuote\/wholesale-perfume-bottles-bulk-perfume-bottles-supplier\/","title":{"rendered":"100 ml:n tukkumyynti hajuvesipulloja | Kaiverretut irtotavarana myyt\u00e4v\u00e4t hajuvesipullot"},"content":{"rendered":"<p>Etsitk\u00f6 upeita tukkumyynniss\u00e4 olevia tuoksupulloja? Kristallilasi on niin l\u00e4pin\u00e4kyv\u00e4\u00e4, ett\u00e4 n\u00e4et heijastuksesi, ja pintaan on kaiverrettu elegantteja X-kuvioita, jotka henkiv\u00e4t ylellisyytt\u00e4. Olipa kyseess\u00e4 uusi tuoksu kehitt\u00e4nyt tuotemerkin johtaja tai klassisen mallin \u201dluksuspakkauksen\u201d haluava jakelija, t\u00e4m\u00e4 pullo ei ainoastaan s\u00e4ilyt\u00e4 tuoksun sielua, vaan auttaa my\u00f6s alentamaan kustannuksia ja parantamaan laatua. Mikset lis\u00e4isi sit\u00e4 \u201darvokkaiden toimittajien luetteloosi\u201d?<\/p>\n<h2>T\u00e4rkeimm\u00e4t tekniset tiedot<\/h2>\n<table style=\"border-collapse: collapse; margin-left: auto; margin-right: auto; width: 80%;\" border=\"0\" width=\"80%\" cellspacing=\"0\" cellpadding=\"0\">\n<tbody>\n<tr style=\"height: 13.50pt;\">\n<td style=\"height: 13.50pt; width: 61.50pt;\" width=\"82\" height=\"18\">Ominaisuus<\/td>\n<td style=\"width: 175.50pt;\" width=\"234\">Yksityiskohta<\/td>\n<\/tr>\n<tr style=\"height: 13.50pt;\">\n<td style=\"height: 13.50pt;\" height=\"18\">Kapasiteetti<\/td>\n<td>100 ml<\/td>\n<\/tr>\n<tr style=\"height: 13.50pt;\">\n<td style=\"height: 13.50pt;\" height=\"18\">Muoto<\/td>\n<td>Suorakulmainen<\/td>\n<\/tr>\n<tr style=\"height: 13.50pt;\">\n<td style=\"height: 13.50pt;\" height=\"18\">Mitat<\/td>\n<td>55,5 x 36,5 x 102 mm<\/td>\n<\/tr>\n<tr style=\"height: 13.50pt;\">\n<td style=\"height: 13.50pt;\" height=\"18\">Materiaali<\/td>\n<td>Kristallilasi<\/td>\n<\/tr>\n<tr style=\"height: 13.50pt;\">\n<td style=\"height: 13.50pt;\" height=\"18\">V\u00e4ri<\/td>\n<td>T\u00e4ysin muokattavissa<\/td>\n<\/tr>\n<tr style=\"height: 13.50pt;\">\n<td style=\"height: 13.50pt;\" height=\"18\">Tiivisteen tyyppi<\/td>\n<td>Puristuskaula + sumutin<\/td>\n<\/tr>\n<tr style=\"height: 13.50pt;\">\n<td style=\"height: 13.50pt;\" height=\"18\">Ihanteellinen k\u00e4ytt\u00f6<\/td>\n<td>Tuoksut, k\u00f6lni<\/td>\n<\/tr>\n<\/tbody>\n<\/table>\n<h2>Todellinen menestystarina<\/h2>\n<p>Yksi asiakkaistamme, niche-tuoksumerkki, halusi erottua suuressa kauneustapahtumassa. He valitsivat r\u00e4\u00e4t\u00e4l\u00f6idyn himme\u00e4n lasisen tuoksupullomme ja kaiverrutti siihen tuotemerkin logon. Lopputuote teki upean esiintymisen n\u00e4yttelyss\u00e4 ja auttoi heit\u00e4 saamaan useita tilauksia. Asiakkaat kehuivat korkealaatuista tekstuuria ja ymp\u00e4rist\u00f6yst\u00e4v\u00e4llisi\u00e4 materiaaleja, mik\u00e4 todistaa, ett\u00e4 korkealaatuinen kosmetiikkapakkaus voi todella tuoda merkitt\u00e4vi\u00e4 parannuksia.<\/p>\n<h2>Mukautettavuusvinkkej\u00e4 oman pullon luomiseksi<\/h2>\n<p>Haluatko tuotemerkkisi loistavan pakkauksessa? T\u00e4ss\u00e4 on vinkkej\u00e4, miten saat siit\u00e4 parhaan hy\u00f6dyn:<\/p>\n<ul>\n<li>Valitse br\u00e4ndisi p\u00e4\u00e4v\u00e4riin sopiva yksiv\u00e4rinen tai gradienttiv\u00e4ri, jotta pullo on v\u00e4litt\u00f6m\u00e4sti tunnistettavissa ja loistaa kuin \u201dbr\u00e4ndin edustaja\u201d~<\/li>\n<li>K\u00e4yt\u00e4 laserkaiverrusta tai UV-tulostusta br\u00e4ndisi painatuksen pysyv\u00e4ksi kiinnitt\u00e4miseksi ja vie hienostuneisuutesi \u00e4\u00e4rimmilleen!<\/li>\n<li>Kokeile mattapintoja tai kuviovaihtoehtoja luodaksesi ainutlaatuisen ilmeen tuoksullesi.<\/li>\n<li>Yhdist\u00e4 se ymp\u00e4rist\u00f6yst\u00e4v\u00e4lliseen pakkaukseen vihre\u00e4n imagon parantamiseksi.<\/li>\n<\/ul>\n<h2 data-start=\"132\" data-end=\"398\"><strong data-start=\"132\" data-end=\"189\">Oletko valmis viem\u00e4\u00e4n tuoksubr\u00e4ndisi seuraavalle tasolle?<\/strong><\/h2>\n<p data-start=\"132\" data-end=\"398\">Oikea pullo tekee enemm\u00e4n kuin vain pit\u00e4\u00e4 tuotettasi \u2013 se her\u00e4tt\u00e4\u00e4 br\u00e4ndisi eloon. Tukkumyynniss\u00e4 olevat tuoksupullomme yhdist\u00e4v\u00e4t elegantin muotoilun ja luotettavan laadun, auttaen tuoksuasi erottumaan joka hyllyll\u00e4.<\/p>\n<p data-start=\"400\" data-end=\"573\">Hyv\u00e4stit geneerisille pakkauksille. Tukkumyynniss\u00e4 olevien tuoksupullojemme avulla voit luoda mukautettuja malleja, jotka kuvaavat ainutlaatuista visioasi, arvojasi ja luovuuttasi. Luodaan pakkaus, joka kertoo tarinasi.<\/p>","protected":false},"excerpt":{"rendered":"<p>Laadukkaita tukkumyyntipulloja saatavilla eritt\u00e4in suurina erin\u00e4. I\u0434\u0435\u0430\u043b\u044c\u043d\u043e \u0434\u043b\u044f \u0431\u0440\u0435\u043d\u0434\u043e\u0432 &amp; \u0434\u0438\u0441\u0442\u0440\u0438\u0431\u044c\u044e\u0442\u043e\u0440\u043e\u0432. Mukautettavat vaihtoehdot, nopea toimitus ja tuotantolaitoksesta suora hinta.<\/p>","protected":false},"featured_media":4007,"comment_status":"open","ping_status":"closed","template":"","meta":{"_acf_changed":false,"site-sidebar-layout":"default","site-content-layout":"","ast-site-content-layout":"default","site-content-style":"default","site-sidebar-style":"default","ast-global-header-display":"","ast-banner-title-visibility":"","ast-main-header-display":"","ast-hfb-above-header-display":"","ast-hfb-below-header-display":"","ast-hfb-mobile-header-display":"","site-post-title":"","ast-breadcrumbs-content":"","ast-featured-img":"","footer-sml-layout":"","ast-disable-related-posts":"","theme-transparent-header-meta":"default","adv-header-id-meta":"","stick-header-meta":"","header-above-stick-meta":"","header-main-stick-meta":"","header-below-stick-meta":"","astra-migrate-meta-layouts":"set","ast-page-background-enabled":"default","ast-page-background-meta":{"desktop":{"background-color":"var(--ast-global-color-5)","background-image":"","background-repeat":"repeat","background-position":"center center","background-size":"auto","background-attachment":"scroll","background-type":"","background-media":"","overlay-type":"","overlay-color":"","overlay-opacity":"","overlay-gradient":""},"tablet":{"background-color":"","background-image":"","background-repeat":"repeat","background-position":"center center","background-size":"auto","background-attachment":"scroll","background-type":"","background-media":"","overlay-type":"","overlay-color":"","overlay-opacity":"","overlay-gradient":""},"mobile":{"background-color":"","background-image":"","background-repeat":"repeat","background-position":"center center","background-size":"auto","background-attachment":"scroll","background-type":"","background-media":"","overlay-type":"","overlay-color":"","overlay-opacity":"","overlay-gradient":""}},"ast-content-background-meta":{"desktop":{"background-color":"var(--ast-global-color-4)","background-image":"","background-repeat":"repeat","background-position":"center center","background-size":"auto","background-attachment":"scroll","background-type":"","background-media":"","overlay-type":"","overlay-color":"","overlay-opacity":"","overlay-gradient":""},"tablet":{"background-color":"var(--ast-global-color-4)","background-image":"","background-repeat":"repeat","background-position":"center center","background-size":"auto","background-attachment":"scroll","background-type":"","background-media":"","overlay-type":"","overlay-color":"","overlay-opacity":"","overlay-gradient":""},"mobile":{"background-color":"var(--ast-global-color-4)","background-image":"","background-repeat":"repeat","background-position":"center center","background-size":"auto","background-attachment":"scroll","background-type":"","background-media":"","overlay-type":"","overlay-color":"","overlay-opacity":"","overlay-gradient":""}}},"product_brand":[],"product_cat":[72,91,41],"product_tag":[49],"class_list":{"0":"post-4002","1":"product","2":"type-product","3":"status-publish","4":"has-post-thumbnail","6":"product_cat-cosmetic-packaging","7":"product_cat-custom-perfume-bottles","8":"product_cat-perfume-bottles","9":"product_tag-perfume-bottles","10":"desktop-align-left","11":"tablet-align-left","12":"mobile-align-left","14":"first","15":"instock","16":"shipping-taxable","17":"product-type-simple"},"acf":[],"jetpack_sharing_enabled":true,"_links":{"self":[{"href":"https:\/\/theperfumebottles.com\/fi\/wp-json\/wp\/v2\/product\/4002","targetHints":{"allow":["GET"]}}],"collection":[{"href":"https:\/\/theperfumebottles.com\/fi\/wp-json\/wp\/v2\/product"}],"about":[{"href":"https:\/\/theperfumebottles.com\/fi\/wp-json\/wp\/v2\/types\/product"}],"replies":[{"embeddable":true,"href":"https:\/\/theperfumebottles.com\/fi\/wp-json\/wp\/v2\/comments?post=4002"}],"wp:featuredmedia":[{"embeddable":true,"href":"https:\/\/theperfumebottles.com\/fi\/wp-json\/wp\/v2\/media\/4007"}],"wp:attachment":[{"href":"https:\/\/theperfumebottles.com\/fi\/wp-json\/wp\/v2\/media?parent=4002"}],"wp:term":[{"taxonomy":"product_brand","embeddable":true,"href":"https:\/\/theperfumebottles.com\/fi\/wp-json\/wp\/v2\/product_brand?post=4002"},{"taxonomy":"product_cat","embeddable":true,"href":"https:\/\/theperfumebottles.com\/fi\/wp-json\/wp\/v2\/product_cat?post=4002"},{"taxonomy":"product_tag","embeddable":true,"href":"https:\/\/theperfumebottles.com\/fi\/wp-json\/wp\/v2\/product_tag?post=4002"}],"curies":[{"name":"wp","href":"https:\/\/api.w.org\/{rel}","templated":true}]}}