{"id":4274,"date":"2025-06-27T09:35:18","date_gmt":"2025-06-27T01:35:18","guid":{"rendered":"https:\/\/theperfumebottles.com\/?post_type=product&#038;p=4274"},"modified":"2025-06-27T09:35:20","modified_gmt":"2025-06-27T01:35:20","slug":"custom-bulk-perfume-bottles-glass-packaging-deals","status":"publish","type":"product","link":"https:\/\/theperfumebottles.com\/fi\/tuote\/custom-bulk-perfume-bottles-glass-packaging-deals\/","title":{"rendered":"30ml 50ml 100ml r\u00e4\u00e4t\u00e4l\u00f6idyt irtotavarana saatavat hajuvesipullot \u2013 lasipakkausten tarjoukset"},"content":{"rendered":"<p>Haluatko tilata hajuvesipulloja irtotavarana? Tyhjien hajuvesipullojemme kanssa et voi menn\u00e4 vikaan! Erinomaista laatua, yksinkertainen ja elegantti muotoilu, vain etiketti ja koristelu tekev\u00e4t siit\u00e4 erityisen. Uusien tuotteiden lanseeraukset tai varastojen t\u00e4ydennykset, kaikki hoituu helposti!<\/p>\n<h2>T\u00e4rkeimm\u00e4t tekniset tiedot<\/h2>\n<table style=\"border-collapse: collapse;margin-left: auto;margin-right: auto;width: 80%\" border=\"0\" width=\"80%\" cellspacing=\"0\" cellpadding=\"0\">\n<tbody>\n<tr style=\"height: 13.50pt\">\n<td style=\"height: 13.50pt;width: 103.50pt\" width=\"138\" height=\"18\">Ominaisuus<\/td>\n<td style=\"width: 186.75pt\" width=\"249\">Tiedot<\/td>\n<\/tr>\n<tr style=\"height: 13.50pt\">\n<td style=\"height: 13.50pt\" height=\"18\">Materiaali<\/td>\n<td>Kristallilasi<\/td>\n<\/tr>\n<tr style=\"height: 13.50pt\">\n<td style=\"height: 13.50pt\" height=\"18\">Muoto<\/td>\n<td>Suorakulmainen<\/td>\n<\/tr>\n<tr style=\"height: 13.50pt\">\n<td style=\"height: 13.50pt\" height=\"18\">Kapasiteetti<\/td>\n<td>30 ml \/ 50 ml \/ 100 ml<\/td>\n<\/tr>\n<tr style=\"height: 13.50pt\">\n<td style=\"height: 13.50pt\" height=\"18\">Sulkemistyyppi<\/td>\n<td>\n<article class=\"4ever-article\" data-clipboard-cangjie=\"[&quot;root&quot;,{&quot;copyFrom&quot;:&quot;im-native&quot;},[&quot;p&quot;,{},[&quot;span&quot;,{&quot;data-type&quot;:&quot;text&quot;},[&quot;span&quot;,{&quot;data-type&quot;:&quot;leaf&quot;},&quot;Screw neck&quot;]]]]\">Ruuvikaukko + sumutin<\/article>\n<\/td>\n<\/tr>\n<tr style=\"height: 13.50pt\">\n<td style=\"height: 13.50pt\" height=\"18\">Mukauttaminen<\/td>\n<td>Saatavilla kaikki v\u00e4rivaihtoehdot<\/td>\n<\/tr>\n<\/tbody>\n<\/table>\n<h2>Todellinen menestystarina<\/h2>\n<p>Er\u00e4s boutique-hajuvesimerkki valitsee hienostuneen tien ja haluaa luoda minimalistisen ja tyylikk\u00e4\u00e4n tuoksun. He valitsivat tyhj\u00e4t hajuvesipullomme &#034;kankaaksi&#034; ja tilasivat 50 ml:n irtopulloer\u00e4n, jotka oli my\u00f6s koristeltu ruusukultaisilla reunuksilla ja pehmeill\u00e4 laventelin s\u00e4vyill\u00e4, mik\u00e4 sai ne n\u00e4ytt\u00e4m\u00e4\u00e4n eritt\u00e4in ylellisilt\u00e4! Tulos? T\u00e4m\u00e4 rajoitetun er\u00e4n hajuvesi myytiin loppuun vain muutama viikko sen j\u00e4lkeen, kun se oli tullut kauppoihin, ja sosiaalisen median alustat olivat t\u00e4ynn\u00e4 ylist\u00e4vi\u00e4 arvosteluja siit\u00e4.<\/p>\n<h2>Ammattilaisten vinkkej\u00e4<\/h2>\n<p>Jos kohdeasiakkaasi rakastavat &#034;v\u00e4hemm\u00e4n on enemm\u00e4n&#034; -periaatteen yksinkertaista kauneutta, voit valita pullon, jossa on mattapinta ja matalat kyll\u00e4isyydet. Jos t\u00e4ht\u00e4\u00e4t luksusmarkkinoille, voit lis\u00e4t\u00e4 pulloon metallisen korkin ja syv\u00e4n jalokiven v\u00e4rin, jotta visuaalinen vaikutelma on t\u00e4ydellinen, eiv\u00e4tk\u00e4 asiakkaat koskaan unohda sit\u00e4 ensi silm\u00e4yksell\u00e4!<\/p>\n<h2>Haluatko luoda oman hajuvesipullosi?<\/h2>\n<p>Olitpa sitten lanseeraamassa uutta hajuvesisarjaa tai p\u00e4ivitt\u00e4m\u00e4ss\u00e4 olemassa olevaa tuotelinjaa, lasiset hajuvesipullomme eiv\u00e4t ainoastaan \u200b\u200bs\u00e4ilyt\u00e4 tyyli\u00e4\u00e4n, vaan ne my\u00f6s laajenevat joustavasti myynnin mukana. Pullon v\u00e4rist\u00e4 korkin tyyliin, voit muokata sit\u00e4 mielesi mukaan! Kun yrityksesi kasvaa ja haluat laajentaa tuotantoasi, voimme my\u00f6s auttaa sinua l\u00f6yt\u00e4m\u00e4\u00e4n helposti sopivimmat irtotavarana myyt\u00e4v\u00e4t hajuvesipullot (er\u00e4pakkaukset), jotka sopivat t\u00e4ydellisesti br\u00e4ndisi visioon.<\/p>\n<p>Tule mukaan tekem\u00e4\u00e4n unohtumatonta &#034;hajuvesipulloprojektia&#034;, jotta pullostasi tuleva hajuvesi on ikimuistoinen!<\/p>\n<p>&nbsp;<\/p>","protected":false},"excerpt":{"rendered":"<p>Korkealaatuiset irtotavarana myyt\u00e4v\u00e4t hajuvesipullot tyylikk\u00e4ill\u00e4 kultaisilla korkeilla. Ihanteellinen tuoksumerkeille, tee-se-itse-projekteihin tai tukkumyyntipakkausratkaisuihin.<\/p>","protected":false},"featured_media":4277,"comment_status":"open","ping_status":"closed","template":"","meta":{"_acf_changed":false,"site-sidebar-layout":"default","site-content-layout":"","ast-site-content-layout":"default","site-content-style":"default","site-sidebar-style":"default","ast-global-header-display":"","ast-banner-title-visibility":"","ast-main-header-display":"","ast-hfb-above-header-display":"","ast-hfb-below-header-display":"","ast-hfb-mobile-header-display":"","site-post-title":"","ast-breadcrumbs-content":"","ast-featured-img":"","footer-sml-layout":"","ast-disable-related-posts":"","theme-transparent-header-meta":"default","adv-header-id-meta":"","stick-header-meta":"","header-above-stick-meta":"","header-main-stick-meta":"","header-below-stick-meta":"","astra-migrate-meta-layouts":"set","ast-page-background-enabled":"default","ast-page-background-meta":{"desktop":{"background-color":"var(--ast-global-color-5)","background-image":"","background-repeat":"repeat","background-position":"center center","background-size":"auto","background-attachment":"scroll","background-type":"","background-media":"","overlay-type":"","overlay-color":"","overlay-opacity":"","overlay-gradient":""},"tablet":{"background-color":"","background-image":"","background-repeat":"repeat","background-position":"center center","background-size":"auto","background-attachment":"scroll","background-type":"","background-media":"","overlay-type":"","overlay-color":"","overlay-opacity":"","overlay-gradient":""},"mobile":{"background-color":"","background-image":"","background-repeat":"repeat","background-position":"center center","background-size":"auto","background-attachment":"scroll","background-type":"","background-media":"","overlay-type":"","overlay-color":"","overlay-opacity":"","overlay-gradient":""}},"ast-content-background-meta":{"desktop":{"background-color":"var(--ast-global-color-4)","background-image":"","background-repeat":"repeat","background-position":"center center","background-size":"auto","background-attachment":"scroll","background-type":"","background-media":"","overlay-type":"","overlay-color":"","overlay-opacity":"","overlay-gradient":""},"tablet":{"background-color":"var(--ast-global-color-4)","background-image":"","background-repeat":"repeat","background-position":"center center","background-size":"auto","background-attachment":"scroll","background-type":"","background-media":"","overlay-type":"","overlay-color":"","overlay-opacity":"","overlay-gradient":""},"mobile":{"background-color":"var(--ast-global-color-4)","background-image":"","background-repeat":"repeat","background-position":"center center","background-size":"auto","background-attachment":"scroll","background-type":"","background-media":"","overlay-type":"","overlay-color":"","overlay-opacity":"","overlay-gradient":""}}},"product_brand":[],"product_cat":[72,91,41],"product_tag":[],"class_list":{"0":"post-4274","1":"product","2":"type-product","3":"status-publish","4":"has-post-thumbnail","6":"product_cat-cosmetic-packaging","7":"product_cat-custom-perfume-bottles","8":"product_cat-perfume-bottles","9":"desktop-align-left","10":"tablet-align-left","11":"mobile-align-left","13":"first","14":"instock","15":"shipping-taxable","16":"product-type-simple"},"acf":[],"jetpack_sharing_enabled":true,"_links":{"self":[{"href":"https:\/\/theperfumebottles.com\/fi\/wp-json\/wp\/v2\/product\/4274","targetHints":{"allow":["GET"]}}],"collection":[{"href":"https:\/\/theperfumebottles.com\/fi\/wp-json\/wp\/v2\/product"}],"about":[{"href":"https:\/\/theperfumebottles.com\/fi\/wp-json\/wp\/v2\/types\/product"}],"replies":[{"embeddable":true,"href":"https:\/\/theperfumebottles.com\/fi\/wp-json\/wp\/v2\/comments?post=4274"}],"wp:featuredmedia":[{"embeddable":true,"href":"https:\/\/theperfumebottles.com\/fi\/wp-json\/wp\/v2\/media\/4277"}],"wp:attachment":[{"href":"https:\/\/theperfumebottles.com\/fi\/wp-json\/wp\/v2\/media?parent=4274"}],"wp:term":[{"taxonomy":"product_brand","embeddable":true,"href":"https:\/\/theperfumebottles.com\/fi\/wp-json\/wp\/v2\/product_brand?post=4274"},{"taxonomy":"product_cat","embeddable":true,"href":"https:\/\/theperfumebottles.com\/fi\/wp-json\/wp\/v2\/product_cat?post=4274"},{"taxonomy":"product_tag","embeddable":true,"href":"https:\/\/theperfumebottles.com\/fi\/wp-json\/wp\/v2\/product_tag?post=4274"}],"curies":[{"name":"wp","href":"https:\/\/api.w.org\/{rel}","templated":true}]}}