{"id":4453,"date":"2025-07-15T17:33:54","date_gmt":"2025-07-15T09:33:54","guid":{"rendered":"https:\/\/theperfumebottles.com\/?post_type=product&#038;p=4453"},"modified":"2025-07-30T15:56:29","modified_gmt":"2025-07-30T07:56:29","slug":"2oz-4oz-8oz-premium-cosmetic-jars-wholesale","status":"publish","type":"product","link":"https:\/\/theperfumebottles.com\/fi\/tuote\/2oz-4oz-8oz-premium-cosmetic-jars-wholesale\/","title":{"rendered":"2oz 4oz 8oz Premium-kosmetiikkapurkit tukkumyynniss\u00e4"},"content":{"rendered":"<p><span class=\"highlights\" data-v-df95d256=\"\">Kosmetiikkapurkkimme on suunniteltu nostamaan ihonhoitotuotteiden pakkausten tasoa uudelle tasolle. Olitpa sitten lanseeraamassa luksusluokan kauneuspakkauslinjaa tai laajentamassa tukkumyynti\u00e4, n\u00e4m\u00e4 lasipurkit yhdist\u00e4v\u00e4t toimivuuden ja estetiikan vastatakseen nykyaikaisiin markkinoiden vaatimuksiin.<\/span><\/p>\n<h2>T\u00e4rkeimm\u00e4t tekniset tiedot<\/h2>\n<table style=\"margin-left: 240px;margin-right: auto;border-collapse: collapse;width: 80%;height: 403px\" border=\"0\" width=\"144\" cellspacing=\"0\" cellpadding=\"0\">\n<tbody>\n<tr style=\"height: 13.50pt\">\n<td style=\"height: 13.50pt;width: 54.00pt\" width=\"72\" height=\"18\">Ominaisuus<\/td>\n<td style=\"width: 54.00pt\" width=\"72\">Tiedot<\/td>\n<\/tr>\n<tr style=\"height: 13.50pt\">\n<td style=\"height: 13.50pt\" height=\"18\">Kapasiteetti<\/td>\n<td>2oz, 4oz, 8oz<\/td>\n<\/tr>\n<tr style=\"height: 13.50pt\">\n<td style=\"height: 13.50pt\" height=\"18\">Muoto<\/td>\n<td>Suorareunainen sylinteri<\/td>\n<\/tr>\n<tr style=\"height: 13.50pt\">\n<td style=\"height: 13.50pt\" height=\"18\">Tiivistysmenetelm\u00e4<\/td>\n<td>Kierrekansi (muovi\/metalli)<\/td>\n<\/tr>\n<tr style=\"height: 13.50pt\">\n<td style=\"height: 13.50pt\" height=\"18\">Materiaali<\/td>\n<td>Kristallilasi<\/td>\n<\/tr>\n<tr style=\"height: 13.50pt\">\n<td style=\"height: 13.50pt\" height=\"18\">V\u00e4rit<\/td>\n<td>Kirkas, keltainen, musta, vihre\u00e4 (muokattava)<\/td>\n<\/tr>\n<tr style=\"height: 13.50pt\">\n<td style=\"height: 13.50pt\" height=\"18\">Pohjasuunnittelu<\/td>\n<td>Litte\u00e4 pohja vakauden takaamiseksi<\/td>\n<\/tr>\n<tr style=\"height: 13.50pt\">\n<td style=\"height: 13.50pt\" height=\"18\">K\u00e4ytt\u00f6tapaukset<\/td>\n<td>Kasvovoide, vartalovoide, silm\u00e4nymp\u00e4rysvoide<\/td>\n<\/tr>\n<\/tbody>\n<\/table>\n<h2><span class=\"highlights\" data-v-df95d256=\"\">Menestystapaus<\/span><\/h2>\n<p><span class=\"highlights\" data-v-df95d256=\"\">Luksusluokan ihonhoitotuotteiden valmistaja k\u00e4ytti meripihkanv\u00e4risi\u00e4 113 gramman purkkejamme ik\u00e4\u00e4ntymist\u00e4 ehk\u00e4isev\u00e4\u00e4n kasvovoideeseensa. UV-suojaava s\u00e4vy ja minimalistinen muotoilu auttoivat heid\u00e4n tuotettaan erottumaan kaapeissa ja kasvattivat myynti\u00e4 40 % kolmessa kuukaudessa. <\/span><\/p>\n<h2><span class=\"highlights\" data-v-df95d256=\"\">Mukautusehdotukset<\/span><\/h2>\n<ul>\n<li><span class=\"highlights\" data-v-df95d256=\"\"><strong>V\u00e4ri ja etiketti:<\/strong> Sovita br\u00e4ndisi v\u00e4ripalettiin r\u00e4\u00e4t\u00e4l\u00f6idyill\u00e4 v\u00e4ripinnoitteilla ja painetuilla etiketeill\u00e4. <\/span><\/li>\n<li><span class=\"highlights\" data-v-df95d256=\"\"><strong>Kansivaihtoehdot:<\/strong> Valitse magneettiset sulkimet tai pumppup\u00e4\u00e4t hienojakoisen sumun levitt\u00e4miseen. <\/span><\/li>\n<li><span class=\"highlights\" data-v-df95d256=\"\"><strong>Irtotilaukset:<\/strong> Irtotavarana tapahtuvan pakkausratkaisumme takaavat kustannustehokkaan tukkuhinnoittelun laadusta tinkim\u00e4tt\u00e4.<\/span><\/li>\n<\/ul>","protected":false},"excerpt":{"rendered":"<p>Nosta kosmetiikkapurkkien tukkumyyntisi uudelle tasolle ensiluokkaisilla lasipakkauksilla. Kest\u00e4v\u00e4t, muokattavat ja ymp\u00e4rist\u00f6yst\u00e4v\u00e4lliset \u2013 ihanteelliset ylellisiin kauneuspakkauksiin.<\/p>","protected":false},"featured_media":4455,"comment_status":"open","ping_status":"closed","template":"","meta":{"_acf_changed":false,"site-sidebar-layout":"default","site-content-layout":"","ast-site-content-layout":"default","site-content-style":"default","site-sidebar-style":"default","ast-global-header-display":"","ast-banner-title-visibility":"","ast-main-header-display":"","ast-hfb-above-header-display":"","ast-hfb-below-header-display":"","ast-hfb-mobile-header-display":"","site-post-title":"","ast-breadcrumbs-content":"","ast-featured-img":"","footer-sml-layout":"","ast-disable-related-posts":"","theme-transparent-header-meta":"default","adv-header-id-meta":"","stick-header-meta":"","header-above-stick-meta":"","header-main-stick-meta":"","header-below-stick-meta":"","astra-migrate-meta-layouts":"set","ast-page-background-enabled":"default","ast-page-background-meta":{"desktop":{"background-color":"var(--ast-global-color-5)","background-image":"","background-repeat":"repeat","background-position":"center center","background-size":"auto","background-attachment":"scroll","background-type":"","background-media":"","overlay-type":"","overlay-color":"","overlay-opacity":"","overlay-gradient":""},"tablet":{"background-color":"","background-image":"","background-repeat":"repeat","background-position":"center center","background-size":"auto","background-attachment":"scroll","background-type":"","background-media":"","overlay-type":"","overlay-color":"","overlay-opacity":"","overlay-gradient":""},"mobile":{"background-color":"","background-image":"","background-repeat":"repeat","background-position":"center center","background-size":"auto","background-attachment":"scroll","background-type":"","background-media":"","overlay-type":"","overlay-color":"","overlay-opacity":"","overlay-gradient":""}},"ast-content-background-meta":{"desktop":{"background-color":"var(--ast-global-color-4)","background-image":"","background-repeat":"repeat","background-position":"center center","background-size":"auto","background-attachment":"scroll","background-type":"","background-media":"","overlay-type":"","overlay-color":"","overlay-opacity":"","overlay-gradient":""},"tablet":{"background-color":"var(--ast-global-color-4)","background-image":"","background-repeat":"repeat","background-position":"center center","background-size":"auto","background-attachment":"scroll","background-type":"","background-media":"","overlay-type":"","overlay-color":"","overlay-opacity":"","overlay-gradient":""},"mobile":{"background-color":"var(--ast-global-color-4)","background-image":"","background-repeat":"repeat","background-position":"center center","background-size":"auto","background-attachment":"scroll","background-type":"","background-media":"","overlay-type":"","overlay-color":"","overlay-opacity":"","overlay-gradient":""}}},"product_brand":[],"product_cat":[72,62,56],"product_tag":[108,107],"class_list":{"0":"post-4453","1":"product","2":"type-product","3":"status-publish","4":"has-post-thumbnail","6":"product_cat-cosmetic-packaging","7":"product_cat-cosmetic-containers","8":"product_cat-cosmetic-jars","9":"product_tag-a-jar-of-face-cream","10":"product_tag-cosmetic-jars-wholesale","11":"desktop-align-left","12":"tablet-align-left","13":"mobile-align-left","15":"first","16":"instock","17":"shipping-taxable","18":"product-type-simple"},"acf":[],"jetpack_sharing_enabled":true,"_links":{"self":[{"href":"https:\/\/theperfumebottles.com\/fi\/wp-json\/wp\/v2\/product\/4453","targetHints":{"allow":["GET"]}}],"collection":[{"href":"https:\/\/theperfumebottles.com\/fi\/wp-json\/wp\/v2\/product"}],"about":[{"href":"https:\/\/theperfumebottles.com\/fi\/wp-json\/wp\/v2\/types\/product"}],"replies":[{"embeddable":true,"href":"https:\/\/theperfumebottles.com\/fi\/wp-json\/wp\/v2\/comments?post=4453"}],"wp:featuredmedia":[{"embeddable":true,"href":"https:\/\/theperfumebottles.com\/fi\/wp-json\/wp\/v2\/media\/4455"}],"wp:attachment":[{"href":"https:\/\/theperfumebottles.com\/fi\/wp-json\/wp\/v2\/media?parent=4453"}],"wp:term":[{"taxonomy":"product_brand","embeddable":true,"href":"https:\/\/theperfumebottles.com\/fi\/wp-json\/wp\/v2\/product_brand?post=4453"},{"taxonomy":"product_cat","embeddable":true,"href":"https:\/\/theperfumebottles.com\/fi\/wp-json\/wp\/v2\/product_cat?post=4453"},{"taxonomy":"product_tag","embeddable":true,"href":"https:\/\/theperfumebottles.com\/fi\/wp-json\/wp\/v2\/product_tag?post=4453"}],"curies":[{"name":"wp","href":"https:\/\/api.w.org\/{rel}","templated":true}]}}