{"id":4468,"date":"2025-07-15T17:45:18","date_gmt":"2025-07-15T09:45:18","guid":{"rendered":"https:\/\/theperfumebottles.com\/?post_type=product&#038;p=4468"},"modified":"2025-07-31T10:45:27","modified_gmt":"2025-07-31T02:45:27","slug":"1oz-2oz-4oz-glass-cosmetic-jars-wholesale-custom-skincare-jar","status":"publish","type":"product","link":"https:\/\/theperfumebottles.com\/fi\/tuote\/1oz-2oz-4oz-glass-cosmetic-jars-wholesale-custom-skincare-jar\/","title":{"rendered":"1oz 2oz 4oz lasiset kosmetiikkapurkit tukkumyyntiin \u2013 r\u00e4\u00e4t\u00e4l\u00f6ity ihonhoitopurkki"},"content":{"rendered":"<p><span class=\"highlights\" data-v-df95d256=\"\">Lasiset kosmetiikkapurkkimme on suunniteltu inspiroimaan kauneuspakkausten suunnittelua. Oletpa sitten tuotemerkin omistaja, joka etsii r\u00e4\u00e4t\u00e4l\u00f6ityj\u00e4 ihonhoitopakkauksia, tai j\u00e4lleenmyyj\u00e4, joka etsii tukkumyyntiin tarkoitettuja kosmetiikkapakkauksia, n\u00e4m\u00e4 purkit yhdist\u00e4v\u00e4t toimivuuden ja tyylikkyyden.<\/span><\/p>\n<h2><span class=\"highlights\" data-v-df95d256=\"\">T\u00e4rkeimm\u00e4t tekniset tiedot<\/span><\/h2>\n<table style=\"border-collapse: collapse;width: 80%;height: 361px;margin-left: auto;margin-right: auto\" border=\"0\" width=\"144\" cellspacing=\"0\" cellpadding=\"0\">\n<tbody>\n<tr style=\"height: 13.50pt\">\n<td style=\"height: 13.50pt;width: 54.00pt\" width=\"72\" height=\"18\">Ominaisuus<\/td>\n<td style=\"width: 54.00pt\" width=\"72\">Tiedot<\/td>\n<\/tr>\n<tr style=\"height: 13.50pt\">\n<td style=\"height: 13.50pt\" height=\"18\">Kapasiteetti<\/td>\n<td>28 g \/ 50 g \/ 120 g<\/td>\n<\/tr>\n<tr style=\"height: 13.50pt\">\n<td style=\"height: 13.50pt\" height=\"18\">Muoto<\/td>\n<td>Suorasivuinen<\/td>\n<\/tr>\n<tr style=\"height: 13.50pt\">\n<td style=\"height: 13.50pt\" height=\"18\">Tiivistysmenetelm\u00e4<\/td>\n<td>Kierrekansi (muovi\/metalli)<\/td>\n<\/tr>\n<tr style=\"height: 13.50pt\">\n<td style=\"height: 13.50pt\" height=\"18\">Materiaali<\/td>\n<td>Karkaistu lasi<\/td>\n<\/tr>\n<tr style=\"height: 13.50pt\">\n<td style=\"height: 13.50pt\" height=\"18\">V\u00e4rit<\/td>\n<td>Sininen (muokattava)<\/td>\n<\/tr>\n<tr style=\"height: 13.50pt\">\n<td style=\"height: 13.50pt\" height=\"18\">K\u00e4ytt\u00f6tapaukset<\/td>\n<td>Kasvovoide, vartalovoide, silm\u00e4nymp\u00e4rysvoide\u2026<\/td>\n<\/tr>\n<\/tbody>\n<\/table>\n<h2><span class=\"highlights\" data-v-df95d256=\"\">Menestystapaus<\/span><\/h2>\n<p><span class=\"highlights\" data-v-df95d256=\"\">Keskikokoinen ihonhoitobr\u00e4ndi k\u00e4ytti 50 gramman sinisi\u00e4 purkkejamme ylelliseen silm\u00e4nymp\u00e4rysvoidesarjaansa. Ymp\u00e4rist\u00f6yst\u00e4v\u00e4llinen muotoilu ja toimitusvalmiit varastovaihtoehdot auttoivat heit\u00e4 lanseeraamaan tuotteen kahdessa viikossa ja kasvattivat kotisivujensa myynti\u00e4 35 % ensimm\u00e4isen kuukauden aikana.<\/span><\/p>\n<h2><span class=\"highlights\" data-v-df95d256=\"\">Mukautusehdotukset<\/span><\/h2>\n<p>N\u00e4m\u00e4 lasiset kosmetiikkapurkit tarjoavat t\u00e4yden r\u00e4\u00e4t\u00e4l\u00f6innin logon mukaiseksi, ja niiss\u00e4 on yksil\u00f6lliset v\u00e4ripinnoitteet ja br\u00e4nd\u00e4tyt etiketit yhten\u00e4isen n\u00e4kyv\u00e4n br\u00e4ndin luomiseksi. Korkkivaihtoehdot ovat minimalistinen estetiikka tai kiillotettu ter\u00e4spinta, joka nostaa tyydytt\u00e4vien sumutuotteiden hienostuneisuutta. Lis\u00e4ksi pakkausratkaisumme tarjoavat kustannustehokkaan hinnoittelun tinkim\u00e4tt\u00e4 ensiluokkaisesta ilmeest\u00e4, varmistaen, ett\u00e4 br\u00e4ndit voivat skaalata tuotantoa samalla kun ne pit\u00e4v\u00e4t yll\u00e4 korkeita laatustandardeja.<\/p>","protected":false},"excerpt":{"rendered":"<p>Tutustu ihonhoitotuotteiden lasisiin kosmetiikkapurkkeihin tukkumyynniss\u00e4. Kest\u00e4v\u00e4t, muokattavat ja ymp\u00e4rist\u00f6yst\u00e4v\u00e4lliset \u2013 ihanteelliset irtotavarana tapahtuvaan kosmetiikkapakkaukseen.<\/p>","protected":false},"featured_media":4473,"comment_status":"open","ping_status":"closed","template":"","meta":{"_acf_changed":false,"site-sidebar-layout":"default","site-content-layout":"","ast-site-content-layout":"default","site-content-style":"default","site-sidebar-style":"default","ast-global-header-display":"","ast-banner-title-visibility":"","ast-main-header-display":"","ast-hfb-above-header-display":"","ast-hfb-below-header-display":"","ast-hfb-mobile-header-display":"","site-post-title":"","ast-breadcrumbs-content":"","ast-featured-img":"","footer-sml-layout":"","ast-disable-related-posts":"","theme-transparent-header-meta":"default","adv-header-id-meta":"","stick-header-meta":"","header-above-stick-meta":"","header-main-stick-meta":"","header-below-stick-meta":"","astra-migrate-meta-layouts":"set","ast-page-background-enabled":"default","ast-page-background-meta":{"desktop":{"background-color":"var(--ast-global-color-5)","background-image":"","background-repeat":"repeat","background-position":"center center","background-size":"auto","background-attachment":"scroll","background-type":"","background-media":"","overlay-type":"","overlay-color":"","overlay-opacity":"","overlay-gradient":""},"tablet":{"background-color":"","background-image":"","background-repeat":"repeat","background-position":"center center","background-size":"auto","background-attachment":"scroll","background-type":"","background-media":"","overlay-type":"","overlay-color":"","overlay-opacity":"","overlay-gradient":""},"mobile":{"background-color":"","background-image":"","background-repeat":"repeat","background-position":"center center","background-size":"auto","background-attachment":"scroll","background-type":"","background-media":"","overlay-type":"","overlay-color":"","overlay-opacity":"","overlay-gradient":""}},"ast-content-background-meta":{"desktop":{"background-color":"var(--ast-global-color-4)","background-image":"","background-repeat":"repeat","background-position":"center center","background-size":"auto","background-attachment":"scroll","background-type":"","background-media":"","overlay-type":"","overlay-color":"","overlay-opacity":"","overlay-gradient":""},"tablet":{"background-color":"var(--ast-global-color-4)","background-image":"","background-repeat":"repeat","background-position":"center center","background-size":"auto","background-attachment":"scroll","background-type":"","background-media":"","overlay-type":"","overlay-color":"","overlay-opacity":"","overlay-gradient":""},"mobile":{"background-color":"var(--ast-global-color-4)","background-image":"","background-repeat":"repeat","background-position":"center center","background-size":"auto","background-attachment":"scroll","background-type":"","background-media":"","overlay-type":"","overlay-color":"","overlay-opacity":"","overlay-gradient":""}}},"product_brand":[],"product_cat":[72,62,56],"product_tag":[111,112],"class_list":{"0":"post-4468","1":"product","2":"type-product","3":"status-publish","4":"has-post-thumbnail","6":"product_cat-cosmetic-packaging","7":"product_cat-cosmetic-containers","8":"product_cat-cosmetic-jars","9":"product_tag-glass-cosmetic-jars-wholesale","10":"product_tag-skincare-jar","11":"desktop-align-left","12":"tablet-align-left","13":"mobile-align-left","15":"first","16":"instock","17":"shipping-taxable","18":"product-type-simple"},"acf":[],"jetpack_sharing_enabled":true,"_links":{"self":[{"href":"https:\/\/theperfumebottles.com\/fi\/wp-json\/wp\/v2\/product\/4468","targetHints":{"allow":["GET"]}}],"collection":[{"href":"https:\/\/theperfumebottles.com\/fi\/wp-json\/wp\/v2\/product"}],"about":[{"href":"https:\/\/theperfumebottles.com\/fi\/wp-json\/wp\/v2\/types\/product"}],"replies":[{"embeddable":true,"href":"https:\/\/theperfumebottles.com\/fi\/wp-json\/wp\/v2\/comments?post=4468"}],"wp:featuredmedia":[{"embeddable":true,"href":"https:\/\/theperfumebottles.com\/fi\/wp-json\/wp\/v2\/media\/4473"}],"wp:attachment":[{"href":"https:\/\/theperfumebottles.com\/fi\/wp-json\/wp\/v2\/media?parent=4468"}],"wp:term":[{"taxonomy":"product_brand","embeddable":true,"href":"https:\/\/theperfumebottles.com\/fi\/wp-json\/wp\/v2\/product_brand?post=4468"},{"taxonomy":"product_cat","embeddable":true,"href":"https:\/\/theperfumebottles.com\/fi\/wp-json\/wp\/v2\/product_cat?post=4468"},{"taxonomy":"product_tag","embeddable":true,"href":"https:\/\/theperfumebottles.com\/fi\/wp-json\/wp\/v2\/product_tag?post=4468"}],"curies":[{"name":"wp","href":"https:\/\/api.w.org\/{rel}","templated":true}]}}