{"id":4474,"date":"2025-07-15T17:44:31","date_gmt":"2025-07-15T09:44:31","guid":{"rendered":"https:\/\/theperfumebottles.com\/?post_type=product&#038;p=4474"},"modified":"2026-03-30T17:09:12","modified_gmt":"2026-03-30T09:09:12","slug":"cylindrical-skincare-containers-wholesale","status":"publish","type":"product","link":"https:\/\/theperfumebottles.com\/fi\/tuote\/cylindrical-skincare-containers-wholesale\/","title":{"rendered":"4oz 8oz lieri\u00f6m\u00e4iset ihonhoitoastiat tukkumyynniss\u00e4"},"content":{"rendered":"<p>N\u00e4m\u00e4 ihonhoitoastiat ovat tukkumyynniss\u00e4 meripihkanv\u00e4risi\u00e4 valoa est\u00e4vi\u00e4 purkkeja, mattamustaja esittelypurkkeja ja kirkkaita esittelypurkkeja. Purkeilla on puhdaslinjainen lieri\u00f6m\u00e4inen muoto ja niiss\u00e4 on sopiva kansi.<\/p>\n<h2 data-spm-anchor-id=\"5176.28103460.0.i24.29ab1db83FoVh8\"><strong>T\u00e4rkeimm\u00e4t tekniset tiedot<\/strong><\/h2>\n<table style=\"border-collapse: collapse; width: 906px; height: 373px; margin-left: 240px;\" border=\"0\" width=\"144\" cellspacing=\"0\" cellpadding=\"0\">\n<tbody>\n<tr style=\"height: 13.50pt;\">\n<td style=\"height: 13.50pt; width: 54.00pt;\" width=\"72\" height=\"18\">Ominaisuus<\/td>\n<td style=\"width: 54.00pt;\" width=\"72\">Tiedot<\/td>\n<\/tr>\n<tr style=\"height: 13.50pt;\">\n<td style=\"height: 13.50pt;\" height=\"18\">Kapasiteetti<\/td>\n<td>113 g \/ 227 g<\/td>\n<\/tr>\n<tr style=\"height: 13.50pt;\">\n<td style=\"height: 13.50pt;\" height=\"18\">Muoto<\/td>\n<td>Suorasivuinen<\/td>\n<\/tr>\n<tr style=\"height: 13.50pt;\">\n<td style=\"height: 13.50pt;\" height=\"18\">Tiivistysmenetelm\u00e4<\/td>\n<td>Kierrekansi (muovi\/metalli\/puu)<\/td>\n<\/tr>\n<tr style=\"height: 13.50pt;\">\n<td style=\"height: 13.50pt;\" height=\"18\">Materiaali<\/td>\n<td>Kristallilasi<\/td>\n<\/tr>\n<tr style=\"height: 13.50pt;\">\n<td style=\"height: 13.50pt;\" height=\"18\">V\u00e4rit<\/td>\n<td>Meripihka, musta, kirkas, vihre\u00e4, sininen (muokattavissa)\u2026<\/td>\n<\/tr>\n<tr style=\"height: 13.50pt;\">\n<td style=\"height: 13.50pt;\" height=\"18\">K\u00e4ytt\u00f6tapaukset<\/td>\n<td>Kasvovoide, vartalovoide, silm\u00e4nymp\u00e4rysvoide<\/td>\n<\/tr>\n<\/tbody>\n<\/table>\n<h2><span class=\"highlights\" data-v-df95d256=\"\">Menestystarina<\/span><\/h2>\n<p>Kokonaisvaltaisen hyvinvoinnin br\u00e4ndi on valinnut kosmetiikkapakkauksiimme voidepurkit, meripihkanv\u00e4risen retinoliy\u00f6voiteen ja mattamustan bambuhiilinaamion. Purkeissa on yksil\u00f6llisesti painetut yrttikuviot. Retinolituotteissa k\u00e4ytetyt meripihkanv\u00e4riset lasipurkit paransivat tuotteen s\u00e4ilyvyytt\u00e4 40 prosenttia, ja y\u00f6voiteissa k\u00e4ytetyt mattamustat lasipurkit nostivat hintaa 25 prosenttia. Br\u00e4ndist\u00e4 oli tullut eritt\u00e4in menestynyt ja se oli tilannut viel\u00e4 300 000 purkkia uutta vartalovoidetta ja p\u00e4\u00e4nahanhoitosarjaa.<\/p>\n<h2><span class=\"highlights\" data-v-df95d256=\"\">Mukautusehdotukset<\/span><\/h2>\n<ul>\n<li><strong>Lasin ja etikettien muotoilu:<\/strong> Valitse puhdas lasi ja yksinkertaiset, minimaaliset etiketit saadaksesi huippuluokan estetiikan, tai valitse musta lasi ja metalliset etiketit saadaksesi ylellisen ja arvokkaan ilmeen.<\/li>\n<li><strong>Kannen valinta:<\/strong> Yhdist\u00e4 muovisiin kansiin tai metallisiin korkkeihin saadaksesi hienostuneen ja ammattimaisen ilmeen.<\/li>\n<li><strong>Tukkumyynnin edut:<\/strong> Nauti irtotoimituksista ihonhoitotuotteiden tilauksille, jotka ovat 500 yksikk\u00f6\u00e4 tai enemm\u00e4n.<\/li>\n<\/ul>","protected":false},"excerpt":{"rendered":"<p>Ensiluokkaiset ihonhoitorasiat tukkumyynnist\u00e4 useilla viimeistelyill\u00e4 ja turvallisilla kansilla. Voidepurkit kosmetiikkapakkauksiin br\u00e4ndeille. Nopea toimitus takaa nopean toimituksen.<\/p>","protected":false},"featured_media":4479,"comment_status":"open","ping_status":"closed","template":"","meta":{"_acf_changed":false,"site-sidebar-layout":"default","site-content-layout":"","ast-site-content-layout":"default","site-content-style":"default","site-sidebar-style":"default","ast-global-header-display":"","ast-banner-title-visibility":"","ast-main-header-display":"","ast-hfb-above-header-display":"","ast-hfb-below-header-display":"","ast-hfb-mobile-header-display":"","site-post-title":"","ast-breadcrumbs-content":"","ast-featured-img":"","footer-sml-layout":"","ast-disable-related-posts":"","theme-transparent-header-meta":"default","adv-header-id-meta":"","stick-header-meta":"","header-above-stick-meta":"","header-main-stick-meta":"","header-below-stick-meta":"","astra-migrate-meta-layouts":"set","ast-page-background-enabled":"default","ast-page-background-meta":{"desktop":{"background-color":"var(--ast-global-color-5)","background-image":"","background-repeat":"repeat","background-position":"center center","background-size":"auto","background-attachment":"scroll","background-type":"","background-media":"","overlay-type":"","overlay-color":"","overlay-opacity":"","overlay-gradient":""},"tablet":{"background-color":"","background-image":"","background-repeat":"repeat","background-position":"center center","background-size":"auto","background-attachment":"scroll","background-type":"","background-media":"","overlay-type":"","overlay-color":"","overlay-opacity":"","overlay-gradient":""},"mobile":{"background-color":"","background-image":"","background-repeat":"repeat","background-position":"center center","background-size":"auto","background-attachment":"scroll","background-type":"","background-media":"","overlay-type":"","overlay-color":"","overlay-opacity":"","overlay-gradient":""}},"ast-content-background-meta":{"desktop":{"background-color":"var(--ast-global-color-4)","background-image":"","background-repeat":"repeat","background-position":"center center","background-size":"auto","background-attachment":"scroll","background-type":"","background-media":"","overlay-type":"","overlay-color":"","overlay-opacity":"","overlay-gradient":""},"tablet":{"background-color":"var(--ast-global-color-4)","background-image":"","background-repeat":"repeat","background-position":"center center","background-size":"auto","background-attachment":"scroll","background-type":"","background-media":"","overlay-type":"","overlay-color":"","overlay-opacity":"","overlay-gradient":""},"mobile":{"background-color":"var(--ast-global-color-4)","background-image":"","background-repeat":"repeat","background-position":"center center","background-size":"auto","background-attachment":"scroll","background-type":"","background-media":"","overlay-type":"","overlay-color":"","overlay-opacity":"","overlay-gradient":""}}},"product_brand":[],"product_cat":[56,62,72],"product_tag":[114,113],"class_list":{"0":"post-4474","1":"product","2":"type-product","3":"status-publish","4":"has-post-thumbnail","6":"product_cat-cosmetic-jars","7":"product_cat-cosmetic-containers","8":"product_cat-cosmetic-packaging","9":"product_tag-cream-jars-cosmetic-packaging","10":"product_tag-skincare-containers-wholesale","11":"desktop-align-left","12":"tablet-align-left","13":"mobile-align-left","15":"first","16":"instock","17":"shipping-taxable","18":"product-type-simple"},"acf":[],"jetpack_sharing_enabled":true,"_links":{"self":[{"href":"https:\/\/theperfumebottles.com\/fi\/wp-json\/wp\/v2\/product\/4474","targetHints":{"allow":["GET"]}}],"collection":[{"href":"https:\/\/theperfumebottles.com\/fi\/wp-json\/wp\/v2\/product"}],"about":[{"href":"https:\/\/theperfumebottles.com\/fi\/wp-json\/wp\/v2\/types\/product"}],"replies":[{"embeddable":true,"href":"https:\/\/theperfumebottles.com\/fi\/wp-json\/wp\/v2\/comments?post=4474"}],"wp:featuredmedia":[{"embeddable":true,"href":"https:\/\/theperfumebottles.com\/fi\/wp-json\/wp\/v2\/media\/4479"}],"wp:attachment":[{"href":"https:\/\/theperfumebottles.com\/fi\/wp-json\/wp\/v2\/media?parent=4474"}],"wp:term":[{"taxonomy":"product_brand","embeddable":true,"href":"https:\/\/theperfumebottles.com\/fi\/wp-json\/wp\/v2\/product_brand?post=4474"},{"taxonomy":"product_cat","embeddable":true,"href":"https:\/\/theperfumebottles.com\/fi\/wp-json\/wp\/v2\/product_cat?post=4474"},{"taxonomy":"product_tag","embeddable":true,"href":"https:\/\/theperfumebottles.com\/fi\/wp-json\/wp\/v2\/product_tag?post=4474"}],"curies":[{"name":"wp","href":"https:\/\/api.w.org\/{rel}","templated":true}]}}