{"id":4500,"date":"2025-07-15T17:43:26","date_gmt":"2025-07-15T09:43:26","guid":{"rendered":"https:\/\/theperfumebottles.com\/?post_type=product&#038;p=4500"},"modified":"2026-04-02T17:10:35","modified_gmt":"2026-04-02T09:10:35","slug":"glass-cosmetic-bottles-for-luxury-skincare-packaging","status":"publish","type":"product","link":"https:\/\/theperfumebottles.com\/fi\/tuote\/glass-cosmetic-bottles-for-luxury-skincare-packaging\/","title":{"rendered":"30 ml 50 ml 100 ml 120 ml lasiset kosmeettiset pullot ylelliseen ihonhoitopakkaukseen"},"content":{"rendered":"<p>Nosta kauneuslogosi esiin ensiluokkaisilla lasisilla kosmetiikkapulloillamme, jotka on huolellisesti valmistettu ihonhoito- ja kauneuspakkauksiin. Korkealaatuinen lasi on suunniteltu suojaamaan ja s\u00e4ilytt\u00e4m\u00e4\u00e4n tuotteidesi eheys, ja se tarjoaa erinomaisen kest\u00e4vyyden ymp\u00e4rist\u00f6tekij\u00f6ille varmistaen, ett\u00e4 koostumuksesi pysyv\u00e4t tuoreina ja tehokkaina. N\u00e4m\u00e4 s\u00e4ili\u00f6t lis\u00e4\u00e4v\u00e4t tuotevalikoimaasi ylellisen silauksen, parantavat br\u00e4ndisi imagoa ja luovat asiakkaillesi hienostuneen ja mieleenpainuvan kokemuksen.<\/p>\n<h2><span class=\"highlights\" data-v-df95d256=\"\">T\u00e4rkeimm\u00e4t tekniset tiedot<\/span><\/h2>\n<table style=\"border-collapse: collapse; width: 80%; height: 287px; margin-left: auto; margin-right: auto;\" border=\"0\" width=\"144\" cellspacing=\"0\" cellpadding=\"0\">\n<tbody>\n<tr style=\"height: 13.50pt;\">\n<td style=\"height: 13.50pt; width: 54.00pt;\" width=\"72\" height=\"18\">Ominaisuus<\/td>\n<td style=\"width: 54.00pt;\" width=\"72\">Tiedot<\/td>\n<\/tr>\n<tr style=\"height: 13.50pt;\">\n<td style=\"height: 13.50pt;\" height=\"18\">Kapasiteetti<\/td>\n<td>30 ml, 50 ml, 100 ml, 120 ml<\/td>\n<\/tr>\n<tr style=\"height: 13.50pt;\">\n<td style=\"height: 13.50pt;\" height=\"18\">Muoto<\/td>\n<td>Py\u00f6rist\u00e4\u00e4<\/td>\n<\/tr>\n<tr style=\"height: 13.50pt;\">\n<td style=\"height: 13.50pt;\" height=\"18\">Tiivistysmenetelm\u00e4<\/td>\n<td>Kierrekorkki (muovi-\/metallikannet)<\/td>\n<\/tr>\n<tr style=\"height: 13.50pt;\">\n<td style=\"height: 13.50pt;\" height=\"18\">Materiaali<\/td>\n<td>Kristallilasi<\/td>\n<\/tr>\n<tr style=\"height: 13.50pt;\">\n<td style=\"height: 13.50pt;\" height=\"18\">V\u00e4rivaihtoehdot<\/td>\n<td>Musta (Mukautettava)<\/td>\n<\/tr>\n<tr style=\"height: 13.50pt;\">\n<td style=\"height: 13.50pt;\" height=\"18\">K\u00e4ytt\u00f6<\/td>\n<td>Kasvovoide, kosmeettinen \u00f6ljy\u2026<\/td>\n<\/tr>\n<\/tbody>\n<\/table>\n<h2><span class=\"highlights\" data-v-df95d256=\"\">Menestystarina<\/span><\/h2>\n<p><span class=\"highlights\" data-v-df95d256=\"\">Luksusluokan ihonhoitobr\u00e4ndi otti n\u00e4m\u00e4 pullot k\u00e4ytt\u00f6\u00f6n ik\u00e4\u00e4ntymist\u00e4 est\u00e4v\u00e4ss\u00e4 seerumisarjassaan. Kosmetiikkapullojen lasi nosti v\u00e4litt\u00f6m\u00e4sti tuotteen havaittua arvoa, mik\u00e4 johti 40 prosentin myynnin kasvuun kolmessa kuukaudessa. <\/span><\/p>\n<h2><span class=\"highlights\" data-v-df95d256=\"\">Mukautusehdotukset<\/span><\/h2>\n<ul>\n<li><strong>V\u00e4rien mukauttaminen:<\/strong> Vaikka musta on sama vanha valinta, saatavilla on my\u00f6s r\u00e4\u00e4t\u00e4l\u00f6ityj\u00e4 viimeistelyj\u00e4, kuten mattavalkoinen tai metallinhopea, logosi estetiikan parantamiseksi.<\/li>\n<li><strong>Etikettien suunnittelupalvelut:<\/strong> K\u00e4yt\u00e4 pakkausmateriaaliamme luodaksesi kiilt\u00e4vi\u00e4, minimalistisia etikettej\u00e4, jotka heijastavat logosi identiteetti\u00e4 ja varmistavat yhten\u00e4isen ja ammattimaisen ilmeen.<\/li>\n<li><strong>Kokovaihtoehdot:<\/strong> Yhdist\u00e4 30 ml:n matkakokoiset pullot 120 ml:n s\u00e4ili\u00f6\u00f6n k\u00e4sitell\u00e4ksesi sek\u00e4 kannettavuutta ett\u00e4 s\u00e4\u00e4nn\u00f6llist\u00e4 k\u00e4ytt\u00f6\u00e4 ja t\u00e4ytt\u00e4\u00e4ksesi lukuisia kuluttajatarpeita.<\/li>\n<\/ul>","protected":false},"excerpt":{"rendered":"<p>Tutustu ylellisiin ihonhoitopakkauksiin lasisilla kosmetiikkapulloillamme. Mukautettavat, tiiviit ja tyylikk\u00e4\u00e4t \u2013 t\u00e4ydelliset kauneuspakkauksiin ja tukkumyyntitilauksiin.<\/p>","protected":false},"featured_media":4502,"comment_status":"open","ping_status":"closed","template":"","meta":{"_acf_changed":false,"site-sidebar-layout":"default","site-content-layout":"","ast-site-content-layout":"default","site-content-style":"default","site-sidebar-style":"default","ast-global-header-display":"","ast-banner-title-visibility":"","ast-main-header-display":"","ast-hfb-above-header-display":"","ast-hfb-below-header-display":"","ast-hfb-mobile-header-display":"","site-post-title":"","ast-breadcrumbs-content":"","ast-featured-img":"","footer-sml-layout":"","ast-disable-related-posts":"","theme-transparent-header-meta":"default","adv-header-id-meta":"","stick-header-meta":"","header-above-stick-meta":"","header-main-stick-meta":"","header-below-stick-meta":"","astra-migrate-meta-layouts":"set","ast-page-background-enabled":"default","ast-page-background-meta":{"desktop":{"background-color":"var(--ast-global-color-5)","background-image":"","background-repeat":"repeat","background-position":"center center","background-size":"auto","background-attachment":"scroll","background-type":"","background-media":"","overlay-type":"","overlay-color":"","overlay-opacity":"","overlay-gradient":""},"tablet":{"background-color":"","background-image":"","background-repeat":"repeat","background-position":"center center","background-size":"auto","background-attachment":"scroll","background-type":"","background-media":"","overlay-type":"","overlay-color":"","overlay-opacity":"","overlay-gradient":""},"mobile":{"background-color":"","background-image":"","background-repeat":"repeat","background-position":"center center","background-size":"auto","background-attachment":"scroll","background-type":"","background-media":"","overlay-type":"","overlay-color":"","overlay-opacity":"","overlay-gradient":""}},"ast-content-background-meta":{"desktop":{"background-color":"var(--ast-global-color-4)","background-image":"","background-repeat":"repeat","background-position":"center center","background-size":"auto","background-attachment":"scroll","background-type":"","background-media":"","overlay-type":"","overlay-color":"","overlay-opacity":"","overlay-gradient":""},"tablet":{"background-color":"var(--ast-global-color-4)","background-image":"","background-repeat":"repeat","background-position":"center center","background-size":"auto","background-attachment":"scroll","background-type":"","background-media":"","overlay-type":"","overlay-color":"","overlay-opacity":"","overlay-gradient":""},"mobile":{"background-color":"var(--ast-global-color-4)","background-image":"","background-repeat":"repeat","background-position":"center center","background-size":"auto","background-attachment":"scroll","background-type":"","background-media":"","overlay-type":"","overlay-color":"","overlay-opacity":"","overlay-gradient":""}}},"product_brand":[],"product_cat":[236,72,62],"product_tag":[],"class_list":{"0":"post-4500","1":"product","2":"type-product","3":"status-publish","4":"has-post-thumbnail","6":"product_cat-cosmetic-container-set","7":"product_cat-cosmetic-packaging","8":"product_cat-cosmetic-containers","9":"desktop-align-left","10":"tablet-align-left","11":"mobile-align-left","13":"first","14":"instock","15":"shipping-taxable","16":"product-type-simple"},"acf":[],"jetpack_sharing_enabled":true,"_links":{"self":[{"href":"https:\/\/theperfumebottles.com\/fi\/wp-json\/wp\/v2\/product\/4500","targetHints":{"allow":["GET"]}}],"collection":[{"href":"https:\/\/theperfumebottles.com\/fi\/wp-json\/wp\/v2\/product"}],"about":[{"href":"https:\/\/theperfumebottles.com\/fi\/wp-json\/wp\/v2\/types\/product"}],"replies":[{"embeddable":true,"href":"https:\/\/theperfumebottles.com\/fi\/wp-json\/wp\/v2\/comments?post=4500"}],"wp:featuredmedia":[{"embeddable":true,"href":"https:\/\/theperfumebottles.com\/fi\/wp-json\/wp\/v2\/media\/4502"}],"wp:attachment":[{"href":"https:\/\/theperfumebottles.com\/fi\/wp-json\/wp\/v2\/media?parent=4500"}],"wp:term":[{"taxonomy":"product_brand","embeddable":true,"href":"https:\/\/theperfumebottles.com\/fi\/wp-json\/wp\/v2\/product_brand?post=4500"},{"taxonomy":"product_cat","embeddable":true,"href":"https:\/\/theperfumebottles.com\/fi\/wp-json\/wp\/v2\/product_cat?post=4500"},{"taxonomy":"product_tag","embeddable":true,"href":"https:\/\/theperfumebottles.com\/fi\/wp-json\/wp\/v2\/product_tag?post=4500"}],"curies":[{"name":"wp","href":"https:\/\/api.w.org\/{rel}","templated":true}]}}