{"id":4565,"date":"2025-07-16T17:26:21","date_gmt":"2025-07-16T09:26:21","guid":{"rendered":"https:\/\/theperfumebottles.com\/?post_type=product&#038;p=4565"},"modified":"2025-07-31T11:22:01","modified_gmt":"2025-07-31T03:22:01","slug":"5g-10g-20g-30g-cosmetic-jars-with-lids-custom-empty-cosmetic-containers-wholesale","status":"publish","type":"product","link":"https:\/\/theperfumebottles.com\/fi\/tuote\/5g-10g-20g-30g-cosmetic-jars-with-lids-custom-empty-cosmetic-containers-wholesale\/","title":{"rendered":"5 g 10 g 20 g 30 g kosmetiikkapurkit kansilla \u2013 Tyhjien kosmetiikkas\u00e4ili\u00f6iden tukkumyynti"},"content":{"rendered":"<p><span class=\"highlights\" data-v-df95d256=\"\">Etsitk\u00f6 kest\u00e4vyytt\u00e4 ja tyylikkyytt\u00e4 yhdist\u00e4vi\u00e4 kosmetiikkapurkkeja? N\u00e4m\u00e4 lasipurkit kannella ovat ratkaisusi. Ne on suunniteltu ihonhoitotuotteille, kuten kasvovoiteille ja silm\u00e4nymp\u00e4rysvoiteille, ja ne yhdist\u00e4v\u00e4t toiminnallisuuden tyylikk\u00e4\u00e4seen, moderniin ulkon\u00e4k\u00f6\u00f6n. N\u00e4m\u00e4 kosmetiikkapurkit sopivat t\u00e4ydellisesti tukkumyyntiin ja sopivat parhaiten br\u00e4ndeille, jotka haluavat parantaa pakkaustensa loistoa ja samalla tarjota pakkauksia irtotavarana kilpailukykyiseen hintaan.<\/span><\/p>\n<h2><span class=\"highlights\" data-v-df95d256=\"\">T\u00e4rkeimm\u00e4t tekniset tiedot<\/span><\/h2>\n<table style=\"border-collapse: collapse;width: 80%;height: 120px;margin-left: auto;margin-right: auto\" border=\"0\" width=\"432\" cellspacing=\"0\" cellpadding=\"0\">\n<tbody>\n<tr>\n<td width=\"72\">Kapasiteetti<\/td>\n<td width=\"72\">Materiaali<\/td>\n<td width=\"72\">Pintak\u00e4sittely<\/td>\n<td width=\"72\">V\u00e4rivaihtoehdot<\/td>\n<td width=\"72\">K\u00e4ytt\u00f6<\/td>\n<\/tr>\n<tr>\n<td>5 g<\/td>\n<td rowspan=\"6\">Kristallilasi<\/td>\n<td rowspan=\"6\">P\u00e4\u00e4llystetty, himme\u00e4, Lable, silkkipaino, kuumaleimaus<\/td>\n<td rowspan=\"6\">Keltainen<\/td>\n<td rowspan=\"6\">Kasvovoide, Vartalovoide, Silm\u00e4nymp\u00e4rysvoide, Huulivoide<\/td>\n<\/tr>\n<tr>\n<td>10 g<\/td>\n<\/tr>\n<tr>\n<td>15 g (0,5 unssia)<\/td>\n<\/tr>\n<tr>\n<td>30 g (1 unssi)<\/td>\n<\/tr>\n<tr>\n<td>50 g<\/td>\n<\/tr>\n<tr>\n<td>60 g (2 unssia)<\/td>\n<\/tr>\n<\/tbody>\n<\/table>\n<h2><span class=\"highlights\" data-v-df95d256=\"\">Menestystarina: Luksusihonhoitobr\u00e4ndin pakkausuudistus <\/span><\/h2>\n<p><span class=\"highlights\" data-v-df95d256=\"\">Nouseva ihonhoitobr\u00e4ndi tarvitsi kosmetiikkapurkkeja, joiden kannet sopisivat heid\u00e4n &#034;puhtaan ylellisyyden&#034; tunnelmaansa. R\u00e4\u00e4t\u00e4l\u00f6imme 30 gramman meripihkanv\u00e4riset lasipurkit mattamustalla puukannella ja laserkaiverretuilla logoilla. Tulos? Asiakasarvostelujen m\u00e4\u00e4r\u00e4 kasvoi 200 % ja uusintatilausten m\u00e4\u00e4r\u00e4 50 %. Vinkki: Kun tyhj\u00e4t kosmetiikkapurkkisi n\u00e4ytt\u00e4v\u00e4t yht\u00e4 hyvilt\u00e4 kuin ne toimivat, asiakkaat huomaavat sen v\u00e4ist\u00e4m\u00e4tt\u00e4.<\/span><\/p>\n<h2><span class=\"highlights\" data-v-df95d256=\"\">Br\u00e4ndisi mukauttamisvinkkej\u00e4 <\/span><\/h2>\n<ul>\n<li><strong>Kannen vaihtoehdot:<\/strong> Valitse bambukansi saadaksesi yrtti-, rustiikki- tai minimalistisen ilmeen; tai yhdist\u00e4 se lakattuihin, maalattuihin tai metallisiin pintoihin saadaksesi hienostuneen ja muodikkaan n\u00e4kyv\u00e4n vaikutelman.<\/li>\n<li><strong>Merkint\u00e4vaihtoehdot:<\/strong> Paranna pakkauksia k\u00e4ytt\u00e4m\u00e4ll\u00e4 turvasinettej\u00e4 ja QR-koodeja varmistaaksesi tuotteen suojauksen ja mahdollistaaksesi selke\u00e4n j\u00e4ljitett\u00e4vyyden.<\/li>\n<li><strong>Irtotilaus:<\/strong> Pakkausten ostaminen suurina m\u00e4\u00e4rin\u00e4 alentaa kuluja ja lyhent\u00e4\u00e4 toimitusaikoja, mik\u00e4 tarjoaa vihre\u00e4n ratkaisun kosmetiikkapakkaustarpeisiisi.<\/li>\n<\/ul>","protected":false},"excerpt":{"rendered":"<p>Kest\u00e4v\u00e4t kosmetiikkapurkit kansilla ihonhoidon pakkaamiseen. Mukautettavat, ilmatiiviit ja valmiit l\u00e4hetett\u00e4v\u00e4ksi. Ihanteellinen tukkukaupan kauneuspakkaustarpeisiin.<\/p>","protected":false},"featured_media":4566,"comment_status":"open","ping_status":"closed","template":"","meta":{"_acf_changed":false,"site-sidebar-layout":"default","site-content-layout":"","ast-site-content-layout":"default","site-content-style":"default","site-sidebar-style":"default","ast-global-header-display":"","ast-banner-title-visibility":"","ast-main-header-display":"","ast-hfb-above-header-display":"","ast-hfb-below-header-display":"","ast-hfb-mobile-header-display":"","site-post-title":"","ast-breadcrumbs-content":"","ast-featured-img":"","footer-sml-layout":"","ast-disable-related-posts":"","theme-transparent-header-meta":"default","adv-header-id-meta":"","stick-header-meta":"","header-above-stick-meta":"","header-main-stick-meta":"","header-below-stick-meta":"","astra-migrate-meta-layouts":"set","ast-page-background-enabled":"default","ast-page-background-meta":{"desktop":{"background-color":"var(--ast-global-color-5)","background-image":"","background-repeat":"repeat","background-position":"center center","background-size":"auto","background-attachment":"scroll","background-type":"","background-media":"","overlay-type":"","overlay-color":"","overlay-opacity":"","overlay-gradient":""},"tablet":{"background-color":"","background-image":"","background-repeat":"repeat","background-position":"center center","background-size":"auto","background-attachment":"scroll","background-type":"","background-media":"","overlay-type":"","overlay-color":"","overlay-opacity":"","overlay-gradient":""},"mobile":{"background-color":"","background-image":"","background-repeat":"repeat","background-position":"center center","background-size":"auto","background-attachment":"scroll","background-type":"","background-media":"","overlay-type":"","overlay-color":"","overlay-opacity":"","overlay-gradient":""}},"ast-content-background-meta":{"desktop":{"background-color":"var(--ast-global-color-4)","background-image":"","background-repeat":"repeat","background-position":"center center","background-size":"auto","background-attachment":"scroll","background-type":"","background-media":"","overlay-type":"","overlay-color":"","overlay-opacity":"","overlay-gradient":""},"tablet":{"background-color":"var(--ast-global-color-4)","background-image":"","background-repeat":"repeat","background-position":"center center","background-size":"auto","background-attachment":"scroll","background-type":"","background-media":"","overlay-type":"","overlay-color":"","overlay-opacity":"","overlay-gradient":""},"mobile":{"background-color":"var(--ast-global-color-4)","background-image":"","background-repeat":"repeat","background-position":"center center","background-size":"auto","background-attachment":"scroll","background-type":"","background-media":"","overlay-type":"","overlay-color":"","overlay-opacity":"","overlay-gradient":""}}},"product_brand":[],"product_cat":[72,62,56],"product_tag":[117,118],"class_list":{"0":"post-4565","1":"product","2":"type-product","3":"status-publish","4":"has-post-thumbnail","6":"product_cat-cosmetic-packaging","7":"product_cat-cosmetic-containers","8":"product_cat-cosmetic-jars","9":"product_tag-cosmetic-jars-with-lids","10":"product_tag-empty-cosmetic-containers","11":"desktop-align-left","12":"tablet-align-left","13":"mobile-align-left","15":"first","16":"instock","17":"shipping-taxable","18":"product-type-simple"},"acf":[],"jetpack_sharing_enabled":true,"_links":{"self":[{"href":"https:\/\/theperfumebottles.com\/fi\/wp-json\/wp\/v2\/product\/4565","targetHints":{"allow":["GET"]}}],"collection":[{"href":"https:\/\/theperfumebottles.com\/fi\/wp-json\/wp\/v2\/product"}],"about":[{"href":"https:\/\/theperfumebottles.com\/fi\/wp-json\/wp\/v2\/types\/product"}],"replies":[{"embeddable":true,"href":"https:\/\/theperfumebottles.com\/fi\/wp-json\/wp\/v2\/comments?post=4565"}],"wp:featuredmedia":[{"embeddable":true,"href":"https:\/\/theperfumebottles.com\/fi\/wp-json\/wp\/v2\/media\/4566"}],"wp:attachment":[{"href":"https:\/\/theperfumebottles.com\/fi\/wp-json\/wp\/v2\/media?parent=4565"}],"wp:term":[{"taxonomy":"product_brand","embeddable":true,"href":"https:\/\/theperfumebottles.com\/fi\/wp-json\/wp\/v2\/product_brand?post=4565"},{"taxonomy":"product_cat","embeddable":true,"href":"https:\/\/theperfumebottles.com\/fi\/wp-json\/wp\/v2\/product_cat?post=4565"},{"taxonomy":"product_tag","embeddable":true,"href":"https:\/\/theperfumebottles.com\/fi\/wp-json\/wp\/v2\/product_tag?post=4565"}],"curies":[{"name":"wp","href":"https:\/\/api.w.org\/{rel}","templated":true}]}}