{"id":4570,"date":"2025-07-16T17:34:20","date_gmt":"2025-07-16T09:34:20","guid":{"rendered":"https:\/\/theperfumebottles.com\/?post_type=product&#038;p=4570"},"modified":"2025-07-16T17:34:21","modified_gmt":"2025-07-16T09:34:21","slug":"cosmetic-packaging-wholesale-lotion-glass-jars-for-skincare","status":"publish","type":"product","link":"https:\/\/theperfumebottles.com\/fi\/tuote\/cosmetic-packaging-wholesale-lotion-glass-jars-for-skincare\/","title":{"rendered":"1oz 2oz 4oz 8oz Kosmetiikkapakkausten tukkumyynti \u2013 Voidelasipurkit ihonhoitoon"},"content":{"rendered":"<p>Etsitk\u00f6 kosmetiikkapakkauselementtej\u00e4, jotka yhdist\u00e4v\u00e4t kest\u00e4vyyden ja tyylikkyyden? N\u00e4m\u00e4 voidelasipurkit on suunniteltu ihonhoitotuotteille, kuten huulirasvoille, voiteille ja kasvovoiteille. Meripihkanv\u00e4rinen pinta suojaa liev\u00e4sti herk\u00e4lle iholle sopivaa koostumusta ja siro, minimalistinen muotoilu tekev\u00e4t niist\u00e4 parhaita kauneuspakkauksia, jotka erottuvat kotisivullasi tai myym\u00e4l\u00e4n hyllyll\u00e4.<\/p>\n<h2 data-spm-anchor-id=\"5176.28103460.0.i19.29ab1db8rVh0h0\"><strong>T\u00e4rkeimm\u00e4t tekniset tiedot<\/strong><\/h2>\n<table style=\"border-collapse: collapse;width: 932px;height: 28px;margin-left: 200px\" border=\"0\" width=\"432\" cellspacing=\"0\" cellpadding=\"0\">\n<tbody>\n<tr style=\"height: 13.50pt\">\n<td style=\"height: 13.50pt;width: 54.00pt\" width=\"72\" height=\"18\">Kapasiteetti<\/td>\n<td style=\"width: 54.00pt\" width=\"72\">Muoto<\/td>\n<td style=\"width: 54.00pt\" width=\"72\">Tiivistysmenetelm\u00e4<\/td>\n<td style=\"width: 54.00pt\" width=\"72\">Materiaali<\/td>\n<td style=\"width: 54.00pt\" width=\"72\">V\u00e4ri<\/td>\n<td style=\"width: 54.00pt\" width=\"72\">K\u00e4ytt\u00f6tapaus<\/td>\n<\/tr>\n<tr style=\"height: 13.50pt\">\n<td style=\"height: 13.50pt\" height=\"18\">28 g \/ 54 g \/ 128 g \/ 227 g<\/td>\n<td>Suora reuna<\/td>\n<td>Ruuvikierre (muovi-\/metallikansi)<\/td>\n<td>Lasi<\/td>\n<td>Meripihka (Mukautettava)<\/td>\n<td>Huulirasva, voide, kasvovoide<\/td>\n<\/tr>\n<\/tbody>\n<\/table>\n<h2>Menestystarina: Uuden ihonhoitobr\u00e4ndin lanseerauksen vauhdittaminen<\/h2>\n<p>Startup-ihonhoitobr\u00e4ndi tarvitsi kosteusvoidettaan varten lasipurkkeja. R\u00e4\u00e4t\u00e4l\u00f6imme 113 g:n meripihkanv\u00e4riset purkit himmeill\u00e4 valkoisilla etiketeill\u00e4 ja metallikorkeilla ensiluokkaisen ilmeen saavuttamiseksi. Tulos? Ennakkotilausten m\u00e4\u00e4r\u00e4 kasvoi 150 %, ja kauneuspakkauksia ylistettiin ylist\u00e4vill\u00e4 arvosteluilla. Vinkki: Kun kosmetiikkapakkauksesi tuntuvat yht\u00e4 ylellisilt\u00e4 kuin milt\u00e4 ne n\u00e4ytt\u00e4v\u00e4t, asiakkaat luottavat v\u00e4ist\u00e4m\u00e4tt\u00e4 br\u00e4ndiisi.<\/p>\n<h2>Br\u00e4ndisi mukauttamisvinkkej\u00e4<\/h2>\n<ul>\n<li><strong>V\u00e4rivaihtoehdot:<\/strong> Meripihka turvallisuutta varten, kirkas v\u00e4rikk\u00e4iden tuotteiden esittelyyn tai mukautetut s\u00e4vyt makuusi sopivaksi.<\/li>\n<li><strong>Tarran suunnittelu:<\/strong> Lis\u00e4\u00e4 sinettej\u00e4, QR-koodeja tai minimalistista teksti\u00e4 modernin lopputuloksen saavuttamiseksi.<\/li>\n<li><strong>Kannen materiaalit:<\/strong> Metallia kest\u00e4vyyden takaamiseksi tai muovia kevyiden kosmetiikkapakkausten saamiseksi<\/li>\n<\/ul>","protected":false},"excerpt":{"rendered":"<p>Kosmetiikkapakkausten tukkumyynti voidepurkkeihin \u2013 ilmatiiviit meripihkanv\u00e4riset purkit irtotavarana toimitukseen ja yksil\u00f6lliseen br\u00e4nd\u00e4ykseen. T\u00e4ydellinen ihonhoito- ja kauneusbr\u00e4ndeille.<\/p>","protected":false},"featured_media":4571,"comment_status":"open","ping_status":"closed","template":"","meta":{"_acf_changed":false,"site-sidebar-layout":"default","site-content-layout":"","ast-site-content-layout":"default","site-content-style":"default","site-sidebar-style":"default","ast-global-header-display":"","ast-banner-title-visibility":"","ast-main-header-display":"","ast-hfb-above-header-display":"","ast-hfb-below-header-display":"","ast-hfb-mobile-header-display":"","site-post-title":"","ast-breadcrumbs-content":"","ast-featured-img":"","footer-sml-layout":"","ast-disable-related-posts":"","theme-transparent-header-meta":"default","adv-header-id-meta":"","stick-header-meta":"","header-above-stick-meta":"","header-main-stick-meta":"","header-below-stick-meta":"","astra-migrate-meta-layouts":"set","ast-page-background-enabled":"default","ast-page-background-meta":{"desktop":{"background-color":"var(--ast-global-color-5)","background-image":"","background-repeat":"repeat","background-position":"center center","background-size":"auto","background-attachment":"scroll","background-type":"","background-media":"","overlay-type":"","overlay-color":"","overlay-opacity":"","overlay-gradient":""},"tablet":{"background-color":"","background-image":"","background-repeat":"repeat","background-position":"center center","background-size":"auto","background-attachment":"scroll","background-type":"","background-media":"","overlay-type":"","overlay-color":"","overlay-opacity":"","overlay-gradient":""},"mobile":{"background-color":"","background-image":"","background-repeat":"repeat","background-position":"center center","background-size":"auto","background-attachment":"scroll","background-type":"","background-media":"","overlay-type":"","overlay-color":"","overlay-opacity":"","overlay-gradient":""}},"ast-content-background-meta":{"desktop":{"background-color":"var(--ast-global-color-4)","background-image":"","background-repeat":"repeat","background-position":"center center","background-size":"auto","background-attachment":"scroll","background-type":"","background-media":"","overlay-type":"","overlay-color":"","overlay-opacity":"","overlay-gradient":""},"tablet":{"background-color":"var(--ast-global-color-4)","background-image":"","background-repeat":"repeat","background-position":"center center","background-size":"auto","background-attachment":"scroll","background-type":"","background-media":"","overlay-type":"","overlay-color":"","overlay-opacity":"","overlay-gradient":""},"mobile":{"background-color":"var(--ast-global-color-4)","background-image":"","background-repeat":"repeat","background-position":"center center","background-size":"auto","background-attachment":"scroll","background-type":"","background-media":"","overlay-type":"","overlay-color":"","overlay-opacity":"","overlay-gradient":""}}},"product_brand":[],"product_cat":[72,62,56],"product_tag":[119,120],"class_list":{"0":"post-4570","1":"product","2":"type-product","3":"status-publish","4":"has-post-thumbnail","6":"product_cat-cosmetic-packaging","7":"product_cat-cosmetic-containers","8":"product_cat-cosmetic-jars","9":"product_tag-cosmetic-packaging-wholesale","10":"product_tag-lotion-glass-jar","11":"desktop-align-left","12":"tablet-align-left","13":"mobile-align-left","15":"first","16":"instock","17":"shipping-taxable","18":"product-type-simple"},"acf":[],"jetpack_sharing_enabled":true,"_links":{"self":[{"href":"https:\/\/theperfumebottles.com\/fi\/wp-json\/wp\/v2\/product\/4570","targetHints":{"allow":["GET"]}}],"collection":[{"href":"https:\/\/theperfumebottles.com\/fi\/wp-json\/wp\/v2\/product"}],"about":[{"href":"https:\/\/theperfumebottles.com\/fi\/wp-json\/wp\/v2\/types\/product"}],"replies":[{"embeddable":true,"href":"https:\/\/theperfumebottles.com\/fi\/wp-json\/wp\/v2\/comments?post=4570"}],"wp:featuredmedia":[{"embeddable":true,"href":"https:\/\/theperfumebottles.com\/fi\/wp-json\/wp\/v2\/media\/4571"}],"wp:attachment":[{"href":"https:\/\/theperfumebottles.com\/fi\/wp-json\/wp\/v2\/media?parent=4570"}],"wp:term":[{"taxonomy":"product_brand","embeddable":true,"href":"https:\/\/theperfumebottles.com\/fi\/wp-json\/wp\/v2\/product_brand?post=4570"},{"taxonomy":"product_cat","embeddable":true,"href":"https:\/\/theperfumebottles.com\/fi\/wp-json\/wp\/v2\/product_cat?post=4570"},{"taxonomy":"product_tag","embeddable":true,"href":"https:\/\/theperfumebottles.com\/fi\/wp-json\/wp\/v2\/product_tag?post=4570"}],"curies":[{"name":"wp","href":"https:\/\/api.w.org\/{rel}","templated":true}]}}