{"id":4610,"date":"2025-07-17T17:59:27","date_gmt":"2025-07-17T09:59:27","guid":{"rendered":"https:\/\/theperfumebottles.com\/?post_type=product&#038;p=4610"},"modified":"2025-07-18T09:48:04","modified_gmt":"2025-07-18T01:48:04","slug":"amber-glass-cosmetic-containers-wholesale","status":"publish","type":"product","link":"https:\/\/theperfumebottles.com\/fi\/tuote\/amber-glass-cosmetic-containers-wholesale\/","title":{"rendered":"5g 10g 15g 20g 30g 50g meripihkanv\u00e4riset lasikosmetiikkas\u00e4ili\u00f6t ihonhoitotuotteiden tukkumyyntiin"},"content":{"rendered":"<p><span class=\"highlights\" data-v-df95d256=\"\">Tarvitsetko lasisia kauneuspakkauksia, jotka suojaavat tuotteitasi ja nostavat br\u00e4ndi\u00e4si esiin? Meripihkanv\u00e4riset lasipurkkimme on suunniteltu ihonhoitotuotteiden valmistajille, jotka etsiv\u00e4t kest\u00e4vyytt\u00e4, estetiikkaa ja UV-suojaa. Tyylikk\u00e4\u00e4n asettelun ja mukautettavien vaihtoehtojen ansiosta n\u00e4m\u00e4 kosmetiikkapakkausratkaisut sopivat ihanteellisesti kasvovoiteille, vartalovoiteille ja seerumeille.<\/span><\/p>\n<h2><span class=\"highlights\" data-v-df95d256=\"\">T\u00e4rkeimm\u00e4t tekniset tiedot<\/span><\/h2>\n<table style=\"border-collapse: collapse;width: 738px;height: 382px;margin-left: 280px\" border=\"0\" width=\"144\" cellspacing=\"0\" cellpadding=\"0\">\n<tbody>\n<tr style=\"height: 13.50pt\">\n<td style=\"height: 13.50pt;width: 54.00pt\" width=\"72\" height=\"18\">Ominaisuus<\/td>\n<td style=\"width: 54.00pt\" width=\"72\">Tiedot<\/td>\n<\/tr>\n<tr style=\"height: 13.50pt\">\n<td style=\"height: 13.50pt\" height=\"18\">Kapasiteetti<\/td>\n<td>5 g, 10 g, 15 g, 20 g, 30 g, 50 g<\/td>\n<\/tr>\n<tr style=\"height: 13.50pt\">\n<td style=\"height: 13.50pt\" height=\"18\">Muoto<\/td>\n<td>Suorareunainen sylinteri<\/td>\n<\/tr>\n<tr style=\"height: 13.50pt\">\n<td style=\"height: 13.50pt\" height=\"18\">Tiivistys<\/td>\n<td>Kierrekorkki (muovi\/metalli, mukautetut vaihtoehdot)<\/td>\n<\/tr>\n<tr style=\"height: 13.50pt\">\n<td style=\"height: 13.50pt\" height=\"18\">Materiaali<\/td>\n<td>Paksu meripihkan lasi<\/td>\n<\/tr>\n<tr style=\"height: 13.50pt\">\n<td style=\"height: 13.50pt\" height=\"18\">V\u00e4ri<\/td>\n<td>Meripihka (saatavilla my\u00f6s mukautettuja v\u00e4rej\u00e4)<\/td>\n<\/tr>\n<tr style=\"height: 13.50pt\">\n<td style=\"height: 13.50pt\" height=\"18\">K\u00e4ytt\u00f6tapaus<\/td>\n<td>Kasvovoide, vartalovoide, silm\u00e4nymp\u00e4rysseerumi<\/td>\n<\/tr>\n<\/tbody>\n<\/table>\n<h2><span class=\"highlights\" data-v-df95d256=\"\">Menestystarina\u00a0 <\/span><\/h2>\n<p><span class=\"highlights\" data-v-df95d256=\"\">Puhtaan kauneuden br\u00e4ndi kasvatti kotisivujensa myynti\u00e4 35 % vaihdettuaan meripihkanv\u00e4risiin purkkeihin. Ymp\u00e4rist\u00f6tietoiset asiakkaat rakastivat luonnollista viimeistely\u00e4, ja UV-suoja piti heid\u00e4n orgaaniset koostumuksensa tuoreina kuukausia. <\/span><\/p>\n<h2>Mukauta tilaustasi<\/h2>\n<ul>\n<li><strong>V\u00e4ri ja rakenne:<\/strong> Haluatko himme\u00e4n purkin ylelliseen tunnelmaan? Tai teksturoidun pullon paremman otteen saamiseksi? Muokkaamme viimeistelyn br\u00e4ndisi DNA:han sopivaksi.<\/li>\n<li><strong>Merkint\u00f6jen integrointi:<\/strong> Lis\u00e4\u00e4 ainutlaatuinen etikettisi, jotta pakkauksesi erottuu hyllyll\u00e4.<\/li>\n<li><strong>Ymp\u00e4rist\u00f6yst\u00e4v\u00e4lliset lis\u00e4ominaisuudet:<\/strong> Valitse biohajoavia tai kierr\u00e4tett\u00e4vi\u00e4 etikettej\u00e4 ja yhdist\u00e4 lasiset kauneusrasian pakkaukset uudelleenk\u00e4ytett\u00e4viin purkkien suojapusseihin.<\/li>\n<\/ul>","protected":false},"excerpt":{"rendered":"<p>Osta ihonhoitosarjaasi varten lasisia kosmetiikka- ja meikkipurkkeja tukkumyynnist\u00e4. UV-suojaavat meripihkanv\u00e4riset purkit turvallisilla sulkimilla ja r\u00e4\u00e4t\u00e4l\u00f6idyill\u00e4 pakkausvaihtoehdoilla.<\/p>","protected":false},"featured_media":4611,"comment_status":"open","ping_status":"closed","template":"","meta":{"_acf_changed":false,"site-sidebar-layout":"default","site-content-layout":"","ast-site-content-layout":"default","site-content-style":"default","site-sidebar-style":"default","ast-global-header-display":"","ast-banner-title-visibility":"","ast-main-header-display":"","ast-hfb-above-header-display":"","ast-hfb-below-header-display":"","ast-hfb-mobile-header-display":"","site-post-title":"","ast-breadcrumbs-content":"","ast-featured-img":"","footer-sml-layout":"","ast-disable-related-posts":"","theme-transparent-header-meta":"default","adv-header-id-meta":"","stick-header-meta":"","header-above-stick-meta":"","header-main-stick-meta":"","header-below-stick-meta":"","astra-migrate-meta-layouts":"set","ast-page-background-enabled":"default","ast-page-background-meta":{"desktop":{"background-color":"var(--ast-global-color-5)","background-image":"","background-repeat":"repeat","background-position":"center center","background-size":"auto","background-attachment":"scroll","background-type":"","background-media":"","overlay-type":"","overlay-color":"","overlay-opacity":"","overlay-gradient":""},"tablet":{"background-color":"","background-image":"","background-repeat":"repeat","background-position":"center center","background-size":"auto","background-attachment":"scroll","background-type":"","background-media":"","overlay-type":"","overlay-color":"","overlay-opacity":"","overlay-gradient":""},"mobile":{"background-color":"","background-image":"","background-repeat":"repeat","background-position":"center center","background-size":"auto","background-attachment":"scroll","background-type":"","background-media":"","overlay-type":"","overlay-color":"","overlay-opacity":"","overlay-gradient":""}},"ast-content-background-meta":{"desktop":{"background-color":"var(--ast-global-color-4)","background-image":"","background-repeat":"repeat","background-position":"center center","background-size":"auto","background-attachment":"scroll","background-type":"","background-media":"","overlay-type":"","overlay-color":"","overlay-opacity":"","overlay-gradient":""},"tablet":{"background-color":"var(--ast-global-color-4)","background-image":"","background-repeat":"repeat","background-position":"center center","background-size":"auto","background-attachment":"scroll","background-type":"","background-media":"","overlay-type":"","overlay-color":"","overlay-opacity":"","overlay-gradient":""},"mobile":{"background-color":"var(--ast-global-color-4)","background-image":"","background-repeat":"repeat","background-position":"center center","background-size":"auto","background-attachment":"scroll","background-type":"","background-media":"","overlay-type":"","overlay-color":"","overlay-opacity":"","overlay-gradient":""}}},"product_brand":[],"product_cat":[72,62,56],"product_tag":[127,128],"class_list":{"0":"post-4610","1":"product","2":"type-product","3":"status-publish","4":"has-post-thumbnail","6":"product_cat-cosmetic-packaging","7":"product_cat-cosmetic-containers","8":"product_cat-cosmetic-jars","9":"product_tag-glass-cosmetic-containers","10":"product_tag-makeup-jars-wholesale","11":"desktop-align-left","12":"tablet-align-left","13":"mobile-align-left","15":"first","16":"instock","17":"shipping-taxable","18":"product-type-simple"},"acf":[],"jetpack_sharing_enabled":true,"_links":{"self":[{"href":"https:\/\/theperfumebottles.com\/fi\/wp-json\/wp\/v2\/product\/4610","targetHints":{"allow":["GET"]}}],"collection":[{"href":"https:\/\/theperfumebottles.com\/fi\/wp-json\/wp\/v2\/product"}],"about":[{"href":"https:\/\/theperfumebottles.com\/fi\/wp-json\/wp\/v2\/types\/product"}],"replies":[{"embeddable":true,"href":"https:\/\/theperfumebottles.com\/fi\/wp-json\/wp\/v2\/comments?post=4610"}],"wp:featuredmedia":[{"embeddable":true,"href":"https:\/\/theperfumebottles.com\/fi\/wp-json\/wp\/v2\/media\/4611"}],"wp:attachment":[{"href":"https:\/\/theperfumebottles.com\/fi\/wp-json\/wp\/v2\/media?parent=4610"}],"wp:term":[{"taxonomy":"product_brand","embeddable":true,"href":"https:\/\/theperfumebottles.com\/fi\/wp-json\/wp\/v2\/product_brand?post=4610"},{"taxonomy":"product_cat","embeddable":true,"href":"https:\/\/theperfumebottles.com\/fi\/wp-json\/wp\/v2\/product_cat?post=4610"},{"taxonomy":"product_tag","embeddable":true,"href":"https:\/\/theperfumebottles.com\/fi\/wp-json\/wp\/v2\/product_tag?post=4610"}],"curies":[{"name":"wp","href":"https:\/\/api.w.org\/{rel}","templated":true}]}}