{"id":4620,"date":"2025-07-17T18:00:24","date_gmt":"2025-07-17T10:00:24","guid":{"rendered":"https:\/\/theperfumebottles.com\/?post_type=product&#038;p=4620"},"modified":"2025-08-01T09:10:06","modified_gmt":"2025-08-01T01:10:06","slug":"face-cream-jars-wholesale-frosted-glass-cosmetic-packaging","status":"publish","type":"product","link":"https:\/\/theperfumebottles.com\/fi\/tuote\/face-cream-jars-wholesale-frosted-glass-cosmetic-packaging\/","title":{"rendered":"1oz 2oz 4oz 8oz kasvovoidepurkit tukkumyynniss\u00e4 \u2013 himme\u00e4st\u00e4 lasista valmistetut kosmetiikkapakkaukset"},"content":{"rendered":"<p><span class=\"highlights\" data-v-df95d256=\"\">Etsitk\u00f6 kest\u00e4vyytt\u00e4 ja hienostuneisuutta yhdist\u00e4v\u00e4\u00e4 kosmetiikkavoidepurkkipakkausta? Kasvovoidepurkkien tukkumyyntipakkauksemme sis\u00e4lt\u00e4\u00e4 himmeit\u00e4 lasipulloja, joissa on luonnonmukaiset bambukorkit. Ne on suunniteltu nostamaan ihonhoitolinjasi uudelle tasolle. Teksturoitu viimeistely ja maanl\u00e4heiset yksityiskohdat tekev\u00e4t n\u00e4ist\u00e4 kosmetiikkapakkauksista parhaita vaihtoehtoja seerumeille, silm\u00e4nymp\u00e4rysvoiteille tai runsaille kosteusvoiteille. T\u00e4ydellinen kauneuspakkaus, joka tuntuu sek\u00e4 modernilta ett\u00e4 ymp\u00e4rist\u00f6tietoiselta.<\/span><\/p>\n<h2><span class=\"highlights\" data-v-df95d256=\"\">T\u00e4rkeimm\u00e4t tekniset tiedot<\/span><\/h2>\n<table style=\"border-collapse: collapse;width: 759px;height: 153px;margin-left: 280px\" border=\"0\" width=\"144\" cellspacing=\"0\" cellpadding=\"0\">\n<tbody>\n<tr style=\"height: 13.50pt\">\n<td style=\"height: 13.50pt;width: 54.00pt\" width=\"72\" height=\"18\">Ominaisuus<\/td>\n<td style=\"width: 54.00pt\" width=\"72\">Tiedot<\/td>\n<\/tr>\n<tr style=\"height: 13.50pt\">\n<td style=\"height: 13.50pt\" height=\"18\">Kapasiteetti<\/td>\n<td>28 g, 50 g, 120 g, 225 g<\/td>\n<\/tr>\n<tr style=\"height: 13.50pt\">\n<td style=\"height: 13.50pt\" height=\"18\">Muoto<\/td>\n<td>Py\u00f6rist\u00e4\u00e4<\/td>\n<\/tr>\n<tr style=\"height: 13.50pt\">\n<td style=\"height: 13.50pt\" height=\"18\">Tiivistys<\/td>\n<td>Bambukannet (muokattavissa)<\/td>\n<\/tr>\n<tr style=\"height: 13.50pt\">\n<td style=\"height: 13.50pt\" height=\"18\">Materiaali<\/td>\n<td>J\u00e4\u00e4lasi<\/td>\n<\/tr>\n<tr style=\"height: 13.50pt\">\n<td style=\"height: 13.50pt\" height=\"18\">V\u00e4ri<\/td>\n<td>Piikivi, himme\u00e4 (muokattava)<\/td>\n<\/tr>\n<tr style=\"height: 13.50pt\">\n<td style=\"height: 13.50pt\" height=\"18\">K\u00e4ytt\u00f6tapaus<\/td>\n<td>Silm\u00e4nymp\u00e4rysvoide, kasvovoide\u2026<\/td>\n<\/tr>\n<\/tbody>\n<\/table>\n<h2><span class=\"highlights\" data-v-df95d256=\"\">Menestystarina<\/span><\/h2>\n<p><span class=\"highlights\" data-v-df95d256=\"\">Ihonhoitobr\u00e4ndi kasvatti tukkumyynti\u00e4\u00e4n 60 % vaihdettuaan t\u00e4h\u00e4n kosmetiikkavoidepurkkimalliin. Heid\u00e4n kotisivullaan oli video, jossa esiteltiin bambukannen valmistustaitoa, mik\u00e4 johti yli 200 irtotilaukseen kuukaudessa.<\/span><\/p>\n<h2><span class=\"highlights\" data-v-df95d256=\"\">Mukauta tilaustasi<\/span><\/h2>\n<ul>\n<li><strong>Er\u00e4\u00e4nlainen pullon viimeistely:<\/strong> Saatavilla puhtaasta tai himme\u00e4st\u00e4 lasista, kuumaleimauksella tai kohokuvioinnilla viimeisteltyn\u00e4, mik\u00e4 korostaa br\u00e4ndisi ensiluokkaista vieh\u00e4tyst\u00e4.<\/li>\n<li><strong>Ymp\u00e4rist\u00f6yst\u00e4v\u00e4lliset pullonkorkkivaihtoehdot:<\/strong> Saatavilla muovista ja kest\u00e4v\u00e4st\u00e4 bambusta, mik\u00e4 tasapainottaa hygienian ja ymp\u00e4rist\u00f6n huolet.<\/li>\n<li><strong>Vihre\u00e4 merkint\u00e4:<\/strong> K\u00e4ytt\u00e4m\u00e4ll\u00e4 biohajoavia materiaaleja ja musteita t\u00e4ysin ymp\u00e4rist\u00f6yst\u00e4v\u00e4llisiin pakkauksiin.<\/li>\n<\/ul>","protected":false},"excerpt":{"rendered":"<p>Osta kasvovoidepurkkeja tukkumyynnist\u00e4, joissa on ymp\u00e4rist\u00f6yst\u00e4v\u00e4lliset bambukannet. Himme\u00e4st\u00e4 lasista valmistetut kosmetiikkavoidepurkkisetit ihonhoitobr\u00e4ndeille.<\/p>","protected":false},"featured_media":4621,"comment_status":"open","ping_status":"closed","template":"","meta":{"_acf_changed":false,"site-sidebar-layout":"default","site-content-layout":"","ast-site-content-layout":"default","site-content-style":"default","site-sidebar-style":"default","ast-global-header-display":"","ast-banner-title-visibility":"","ast-main-header-display":"","ast-hfb-above-header-display":"","ast-hfb-below-header-display":"","ast-hfb-mobile-header-display":"","site-post-title":"","ast-breadcrumbs-content":"","ast-featured-img":"","footer-sml-layout":"","ast-disable-related-posts":"","theme-transparent-header-meta":"default","adv-header-id-meta":"","stick-header-meta":"","header-above-stick-meta":"","header-main-stick-meta":"","header-below-stick-meta":"","astra-migrate-meta-layouts":"set","ast-page-background-enabled":"default","ast-page-background-meta":{"desktop":{"background-color":"var(--ast-global-color-5)","background-image":"","background-repeat":"repeat","background-position":"center center","background-size":"auto","background-attachment":"scroll","background-type":"","background-media":"","overlay-type":"","overlay-color":"","overlay-opacity":"","overlay-gradient":""},"tablet":{"background-color":"","background-image":"","background-repeat":"repeat","background-position":"center center","background-size":"auto","background-attachment":"scroll","background-type":"","background-media":"","overlay-type":"","overlay-color":"","overlay-opacity":"","overlay-gradient":""},"mobile":{"background-color":"","background-image":"","background-repeat":"repeat","background-position":"center center","background-size":"auto","background-attachment":"scroll","background-type":"","background-media":"","overlay-type":"","overlay-color":"","overlay-opacity":"","overlay-gradient":""}},"ast-content-background-meta":{"desktop":{"background-color":"var(--ast-global-color-4)","background-image":"","background-repeat":"repeat","background-position":"center center","background-size":"auto","background-attachment":"scroll","background-type":"","background-media":"","overlay-type":"","overlay-color":"","overlay-opacity":"","overlay-gradient":""},"tablet":{"background-color":"var(--ast-global-color-4)","background-image":"","background-repeat":"repeat","background-position":"center center","background-size":"auto","background-attachment":"scroll","background-type":"","background-media":"","overlay-type":"","overlay-color":"","overlay-opacity":"","overlay-gradient":""},"mobile":{"background-color":"var(--ast-global-color-4)","background-image":"","background-repeat":"repeat","background-position":"center center","background-size":"auto","background-attachment":"scroll","background-type":"","background-media":"","overlay-type":"","overlay-color":"","overlay-opacity":"","overlay-gradient":""}}},"product_brand":[],"product_cat":[62,72,56],"product_tag":[131,130],"class_list":{"0":"post-4620","1":"product","2":"type-product","3":"status-publish","4":"has-post-thumbnail","6":"product_cat-cosmetic-containers","7":"product_cat-cosmetic-packaging","8":"product_cat-cosmetic-jars","9":"product_tag-cosmetic-cream-jar","10":"product_tag-face-cream-jars-wholesale","11":"desktop-align-left","12":"tablet-align-left","13":"mobile-align-left","15":"first","16":"instock","17":"shipping-taxable","18":"product-type-simple"},"acf":[],"jetpack_sharing_enabled":true,"_links":{"self":[{"href":"https:\/\/theperfumebottles.com\/fi\/wp-json\/wp\/v2\/product\/4620","targetHints":{"allow":["GET"]}}],"collection":[{"href":"https:\/\/theperfumebottles.com\/fi\/wp-json\/wp\/v2\/product"}],"about":[{"href":"https:\/\/theperfumebottles.com\/fi\/wp-json\/wp\/v2\/types\/product"}],"replies":[{"embeddable":true,"href":"https:\/\/theperfumebottles.com\/fi\/wp-json\/wp\/v2\/comments?post=4620"}],"wp:featuredmedia":[{"embeddable":true,"href":"https:\/\/theperfumebottles.com\/fi\/wp-json\/wp\/v2\/media\/4621"}],"wp:attachment":[{"href":"https:\/\/theperfumebottles.com\/fi\/wp-json\/wp\/v2\/media?parent=4620"}],"wp:term":[{"taxonomy":"product_brand","embeddable":true,"href":"https:\/\/theperfumebottles.com\/fi\/wp-json\/wp\/v2\/product_brand?post=4620"},{"taxonomy":"product_cat","embeddable":true,"href":"https:\/\/theperfumebottles.com\/fi\/wp-json\/wp\/v2\/product_cat?post=4620"},{"taxonomy":"product_tag","embeddable":true,"href":"https:\/\/theperfumebottles.com\/fi\/wp-json\/wp\/v2\/product_tag?post=4620"}],"curies":[{"name":"wp","href":"https:\/\/api.w.org\/{rel}","templated":true}]}}