{"id":4625,"date":"2025-07-17T17:59:52","date_gmt":"2025-07-17T09:59:52","guid":{"rendered":"https:\/\/theperfumebottles.com\/?post_type=product&#038;p=4625"},"modified":"2025-08-01T11:04:18","modified_gmt":"2025-08-01T03:04:18","slug":"glass-cosmetic-jars-with-lids-premium-cream-glass-jar-wholesale","status":"publish","type":"product","link":"https:\/\/theperfumebottles.com\/fi\/tuote\/glass-cosmetic-jars-with-lids-premium-cream-glass-jar-wholesale\/","title":{"rendered":"20 g 30 g 50 g lasiset kosmetiikkapurkit kansilla \u2013 Premium Cream Glass Jar Wholesale"},"content":{"rendered":"<p>Etsitk\u00f6 lasisia kosmetiikkapurkkeja, joiden kannet yhdist\u00e4v\u00e4t kest\u00e4vyyden ja eleganssin? Kermalasipurkkisarjamme sis\u00e4lt\u00e4\u00e4 lieri\u00f6m\u00e4isi\u00e4 pulloja, joissa on kiilt\u00e4v\u00e4 pinta, ja ne sopivat t\u00e4ydellisesti ihonhoitotuotteille, kuten kasvovoiteille ja vartalovoiteille. Sile\u00e4 pohja ja py\u00f6ristetyt reunat luovat modernin, kylpyl\u00e4m\u00e4isen estetiikan, ja kosmetiikkapakkaus takaa, ett\u00e4 tuotteesi n\u00e4ytt\u00e4v\u00e4t yht\u00e4 kalliilta kuin milt\u00e4 ne tuntuvat.<\/p>\n<h2>T\u00e4rkeimm\u00e4t tekniset tiedot<\/h2>\n<table style=\"border-collapse: collapse;width: 80%;height: 106px;margin-left: auto;margin-right: auto\" border=\"0\" width=\"144\" cellspacing=\"0\" cellpadding=\"0\">\n<tbody>\n<tr style=\"height: 13.50pt\">\n<td style=\"height: 13.50pt;width: 54.00pt\" width=\"72\" height=\"18\">Ominaisuus<\/td>\n<td style=\"width: 54.00pt\" width=\"72\">Tiedot<\/td>\n<\/tr>\n<tr style=\"height: 13.50pt\">\n<td style=\"height: 13.50pt\" height=\"18\">Kapasiteetti<\/td>\n<td>20 g, 30 g, 50 g<\/td>\n<\/tr>\n<tr style=\"height: 13.50pt\">\n<td style=\"height: 13.50pt\" height=\"18\">Muoto<\/td>\n<td>Suorasivuinen<\/td>\n<\/tr>\n<tr style=\"height: 13.50pt\">\n<td style=\"height: 13.50pt\" height=\"18\">Materiaali<\/td>\n<td>Kristallilasi<\/td>\n<\/tr>\n<tr style=\"height: 13.50pt\">\n<td style=\"height: 13.50pt\" height=\"18\">V\u00e4ri<\/td>\n<td>Valkoinen, musta.. (muokattavissa)<\/td>\n<\/tr>\n<tr style=\"height: 13.50pt\">\n<td style=\"height: 13.50pt\" height=\"18\">K\u00e4ytt\u00f6tapaus<\/td>\n<td>Kasvovoide, vartalovoide\u2026<\/td>\n<\/tr>\n<\/tbody>\n<\/table>\n<h2><span class=\"highlights\" data-v-df95d256=\"\">Menestystarina <\/span><\/h2>\n<p><span class=\"highlights\" data-v-df95d256=\"\">Keskikokoinen ihonhoitomerkki kasvatti tukkumyyntitulojaan 70 % esitelty\u00e4\u00e4n voidepurkkisarjansa sosiaalisessa mediassa. K\u00e4ytt\u00e4m\u00e4ll\u00e4 irtotavarana pakkaamista r\u00e4\u00e4t\u00e4l\u00f6idyill\u00e4 kultakohokuvioiduilla etiketeill\u00e4 he saivat yli 30 v\u00e4hitt\u00e4ismyyntikumppanuutta kuudessa kuukaudessa.<\/span><\/p>\n<h2><span class=\"highlights\" data-v-df95d256=\"\"> Mukauta tilaustasi<\/span><\/h2>\n<ul>\n<li><span class=\"highlights\" data-v-df95d256=\"\"><strong>Kannen materiaalit:<\/strong> Valitse tyylikk\u00e4\u00e4t muovikannet hygieniapainotteisiin kosmetiikkapakkauksiin tai harjatut metallikannet ylelliseen kauneuspakkaukseen. <\/span><\/li>\n<li><span class=\"highlights\" data-v-df95d256=\"\"><strong>V\u00e4rigradientit:<\/strong> Lis\u00e4\u00e4 himmeit\u00e4 aksentteja tai mukautettuja vihre\u00e4n s\u00e4vyj\u00e4 br\u00e4ndisi v\u00e4ripalettiin sopimaan.<\/span><\/li>\n<li><span class=\"highlights\" data-v-df95d256=\"\"><strong>Luksuskannen viimeistely:<\/strong> P\u00e4ivit\u00e4 voidelasipurkkisi metallisilla kansivaihtoehdoilla, kuten ruusukullan tai antiikkikuparin v\u00e4risill\u00e4, parantaaksesi kosmetiikkapakkaustesi n\u00e4ytt\u00e4vyytt\u00e4. <\/span><\/li>\n<\/ul>","protected":false},"excerpt":{"rendered":"<p>Osta lasisia kosmetiikkapurkkeja kansineen ja lasivoidepurkkisettej\u00e4 ihonhoitobr\u00e4ndeilt\u00e4. Kest\u00e4v\u00e4t kosmetiikkapakkaukset r\u00e4\u00e4t\u00e4l\u00f6idyill\u00e4 vaihtoehdoilla.<\/p>","protected":false},"featured_media":4626,"comment_status":"open","ping_status":"closed","template":"","meta":{"_acf_changed":false,"site-sidebar-layout":"default","site-content-layout":"","ast-site-content-layout":"default","site-content-style":"default","site-sidebar-style":"default","ast-global-header-display":"","ast-banner-title-visibility":"","ast-main-header-display":"","ast-hfb-above-header-display":"","ast-hfb-below-header-display":"","ast-hfb-mobile-header-display":"","site-post-title":"","ast-breadcrumbs-content":"","ast-featured-img":"","footer-sml-layout":"","ast-disable-related-posts":"","theme-transparent-header-meta":"default","adv-header-id-meta":"","stick-header-meta":"","header-above-stick-meta":"","header-main-stick-meta":"","header-below-stick-meta":"","astra-migrate-meta-layouts":"set","ast-page-background-enabled":"default","ast-page-background-meta":{"desktop":{"background-color":"var(--ast-global-color-5)","background-image":"","background-repeat":"repeat","background-position":"center center","background-size":"auto","background-attachment":"scroll","background-type":"","background-media":"","overlay-type":"","overlay-color":"","overlay-opacity":"","overlay-gradient":""},"tablet":{"background-color":"","background-image":"","background-repeat":"repeat","background-position":"center center","background-size":"auto","background-attachment":"scroll","background-type":"","background-media":"","overlay-type":"","overlay-color":"","overlay-opacity":"","overlay-gradient":""},"mobile":{"background-color":"","background-image":"","background-repeat":"repeat","background-position":"center center","background-size":"auto","background-attachment":"scroll","background-type":"","background-media":"","overlay-type":"","overlay-color":"","overlay-opacity":"","overlay-gradient":""}},"ast-content-background-meta":{"desktop":{"background-color":"var(--ast-global-color-4)","background-image":"","background-repeat":"repeat","background-position":"center center","background-size":"auto","background-attachment":"scroll","background-type":"","background-media":"","overlay-type":"","overlay-color":"","overlay-opacity":"","overlay-gradient":""},"tablet":{"background-color":"var(--ast-global-color-4)","background-image":"","background-repeat":"repeat","background-position":"center center","background-size":"auto","background-attachment":"scroll","background-type":"","background-media":"","overlay-type":"","overlay-color":"","overlay-opacity":"","overlay-gradient":""},"mobile":{"background-color":"var(--ast-global-color-4)","background-image":"","background-repeat":"repeat","background-position":"center center","background-size":"auto","background-attachment":"scroll","background-type":"","background-media":"","overlay-type":"","overlay-color":"","overlay-opacity":"","overlay-gradient":""}}},"product_brand":[],"product_cat":[56,72,62],"product_tag":[133,132],"class_list":{"0":"post-4625","1":"product","2":"type-product","3":"status-publish","4":"has-post-thumbnail","6":"product_cat-cosmetic-jars","7":"product_cat-cosmetic-packaging","8":"product_cat-cosmetic-containers","9":"product_tag-cream-glass-jar","10":"product_tag-glass-cosmetic-jars-with-lids","11":"desktop-align-left","12":"tablet-align-left","13":"mobile-align-left","15":"first","16":"instock","17":"shipping-taxable","18":"product-type-simple"},"acf":[],"jetpack_sharing_enabled":true,"_links":{"self":[{"href":"https:\/\/theperfumebottles.com\/fi\/wp-json\/wp\/v2\/product\/4625","targetHints":{"allow":["GET"]}}],"collection":[{"href":"https:\/\/theperfumebottles.com\/fi\/wp-json\/wp\/v2\/product"}],"about":[{"href":"https:\/\/theperfumebottles.com\/fi\/wp-json\/wp\/v2\/types\/product"}],"replies":[{"embeddable":true,"href":"https:\/\/theperfumebottles.com\/fi\/wp-json\/wp\/v2\/comments?post=4625"}],"wp:featuredmedia":[{"embeddable":true,"href":"https:\/\/theperfumebottles.com\/fi\/wp-json\/wp\/v2\/media\/4626"}],"wp:attachment":[{"href":"https:\/\/theperfumebottles.com\/fi\/wp-json\/wp\/v2\/media?parent=4625"}],"wp:term":[{"taxonomy":"product_brand","embeddable":true,"href":"https:\/\/theperfumebottles.com\/fi\/wp-json\/wp\/v2\/product_brand?post=4625"},{"taxonomy":"product_cat","embeddable":true,"href":"https:\/\/theperfumebottles.com\/fi\/wp-json\/wp\/v2\/product_cat?post=4625"},{"taxonomy":"product_tag","embeddable":true,"href":"https:\/\/theperfumebottles.com\/fi\/wp-json\/wp\/v2\/product_tag?post=4625"}],"curies":[{"name":"wp","href":"https:\/\/api.w.org\/{rel}","templated":true}]}}