{"id":4644,"date":"2025-07-18T17:49:18","date_gmt":"2025-07-18T09:49:18","guid":{"rendered":"https:\/\/theperfumebottles.com\/?post_type=product&#038;p=4644"},"modified":"2026-03-27T14:30:08","modified_gmt":"2026-03-27T06:30:08","slug":"empty-glass-cosmetic-containers-with-lids-wholesale","status":"publish","type":"product","link":"https:\/\/theperfumebottles.com\/fi\/tuote\/empty-glass-cosmetic-containers-with-lids-wholesale\/","title":{"rendered":"30 g 50 g tyhj\u00e4t lasikosmetiikkas\u00e4ili\u00f6t kansilla tukkumyynti"},"content":{"rendered":"<p>T\u00e4m\u00e4 edistyksellinen kansillinen kosmetiikkapurkki heijastaa modernia sylinterim\u00e4ist\u00e4 profiilia, johon kuuluu kirkas lasijalusta, voinen kultainen nauha hienolla kultareunuksella ja valikoima himme\u00e4n valkoisia tai l\u00e4pin\u00e4kyvi\u00e4 kansia.<\/p>\n<h2><span class=\"highlights\" data-v-df95d256=\"\">T\u00e4rkeimm\u00e4t tekniset tiedot<\/span><\/h2>\n<table style=\"border-collapse: collapse; width: 80%; height: 123px; margin-left: auto; margin-right: auto;\" border=\"0\" width=\"144\" cellspacing=\"0\" cellpadding=\"0\">\n<tbody>\n<tr>\n<td width=\"72\">Kapasiteetti<\/td>\n<td width=\"72\">Muoto<\/td>\n<td width=\"72\">Tiivistysmenetelm\u00e4<\/td>\n<td width=\"72\">Materiaali<\/td>\n<td width=\"72\">V\u00e4ri<\/td>\n<td width=\"72\">K\u00e4ytt\u00f6<\/td>\n<\/tr>\n<tr>\n<td>30 g<\/td>\n<td rowspan=\"2\">Suorasivuinen<\/td>\n<td rowspan=\"2\">Kierrep\u00e4\u00e4 (muovi\/metalli)<\/td>\n<td rowspan=\"2\">Kristallilasi<\/td>\n<td rowspan=\"2\">Huurrettu (mukautettu)<\/td>\n<td rowspan=\"2\">Silm\u00e4nymp\u00e4rysvoide, -voide\u2026<\/td>\n<\/tr>\n<tr>\n<td>50 g<\/td>\n<\/tr>\n<\/tbody>\n<\/table>\n<h2><span class=\"highlights\" data-v-df95d256=\"\">Menestystapaus<\/span><\/h2>\n<p>Yksi pariisilaisista luksusbr\u00e4ndeist\u00e4 valitsi 50 ml:n kosmetiikkapurkkimme kannella ja teetti niihin himme\u00e4n valkoisen korkin ja mittatilausty\u00f6n\u00e4 tehdyn ruusukullatun koristerenkaan. Personoidut voidepurkit olivat valtava menestys: niiden erityisest\u00e4 kerrostetusta muotoilusta tuli br\u00e4ndin erottuva osa, ja markkinatutkimukset osoittivat, ett\u00e4 br\u00e4ndin tunnettuus kasvoi 25 prosenttia. My\u00f6s sen koostumuksen ja materiaalien laatu oli ensiluokkaista, mik\u00e4 nosti korjaavan voiteen hintaa 50 prosenttia. T\u00e4m\u00e4n menestyksen perusteella br\u00e4ndi on tilannut 250 000 purkkia voiteita lis\u00e4\u00e4 uuteen CBD-kasvo\u00f6ljy- ja y\u00f6voidesarjaansa.<\/p>\n<h2><span class=\"highlights\" data-v-df95d256=\"\">Meikkiastioiden tukkumyynnin r\u00e4\u00e4t\u00e4l\u00f6intivinkkej\u00e4<\/span><\/h2>\n<ul>\n<li><strong>Vaihtoehtoja erilaisiin ulkon\u00e4k\u00f6ihin:<\/strong> Valitse kirkkaasta tai himme\u00e4st\u00e4 lasista, ja saatavilla on liukuv\u00e4rej\u00e4 korostavan n\u00e4kyv\u00e4n vaikutelman aikaansaamiseksi.<\/li>\n<li><strong>Joustava lippiksen kangas:<\/strong> Saatavilla muovista tai metallista, tasapainottaen kustannusten hallintaa ensiluokkaisella k\u00e4ytt\u00f6kokemuksella.<\/li>\n<li><strong>Br\u00e4ndin mukauttaminen:<\/strong> Kohokuvioituja tunnuksia tai QR-koodeja tuetaan logosi tarinan kertomisen apuna.<\/li>\n<\/ul>","protected":false},"excerpt":{"rendered":"<p>Ensiluokkaiset meikkirasiat tukkumyynnist\u00e4, joissa on kirkas lasipohja ja ylellinen kultarengas. Kosmetiikkarasiat kansilla takaavat tuoreuden. Nopea toimitus.<\/p>","protected":false},"featured_media":4645,"comment_status":"open","ping_status":"closed","template":"","meta":{"_acf_changed":false,"site-sidebar-layout":"default","site-content-layout":"","ast-site-content-layout":"default","site-content-style":"default","site-sidebar-style":"default","ast-global-header-display":"","ast-banner-title-visibility":"","ast-main-header-display":"","ast-hfb-above-header-display":"","ast-hfb-below-header-display":"","ast-hfb-mobile-header-display":"","site-post-title":"","ast-breadcrumbs-content":"","ast-featured-img":"","footer-sml-layout":"","ast-disable-related-posts":"","theme-transparent-header-meta":"default","adv-header-id-meta":"","stick-header-meta":"","header-above-stick-meta":"","header-main-stick-meta":"","header-below-stick-meta":"","astra-migrate-meta-layouts":"set","ast-page-background-enabled":"default","ast-page-background-meta":{"desktop":{"background-color":"var(--ast-global-color-5)","background-image":"","background-repeat":"repeat","background-position":"center center","background-size":"auto","background-attachment":"scroll","background-type":"","background-media":"","overlay-type":"","overlay-color":"","overlay-opacity":"","overlay-gradient":""},"tablet":{"background-color":"","background-image":"","background-repeat":"repeat","background-position":"center center","background-size":"auto","background-attachment":"scroll","background-type":"","background-media":"","overlay-type":"","overlay-color":"","overlay-opacity":"","overlay-gradient":""},"mobile":{"background-color":"","background-image":"","background-repeat":"repeat","background-position":"center center","background-size":"auto","background-attachment":"scroll","background-type":"","background-media":"","overlay-type":"","overlay-color":"","overlay-opacity":"","overlay-gradient":""}},"ast-content-background-meta":{"desktop":{"background-color":"var(--ast-global-color-4)","background-image":"","background-repeat":"repeat","background-position":"center center","background-size":"auto","background-attachment":"scroll","background-type":"","background-media":"","overlay-type":"","overlay-color":"","overlay-opacity":"","overlay-gradient":""},"tablet":{"background-color":"var(--ast-global-color-4)","background-image":"","background-repeat":"repeat","background-position":"center center","background-size":"auto","background-attachment":"scroll","background-type":"","background-media":"","overlay-type":"","overlay-color":"","overlay-opacity":"","overlay-gradient":""},"mobile":{"background-color":"var(--ast-global-color-4)","background-image":"","background-repeat":"repeat","background-position":"center center","background-size":"auto","background-attachment":"scroll","background-type":"","background-media":"","overlay-type":"","overlay-color":"","overlay-opacity":"","overlay-gradient":""}}},"product_brand":[],"product_cat":[56,62,72],"product_tag":[144,134],"class_list":{"0":"post-4644","1":"product","2":"type-product","3":"status-publish","4":"has-post-thumbnail","6":"product_cat-cosmetic-jars","7":"product_cat-cosmetic-containers","8":"product_cat-cosmetic-packaging","9":"product_tag-lotion-jars-with-lids","10":"product_tag-makeup-containers-wholesale","11":"desktop-align-left","12":"tablet-align-left","13":"mobile-align-left","15":"first","16":"instock","17":"shipping-taxable","18":"product-type-simple"},"acf":[],"jetpack_sharing_enabled":true,"_links":{"self":[{"href":"https:\/\/theperfumebottles.com\/fi\/wp-json\/wp\/v2\/product\/4644","targetHints":{"allow":["GET"]}}],"collection":[{"href":"https:\/\/theperfumebottles.com\/fi\/wp-json\/wp\/v2\/product"}],"about":[{"href":"https:\/\/theperfumebottles.com\/fi\/wp-json\/wp\/v2\/types\/product"}],"replies":[{"embeddable":true,"href":"https:\/\/theperfumebottles.com\/fi\/wp-json\/wp\/v2\/comments?post=4644"}],"wp:featuredmedia":[{"embeddable":true,"href":"https:\/\/theperfumebottles.com\/fi\/wp-json\/wp\/v2\/media\/4645"}],"wp:attachment":[{"href":"https:\/\/theperfumebottles.com\/fi\/wp-json\/wp\/v2\/media?parent=4644"}],"wp:term":[{"taxonomy":"product_brand","embeddable":true,"href":"https:\/\/theperfumebottles.com\/fi\/wp-json\/wp\/v2\/product_brand?post=4644"},{"taxonomy":"product_cat","embeddable":true,"href":"https:\/\/theperfumebottles.com\/fi\/wp-json\/wp\/v2\/product_cat?post=4644"},{"taxonomy":"product_tag","embeddable":true,"href":"https:\/\/theperfumebottles.com\/fi\/wp-json\/wp\/v2\/product_tag?post=4644"}],"curies":[{"name":"wp","href":"https:\/\/api.w.org\/{rel}","templated":true}]}}