{"id":4650,"date":"2025-07-18T17:55:14","date_gmt":"2025-07-18T09:55:14","guid":{"rendered":"https:\/\/theperfumebottles.com\/?post_type=product&#038;p=4650"},"modified":"2025-08-01T10:05:03","modified_gmt":"2025-08-01T02:05:03","slug":"5g-15g0-5oz-30g1oz-50g-100g-wholesale-cosmetic-jars-with-lids-glass-makeup-jars-for-skincare-packaging","status":"publish","type":"product","link":"https:\/\/theperfumebottles.com\/fi\/tuote\/5g-15g0-5oz-30g1oz-50g-100g-wholesale-cosmetic-jars-with-lids-glass-makeup-jars-for-skincare-packaging\/","title":{"rendered":"5 g 15 g (0,5 oz) 30 g (1 oz) 50 g 100 g Tukkumyynti Kosmetiikkapurkit kansilla \u2013 Lasiset meikkipurkit ihonhoitopakkauksiin"},"content":{"rendered":"<p><span class=\"highlights\" data-v-df95d256=\"\">Etsitk\u00f6 lasisia meikkipurkkeja, jotka yhdist\u00e4v\u00e4t kest\u00e4vyyden ja upean pakkauksen? N\u00e4m\u00e4 korkkiset kauneuspurkit on suunniteltu br\u00e4ndeille, jotka tuottavat ihonhoitotuotteita, kuten kasvovoiteita, vartalovoiteita tai silm\u00e4nymp\u00e4rysvoiteita. Kosmetiikkapakkaustarvikkeiden toimittajana tarjoamme lasipurkkeja, joissa on bambukannet ja hienojakoinen pinta. Olitpa sitten hankkimassa kosmetiikkapakkauksia irtotavarana tai tarvitset valmiita toimitusratkaisuja, t\u00e4m\u00e4 tuote her\u00e4tt\u00e4\u00e4 luottamusta pakkaussuunnitteluusi.<\/span><\/p>\n<h2><strong>T\u00e4rkeimm\u00e4t tekniset tiedot<\/strong><\/h2>\n<table style=\"border-collapse: collapse;width: 80%pt;margin-left: auto;margin-right: auto\" border=\"0\" width=\"432\" cellspacing=\"0\" cellpadding=\"0\">\n<tbody>\n<tr style=\"height: 13.50pt\">\n<td style=\"height: 13.50pt;width: 54.00pt\" width=\"72\" height=\"18\">Kapasiteetti<\/td>\n<td style=\"width: 54.00pt\" width=\"72\">Muoto<\/td>\n<td style=\"width: 54.00pt\" width=\"72\">Tiivistysmenetelm\u00e4t<\/td>\n<td style=\"width: 54.00pt\" width=\"72\">Materiaali<\/td>\n<td style=\"width: 54.00pt\" width=\"72\">V\u00e4rivaihtoehdot<\/td>\n<td style=\"width: 54.00pt\" width=\"72\">K\u00e4ytt\u00f6<\/td>\n<\/tr>\n<tr style=\"height: 13.50pt\">\n<td style=\"height: 13.50pt\" height=\"18\">5 g<\/td>\n<td class=\"et2\" rowspan=\"5\">Suora reuna<\/td>\n<td class=\"et2\" rowspan=\"5\">Kierretty bambukannella<\/td>\n<td class=\"et2\" rowspan=\"5\">Kristallilasi<\/td>\n<td class=\"et2\" rowspan=\"5\">Kirkas\/Huurrettu<\/td>\n<td class=\"et2\" rowspan=\"5\">Kasvovoide, Vartalovoide, Silm\u00e4nymp\u00e4rysvoide, Huulivoide\u2026<\/td>\n<\/tr>\n<tr style=\"height: 13.50pt\">\n<td style=\"height: 13.50pt\" height=\"18\">15 g (0,5 unssia)<\/td>\n<\/tr>\n<tr style=\"height: 13.50pt\">\n<td style=\"height: 13.50pt\" height=\"18\">30 g (1 unssi)<\/td>\n<\/tr>\n<tr style=\"height: 13.50pt\">\n<td style=\"height: 13.50pt\" height=\"18\">50 g<\/td>\n<\/tr>\n<tr style=\"height: 13.50pt\">\n<td style=\"height: 13.50pt\" height=\"18\">100 g<\/td>\n<\/tr>\n<\/tbody>\n<\/table>\n<h2><span class=\"highlights\" data-v-df95d256=\"\">Menestystarina: Luonnonmukaisen ihonhoitobr\u00e4ndin pakkausuudistus <\/span><\/h2>\n<p><span class=\"highlights\" data-v-df95d256=\"\">Ihonhoitobr\u00e4ndi tarvitsi tukkumyynniss\u00e4 olevia kosmetiikkapurkkeja kansineen uuteen luomutuotelinjaansa. R\u00e4\u00e4t\u00e4l\u00f6imme 30 gramman lasiset meikkipurkit bambukansilla ja himme\u00e4ll\u00e4 pinnalla vastaamaan heid\u00e4n ymp\u00e4rist\u00f6yst\u00e4v\u00e4llist\u00e4 tyyli\u00e4\u00e4n. Tulos? Kosmetiikkapakkausten myynti kasvoi 200 % ja hienojakoista sumutetta kehuttiin 4,8 t\u00e4hden arvosteluissa.\u00a0<\/span><\/p>","protected":false},"excerpt":{"rendered":"<p>Kest\u00e4v\u00e4t, muokattavat ja ymp\u00e4rist\u00f6yst\u00e4v\u00e4lliset tukkumyyntiin tarkoitetut kosmetiikkapurkit kansilla. Ihanteellinen ihonhoidon pakkaamiseen ja irtotilauksiin. Valmis l\u00e4hetett\u00e4v\u00e4ksi.<\/p>","protected":false},"featured_media":4651,"comment_status":"open","ping_status":"closed","template":"","meta":{"_acf_changed":false,"site-sidebar-layout":"default","site-content-layout":"","ast-site-content-layout":"default","site-content-style":"default","site-sidebar-style":"default","ast-global-header-display":"","ast-banner-title-visibility":"","ast-main-header-display":"","ast-hfb-above-header-display":"","ast-hfb-below-header-display":"","ast-hfb-mobile-header-display":"","site-post-title":"","ast-breadcrumbs-content":"","ast-featured-img":"","footer-sml-layout":"","ast-disable-related-posts":"","theme-transparent-header-meta":"default","adv-header-id-meta":"","stick-header-meta":"","header-above-stick-meta":"","header-main-stick-meta":"","header-below-stick-meta":"","astra-migrate-meta-layouts":"set","ast-page-background-enabled":"default","ast-page-background-meta":{"desktop":{"background-color":"var(--ast-global-color-5)","background-image":"","background-repeat":"repeat","background-position":"center center","background-size":"auto","background-attachment":"scroll","background-type":"","background-media":"","overlay-type":"","overlay-color":"","overlay-opacity":"","overlay-gradient":""},"tablet":{"background-color":"","background-image":"","background-repeat":"repeat","background-position":"center center","background-size":"auto","background-attachment":"scroll","background-type":"","background-media":"","overlay-type":"","overlay-color":"","overlay-opacity":"","overlay-gradient":""},"mobile":{"background-color":"","background-image":"","background-repeat":"repeat","background-position":"center center","background-size":"auto","background-attachment":"scroll","background-type":"","background-media":"","overlay-type":"","overlay-color":"","overlay-opacity":"","overlay-gradient":""}},"ast-content-background-meta":{"desktop":{"background-color":"var(--ast-global-color-4)","background-image":"","background-repeat":"repeat","background-position":"center center","background-size":"auto","background-attachment":"scroll","background-type":"","background-media":"","overlay-type":"","overlay-color":"","overlay-opacity":"","overlay-gradient":""},"tablet":{"background-color":"var(--ast-global-color-4)","background-image":"","background-repeat":"repeat","background-position":"center center","background-size":"auto","background-attachment":"scroll","background-type":"","background-media":"","overlay-type":"","overlay-color":"","overlay-opacity":"","overlay-gradient":""},"mobile":{"background-color":"var(--ast-global-color-4)","background-image":"","background-repeat":"repeat","background-position":"center center","background-size":"auto","background-attachment":"scroll","background-type":"","background-media":"","overlay-type":"","overlay-color":"","overlay-opacity":"","overlay-gradient":""}}},"product_brand":[],"product_cat":[72,62,56],"product_tag":[137,136],"class_list":{"0":"post-4650","1":"product","2":"type-product","3":"status-publish","4":"has-post-thumbnail","6":"product_cat-cosmetic-packaging","7":"product_cat-cosmetic-containers","8":"product_cat-cosmetic-jars","9":"product_tag-glass-makeup-jars","10":"product_tag-wholesale-cosmetic-jars-with-lids","11":"desktop-align-left","12":"tablet-align-left","13":"mobile-align-left","15":"first","16":"instock","17":"shipping-taxable","18":"product-type-simple"},"acf":[],"jetpack_sharing_enabled":true,"_links":{"self":[{"href":"https:\/\/theperfumebottles.com\/fi\/wp-json\/wp\/v2\/product\/4650","targetHints":{"allow":["GET"]}}],"collection":[{"href":"https:\/\/theperfumebottles.com\/fi\/wp-json\/wp\/v2\/product"}],"about":[{"href":"https:\/\/theperfumebottles.com\/fi\/wp-json\/wp\/v2\/types\/product"}],"replies":[{"embeddable":true,"href":"https:\/\/theperfumebottles.com\/fi\/wp-json\/wp\/v2\/comments?post=4650"}],"wp:featuredmedia":[{"embeddable":true,"href":"https:\/\/theperfumebottles.com\/fi\/wp-json\/wp\/v2\/media\/4651"}],"wp:attachment":[{"href":"https:\/\/theperfumebottles.com\/fi\/wp-json\/wp\/v2\/media?parent=4650"}],"wp:term":[{"taxonomy":"product_brand","embeddable":true,"href":"https:\/\/theperfumebottles.com\/fi\/wp-json\/wp\/v2\/product_brand?post=4650"},{"taxonomy":"product_cat","embeddable":true,"href":"https:\/\/theperfumebottles.com\/fi\/wp-json\/wp\/v2\/product_cat?post=4650"},{"taxonomy":"product_tag","embeddable":true,"href":"https:\/\/theperfumebottles.com\/fi\/wp-json\/wp\/v2\/product_tag?post=4650"}],"curies":[{"name":"wp","href":"https:\/\/api.w.org\/{rel}","templated":true}]}}