{"id":4655,"date":"2025-07-18T17:51:02","date_gmt":"2025-07-18T09:51:02","guid":{"rendered":"https:\/\/theperfumebottles.com\/?post_type=product&#038;p=4655"},"modified":"2025-08-01T09:51:27","modified_gmt":"2025-08-01T01:51:27","slug":"lotion-glass-jars-cosmetic-makeup-jars-wholesale","status":"publish","type":"product","link":"https:\/\/theperfumebottles.com\/fi\/tuote\/lotion-glass-jars-cosmetic-makeup-jars-wholesale\/","title":{"rendered":"5g 10g 15g 30g 50g 60g 100g 120g 250g Voidelasipurkit \u2013 Kosmeettisten meikkipurkkien tukkumyynti"},"content":{"rendered":"<p><span class=\"highlights\" data-v-df95d256=\"\">Tarvitsetko lasisia meikkipurkkeja, jotka yhdist\u00e4v\u00e4t kest\u00e4v\u00e4n kehityksen ja kauneuspakkaukset? N\u00e4m\u00e4 voidelasipurkit on suunniteltu ihonhoitobr\u00e4ndeille, jotka valmistavat kasvovoiteita, vartalovoiteita tai silm\u00e4nymp\u00e4rysvoiteita. Kosmetiikkapakkaustarvikkeiden toimittajana tarjoamme lasiastioita, joissa on hienojakoinen pinta ja jotka ovat valmiita toimitettavaksi irtotavarana. Etsitp\u00e4 sitten kosmetiikkapakkauksia pakkaussuunnitteluun tai tukkumyyntiratkaisuja, t\u00e4m\u00e4 tuote her\u00e4tt\u00e4\u00e4 luottamusta kosmetiikkapakkauksiisi.<\/span><\/p>\n<h2 data-spm-anchor-id=\"5176.28103460.0.i21.29ab1db8HEnSHX\"><strong data-spm-anchor-id=\"5176.28103460.0.i22.29ab1db8HEnSHX\">T\u00e4rkeimm\u00e4t tekniset tiedot<\/strong><\/h2>\n<table style=\"margin-left: auto;margin-right: auto;border-collapse: collapse;width: 80%\" border=\"0\" width=\"432\" cellspacing=\"0\" cellpadding=\"0\">\n<tbody>\n<tr style=\"height: 13.50pt\">\n<td style=\"height: 13.50pt;width: 54.00pt\" width=\"72\" height=\"18\">Kapasiteetti<\/td>\n<td style=\"width: 54.00pt\" width=\"72\">Muoto<\/td>\n<td style=\"width: 54.00pt\" width=\"72\">Tiivistysmenetelm\u00e4<\/td>\n<td style=\"width: 54.00pt\" width=\"72\">Materiaali<\/td>\n<td style=\"width: 54.00pt\" width=\"72\">V\u00e4ri<\/td>\n<td style=\"width: 54.00pt\" width=\"72\">K\u00e4ytt\u00f6tapaus<\/td>\n<\/tr>\n<tr style=\"height: 13.50pt\">\n<td style=\"height: 13.50pt\" height=\"18\">5 g 10 g 15 g 30 g 50 g 60 g 100 g 120 g 250 g<\/td>\n<td>Suorasivuinen<\/td>\n<td>Kierteitetty (muovi\/metalli), tarpeen mukaan<\/td>\n<td>Kristallilasi<\/td>\n<td>Huurteinen, r\u00e4\u00e4t\u00e4l\u00f6ity..<\/td>\n<td>Silm\u00e4nymp\u00e4rysvoide, -voide\u2026<\/td>\n<\/tr>\n<\/tbody>\n<\/table>\n<h2><span class=\"highlights\" data-v-df95d256=\"\">Menestystarina: Luonnonmukaisen ihonhoitobr\u00e4ndin pakkausuudistus <\/span><\/h2>\n<p><span class=\"highlights\" data-v-df95d256=\"\">Ihonhoitobr\u00e4ndi tarvitsi lasipurkkeja voideille uuteen luomutuotesarjaansa. R\u00e4\u00e4t\u00e4l\u00f6imme 100 gramman lasiset meikkipurkit mustilla muovikorkeilla ja himme\u00e4ll\u00e4 pinnalla vastaamaan heid\u00e4n ymp\u00e4rist\u00f6yst\u00e4v\u00e4llist\u00e4 tyyli\u00e4\u00e4n. Tulos? Kosmetiikkapakkausten myynti kasvoi 250 % ja hienojakoista sumutetta kehuttiin viiden t\u00e4hden arvosteluissa.<\/span><\/p>","protected":false},"excerpt":{"rendered":"<p>Kest\u00e4v\u00e4t, muokattavat ja ymp\u00e4rist\u00f6yst\u00e4v\u00e4lliset voidepurkit kosmetiikkapakkauksiin. Ihanteellinen ihonhoitotuotteille ja valmis l\u00e4hetett\u00e4v\u00e4ksi irtotavarana.<\/p>","protected":false},"featured_media":4659,"comment_status":"open","ping_status":"closed","template":"","meta":{"_acf_changed":false,"site-sidebar-layout":"default","site-content-layout":"","ast-site-content-layout":"default","site-content-style":"default","site-sidebar-style":"default","ast-global-header-display":"","ast-banner-title-visibility":"","ast-main-header-display":"","ast-hfb-above-header-display":"","ast-hfb-below-header-display":"","ast-hfb-mobile-header-display":"","site-post-title":"","ast-breadcrumbs-content":"","ast-featured-img":"","footer-sml-layout":"","ast-disable-related-posts":"","theme-transparent-header-meta":"default","adv-header-id-meta":"","stick-header-meta":"","header-above-stick-meta":"","header-main-stick-meta":"","header-below-stick-meta":"","astra-migrate-meta-layouts":"set","ast-page-background-enabled":"default","ast-page-background-meta":{"desktop":{"background-color":"var(--ast-global-color-5)","background-image":"","background-repeat":"repeat","background-position":"center center","background-size":"auto","background-attachment":"scroll","background-type":"","background-media":"","overlay-type":"","overlay-color":"","overlay-opacity":"","overlay-gradient":""},"tablet":{"background-color":"","background-image":"","background-repeat":"repeat","background-position":"center center","background-size":"auto","background-attachment":"scroll","background-type":"","background-media":"","overlay-type":"","overlay-color":"","overlay-opacity":"","overlay-gradient":""},"mobile":{"background-color":"","background-image":"","background-repeat":"repeat","background-position":"center center","background-size":"auto","background-attachment":"scroll","background-type":"","background-media":"","overlay-type":"","overlay-color":"","overlay-opacity":"","overlay-gradient":""}},"ast-content-background-meta":{"desktop":{"background-color":"var(--ast-global-color-4)","background-image":"","background-repeat":"repeat","background-position":"center center","background-size":"auto","background-attachment":"scroll","background-type":"","background-media":"","overlay-type":"","overlay-color":"","overlay-opacity":"","overlay-gradient":""},"tablet":{"background-color":"var(--ast-global-color-4)","background-image":"","background-repeat":"repeat","background-position":"center center","background-size":"auto","background-attachment":"scroll","background-type":"","background-media":"","overlay-type":"","overlay-color":"","overlay-opacity":"","overlay-gradient":""},"mobile":{"background-color":"var(--ast-global-color-4)","background-image":"","background-repeat":"repeat","background-position":"center center","background-size":"auto","background-attachment":"scroll","background-type":"","background-media":"","overlay-type":"","overlay-color":"","overlay-opacity":"","overlay-gradient":""}}},"product_brand":[],"product_cat":[72,62,56],"product_tag":[137,120],"class_list":{"0":"post-4655","1":"product","2":"type-product","3":"status-publish","4":"has-post-thumbnail","6":"product_cat-cosmetic-packaging","7":"product_cat-cosmetic-containers","8":"product_cat-cosmetic-jars","9":"product_tag-glass-makeup-jars","10":"product_tag-lotion-glass-jar","11":"desktop-align-left","12":"tablet-align-left","13":"mobile-align-left","15":"first","16":"instock","17":"shipping-taxable","18":"product-type-simple"},"acf":[],"jetpack_sharing_enabled":true,"_links":{"self":[{"href":"https:\/\/theperfumebottles.com\/fi\/wp-json\/wp\/v2\/product\/4655","targetHints":{"allow":["GET"]}}],"collection":[{"href":"https:\/\/theperfumebottles.com\/fi\/wp-json\/wp\/v2\/product"}],"about":[{"href":"https:\/\/theperfumebottles.com\/fi\/wp-json\/wp\/v2\/types\/product"}],"replies":[{"embeddable":true,"href":"https:\/\/theperfumebottles.com\/fi\/wp-json\/wp\/v2\/comments?post=4655"}],"wp:featuredmedia":[{"embeddable":true,"href":"https:\/\/theperfumebottles.com\/fi\/wp-json\/wp\/v2\/media\/4659"}],"wp:attachment":[{"href":"https:\/\/theperfumebottles.com\/fi\/wp-json\/wp\/v2\/media?parent=4655"}],"wp:term":[{"taxonomy":"product_brand","embeddable":true,"href":"https:\/\/theperfumebottles.com\/fi\/wp-json\/wp\/v2\/product_brand?post=4655"},{"taxonomy":"product_cat","embeddable":true,"href":"https:\/\/theperfumebottles.com\/fi\/wp-json\/wp\/v2\/product_cat?post=4655"},{"taxonomy":"product_tag","embeddable":true,"href":"https:\/\/theperfumebottles.com\/fi\/wp-json\/wp\/v2\/product_tag?post=4655"}],"curies":[{"name":"wp","href":"https:\/\/api.w.org\/{rel}","templated":true}]}}