{"id":4660,"date":"2025-07-18T17:50:16","date_gmt":"2025-07-18T09:50:16","guid":{"rendered":"https:\/\/theperfumebottles.com\/?post_type=product&#038;p=4660"},"modified":"2025-08-01T09:48:21","modified_gmt":"2025-08-01T01:48:21","slug":"1-oz-makeup-containers-wholesale-skincare-packaging","status":"publish","type":"product","link":"https:\/\/theperfumebottles.com\/fi\/tuote\/1-oz-makeup-containers-wholesale-skincare-packaging\/","title":{"rendered":"1 unssin meikkirasiat \u2013 ihonhoitotuotteiden tukkumyyntipakkaukset"},"content":{"rendered":"<p><span class=\"highlights\" data-v-df95d256=\"\">Etsitk\u00f6 tukkumyyntiin ihonhoitotuotteita, jotka yhdist\u00e4v\u00e4t kauneuspakkaukset ymp\u00e4rist\u00f6yst\u00e4v\u00e4lliseen muotoiluun? N\u00e4m\u00e4 28 g:n meikkipurkit on suunniteltu ihonhoitobr\u00e4ndeille, jotka etsiv\u00e4t erottuvia kosmetiikkapakkaustarvikkeita. Pakkaatpa sitten voidetta, kasvovoidetta tai silm\u00e4nymp\u00e4rysseerumia, n\u00e4m\u00e4 lasipurkit yhdist\u00e4v\u00e4t hienojakoisen, sumua muistuttavan pinnan ja toimitusvalmiin tehokkuuden. T\u00e4ydelliset irtotavarana pakkaamiseen, ne ovat salainen aseesi asiakasuskollisuuden her\u00e4tt\u00e4miseksi ja kotisivujesi tarjonnan parantamiseksi.<\/span><\/p>\n<h2><span class=\"highlights\" data-v-df95d256=\"\">T\u00e4rkeimm\u00e4t tekniset tiedot<\/span><\/h2>\n<table style=\"border-collapse: collapse;width: 80%;height: 21px;margin-left: auto;margin-right: auto\" border=\"0\" width=\"432\" cellspacing=\"0\" cellpadding=\"0\">\n<tbody>\n<tr style=\"height: 13.50pt\">\n<td style=\"height: 13.50pt;width: 54.00pt\" width=\"72\" height=\"18\">Kapasiteetti<\/td>\n<td style=\"width: 54.00pt\" width=\"72\">Muoto<\/td>\n<td style=\"width: 54.00pt\" width=\"72\">Tiivistysmenetelm\u00e4t<\/td>\n<td style=\"width: 54.00pt\" width=\"72\">Materiaali<\/td>\n<td style=\"width: 54.00pt\" width=\"72\">V\u00e4rivaihtoehdot<\/td>\n<td style=\"width: 54.00pt\" width=\"72\">K\u00e4ytt\u00f6<\/td>\n<\/tr>\n<tr style=\"height: 13.50pt\">\n<td style=\"height: 13.50pt\" height=\"18\">30 g (1 unssi)<\/td>\n<td>Suora reuna<\/td>\n<td>Kierretty bambukannella<\/td>\n<td>Kristallilasi<\/td>\n<td>Himme\u00e4<\/td>\n<td>Kasvovoide, vartalovoide, silm\u00e4nymp\u00e4rysvoide, huulivoide\u2026<\/td>\n<\/tr>\n<\/tbody>\n<\/table>\n<h2><span class=\"highlights\" data-v-df95d256=\"\">Menestystapaus: Puhtaan kauneuden br\u00e4ndin pakkausmuodonmuutos <\/span><\/h2>\n<p><span class=\"highlights\" data-v-df95d256=\"\">Ihonhoitoalan startup-yritys tarvitsi 28 gramman (n. 30 g) meikkipurkkeja uuteen luomukosmetiikkasarjaansa. R\u00e4\u00e4t\u00e4l\u00f6imme lasipurkit bambukansilla ja himme\u00e4ll\u00e4 pinnalla vastaamaan heid\u00e4n ymp\u00e4rist\u00f6yst\u00e4v\u00e4llist\u00e4 ajattelutapaansa. Tuloksena? Ihonhoitopakkausten tukkumyynti kasvoi 300 % ja hienojakoista koostumusta ylist\u00e4vi\u00e4 arvosteluja.\u00a0<\/span><\/p>","protected":false},"excerpt":{"rendered":"<p>Kest\u00e4v\u00e4t 28 g:n meikkipurkit ihonhoidon tukkumyyntipakkauksiin. Mattapintaiset lasipurkit bambukorkeilla, valmiit toimitettavaksi ja t\u00e4ysin muokattavissa.<\/p>","protected":false},"featured_media":4661,"comment_status":"open","ping_status":"closed","template":"","meta":{"_acf_changed":false,"site-sidebar-layout":"default","site-content-layout":"","ast-site-content-layout":"default","site-content-style":"default","site-sidebar-style":"default","ast-global-header-display":"","ast-banner-title-visibility":"","ast-main-header-display":"","ast-hfb-above-header-display":"","ast-hfb-below-header-display":"","ast-hfb-mobile-header-display":"","site-post-title":"","ast-breadcrumbs-content":"","ast-featured-img":"","footer-sml-layout":"","ast-disable-related-posts":"","theme-transparent-header-meta":"default","adv-header-id-meta":"","stick-header-meta":"","header-above-stick-meta":"","header-main-stick-meta":"","header-below-stick-meta":"","astra-migrate-meta-layouts":"set","ast-page-background-enabled":"default","ast-page-background-meta":{"desktop":{"background-color":"var(--ast-global-color-5)","background-image":"","background-repeat":"repeat","background-position":"center center","background-size":"auto","background-attachment":"scroll","background-type":"","background-media":"","overlay-type":"","overlay-color":"","overlay-opacity":"","overlay-gradient":""},"tablet":{"background-color":"","background-image":"","background-repeat":"repeat","background-position":"center center","background-size":"auto","background-attachment":"scroll","background-type":"","background-media":"","overlay-type":"","overlay-color":"","overlay-opacity":"","overlay-gradient":""},"mobile":{"background-color":"","background-image":"","background-repeat":"repeat","background-position":"center center","background-size":"auto","background-attachment":"scroll","background-type":"","background-media":"","overlay-type":"","overlay-color":"","overlay-opacity":"","overlay-gradient":""}},"ast-content-background-meta":{"desktop":{"background-color":"var(--ast-global-color-4)","background-image":"","background-repeat":"repeat","background-position":"center center","background-size":"auto","background-attachment":"scroll","background-type":"","background-media":"","overlay-type":"","overlay-color":"","overlay-opacity":"","overlay-gradient":""},"tablet":{"background-color":"var(--ast-global-color-4)","background-image":"","background-repeat":"repeat","background-position":"center center","background-size":"auto","background-attachment":"scroll","background-type":"","background-media":"","overlay-type":"","overlay-color":"","overlay-opacity":"","overlay-gradient":""},"mobile":{"background-color":"var(--ast-global-color-4)","background-image":"","background-repeat":"repeat","background-position":"center center","background-size":"auto","background-attachment":"scroll","background-type":"","background-media":"","overlay-type":"","overlay-color":"","overlay-opacity":"","overlay-gradient":""}}},"product_brand":[],"product_cat":[72,62,56],"product_tag":[139,138],"class_list":{"0":"post-4660","1":"product","2":"type-product","3":"status-publish","4":"has-post-thumbnail","6":"product_cat-cosmetic-packaging","7":"product_cat-cosmetic-containers","8":"product_cat-cosmetic-jars","9":"product_tag-1-oz-makeup-containers","10":"product_tag-wholesale-skincare-packaging","11":"desktop-align-left","12":"tablet-align-left","13":"mobile-align-left","15":"first","16":"instock","17":"shipping-taxable","18":"product-type-simple"},"acf":[],"jetpack_sharing_enabled":true,"_links":{"self":[{"href":"https:\/\/theperfumebottles.com\/fi\/wp-json\/wp\/v2\/product\/4660","targetHints":{"allow":["GET"]}}],"collection":[{"href":"https:\/\/theperfumebottles.com\/fi\/wp-json\/wp\/v2\/product"}],"about":[{"href":"https:\/\/theperfumebottles.com\/fi\/wp-json\/wp\/v2\/types\/product"}],"replies":[{"embeddable":true,"href":"https:\/\/theperfumebottles.com\/fi\/wp-json\/wp\/v2\/comments?post=4660"}],"wp:featuredmedia":[{"embeddable":true,"href":"https:\/\/theperfumebottles.com\/fi\/wp-json\/wp\/v2\/media\/4661"}],"wp:attachment":[{"href":"https:\/\/theperfumebottles.com\/fi\/wp-json\/wp\/v2\/media?parent=4660"}],"wp:term":[{"taxonomy":"product_brand","embeddable":true,"href":"https:\/\/theperfumebottles.com\/fi\/wp-json\/wp\/v2\/product_brand?post=4660"},{"taxonomy":"product_cat","embeddable":true,"href":"https:\/\/theperfumebottles.com\/fi\/wp-json\/wp\/v2\/product_cat?post=4660"},{"taxonomy":"product_tag","embeddable":true,"href":"https:\/\/theperfumebottles.com\/fi\/wp-json\/wp\/v2\/product_tag?post=4660"}],"curies":[{"name":"wp","href":"https:\/\/api.w.org\/{rel}","templated":true}]}}