{"id":4670,"date":"2025-07-18T17:54:50","date_gmt":"2025-07-18T09:54:50","guid":{"rendered":"https:\/\/theperfumebottles.com\/?post_type=product&#038;p=4670"},"modified":"2025-07-18T17:54:51","modified_gmt":"2025-07-18T09:54:51","slug":"wholesale-beauty-containers-cosmetic-glass-jar-lotion","status":"publish","type":"product","link":"https:\/\/theperfumebottles.com\/fi\/tuote\/wholesale-beauty-containers-cosmetic-glass-jar-lotion\/","title":{"rendered":"5g 10g 15g 30g 50g 60g Tukkumyynti kauneusastiat \u2013 Kosmeettinen lasipurkkivoide"},"content":{"rendered":"<p><span class=\"highlights\" data-v-df95d256=\"\">Etsitk\u00f6 tukkumyynnist\u00e4 saatavia kauneusastioita, jotka yhdist\u00e4v\u00e4t kosmetiikkapakkausten tyylikkyyden k\u00e4yt\u00e4nn\u00f6llisyyteen? N\u00e4m\u00e4 voidepurkit on suunniteltu ihonhoitobr\u00e4ndeille, jotka tarvitsevat kosmetiikkapakkauksia, jotka suojaavat herkki\u00e4 ainesosia ja nostavat kauneuspakkausten tasoa uudelle tasolle. 5\u201360 gramman tilavuusvaihtoehdoilla, UV-suojaa tarjoavalla meripihkanv\u00e4risell\u00e4 lasilla ja muovi-\/metallikierteill\u00e4 varustetuilla korkeilla ne ovat salainen aseesi asiakasuskollisuuden her\u00e4tt\u00e4miseksi.<\/span><\/p>\n<h2><span class=\"highlights\" data-v-df95d256=\"\">T\u00e4rkeimm\u00e4t tekniset tiedot<\/span><\/h2>\n<table style=\"border-collapse: collapse;width: 1086px;height: 218px;margin-left: 120px\" border=\"0\" width=\"432\" cellspacing=\"0\" cellpadding=\"0\">\n<tbody>\n<tr style=\"height: 13.50pt\">\n<td style=\"height: 13.50pt;width: 54.00pt\" width=\"72\" height=\"18\">Kapasiteetti<\/td>\n<td style=\"width: 54.00pt\" width=\"72\">Muoto<\/td>\n<td style=\"width: 54.00pt\" width=\"72\">Tiivistysmenetelm\u00e4<\/td>\n<td style=\"width: 54.00pt\" width=\"72\">Materiaali<\/td>\n<td style=\"width: 54.00pt\" width=\"72\">V\u00e4ri<\/td>\n<td style=\"width: 54.00pt\" width=\"72\">K\u00e4ytt\u00f6tapaus<\/td>\n<\/tr>\n<tr style=\"height: 13.50pt\">\n<td style=\"height: 13.50pt\" height=\"18\">5 g<\/td>\n<td>Suora reuna<\/td>\n<td>Kierteinen (muovi\/metalli)<\/td>\n<td>Lasi<\/td>\n<td>Keltainen<\/td>\n<td>N\u00e4yte kasvovoiteesta<\/td>\n<\/tr>\n<tr style=\"height: 13.50pt\">\n<td style=\"height: 13.50pt\" height=\"18\">10 g<\/td>\n<td>Suora reuna<\/td>\n<td>Kierteinen (muovi\/metalli)<\/td>\n<td>Lasi<\/td>\n<td>Keltainen<\/td>\n<td>Mini-vartalovoide<\/td>\n<\/tr>\n<tr style=\"height: 13.50pt\">\n<td style=\"height: 13.50pt\" height=\"18\">15 g (0,5 unssia)<\/td>\n<td>Suora reuna<\/td>\n<td>Kierteinen (muovi\/metalli)<\/td>\n<td>Lasi<\/td>\n<td>Keltainen<\/td>\n<td>Matkakokoinen silm\u00e4nymp\u00e4rysseerumi<\/td>\n<\/tr>\n<tr style=\"height: 13.50pt\">\n<td style=\"height: 13.50pt\" height=\"18\">30 g (1 unssi)<\/td>\n<td>Suora reuna<\/td>\n<td>Kierteinen (muovi\/metalli)<\/td>\n<td>Lasi<\/td>\n<td>Keltainen<\/td>\n<td>Standard-kasvovoide<\/td>\n<\/tr>\n<tr style=\"height: 13.50pt\">\n<td style=\"height: 13.50pt\" height=\"18\">50 g<\/td>\n<td>Suora reuna<\/td>\n<td>Kierteinen (muovi\/metalli)<\/td>\n<td>Lasi<\/td>\n<td>Keltainen<\/td>\n<td>T\u00e4ysikokoinen vartalovoide<\/td>\n<\/tr>\n<tr style=\"height: 13.50pt\">\n<td style=\"height: 13.50pt\" height=\"18\">60 g (2 unssia)<\/td>\n<td>Suora reuna<\/td>\n<td>Kierteinen (muovi\/metalli)<\/td>\n<td>Lasi<\/td>\n<td>Meripihka (mukautettu)<\/td>\n<td>Luksusseerumi tai l\u00e4\u00e4kevoide<\/td>\n<\/tr>\n<\/tbody>\n<\/table>\n<p>&nbsp;<\/p>\n<h2><span class=\"highlights\" data-v-df95d256=\"\">Menestystarina: Ihonhoitobr\u00e4ndin luksuspakkausten muutos <\/span><\/h2>\n<p><span class=\"highlights\" data-v-df95d256=\"\">Ihonhoitoalan startup-yritys tarvitsi voidepurkkeja uuteen hienojakoiseen sumutukseen tarkoitettujen kosmeettisten seerumien sarjaansa. R\u00e4\u00e4t\u00e4l\u00f6imme 30 gramman meripihkanv\u00e4riset purkit, joissa oli metallikorkit ja mattapintaiset etiketit. Lopputulos? Kauneuspurkkien tukkumyynti kasvoi 400 %, ja ylellisest\u00e4 tunnelmasta saatiin ylist\u00e4vi\u00e4 arvosteluja. Vinkki: Kun purkki n\u00e4ytt\u00e4\u00e4 kylpyl\u00e4matkamuistolta, asiakkaat eiv\u00e4t halua l\u00e4hte\u00e4.<\/span><\/p>\n<h2><span class=\"highlights\" data-v-df95d256=\"\">Br\u00e4ndisi mukauttamisvinkkej\u00e4 <\/span><\/h2>\n<ul>\n<li><span class=\"highlights\" data-v-df95d256=\"\"><strong>V\u00e4ri ja viimeistely:<\/strong> K\u00e4yt\u00e4 meripihkaa UV-suojan saamiseksi tai lis\u00e4\u00e4 himme\u00e4\u00e4 lasia hienojakoisen usvamaisen koostumuksen aikaansaamiseksi. <\/span><\/li>\n<li><span class=\"highlights\" data-v-df95d256=\"\"><strong>Kansivaihtoehdot:<\/strong> Valitse metalli ensiluokkaista kauneuspakkaustunnelmaa varten tai muovi kustannustehokasta irtopakkausta varten.<\/span><\/li>\n<li><span class=\"highlights\" data-v-df95d256=\"\"><strong>Tarran suunnittelu:<\/strong> K\u00e4yt\u00e4 minimalistisia fontteja kosmetiikkapakkaustarvikkeille, jotka kuiskaavat eleganssia, tai rohkeita fontteja n\u00e4ytt\u00e4ville purkeille.<\/span><\/li>\n<\/ul>","protected":false},"excerpt":{"rendered":"<p>Kest\u00e4v\u00e4t meripihkanv\u00e4riset lasipurkit voidepurkeille tukkumyynnist\u00e4. T\u00e4ydellinen ihonhoitobr\u00e4ndeille, jotka etsiv\u00e4t ymp\u00e4rist\u00f6yst\u00e4v\u00e4llisi\u00e4, muokattavia tukkumyyntipakkauksia kauneudenhoitotuotteille.<\/p>","protected":false},"featured_media":4671,"comment_status":"open","ping_status":"closed","template":"","meta":{"_acf_changed":false,"site-sidebar-layout":"default","site-content-layout":"","ast-site-content-layout":"default","site-content-style":"default","site-sidebar-style":"default","ast-global-header-display":"","ast-banner-title-visibility":"","ast-main-header-display":"","ast-hfb-above-header-display":"","ast-hfb-below-header-display":"","ast-hfb-mobile-header-display":"","site-post-title":"","ast-breadcrumbs-content":"","ast-featured-img":"","footer-sml-layout":"","ast-disable-related-posts":"","theme-transparent-header-meta":"default","adv-header-id-meta":"","stick-header-meta":"","header-above-stick-meta":"","header-main-stick-meta":"","header-below-stick-meta":"","astra-migrate-meta-layouts":"set","ast-page-background-enabled":"default","ast-page-background-meta":{"desktop":{"background-color":"var(--ast-global-color-5)","background-image":"","background-repeat":"repeat","background-position":"center center","background-size":"auto","background-attachment":"scroll","background-type":"","background-media":"","overlay-type":"","overlay-color":"","overlay-opacity":"","overlay-gradient":""},"tablet":{"background-color":"","background-image":"","background-repeat":"repeat","background-position":"center center","background-size":"auto","background-attachment":"scroll","background-type":"","background-media":"","overlay-type":"","overlay-color":"","overlay-opacity":"","overlay-gradient":""},"mobile":{"background-color":"","background-image":"","background-repeat":"repeat","background-position":"center center","background-size":"auto","background-attachment":"scroll","background-type":"","background-media":"","overlay-type":"","overlay-color":"","overlay-opacity":"","overlay-gradient":""}},"ast-content-background-meta":{"desktop":{"background-color":"var(--ast-global-color-4)","background-image":"","background-repeat":"repeat","background-position":"center center","background-size":"auto","background-attachment":"scroll","background-type":"","background-media":"","overlay-type":"","overlay-color":"","overlay-opacity":"","overlay-gradient":""},"tablet":{"background-color":"var(--ast-global-color-4)","background-image":"","background-repeat":"repeat","background-position":"center center","background-size":"auto","background-attachment":"scroll","background-type":"","background-media":"","overlay-type":"","overlay-color":"","overlay-opacity":"","overlay-gradient":""},"mobile":{"background-color":"var(--ast-global-color-4)","background-image":"","background-repeat":"repeat","background-position":"center center","background-size":"auto","background-attachment":"scroll","background-type":"","background-media":"","overlay-type":"","overlay-color":"","overlay-opacity":"","overlay-gradient":""}}},"product_brand":[],"product_cat":[56,72,62],"product_tag":[145,142],"class_list":{"0":"post-4670","1":"product","2":"type-product","3":"status-publish","4":"has-post-thumbnail","6":"product_cat-cosmetic-jars","7":"product_cat-cosmetic-packaging","8":"product_cat-cosmetic-containers","9":"product_tag-cosmetic-cream-containers","10":"product_tag-wholesale-beauty-containers","11":"desktop-align-left","12":"tablet-align-left","13":"mobile-align-left","15":"first","16":"instock","17":"shipping-taxable","18":"product-type-simple"},"acf":[],"jetpack_sharing_enabled":true,"_links":{"self":[{"href":"https:\/\/theperfumebottles.com\/fi\/wp-json\/wp\/v2\/product\/4670","targetHints":{"allow":["GET"]}}],"collection":[{"href":"https:\/\/theperfumebottles.com\/fi\/wp-json\/wp\/v2\/product"}],"about":[{"href":"https:\/\/theperfumebottles.com\/fi\/wp-json\/wp\/v2\/types\/product"}],"replies":[{"embeddable":true,"href":"https:\/\/theperfumebottles.com\/fi\/wp-json\/wp\/v2\/comments?post=4670"}],"wp:featuredmedia":[{"embeddable":true,"href":"https:\/\/theperfumebottles.com\/fi\/wp-json\/wp\/v2\/media\/4671"}],"wp:attachment":[{"href":"https:\/\/theperfumebottles.com\/fi\/wp-json\/wp\/v2\/media?parent=4670"}],"wp:term":[{"taxonomy":"product_brand","embeddable":true,"href":"https:\/\/theperfumebottles.com\/fi\/wp-json\/wp\/v2\/product_brand?post=4670"},{"taxonomy":"product_cat","embeddable":true,"href":"https:\/\/theperfumebottles.com\/fi\/wp-json\/wp\/v2\/product_cat?post=4670"},{"taxonomy":"product_tag","embeddable":true,"href":"https:\/\/theperfumebottles.com\/fi\/wp-json\/wp\/v2\/product_tag?post=4670"}],"curies":[{"name":"wp","href":"https:\/\/api.w.org\/{rel}","templated":true}]}}