{"id":4702,"date":"2025-07-21T17:51:13","date_gmt":"2025-07-21T09:51:13","guid":{"rendered":"https:\/\/theperfumebottles.com\/?post_type=product&#038;p=4702"},"modified":"2025-08-01T10:23:11","modified_gmt":"2025-08-01T02:23:11","slug":"empty-makeup-containers-wholesale-skincare-jars","status":"publish","type":"product","link":"https:\/\/theperfumebottles.com\/fi\/tuote\/empty-makeup-containers-wholesale-skincare-jars\/","title":{"rendered":"1oz 2oz 4oz 8oz tyhj\u00e4t meikkipurkit \u2013 Tukku ihonhoitopurkit"},"content":{"rendered":"<p><span class=\"highlights\" data-v-df95d256=\"\">Etsitk\u00f6 tyhji\u00e4 meikkiastioita, jotka yhdist\u00e4v\u00e4t tyylikkyyden ja toimivuuden? N\u00e4m\u00e4 tukkumyynnist\u00e4 saatavat ihonhoitoastiat on suunniteltu inspiroimaan kauneuspakkauksiasi. Kosmetiikkapakkaustarvikkeiden toimittajana valmistamme hopeisilla kierrekorkeilla varustettuja lasipurkkeja ihonhoitobr\u00e4ndeille, jotka tarvitsevat loistavia kosmetiikkapakkauksia. T\u00e4ydellisi\u00e4 kasvovoiteille, vartalovoiteille tai silm\u00e4nymp\u00e4rysseerumeille \u2013 ja kyll\u00e4, ne ovat valmiita l\u00e4hetett\u00e4v\u00e4ksi irtotavarana.<\/span><\/p>\n<h2><span class=\"highlights\" data-v-df95d256=\"\">T\u00e4rkeimm\u00e4t tekniset tiedot<\/span><\/h2>\n<table style=\"border-collapse: collapse;width: 80%;margin-left: auto;margin-right: auto\" border=\"0\" width=\"432\" cellspacing=\"0\" cellpadding=\"0\">\n<tbody>\n<tr style=\"height: 13.50pt\">\n<td style=\"height: 13.50pt;width: 54.00pt\" width=\"72\" height=\"18\">Kapasiteetti<\/td>\n<td style=\"width: 54.00pt\" width=\"72\">Muoto<\/td>\n<td style=\"width: 54.00pt\" width=\"72\">Tiivistysmenetelm\u00e4t<\/td>\n<td style=\"width: 54.00pt\" width=\"72\">Materiaali<\/td>\n<td style=\"width: 54.00pt\" width=\"72\">V\u00e4rivaihtoehdot<\/td>\n<td style=\"width: 54.00pt\" width=\"72\">K\u00e4ytt\u00f6<\/td>\n<\/tr>\n<tr style=\"height: 13.50pt\">\n<td style=\"height: 13.50pt\" height=\"18\">5 g<\/td>\n<td class=\"et2\" rowspan=\"8\">Lieri\u00f6m\u00e4inen<\/td>\n<td class=\"et2\" rowspan=\"8\">Kierrekorkki (muovi\/metalli)<\/td>\n<td class=\"et2\" rowspan=\"8\">Kristallilasi<\/td>\n<td class=\"et2\" rowspan=\"8\">Kirkas, keltainen, musta, vihre\u00e4, sininen, matta<\/td>\n<td class=\"et2\" rowspan=\"8\">Kasvovoide, vartalovoide, silm\u00e4nymp\u00e4rysvoide, huulivoide\u2026<\/td>\n<\/tr>\n<tr style=\"height: 13.50pt\">\n<td style=\"height: 13.50pt\" height=\"18\">15 g (0,5 unssia)<\/td>\n<\/tr>\n<tr style=\"height: 13.50pt\">\n<td style=\"height: 13.50pt\" height=\"18\">30 g (1 unssi)<\/td>\n<\/tr>\n<tr style=\"height: 13.50pt\">\n<td style=\"height: 13.50pt\" height=\"18\">50 g<\/td>\n<\/tr>\n<tr style=\"height: 13.50pt\">\n<td style=\"height: 13.50pt\" height=\"18\">60 g (2 unssia)<\/td>\n<\/tr>\n<tr style=\"height: 13.50pt\">\n<td style=\"height: 13.50pt\" height=\"18\">100 g<\/td>\n<\/tr>\n<tr style=\"height: 13.50pt\">\n<td style=\"height: 13.50pt\" height=\"18\">120 g<\/td>\n<\/tr>\n<tr style=\"height: 13.50pt\">\n<td style=\"height: 13.50pt\" height=\"18\">250 g<\/td>\n<\/tr>\n<\/tbody>\n<\/table>\n<h2><span class=\"highlights\" data-v-df95d256=\"\">Menestystarina: Luksusihonhoitobr\u00e4ndin pakkausuudistus <\/span><\/h2>\n<p><span class=\"highlights\" data-v-df95d256=\"\">Luksusluokan ihonhoitotuotelinja tarvitsi tyhji\u00e4 meikkiastioita, jotka sopisivat heid\u00e4n &#034;puhtaan ylellisyyden&#034; estetiikkaansa. Toimitimme 100 gramman meripihkanv\u00e4risi\u00e4 purkkeja, joissa oli mattamustat etiketit ja hopeiset korkit. Tulos? Ihonhoitoastioiden tukkumyynti kasvoi 250 %, ja kosmetiikkapakkausten minimalistinen muotoilu sai ylist\u00e4vi\u00e4 arvosteluja.<\/span><\/p>\n<h2>Br\u00e4ndisi mukauttamisvinkkej\u00e4<\/h2>\n<ul>\n<li><strong>V\u00e4ripsykologia:<\/strong> Sininen v\u00e4ri antaa rentouttavan vaikutuksen, joten se sopii rauhoittaviin seerumeihin; meripihka sopii erinomaisesti ik\u00e4\u00e4ntymist\u00e4 ehk\u00e4iseviin voiteisiin, sill\u00e4 se v\u00e4litt\u00e4\u00e4 l\u00e4mm\u00f6n ja palautumisen tunteen.<\/li>\n<li><strong>Etiketin asettelu:<\/strong> Valitse minimalistiset fontit tai kultafolio tyylikk\u00e4\u00e4n n\u00e4kyv\u00e4n vaikutelman aikaansaamiseksi.<\/li>\n<li><strong>Pinnan p\u00e4\u00e4ty:<\/strong> Mattapintainen p\u00e4\u00e4ty tai kaiverrettu logo parantaa pakkauksen yleist\u00e4 ensiluokkaista k\u00e4ytt\u00f6kokemusta.<\/li>\n<\/ul>","protected":false},"excerpt":{"rendered":"<p>Kest\u00e4v\u00e4t tyhj\u00e4t meikkiastiat ihonhoidon tukkupakkauksiin \u2013 r\u00e4\u00e4t\u00e4l\u00f6it\u00e4v\u00e4t kosmetiikkapakkaukset irtotavarana.<\/p>","protected":false},"featured_media":4703,"comment_status":"open","ping_status":"closed","template":"","meta":{"_acf_changed":false,"site-sidebar-layout":"default","site-content-layout":"","ast-site-content-layout":"default","site-content-style":"default","site-sidebar-style":"default","ast-global-header-display":"","ast-banner-title-visibility":"","ast-main-header-display":"","ast-hfb-above-header-display":"","ast-hfb-below-header-display":"","ast-hfb-mobile-header-display":"","site-post-title":"","ast-breadcrumbs-content":"","ast-featured-img":"","footer-sml-layout":"","ast-disable-related-posts":"","theme-transparent-header-meta":"default","adv-header-id-meta":"","stick-header-meta":"","header-above-stick-meta":"","header-main-stick-meta":"","header-below-stick-meta":"","astra-migrate-meta-layouts":"set","ast-page-background-enabled":"default","ast-page-background-meta":{"desktop":{"background-color":"var(--ast-global-color-5)","background-image":"","background-repeat":"repeat","background-position":"center center","background-size":"auto","background-attachment":"scroll","background-type":"","background-media":"","overlay-type":"","overlay-color":"","overlay-opacity":"","overlay-gradient":""},"tablet":{"background-color":"","background-image":"","background-repeat":"repeat","background-position":"center center","background-size":"auto","background-attachment":"scroll","background-type":"","background-media":"","overlay-type":"","overlay-color":"","overlay-opacity":"","overlay-gradient":""},"mobile":{"background-color":"","background-image":"","background-repeat":"repeat","background-position":"center center","background-size":"auto","background-attachment":"scroll","background-type":"","background-media":"","overlay-type":"","overlay-color":"","overlay-opacity":"","overlay-gradient":""}},"ast-content-background-meta":{"desktop":{"background-color":"var(--ast-global-color-4)","background-image":"","background-repeat":"repeat","background-position":"center center","background-size":"auto","background-attachment":"scroll","background-type":"","background-media":"","overlay-type":"","overlay-color":"","overlay-opacity":"","overlay-gradient":""},"tablet":{"background-color":"var(--ast-global-color-4)","background-image":"","background-repeat":"repeat","background-position":"center center","background-size":"auto","background-attachment":"scroll","background-type":"","background-media":"","overlay-type":"","overlay-color":"","overlay-opacity":"","overlay-gradient":""},"mobile":{"background-color":"var(--ast-global-color-4)","background-image":"","background-repeat":"repeat","background-position":"center center","background-size":"auto","background-attachment":"scroll","background-type":"","background-media":"","overlay-type":"","overlay-color":"","overlay-opacity":"","overlay-gradient":""}}},"product_brand":[],"product_cat":[72,62,56],"product_tag":[146,147],"class_list":{"0":"post-4702","1":"product","2":"type-product","3":"status-publish","4":"has-post-thumbnail","6":"product_cat-cosmetic-packaging","7":"product_cat-cosmetic-containers","8":"product_cat-cosmetic-jars","9":"product_tag-empty-makeup-containers","10":"product_tag-wholesale-skincare-containers","11":"desktop-align-left","12":"tablet-align-left","13":"mobile-align-left","15":"first","16":"instock","17":"shipping-taxable","18":"product-type-simple"},"acf":[],"jetpack_sharing_enabled":true,"_links":{"self":[{"href":"https:\/\/theperfumebottles.com\/fi\/wp-json\/wp\/v2\/product\/4702","targetHints":{"allow":["GET"]}}],"collection":[{"href":"https:\/\/theperfumebottles.com\/fi\/wp-json\/wp\/v2\/product"}],"about":[{"href":"https:\/\/theperfumebottles.com\/fi\/wp-json\/wp\/v2\/types\/product"}],"replies":[{"embeddable":true,"href":"https:\/\/theperfumebottles.com\/fi\/wp-json\/wp\/v2\/comments?post=4702"}],"wp:featuredmedia":[{"embeddable":true,"href":"https:\/\/theperfumebottles.com\/fi\/wp-json\/wp\/v2\/media\/4703"}],"wp:attachment":[{"href":"https:\/\/theperfumebottles.com\/fi\/wp-json\/wp\/v2\/media?parent=4702"}],"wp:term":[{"taxonomy":"product_brand","embeddable":true,"href":"https:\/\/theperfumebottles.com\/fi\/wp-json\/wp\/v2\/product_brand?post=4702"},{"taxonomy":"product_cat","embeddable":true,"href":"https:\/\/theperfumebottles.com\/fi\/wp-json\/wp\/v2\/product_cat?post=4702"},{"taxonomy":"product_tag","embeddable":true,"href":"https:\/\/theperfumebottles.com\/fi\/wp-json\/wp\/v2\/product_tag?post=4702"}],"curies":[{"name":"wp","href":"https:\/\/api.w.org\/{rel}","templated":true}]}}