{"id":4707,"date":"2025-07-21T17:54:25","date_gmt":"2025-07-21T09:54:25","guid":{"rendered":"https:\/\/theperfumebottles.com\/?post_type=product&#038;p=4707"},"modified":"2026-04-02T17:19:07","modified_gmt":"2026-04-02T09:19:07","slug":"skincare-set-50g-40ml-100ml-120ml-cosmetic-pump-bottles-wholesale","status":"publish","type":"product","link":"https:\/\/theperfumebottles.com\/fi\/tuote\/skincare-set-50g-40ml-100ml-120ml-cosmetic-pump-bottles-wholesale\/","title":{"rendered":"Ihonhoitosetti 50g 40ml 100ml 120ml Kosmeettisten pumppupullojen tukkumyynti"},"content":{"rendered":"<p><span class=\"highlights\" data-v-df95d256=\"\">Etsitk\u00f6 tyyli\u00e4 ja toimivuutta yhdist\u00e4vi\u00e4 kosmetiikkapumppupulloja? N\u00e4m\u00e4 tukkumyynnist\u00e4 saatavat ihonhoitopullot on suunniteltu inspiroimaan kauneuspakkauksiasi. Kosmetiikkapakkaustarvikkeiden toimittajana valmistamme kierrekorkeilla ja pumppukansilla varustettuja lasipulloja ihonhoitobr\u00e4ndeille, jotka tarvitsevat loistavia kosmetiikkapakkauksia. T\u00e4ydellinen kasvo\u00f6ljyille, seerumeille tai kosteusvoiteille \u2013 ja kyll\u00e4, ne ovat valmiita toimitettavaksi irtotavarana.<\/span><\/p>\n<h2><strong>T\u00e4rkeimm\u00e4t tekniset tiedot<\/strong><\/h2>\n<table style=\"border-collapse: collapse; width: 80%; margin-left: auto; margin-right: auto;\" border=\"0\" width=\"360\" cellspacing=\"0\" cellpadding=\"0\">\n<tbody>\n<tr style=\"height: 13.50pt;\">\n<td style=\"height: 13.50pt; width: 54.00pt;\" width=\"72\" height=\"18\">Kapasiteetti<\/td>\n<td style=\"width: 54.00pt;\" width=\"72\">Muoto<\/td>\n<td style=\"width: 54.00pt;\" width=\"72\">Tiivistysmenetelm\u00e4t<\/td>\n<td style=\"width: 54.00pt;\" width=\"72\">Materiaali<\/td>\n<td style=\"width: 54.00pt;\" width=\"72\">K\u00e4ytt\u00f6<\/td>\n<\/tr>\n<tr style=\"height: 13.50pt;\">\n<td style=\"height: 13.50pt;\" height=\"18\">50 g<\/td>\n<td class=\"et2\" rowspan=\"4\">Lieri\u00f6m\u00e4inen<\/td>\n<td class=\"et2\" rowspan=\"4\">Pumpun p\u00e4\u00e4\/kierrekorkki<\/td>\n<td class=\"et2\" rowspan=\"4\">Kristallilasi<\/td>\n<td class=\"et2\" rowspan=\"4\">Kasvovoide, kosmeettinen \u00f6ljy\u2026<\/td>\n<\/tr>\n<tr style=\"height: 13.50pt;\">\n<td style=\"height: 13.50pt;\" height=\"18\">40 ml<\/td>\n<\/tr>\n<tr style=\"height: 13.50pt;\">\n<td style=\"height: 13.50pt;\" height=\"18\">100 ml<\/td>\n<\/tr>\n<tr style=\"height: 13.50pt;\">\n<td style=\"height: 13.50pt;\" height=\"18\">120 ml<\/td>\n<\/tr>\n<\/tbody>\n<\/table>\n<h2><span class=\"highlights\" data-v-df95d256=\"\">Menestystarina: Luksusihonhoitobr\u00e4ndin pakkausuudistus <\/span><\/h2>\n<p><span class=\"highlights\" data-v-df95d256=\"\">Luksusihonhoitosarja tarvitsi kosmetiikkapumppupulloja, jotka sopisivat heid\u00e4n &#034;puhtaan ylellisen&#034; estetiikkaansa. Toimitimme 100 ml:n meripihkanv\u00e4risi\u00e4 pulloja, joissa oli mattamustat etiketit ja kultaiset pumppup\u00e4\u00e4t. Tulos? Ihonhoitopullojen tukkumyynti kasvoi 250 %, ja kosmetiikkapakkausten minimalistinen muotoilu sai ylist\u00e4vi\u00e4 arvosteluja.<\/span><\/p>\n<p>&nbsp;<\/p>","protected":false},"excerpt":{"rendered":"<p>Elegantit kosmetiikkapumppupullot ihonhoidon tukkumyyntipulloihin \u2013 muokattavissa olevat kauneuspakkaukset irtotavarana.<\/p>","protected":false},"featured_media":4710,"comment_status":"open","ping_status":"closed","template":"","meta":{"_acf_changed":false,"site-sidebar-layout":"default","site-content-layout":"","ast-site-content-layout":"default","site-content-style":"default","site-sidebar-style":"default","ast-global-header-display":"","ast-banner-title-visibility":"","ast-main-header-display":"","ast-hfb-above-header-display":"","ast-hfb-below-header-display":"","ast-hfb-mobile-header-display":"","site-post-title":"","ast-breadcrumbs-content":"","ast-featured-img":"","footer-sml-layout":"","ast-disable-related-posts":"","theme-transparent-header-meta":"default","adv-header-id-meta":"","stick-header-meta":"","header-above-stick-meta":"","header-main-stick-meta":"","header-below-stick-meta":"","astra-migrate-meta-layouts":"set","ast-page-background-enabled":"default","ast-page-background-meta":{"desktop":{"background-color":"var(--ast-global-color-5)","background-image":"","background-repeat":"repeat","background-position":"center center","background-size":"auto","background-attachment":"scroll","background-type":"","background-media":"","overlay-type":"","overlay-color":"","overlay-opacity":"","overlay-gradient":""},"tablet":{"background-color":"","background-image":"","background-repeat":"repeat","background-position":"center center","background-size":"auto","background-attachment":"scroll","background-type":"","background-media":"","overlay-type":"","overlay-color":"","overlay-opacity":"","overlay-gradient":""},"mobile":{"background-color":"","background-image":"","background-repeat":"repeat","background-position":"center center","background-size":"auto","background-attachment":"scroll","background-type":"","background-media":"","overlay-type":"","overlay-color":"","overlay-opacity":"","overlay-gradient":""}},"ast-content-background-meta":{"desktop":{"background-color":"var(--ast-global-color-4)","background-image":"","background-repeat":"repeat","background-position":"center center","background-size":"auto","background-attachment":"scroll","background-type":"","background-media":"","overlay-type":"","overlay-color":"","overlay-opacity":"","overlay-gradient":""},"tablet":{"background-color":"var(--ast-global-color-4)","background-image":"","background-repeat":"repeat","background-position":"center center","background-size":"auto","background-attachment":"scroll","background-type":"","background-media":"","overlay-type":"","overlay-color":"","overlay-opacity":"","overlay-gradient":""},"mobile":{"background-color":"var(--ast-global-color-4)","background-image":"","background-repeat":"repeat","background-position":"center center","background-size":"auto","background-attachment":"scroll","background-type":"","background-media":"","overlay-type":"","overlay-color":"","overlay-opacity":"","overlay-gradient":""}}},"product_brand":[],"product_cat":[236,62,72],"product_tag":[148,149],"class_list":{"0":"post-4707","1":"product","2":"type-product","3":"status-publish","4":"has-post-thumbnail","6":"product_cat-cosmetic-container-set","7":"product_cat-cosmetic-containers","8":"product_cat-cosmetic-packaging","9":"product_tag-cosmetic-pump-bottles","10":"product_tag-wholesale-skincare-bottles","11":"desktop-align-left","12":"tablet-align-left","13":"mobile-align-left","15":"first","16":"instock","17":"shipping-taxable","18":"product-type-simple"},"acf":[],"jetpack_sharing_enabled":true,"_links":{"self":[{"href":"https:\/\/theperfumebottles.com\/fi\/wp-json\/wp\/v2\/product\/4707","targetHints":{"allow":["GET"]}}],"collection":[{"href":"https:\/\/theperfumebottles.com\/fi\/wp-json\/wp\/v2\/product"}],"about":[{"href":"https:\/\/theperfumebottles.com\/fi\/wp-json\/wp\/v2\/types\/product"}],"replies":[{"embeddable":true,"href":"https:\/\/theperfumebottles.com\/fi\/wp-json\/wp\/v2\/comments?post=4707"}],"wp:featuredmedia":[{"embeddable":true,"href":"https:\/\/theperfumebottles.com\/fi\/wp-json\/wp\/v2\/media\/4710"}],"wp:attachment":[{"href":"https:\/\/theperfumebottles.com\/fi\/wp-json\/wp\/v2\/media?parent=4707"}],"wp:term":[{"taxonomy":"product_brand","embeddable":true,"href":"https:\/\/theperfumebottles.com\/fi\/wp-json\/wp\/v2\/product_brand?post=4707"},{"taxonomy":"product_cat","embeddable":true,"href":"https:\/\/theperfumebottles.com\/fi\/wp-json\/wp\/v2\/product_cat?post=4707"},{"taxonomy":"product_tag","embeddable":true,"href":"https:\/\/theperfumebottles.com\/fi\/wp-json\/wp\/v2\/product_tag?post=4707"}],"curies":[{"name":"wp","href":"https:\/\/api.w.org\/{rel}","templated":true}]}}