{"id":4717,"date":"2025-07-21T18:02:38","date_gmt":"2025-07-21T10:02:38","guid":{"rendered":"https:\/\/theperfumebottles.com\/?post_type=product&#038;p=4717"},"modified":"2026-04-02T17:12:44","modified_gmt":"2026-04-02T09:12:44","slug":"skincare-set-30ml-50ml-100ml-120ml-wholesale-cosmetic-jars-with-lids-lotion-bottles","status":"publish","type":"product","link":"https:\/\/theperfumebottles.com\/fi\/tuote\/skincare-set-30ml-50ml-100ml-120ml-wholesale-cosmetic-jars-with-lids-lotion-bottles\/","title":{"rendered":"Ihonhoitosetti 30ml 50ml 100ml 120ml Tukkumyynti Kosmetiikkapurkit Kannilla ja Voidepulloilla"},"content":{"rendered":"<p><span class=\"highlights\" data-v-df95d256=\"\">Etsitk\u00f6 lasilotionpulloja v\u00e4hitt\u00e4iskaupassa, jotka korostavat ylellisyytt\u00e4? N\u00e4m\u00e4 korkilla varustetut kosmetiikkapullot yhdist\u00e4v\u00e4t tumman lasin ja kultaisen p\u00e4\u00e4llysteen sleekkiin, moderniin suunnitteluun. I\u0434\u0435\u0430\u043b\u044c\u043d\u043e tyydytt\u00e4\u00e4 ihojenhoito-br\u00e4ndit, jotka tarvitsevat kosmetiikkapakkauksia, jotka ovat sek\u00e4 toimivia ett\u00e4 houkuttelevia. Kruhmalta serumiin, ihosihoitopakkauksesi erottuu paksuhiukkaisen ruiskun valmiina ja valmiina toimitettavia eritt\u00e4in suuria tilauksia.<\/span><\/p>\n<h2><span class=\"highlights\" data-v-df95d256=\"\">T\u00e4rkeimm\u00e4t tekniset tiedot<\/span><\/h2>\n<table style=\"border-collapse: collapse; width: 80%; margin-left: auto; margin-right: auto;\" border=\"0\" width=\"432\" cellspacing=\"0\" cellpadding=\"0\">\n<tbody>\n<tr style=\"height: 13.50pt;\">\n<td style=\"height: 13.50pt; width: 54.00pt;\" width=\"72\" height=\"18\">Kapasiteetti<\/td>\n<td style=\"width: 54.00pt;\" width=\"72\">Muoto<\/td>\n<td style=\"width: 54.00pt;\" width=\"72\">Tiivistysmenetelm\u00e4t<\/td>\n<td style=\"width: 54.00pt;\" width=\"72\">Materiaali<\/td>\n<td style=\"width: 54.00pt;\" width=\"72\">V\u00e4rivaihtoehdot<\/td>\n<td style=\"width: 54.00pt;\" width=\"72\">K\u00e4ytt\u00f6<\/td>\n<\/tr>\n<tr style=\"height: 13.50pt;\">\n<td style=\"height: 13.50pt;\" height=\"18\">30 ml<\/td>\n<td class=\"et2\" rowspan=\"4\">Suorasivuinen<\/td>\n<td class=\"et2\" rowspan=\"4\">Naula + kultainen ruuvikorkki<\/td>\n<td class=\"et2\" rowspan=\"4\">Lasi<\/td>\n<td class=\"et2\" rowspan=\"4\">Mattamusta<\/td>\n<td class=\"et2\" rowspan=\"4\">Kasvojenvoide, kosmetinen \u00f6ljy<\/td>\n<\/tr>\n<tr style=\"height: 13.50pt;\">\n<td style=\"height: 13.50pt;\" height=\"18\">50 ml<\/td>\n<\/tr>\n<tr style=\"height: 13.50pt;\">\n<td style=\"height: 13.50pt;\" height=\"18\">100 ml<\/td>\n<\/tr>\n<tr style=\"height: 13.50pt;\">\n<td style=\"height: 13.50pt;\" height=\"18\">120 ml<\/td>\n<\/tr>\n<\/tbody>\n<\/table>\n<h2><span class=\"highlights\" data-v-df95d256=\"\">Menestystapaus: Puhtaan kauneuden br\u00e4ndin pakkausmuodonmuutos <\/span><\/h2>\n<p><span class=\"highlights\" data-v-df95d256=\"\">Puhdasbeauty-alustalle tarvittiin lasilotionpulloja v\u00e4hitt\u00e4iskaupassa, jotka sopivat heid\u00e4n \"minimalistinen ylellisyys\" -henkelleen. Toimitimme 100ml tikkun\u00e4k\u00f6isi\u00e4 pulloja kultaisilla pihveill\u00e4 ja mukautetuilla valkoisilla etiketeill\u00e4. Tulos? 300% kasvu v\u00e4hitt\u00e4iskaupan korkilla varustettujen kosmetiikkapulmien myynniss\u00e4 ja maininta johtavassa kosmetiikkapakkauksien blogissa.<\/span><\/p>\n<h2><span class=\"highlights\" data-v-df95d256=\"\">Br\u00e4ndisi mukauttamisvinkkej\u00e4 <\/span><\/h2>\n<ul>\n<li><span class=\"highlights\" data-v-df95d256=\"\"><strong>Logon suunnittelu:<\/strong> Valitse matta vai kiilt\u00e4v\u00e4 p\u00e4\u00e4llyste logon luonteen mukaiseksi. <\/span><\/li>\n<li><span class=\"highlights\" data-v-df95d256=\"\"><strong>Ruiskuvaihtoehdot:<\/strong> Valitse ruisku-kuopat miellytt\u00e4v\u00e4lle ruiskutukselle tai kierteet kookkaammille seoksille.<\/span><\/li>\n<\/ul>","protected":false},"excerpt":{"rendered":"<p>L\u00f6yd\u00e4 korkilla varustettuja kosmetiikkapulmia ja lasilotionpulloja ihosihoitojanne. Mukautetut etiketit, nopea toimitus ja ekologinen suunnittelu.<\/p>","protected":false},"featured_media":4720,"comment_status":"open","ping_status":"closed","template":"","meta":{"_acf_changed":false,"site-sidebar-layout":"default","site-content-layout":"","ast-site-content-layout":"default","site-content-style":"default","site-sidebar-style":"default","ast-global-header-display":"","ast-banner-title-visibility":"","ast-main-header-display":"","ast-hfb-above-header-display":"","ast-hfb-below-header-display":"","ast-hfb-mobile-header-display":"","site-post-title":"","ast-breadcrumbs-content":"","ast-featured-img":"","footer-sml-layout":"","ast-disable-related-posts":"","theme-transparent-header-meta":"default","adv-header-id-meta":"","stick-header-meta":"","header-above-stick-meta":"","header-main-stick-meta":"","header-below-stick-meta":"","astra-migrate-meta-layouts":"set","ast-page-background-enabled":"default","ast-page-background-meta":{"desktop":{"background-color":"var(--ast-global-color-5)","background-image":"","background-repeat":"repeat","background-position":"center center","background-size":"auto","background-attachment":"scroll","background-type":"","background-media":"","overlay-type":"","overlay-color":"","overlay-opacity":"","overlay-gradient":""},"tablet":{"background-color":"","background-image":"","background-repeat":"repeat","background-position":"center center","background-size":"auto","background-attachment":"scroll","background-type":"","background-media":"","overlay-type":"","overlay-color":"","overlay-opacity":"","overlay-gradient":""},"mobile":{"background-color":"","background-image":"","background-repeat":"repeat","background-position":"center center","background-size":"auto","background-attachment":"scroll","background-type":"","background-media":"","overlay-type":"","overlay-color":"","overlay-opacity":"","overlay-gradient":""}},"ast-content-background-meta":{"desktop":{"background-color":"var(--ast-global-color-4)","background-image":"","background-repeat":"repeat","background-position":"center center","background-size":"auto","background-attachment":"scroll","background-type":"","background-media":"","overlay-type":"","overlay-color":"","overlay-opacity":"","overlay-gradient":""},"tablet":{"background-color":"var(--ast-global-color-4)","background-image":"","background-repeat":"repeat","background-position":"center center","background-size":"auto","background-attachment":"scroll","background-type":"","background-media":"","overlay-type":"","overlay-color":"","overlay-opacity":"","overlay-gradient":""},"mobile":{"background-color":"var(--ast-global-color-4)","background-image":"","background-repeat":"repeat","background-position":"center center","background-size":"auto","background-attachment":"scroll","background-type":"","background-media":"","overlay-type":"","overlay-color":"","overlay-opacity":"","overlay-gradient":""}}},"product_brand":[],"product_cat":[236,62,72],"product_tag":[152,136],"class_list":{"0":"post-4717","1":"product","2":"type-product","3":"status-publish","4":"has-post-thumbnail","6":"product_cat-cosmetic-container-set","7":"product_cat-cosmetic-containers","8":"product_cat-cosmetic-packaging","9":"product_tag-glass-lotion-bottles-wholesale","10":"product_tag-wholesale-cosmetic-jars-with-lids","11":"desktop-align-left","12":"tablet-align-left","13":"mobile-align-left","15":"first","16":"instock","17":"shipping-taxable","18":"product-type-simple"},"acf":[],"jetpack_sharing_enabled":true,"_links":{"self":[{"href":"https:\/\/theperfumebottles.com\/fi\/wp-json\/wp\/v2\/product\/4717","targetHints":{"allow":["GET"]}}],"collection":[{"href":"https:\/\/theperfumebottles.com\/fi\/wp-json\/wp\/v2\/product"}],"about":[{"href":"https:\/\/theperfumebottles.com\/fi\/wp-json\/wp\/v2\/types\/product"}],"replies":[{"embeddable":true,"href":"https:\/\/theperfumebottles.com\/fi\/wp-json\/wp\/v2\/comments?post=4717"}],"wp:featuredmedia":[{"embeddable":true,"href":"https:\/\/theperfumebottles.com\/fi\/wp-json\/wp\/v2\/media\/4720"}],"wp:attachment":[{"href":"https:\/\/theperfumebottles.com\/fi\/wp-json\/wp\/v2\/media?parent=4717"}],"wp:term":[{"taxonomy":"product_brand","embeddable":true,"href":"https:\/\/theperfumebottles.com\/fi\/wp-json\/wp\/v2\/product_brand?post=4717"},{"taxonomy":"product_cat","embeddable":true,"href":"https:\/\/theperfumebottles.com\/fi\/wp-json\/wp\/v2\/product_cat?post=4717"},{"taxonomy":"product_tag","embeddable":true,"href":"https:\/\/theperfumebottles.com\/fi\/wp-json\/wp\/v2\/product_tag?post=4717"}],"curies":[{"name":"wp","href":"https:\/\/api.w.org\/{rel}","templated":true}]}}