{"id":4727,"date":"2025-07-21T18:01:50","date_gmt":"2025-07-21T10:01:50","guid":{"rendered":"https:\/\/theperfumebottles.com\/?post_type=product&#038;p=4727"},"modified":"2026-03-26T17:11:04","modified_gmt":"2026-03-26T09:11:04","slug":"bulk-cosmetic-containers-for-skincare-packaging","status":"publish","type":"product","link":"https:\/\/theperfumebottles.com\/fi\/tuote\/bulk-cosmetic-containers-for-skincare-packaging\/","title":{"rendered":"Kosmetiikkapakkaukset ihonhoitotuotteille 20 g"},"content":{"rendered":"<p>T\u00e4m\u00e4 hienostunut ja omaleimainen kosmetiikkarasia on muotoiltu pallomaisesti, ja siin\u00e4 on ylellinen ja kristallinkirkas lasipohja sek\u00e4 runsaasti teksturoidtu mattakultainen kansi, jota kruunaa hieno pallomainen nuppi.<\/p>\n<h2><span class=\"highlights\" data-v-df95d256=\"\">T\u00e4rkeimm\u00e4t tekniset tiedot<\/span><\/h2>\n<table style=\"border-collapse: collapse; width: 80%; height: 24px; margin-left: auto; margin-right: auto;\" border=\"0\" width=\"432\" cellspacing=\"0\" cellpadding=\"0\">\n<tbody>\n<tr style=\"height: 13.50pt;\">\n<td style=\"height: 13.50pt; width: 54.00pt;\" width=\"72\" height=\"18\">Kapasiteetti<\/td>\n<td style=\"width: 54.00pt;\" width=\"72\">Muoto<\/td>\n<td style=\"width: 54.00pt;\" width=\"72\">Tiivistys<\/td>\n<td style=\"width: 54.00pt;\" width=\"72\">Materiaali<\/td>\n<td style=\"width: 54.00pt;\" width=\"72\">V\u00e4rivaihtoehdot<\/td>\n<td style=\"width: 54.00pt;\" width=\"72\">K\u00e4ytt\u00f6tarkoitus<\/td>\n<\/tr>\n<tr style=\"height: 13.50pt;\">\n<td style=\"height: 13.50pt;\" height=\"18\">20 g<\/td>\n<td>Py\u00f6rist\u00e4\u00e4<\/td>\n<td>Kierrekorkki + metalli\/muovi<\/td>\n<td>Lasi<\/td>\n<td>Kirkkaat, mukautetut v\u00e4rit<\/td>\n<td>Silm\u00e4nymp\u00e4rysvoide, kasvoseerumi<\/td>\n<\/tr>\n<\/tbody>\n<\/table>\n<h2><span class=\"highlights\" data-v-df95d256=\"\">Menestystapaus<\/span><\/h2>\n<p>L\u00e4hi-id\u00e4ss\u00e4 p\u00e4\u00e4konttoriaan pit\u00e4v\u00e4 luksustason ihonhoitoyritys otti k\u00e4ytt\u00f6\u00f6n ainutlaatuisen 50 ml:n kosmetiikkapakkauksemme, jossa oli personoitu mattapintainen ruusukullanv\u00e4rinen metallikorkki ja koristeellinen kaiverruskuvio nupissa. Heid\u00e4n markkinointinsa keskittyi t\u00e4h\u00e4n pulloon, ja he saavuttivat 300 prosentin sosiaalisen median vuorovaikutuksen ja 95 prosentin myyntiprosentin luksusmyym\u00e4l\u00f6iss\u00e4. T\u00e4m\u00e4 valtava br\u00e4ndimenestys johti 250 000 pullon tilaukseen eksklusiiviseksi pakkaukseksi seuraavaan kolmivuotiseen Icon-mallistoonsa.<\/p>\n<h2><span class=\"highlights\" data-v-df95d256=\"\">Vinkkej\u00e4 irtotavarana myyt\u00e4vien kosmetiikkas\u00e4ili\u00f6iden r\u00e4\u00e4t\u00e4l\u00f6intiin<\/span><\/h2>\n<ul>\n<li><span class=\"highlights\" data-v-df95d256=\"\"><strong>Logon suunnittelu:<\/strong> K\u00e4yt\u00e4 minimalistisia fontteja puhtaaseen estetiikkaan tai eloisia kuvia kunnianhimoiseen br\u00e4nd\u00e4ykseen. <\/span><\/li>\n<li><span class=\"highlights\" data-v-df95d256=\"\"><strong>Viimeistelyvaihtoehdot:<\/strong> Lis\u00e4\u00e4 kaiverrettuja tavaramerkkej\u00e4 tai s\u00e4vytetty\u00e4 lasia korostaaksesi laatikon asettelua.<\/span><\/li>\n<\/ul>","protected":false},"excerpt":{"rendered":"<p>Ylelliset pallomaiset irtokosmetiikkarasiat, joissa on kultainen kansi. Ainutlaatuiset kosmetiikkapakkaukset premium-br\u00e4ndeille. Saatavilla my\u00f6s r\u00e4\u00e4t\u00e4l\u00f6ityj\u00e4 br\u00e4nd\u00e4ysvaihtoehtoja.<\/p>","protected":false},"featured_media":4728,"comment_status":"open","ping_status":"closed","template":"","meta":{"_acf_changed":false,"site-sidebar-layout":"default","site-content-layout":"","ast-site-content-layout":"default","site-content-style":"default","site-sidebar-style":"default","ast-global-header-display":"","ast-banner-title-visibility":"","ast-main-header-display":"","ast-hfb-above-header-display":"","ast-hfb-below-header-display":"","ast-hfb-mobile-header-display":"","site-post-title":"","ast-breadcrumbs-content":"","ast-featured-img":"","footer-sml-layout":"","ast-disable-related-posts":"","theme-transparent-header-meta":"default","adv-header-id-meta":"","stick-header-meta":"","header-above-stick-meta":"","header-main-stick-meta":"","header-below-stick-meta":"","astra-migrate-meta-layouts":"set","ast-page-background-enabled":"default","ast-page-background-meta":{"desktop":{"background-color":"var(--ast-global-color-5)","background-image":"","background-repeat":"repeat","background-position":"center center","background-size":"auto","background-attachment":"scroll","background-type":"","background-media":"","overlay-type":"","overlay-color":"","overlay-opacity":"","overlay-gradient":""},"tablet":{"background-color":"","background-image":"","background-repeat":"repeat","background-position":"center center","background-size":"auto","background-attachment":"scroll","background-type":"","background-media":"","overlay-type":"","overlay-color":"","overlay-opacity":"","overlay-gradient":""},"mobile":{"background-color":"","background-image":"","background-repeat":"repeat","background-position":"center center","background-size":"auto","background-attachment":"scroll","background-type":"","background-media":"","overlay-type":"","overlay-color":"","overlay-opacity":"","overlay-gradient":""}},"ast-content-background-meta":{"desktop":{"background-color":"var(--ast-global-color-4)","background-image":"","background-repeat":"repeat","background-position":"center center","background-size":"auto","background-attachment":"scroll","background-type":"","background-media":"","overlay-type":"","overlay-color":"","overlay-opacity":"","overlay-gradient":""},"tablet":{"background-color":"var(--ast-global-color-4)","background-image":"","background-repeat":"repeat","background-position":"center center","background-size":"auto","background-attachment":"scroll","background-type":"","background-media":"","overlay-type":"","overlay-color":"","overlay-opacity":"","overlay-gradient":""},"mobile":{"background-color":"var(--ast-global-color-4)","background-image":"","background-repeat":"repeat","background-position":"center center","background-size":"auto","background-attachment":"scroll","background-type":"","background-media":"","overlay-type":"","overlay-color":"","overlay-opacity":"","overlay-gradient":""}}},"product_brand":[],"product_cat":[56,62,72],"product_tag":[155,156],"class_list":{"0":"post-4727","1":"product","2":"type-product","3":"status-publish","4":"has-post-thumbnail","6":"product_cat-cosmetic-jars","7":"product_cat-cosmetic-containers","8":"product_cat-cosmetic-packaging","9":"product_tag-bulk-cosmetic-containers","10":"product_tag-unique-cosmetic-packaging","11":"desktop-align-left","12":"tablet-align-left","13":"mobile-align-left","15":"first","16":"instock","17":"shipping-taxable","18":"product-type-simple"},"acf":[],"jetpack_sharing_enabled":true,"_links":{"self":[{"href":"https:\/\/theperfumebottles.com\/fi\/wp-json\/wp\/v2\/product\/4727","targetHints":{"allow":["GET"]}}],"collection":[{"href":"https:\/\/theperfumebottles.com\/fi\/wp-json\/wp\/v2\/product"}],"about":[{"href":"https:\/\/theperfumebottles.com\/fi\/wp-json\/wp\/v2\/types\/product"}],"replies":[{"embeddable":true,"href":"https:\/\/theperfumebottles.com\/fi\/wp-json\/wp\/v2\/comments?post=4727"}],"wp:featuredmedia":[{"embeddable":true,"href":"https:\/\/theperfumebottles.com\/fi\/wp-json\/wp\/v2\/media\/4728"}],"wp:attachment":[{"href":"https:\/\/theperfumebottles.com\/fi\/wp-json\/wp\/v2\/media?parent=4727"}],"wp:term":[{"taxonomy":"product_brand","embeddable":true,"href":"https:\/\/theperfumebottles.com\/fi\/wp-json\/wp\/v2\/product_brand?post=4727"},{"taxonomy":"product_cat","embeddable":true,"href":"https:\/\/theperfumebottles.com\/fi\/wp-json\/wp\/v2\/product_cat?post=4727"},{"taxonomy":"product_tag","embeddable":true,"href":"https:\/\/theperfumebottles.com\/fi\/wp-json\/wp\/v2\/product_tag?post=4727"}],"curies":[{"name":"wp","href":"https:\/\/api.w.org\/{rel}","templated":true}]}}