{"id":4757,"date":"2025-07-22T18:02:44","date_gmt":"2025-07-22T10:02:44","guid":{"rendered":"https:\/\/theperfumebottles.com\/?post_type=product&#038;p=4757"},"modified":"2026-04-08T12:01:37","modified_gmt":"2026-04-08T04:01:37","slug":"30g-50g-30ml-35ml-100ml-120ml-green-glass-pump-cosmetic-bottles-jar-cosmetics-containers-set","status":"publish","type":"product","link":"https:\/\/theperfumebottles.com\/fi\/tuote\/30g-50g-30ml-35ml-100ml-120ml-green-glass-pump-cosmetic-bottles-jar-cosmetics-containers-set\/","title":{"rendered":"30 g 50 g 30 ml 35 ml 100 ml 120 ml vihre\u00e4n lasin pumppukosmetiikkapullot ja -purkit kosmetiikkas\u00e4ili\u00f6ihin"},"content":{"rendered":"<p><span class=\"highlights\" data-v-df95d256=\"\">Vihre\u00e4t lasiset kosmetiikkas\u00e4ili\u00f6mme yhdist\u00e4v\u00e4t tyylin ja toimivuuden tuotemerkeille, jotka asettavat etusijalle sek\u00e4 estetiikan ett\u00e4 suorituskyvyn.<\/span><\/p>\n<h2><span class=\"highlights\" data-v-df95d256=\"\">T\u00e4rkeimm\u00e4t tekniset tiedot<\/span><\/h2>\n<table style=\"border-collapse: collapse; width: 1000px; height: 421px; margin-left: 160px;\" border=\"0\" width=\"144\" cellspacing=\"0\" cellpadding=\"0\">\n<tbody>\n<tr style=\"height: 13.50pt;\">\n<td style=\"height: 13.50pt; width: 54.00pt;\" width=\"72\" height=\"18\">Ominaisuus<\/td>\n<td style=\"width: 54.00pt;\" width=\"72\">Tiedot<\/td>\n<\/tr>\n<tr style=\"height: 13.50pt;\">\n<td style=\"height: 13.50pt;\" height=\"18\">Kapasiteetti<\/td>\n<td>30 g, 50 g, 30 ml, 35 ml, 100 ml, 120 ml<\/td>\n<\/tr>\n<tr style=\"height: 13.50pt;\">\n<td style=\"height: 13.50pt;\" height=\"18\">Muoto<\/td>\n<td>Suorakulmainen muotoilu modernia estetiikkaa varten<\/td>\n<\/tr>\n<tr style=\"height: 13.50pt;\">\n<td style=\"height: 13.50pt;\" height=\"18\">Tiivistysmenetelm\u00e4<\/td>\n<td>Kierrekorkki + muovi-\/metallikansi (pumppup\u00e4\u00e4 saatavilla)<\/td>\n<\/tr>\n<tr style=\"height: 13.50pt;\">\n<td style=\"height: 13.50pt;\" height=\"18\">Materiaali<\/td>\n<td>Ymp\u00e4rist\u00f6yst\u00e4v\u00e4llinen, eritt\u00e4in l\u00e4pin\u00e4kyv\u00e4 vihre\u00e4 lasi<\/td>\n<\/tr>\n<tr style=\"height: 13.50pt;\">\n<td style=\"height: 13.50pt;\" height=\"18\">V\u00e4ri<\/td>\n<td>Mattamusta kansi; lasirunko kirkkaanvihre\u00e4<\/td>\n<\/tr>\n<tr style=\"height: 13.50pt;\">\n<td style=\"height: 13.50pt;\" height=\"18\">K\u00e4ytt\u00f6tapaus<\/td>\n<td>Kasvovoide-, vartalovoide-, seerumi- ja kosmetiikkapakkaukset pakkausinnovaatioita varten<\/td>\n<\/tr>\n<\/tbody>\n<\/table>\n<h2><span class=\"highlights\" data-v-df95d256=\"\">Menestystarina: Ihonhoitobr\u00e4ndin nostaminen esiin <\/span><\/h2>\n<p><span class=\"highlights\" data-v-df95d256=\"\">Luonnonmukaisia \u200b\u200bihonhoitotuotteita valmistava startup-yritys k\u00e4ytti pumppupullojamme ja purkkejamme kosmetiikkapakkaustensa br\u00e4nd\u00e4\u00e4miseen. Vaihtamalla vihre\u00e4\u00e4n lasiin ja minimalistisiin mustiin korkkeihin he havaitsivat 40 prosentin kasvun asiakaspysyvyydess\u00e4. Heid\u00e4n kotisivullaan hienosumupumppuj\u00e4rjestelm\u00e4 korostuu nyt ihonhoitotuotteiden keskeisen\u00e4 erottautumistekij\u00e4n\u00e4.<\/span><\/p>\n<h2><span class=\"highlights\" data-v-df95d256=\"\">Mukautusvinkkej\u00e4: <\/span><\/h2>\n<ul>\n<li><span class=\"highlights\" data-v-df95d256=\"\"><strong>Sekoita formaatteja:<\/strong> Yhdist\u00e4 pullo- ja purkkityylej\u00e4 luodaksesi yhten\u00e4isen kauneuspakkauslinjan. <\/span><\/li>\n<li><span class=\"highlights\" data-v-df95d256=\"\"><strong>Kest\u00e4v\u00e4n kehityksen asenne:<\/strong> Markkinoi kierr\u00e4tett\u00e4v\u00e4\u00e4 lasia osana vihre\u00e4\u00e4 lupaustasi. <\/span><\/li>\n<li><span class=\"highlights\" data-v-df95d256=\"\"><strong>Merkinn\u00e4t tuotemerkille:<\/strong>Lis\u00e4\u00e4 toissijainen tunniste, joka keskittyy keskeisiin komponentteihin tai kest\u00e4v\u00e4n kehityksen tavoitteisiin. <\/span><\/li>\n<li><span class=\"highlights\" data-v-df95d256=\"\"><strong>Yhdistele ja sovita -lippalakkien viimeistelyj\u00e4:<\/strong>Yhdist\u00e4 mattamustat kannet tyylikk\u00e4isiin lasirunkoihin rohkeaa arviota varten tai valitse kokonaan matta minimalistiseen tunnelmaan.<\/span><\/li>\n<\/ul>","protected":false},"excerpt":{"rendered":"<p>Tutustu ymp\u00e4rist\u00f6yst\u00e4v\u00e4llisiin pumppupulloihin ja purkkimallisiin kosmetiikkapakkauksiin ihonhoitotuotteille. L\u00e4hetysvalmiit, mukautettavat kauneuspakkaukset irtotavarana hienojakoisella viimeistelyll\u00e4 \u2013 inspiroi br\u00e4ndisi ilmett\u00e4!<\/p>","protected":false},"featured_media":7609,"comment_status":"open","ping_status":"closed","template":"","meta":{"_acf_changed":false,"site-sidebar-layout":"default","site-content-layout":"","ast-site-content-layout":"default","site-content-style":"default","site-sidebar-style":"default","ast-global-header-display":"","ast-banner-title-visibility":"","ast-main-header-display":"","ast-hfb-above-header-display":"","ast-hfb-below-header-display":"","ast-hfb-mobile-header-display":"","site-post-title":"","ast-breadcrumbs-content":"","ast-featured-img":"","footer-sml-layout":"","ast-disable-related-posts":"","theme-transparent-header-meta":"default","adv-header-id-meta":"","stick-header-meta":"","header-above-stick-meta":"","header-main-stick-meta":"","header-below-stick-meta":"","astra-migrate-meta-layouts":"set","ast-page-background-enabled":"default","ast-page-background-meta":{"desktop":{"background-color":"var(--ast-global-color-5)","background-image":"","background-repeat":"repeat","background-position":"center center","background-size":"auto","background-attachment":"scroll","background-type":"","background-media":"","overlay-type":"","overlay-color":"","overlay-opacity":"","overlay-gradient":""},"tablet":{"background-color":"","background-image":"","background-repeat":"repeat","background-position":"center center","background-size":"auto","background-attachment":"scroll","background-type":"","background-media":"","overlay-type":"","overlay-color":"","overlay-opacity":"","overlay-gradient":""},"mobile":{"background-color":"","background-image":"","background-repeat":"repeat","background-position":"center center","background-size":"auto","background-attachment":"scroll","background-type":"","background-media":"","overlay-type":"","overlay-color":"","overlay-opacity":"","overlay-gradient":""}},"ast-content-background-meta":{"desktop":{"background-color":"var(--ast-global-color-4)","background-image":"","background-repeat":"repeat","background-position":"center center","background-size":"auto","background-attachment":"scroll","background-type":"","background-media":"","overlay-type":"","overlay-color":"","overlay-opacity":"","overlay-gradient":""},"tablet":{"background-color":"var(--ast-global-color-4)","background-image":"","background-repeat":"repeat","background-position":"center center","background-size":"auto","background-attachment":"scroll","background-type":"","background-media":"","overlay-type":"","overlay-color":"","overlay-opacity":"","overlay-gradient":""},"mobile":{"background-color":"var(--ast-global-color-4)","background-image":"","background-repeat":"repeat","background-position":"center center","background-size":"auto","background-attachment":"scroll","background-type":"","background-media":"","overlay-type":"","overlay-color":"","overlay-opacity":"","overlay-gradient":""}}},"product_brand":[],"product_cat":[236,62,72],"product_tag":[158,157],"class_list":{"0":"post-4757","1":"product","2":"type-product","3":"status-publish","4":"has-post-thumbnail","6":"product_cat-cosmetic-container-set","7":"product_cat-cosmetic-containers","8":"product_cat-cosmetic-packaging","9":"product_tag-jar-cosmetics","10":"product_tag-pump-cosmetic-bottles","11":"desktop-align-left","12":"tablet-align-left","13":"mobile-align-left","15":"first","16":"instock","17":"shipping-taxable","18":"product-type-simple"},"acf":[],"jetpack_sharing_enabled":true,"_links":{"self":[{"href":"https:\/\/theperfumebottles.com\/fi\/wp-json\/wp\/v2\/product\/4757","targetHints":{"allow":["GET"]}}],"collection":[{"href":"https:\/\/theperfumebottles.com\/fi\/wp-json\/wp\/v2\/product"}],"about":[{"href":"https:\/\/theperfumebottles.com\/fi\/wp-json\/wp\/v2\/types\/product"}],"replies":[{"embeddable":true,"href":"https:\/\/theperfumebottles.com\/fi\/wp-json\/wp\/v2\/comments?post=4757"}],"wp:featuredmedia":[{"embeddable":true,"href":"https:\/\/theperfumebottles.com\/fi\/wp-json\/wp\/v2\/media\/7609"}],"wp:attachment":[{"href":"https:\/\/theperfumebottles.com\/fi\/wp-json\/wp\/v2\/media?parent=4757"}],"wp:term":[{"taxonomy":"product_brand","embeddable":true,"href":"https:\/\/theperfumebottles.com\/fi\/wp-json\/wp\/v2\/product_brand?post=4757"},{"taxonomy":"product_cat","embeddable":true,"href":"https:\/\/theperfumebottles.com\/fi\/wp-json\/wp\/v2\/product_cat?post=4757"},{"taxonomy":"product_tag","embeddable":true,"href":"https:\/\/theperfumebottles.com\/fi\/wp-json\/wp\/v2\/product_tag?post=4757"}],"curies":[{"name":"wp","href":"https:\/\/api.w.org\/{rel}","templated":true}]}}