{"id":4762,"date":"2025-07-22T17:44:55","date_gmt":"2025-07-22T09:44:55","guid":{"rendered":"https:\/\/theperfumebottles.com\/?post_type=product&#038;p=4762"},"modified":"2026-04-01T15:02:00","modified_gmt":"2026-04-01T07:02:00","slug":"custom-cosmetic-jars-makeup-pump-bottles-wholesale","status":"publish","type":"product","link":"https:\/\/theperfumebottles.com\/fi\/tuote\/custom-cosmetic-jars-makeup-pump-bottles-wholesale\/","title":{"rendered":"50 g 30 ml 40 ml 100 ml 120 ml r\u00e4\u00e4t\u00e4l\u00f6idyt kosmetiikkapurkit \u2013 Meikkipumppupullojen tukkumyynti"},"content":{"rendered":"<p>Etsitk\u00f6 r\u00e4\u00e4t\u00e4l\u00f6ityj\u00e4 kosmetiikkapurkkeja, jotka yhdist\u00e4v\u00e4t eleganssin k\u00e4yt\u00e4nn\u00f6llisyyteen? T\u00e4m\u00e4 lasisten loistopurkkien kokoelma esittelee mattavalkoista tai puhdasta lasia, jota t\u00e4ydent\u00e4v\u00e4t tyylikk\u00e4\u00e4t hopeoidut kannet. Ihonhoitotuotteiden valmistajille r\u00e4\u00e4t\u00e4l\u00f6ity kokoelma sis\u00e4lt\u00e4\u00e4 kasvovoidepurkkeja, seerumipulloja ja meikkipumppupulloja \u2013 ihanteellisia n\u00e4ytt\u00e4viin ja vaikuttaviin kauneuspakkauksiin.<\/p>\n<h2><span class=\"highlights\" data-v-df95d256=\"\">T\u00e4rkeimm\u00e4t tekniset tiedot<\/span><\/h2>\n<table style=\"margin-left: auto; margin-right: auto; border-collapse: collapse; width: 80%; height: 290px;\" border=\"0\" width=\"360\" cellspacing=\"0\" cellpadding=\"0\">\n<tbody>\n<tr style=\"height: 13.50pt;\">\n<td style=\"height: 13.50pt; width: 54.00pt;\" width=\"72\" height=\"18\">Kapasiteetti<\/td>\n<td style=\"width: 54.00pt;\" width=\"72\">Tiivistys<\/td>\n<td style=\"width: 54.00pt;\" width=\"72\">Materiaali<\/td>\n<td style=\"width: 54.00pt;\" width=\"72\">V\u00e4rivaihtoehdot<\/td>\n<td style=\"width: 54.00pt;\" width=\"72\">K\u00e4ytt\u00f6<\/td>\n<\/tr>\n<tr style=\"height: 13.50pt;\">\n<td style=\"height: 13.50pt;\" height=\"18\">30 ml<\/td>\n<td class=\"et2\" rowspan=\"4\">Pumpun p\u00e4\u00e4 tai kierrekorkki<\/td>\n<td class=\"et2\" rowspan=\"5\">Natronkalkkilasi<\/td>\n<td class=\"et2\" rowspan=\"5\">White, clear, black, amber, as you requir<\/td>\n<td class=\"et2\" rowspan=\"5\">Kasvovoide, kosmeettinen \u00f6ljy\u2026<\/td>\n<\/tr>\n<tr style=\"height: 13.50pt;\">\n<td style=\"height: 13.50pt;\" height=\"18\">40 ml<\/td>\n<\/tr>\n<tr style=\"height: 13.50pt;\">\n<td style=\"height: 13.50pt;\" height=\"18\">100 ml<\/td>\n<\/tr>\n<tr style=\"height: 13.50pt;\">\n<td style=\"height: 13.50pt;\" height=\"18\">120 ml<\/td>\n<\/tr>\n<tr style=\"height: 13.50pt;\">\n<td style=\"height: 13.50pt;\" height=\"18\">50 g<\/td>\n<td>Kierrekorkki + muovi-\/metallikansi<\/td>\n<\/tr>\n<\/tbody>\n<\/table>\n<h2><span class=\"highlights\" data-v-df95d256=\"\">Menestystarina: Luksus-ihonhoitobr\u00e4ndin pakkausuudistus <\/span><\/h2>\n<p><span class=\"highlights\" data-v-df95d256=\"\">Luksusluokan ihonhoitotuotelinja tarvitsi r\u00e4\u00e4t\u00e4l\u00f6ityj\u00e4 kosmetiikkapurkkeja, jotka sopisivat heid\u00e4n &#034;puhtaan eleganssin&#034; teemaansa. Toimitimme 100 ml:n mattavalkoisia purkkeja, joissa oli hopeoidut kierrekorkit ja r\u00e4\u00e4t\u00e4l\u00f6idyt kultaiset etiketit. Tulos? Meikkipumppupullojen myynti kasvoi 300 % ja juttu oli huippuluokan kauneuspakkauslehdess\u00e4.<\/span><\/p>\n<h2><span class=\"highlights\" data-v-df95d256=\"\">Br\u00e4ndisi mukauttamisvinkkej\u00e4 <\/span><\/h2>\n<ul>\n<li><span class=\"highlights\" data-v-df95d256=\"\"><strong>V\u00e4rivaihtoehdot:<\/strong> Aloita mattavalkoisella yksinkertaisuuden vuoksi tai vaihda meripihkanv\u00e4riseen lasiin hienojakoisen seerumin ilmeen saamiseksi. <\/span><\/li>\n<li><span class=\"highlights\" data-v-df95d256=\"\"><strong>Logon suunnittelu:<\/strong> K\u00e4yt\u00e4 minimalistisia fontteja saadaksesi ensiluokkaisen vaikutelman tai eloisia grafiikoita rohkean br\u00e4nd\u00e4yksen aikaansaamiseksi. <\/span><\/li>\n<li><span aria-hidden=\"true\"><strong>Personointiominaisuudet:<\/strong> Voit personoida astioitasi esimerkiksi laserkaiverretuilla logoilla tai s\u00e4vytetyll\u00e4 lasilla.<\/span><\/li>\n<\/ul>","protected":false},"excerpt":{"rendered":"<p>Ensiluokkaiset mittatilausty\u00f6n\u00e4 tehdyt kosmetiikkapurkit ja meikkipumppupullot ihonhoidon pakkaamiseen. Ymp\u00e4rist\u00f6yst\u00e4v\u00e4lliset, valmiina toimitettavaksi irtotavarana mittatilausty\u00f6n\u00e4 tehdyill\u00e4 etiketeill\u00e4. L\u00f6yd\u00e4t ne kotisivultamme!<\/p>","protected":false},"featured_media":4763,"comment_status":"open","ping_status":"closed","template":"","meta":{"_acf_changed":false,"site-sidebar-layout":"default","site-content-layout":"","ast-site-content-layout":"default","site-content-style":"default","site-sidebar-style":"default","ast-global-header-display":"","ast-banner-title-visibility":"","ast-main-header-display":"","ast-hfb-above-header-display":"","ast-hfb-below-header-display":"","ast-hfb-mobile-header-display":"","site-post-title":"","ast-breadcrumbs-content":"","ast-featured-img":"","footer-sml-layout":"","ast-disable-related-posts":"","theme-transparent-header-meta":"default","adv-header-id-meta":"","stick-header-meta":"","header-above-stick-meta":"","header-main-stick-meta":"","header-below-stick-meta":"","astra-migrate-meta-layouts":"set","ast-page-background-enabled":"default","ast-page-background-meta":{"desktop":{"background-color":"var(--ast-global-color-5)","background-image":"","background-repeat":"repeat","background-position":"center center","background-size":"auto","background-attachment":"scroll","background-type":"","background-media":"","overlay-type":"","overlay-color":"","overlay-opacity":"","overlay-gradient":""},"tablet":{"background-color":"","background-image":"","background-repeat":"repeat","background-position":"center center","background-size":"auto","background-attachment":"scroll","background-type":"","background-media":"","overlay-type":"","overlay-color":"","overlay-opacity":"","overlay-gradient":""},"mobile":{"background-color":"","background-image":"","background-repeat":"repeat","background-position":"center center","background-size":"auto","background-attachment":"scroll","background-type":"","background-media":"","overlay-type":"","overlay-color":"","overlay-opacity":"","overlay-gradient":""}},"ast-content-background-meta":{"desktop":{"background-color":"var(--ast-global-color-4)","background-image":"","background-repeat":"repeat","background-position":"center center","background-size":"auto","background-attachment":"scroll","background-type":"","background-media":"","overlay-type":"","overlay-color":"","overlay-opacity":"","overlay-gradient":""},"tablet":{"background-color":"var(--ast-global-color-4)","background-image":"","background-repeat":"repeat","background-position":"center center","background-size":"auto","background-attachment":"scroll","background-type":"","background-media":"","overlay-type":"","overlay-color":"","overlay-opacity":"","overlay-gradient":""},"mobile":{"background-color":"var(--ast-global-color-4)","background-image":"","background-repeat":"repeat","background-position":"center center","background-size":"auto","background-attachment":"scroll","background-type":"","background-media":"","overlay-type":"","overlay-color":"","overlay-opacity":"","overlay-gradient":""}}},"product_brand":[],"product_cat":[236,62,72],"product_tag":[159,160],"class_list":{"0":"post-4762","1":"product","2":"type-product","3":"status-publish","4":"has-post-thumbnail","6":"product_cat-cosmetic-container-set","7":"product_cat-cosmetic-containers","8":"product_cat-cosmetic-packaging","9":"product_tag-custom-cosmetic-jars","10":"product_tag-makeup-pump-bottle","11":"desktop-align-left","12":"tablet-align-left","13":"mobile-align-left","15":"first","16":"instock","17":"shipping-taxable","18":"product-type-simple"},"acf":[],"jetpack_sharing_enabled":true,"_links":{"self":[{"href":"https:\/\/theperfumebottles.com\/fi\/wp-json\/wp\/v2\/product\/4762","targetHints":{"allow":["GET"]}}],"collection":[{"href":"https:\/\/theperfumebottles.com\/fi\/wp-json\/wp\/v2\/product"}],"about":[{"href":"https:\/\/theperfumebottles.com\/fi\/wp-json\/wp\/v2\/types\/product"}],"replies":[{"embeddable":true,"href":"https:\/\/theperfumebottles.com\/fi\/wp-json\/wp\/v2\/comments?post=4762"}],"wp:featuredmedia":[{"embeddable":true,"href":"https:\/\/theperfumebottles.com\/fi\/wp-json\/wp\/v2\/media\/4763"}],"wp:attachment":[{"href":"https:\/\/theperfumebottles.com\/fi\/wp-json\/wp\/v2\/media?parent=4762"}],"wp:term":[{"taxonomy":"product_brand","embeddable":true,"href":"https:\/\/theperfumebottles.com\/fi\/wp-json\/wp\/v2\/product_brand?post=4762"},{"taxonomy":"product_cat","embeddable":true,"href":"https:\/\/theperfumebottles.com\/fi\/wp-json\/wp\/v2\/product_cat?post=4762"},{"taxonomy":"product_tag","embeddable":true,"href":"https:\/\/theperfumebottles.com\/fi\/wp-json\/wp\/v2\/product_tag?post=4762"}],"curies":[{"name":"wp","href":"https:\/\/api.w.org\/{rel}","templated":true}]}}