{"id":4779,"date":"2025-07-22T17:54:09","date_gmt":"2025-07-22T09:54:09","guid":{"rendered":"https:\/\/theperfumebottles.com\/?post_type=product&#038;p=4779"},"modified":"2026-03-27T16:41:05","modified_gmt":"2026-03-27T08:41:05","slug":"amber-tincture-bottles-with-dropper-glass-bottles-supplier","status":"publish","type":"product","link":"https:\/\/theperfumebottles.com\/fi\/tuote\/amber-tincture-bottles-with-dropper-glass-bottles-supplier\/","title":{"rendered":"Meripihkanv\u00e4riset tinktuurapullot pipetill\u00e4 | 15 ml\u2013120 ml lasipullot"},"content":{"rendered":"<p>Meripihkanv\u00e4risten tinktuurapullojen sarja on klassisen py\u00f6re\u00e4, suoralla rungolla ja viistot hartiat muodostavat tasaisen \u00e4\u00e4riviivan rungon ja kaulan v\u00e4lille antaen pullolle puhtaan ja ammattimaisen ilmeen. N\u00e4m\u00e4 meripihkanv\u00e4riset lasipullot on valmistettu eritt\u00e4in laadukkaasta meripihkanv\u00e4risest\u00e4 lasista, joka tarjoaa hyv\u00e4n UV-suojan valoherkille tuotteille. Kierrekaula on vakio ja sopii yhteen erilaisten sulkimien, kuten alumiini-, muovi- tai bambupinnoitteisten pipettien, suihkup\u00e4iden ja pumppuannostelijoiden kanssa. Sarjaa on saatavana my\u00f6s 15 ml:n, 30 ml:n, 60 ml:n, 100 ml:n ja 120 ml:n tilavuuksina, mik\u00e4 auttaa luomaan joustavia tuotelinjoja ja br\u00e4nd\u00e4yst\u00e4.<\/p>\n<h2><span class=\"highlights\" data-v-df95d256=\"\">T\u00e4rkeimm\u00e4t tekniset tiedot<\/span><\/h2>\n<table style=\"border-collapse: collapse; width: 879px; height: 272px; margin-left: 200px;\" border=\"0\" width=\"144\" cellspacing=\"0\" cellpadding=\"0\">\n<tbody>\n<tr style=\"height: 13.50pt;\">\n<td style=\"height: 13.50pt; width: 30%;\" width=\"72\" height=\"18\">Tuote<\/td>\n<td style=\"width: 54.00pt;\" width=\"72\">Meripihkanv\u00e4rinen lasipullo pipetill\u00e4<\/td>\n<\/tr>\n<tr style=\"height: 13.50pt;\">\n<td style=\"height: 13.50pt;\" height=\"18\">Kapasiteetti<\/td>\n<td>15 ml, 30 ml, 60 ml, 100 ml, 120 ml<\/td>\n<\/tr>\n<tr style=\"height: 13.50pt;\">\n<td style=\"height: 13.50pt;\" height=\"18\">Muoto<\/td>\n<td>Suorakulmainen muotoilu modernia estetiikkaa varten<\/td>\n<\/tr>\n<tr style=\"height: 13.50pt;\">\n<td style=\"height: 13.50pt;\" height=\"18\">Lis\u00e4varustevaihtoehdot<\/td>\n<td>Voidepumppu, sumutesuihkutin, pipetti, kierrekorkki<\/td>\n<\/tr>\n<tr style=\"height: 13.50pt;\">\n<td style=\"height: 13.50pt;\" height=\"18\">Materiaali<\/td>\n<td>Natronkalkkilasi<\/td>\n<\/tr>\n<tr style=\"height: 13.50pt;\">\n<td style=\"height: 13.50pt;\" height=\"18\">V\u00e4ri<\/td>\n<td>Meripihka (UV-suojaava s\u00e4vy)<\/td>\n<\/tr>\n<tr style=\"height: 13.50pt;\">\n<td style=\"height: 13.50pt;\" height=\"18\">Ensisijainen k\u00e4ytt\u00f6<\/td>\n<td>Kasvosuihkeet, kasvovedet, vartalo\u00f6ljyt ja kosmetiikan pakkaustarvikkeet<\/td>\n<\/tr>\n<\/tbody>\n<\/table>\n<h2>Hakemus<\/h2>\n<p>T\u00e4llaisia \u200b\u200bmeripihkanv\u00e4risi\u00e4 tinktuurapulloja k\u00e4ytet\u00e4\u00e4n laajasti l\u00e4\u00e4ke-, kosmetiikka- ja hyvinvointialalla. Ne sopivat t\u00e4ydellisesti eteeristen \u00f6ljyjen, tinktuuroiden, seerumien, yrttiuutteiden ja ihonhoidon nesteiden pakkaamiseen. Niit\u00e4 voidaan k\u00e4ytt\u00e4\u00e4 v\u00e4hitt\u00e4iskaupassa, yritysten sis\u00e4isiss\u00e4 etiketeiss\u00e4 ja irtotavaratoimituksissa useilla annostelumenetelmill\u00e4: tarkkuusannostelulla, sumutuksella tai pumppaamisella tuotteen suojauksen ja loppuk\u00e4ytt\u00e4j\u00e4n helpon saatavuuden varmistamiseksi.<\/p>\n<h2><span class=\"highlights\" data-v-df95d256=\"\">Menestystarina: Tuotemerkki, jolla on r\u00e4\u00e4t\u00e4l\u00f6ityj\u00e4 annostelijoita <\/span><\/h2>\n<p><span class=\"highlights\" data-v-df95d256=\"\">Nouseva ihonhoitoalan startup-yritys aloitti yhteisty\u00f6n kanssamme suunnitellakseen pumppupulloja uudelle hyaluronihapposeerumilleen. He valitsivat 100 ml:n meripihkanv\u00e4riset lasipullot, joissa on hienojakoiset sumuttimet helpon levityksen takaamiseksi. Tilaamalla kosmetiikkapulloja tukkumyynnist\u00e4 he leikkasivat kustannuksia 25 % ja k\u00e4ynnistiv\u00e4t valmiin toimituksen kampanjan, joka paransi heid\u00e4n kotisivunsa n\u00e4kyvyytt\u00e4 Amazonissa. Myynti kasvoi 40 % vain kahdessa kuukaudessa!<\/span><\/p>\n<h2><span class=\"highlights\" data-v-df95d256=\"\">Mukautusvinkkej\u00e4 sinulle <\/span><\/h2>\n<ul>\n<li><span class=\"highlights\" data-v-df95d256=\"\"><strong>V\u00e4rin yhdenmukaisuus:<\/strong> Meripihkanv\u00e4rinen lasi ei ole vain tyylik\u00e4s \u2013 se suojaa valolta. K\u00e4yt\u00e4 sit\u00e4 herkille ihotyypeille. <\/span><\/li>\n<li><span class=\"highlights\" data-v-df95d256=\"\"><strong>Levy-yhti\u00f6 Rakkaus:<\/strong> Lis\u00e4\u00e4 pakettiisi kohokuvioituja logoja tai QR-koodeja antaaksesi sille ylellisen ilmeen. <\/span><\/li>\n<li><span class=\"highlights\" data-v-df95d256=\"\"><strong>Viimeistelyn hienostuneisuus:<\/strong> Matta vs. tyylik\u00e4s? Sovita viimeistely br\u00e4ndisi tunnelmaan \u2013 matta minimalistisiin linjoihin, tyylik\u00e4s ylelliseen.<\/span><\/li>\n<\/ul>","protected":false},"excerpt":{"rendered":"<p>Meripihkanv\u00e4riset tinktuurapullot, joissa on pipetti-, suihke- tai pumppuvaihtoehtoja. Ihanteellinen \u00f6ljyjen, seerumien ja uutteiden yksityismerkeille, tukku- ja OEM-pakkauksiin.<\/p>","protected":false},"featured_media":7490,"comment_status":"open","ping_status":"closed","template":"","meta":{"_acf_changed":false,"site-sidebar-layout":"default","site-content-layout":"","ast-site-content-layout":"default","site-content-style":"default","site-sidebar-style":"default","ast-global-header-display":"","ast-banner-title-visibility":"","ast-main-header-display":"","ast-hfb-above-header-display":"","ast-hfb-below-header-display":"","ast-hfb-mobile-header-display":"","site-post-title":"","ast-breadcrumbs-content":"","ast-featured-img":"","footer-sml-layout":"","ast-disable-related-posts":"","theme-transparent-header-meta":"default","adv-header-id-meta":"","stick-header-meta":"","header-above-stick-meta":"","header-main-stick-meta":"","header-below-stick-meta":"","astra-migrate-meta-layouts":"set","ast-page-background-enabled":"default","ast-page-background-meta":{"desktop":{"background-color":"var(--ast-global-color-5)","background-image":"","background-repeat":"repeat","background-position":"center center","background-size":"auto","background-attachment":"scroll","background-type":"","background-media":"","overlay-type":"","overlay-color":"","overlay-opacity":"","overlay-gradient":""},"tablet":{"background-color":"","background-image":"","background-repeat":"repeat","background-position":"center center","background-size":"auto","background-attachment":"scroll","background-type":"","background-media":"","overlay-type":"","overlay-color":"","overlay-opacity":"","overlay-gradient":""},"mobile":{"background-color":"","background-image":"","background-repeat":"repeat","background-position":"center center","background-size":"auto","background-attachment":"scroll","background-type":"","background-media":"","overlay-type":"","overlay-color":"","overlay-opacity":"","overlay-gradient":""}},"ast-content-background-meta":{"desktop":{"background-color":"var(--ast-global-color-4)","background-image":"","background-repeat":"repeat","background-position":"center center","background-size":"auto","background-attachment":"scroll","background-type":"","background-media":"","overlay-type":"","overlay-color":"","overlay-opacity":"","overlay-gradient":""},"tablet":{"background-color":"var(--ast-global-color-4)","background-image":"","background-repeat":"repeat","background-position":"center center","background-size":"auto","background-attachment":"scroll","background-type":"","background-media":"","overlay-type":"","overlay-color":"","overlay-opacity":"","overlay-gradient":""},"mobile":{"background-color":"var(--ast-global-color-4)","background-image":"","background-repeat":"repeat","background-position":"center center","background-size":"auto","background-attachment":"scroll","background-type":"","background-media":"","overlay-type":"","overlay-color":"","overlay-opacity":"","overlay-gradient":""}}},"product_brand":[],"product_cat":[59,62,72,57],"product_tag":[165,166],"class_list":{"0":"post-4779","1":"product","2":"type-product","3":"status-publish","4":"has-post-thumbnail","6":"product_cat-glass-dropper-bottles","7":"product_cat-cosmetic-containers","8":"product_cat-cosmetic-packaging","9":"product_cat-essential-oil-bottles","10":"product_tag-cosmetic-pump-dispenser","11":"product_tag-cosmetic-spray-bottles-wholesale","12":"desktop-align-left","13":"tablet-align-left","14":"mobile-align-left","16":"first","17":"instock","18":"shipping-taxable","19":"product-type-simple"},"acf":[],"jetpack_sharing_enabled":true,"_links":{"self":[{"href":"https:\/\/theperfumebottles.com\/fi\/wp-json\/wp\/v2\/product\/4779","targetHints":{"allow":["GET"]}}],"collection":[{"href":"https:\/\/theperfumebottles.com\/fi\/wp-json\/wp\/v2\/product"}],"about":[{"href":"https:\/\/theperfumebottles.com\/fi\/wp-json\/wp\/v2\/types\/product"}],"replies":[{"embeddable":true,"href":"https:\/\/theperfumebottles.com\/fi\/wp-json\/wp\/v2\/comments?post=4779"}],"wp:featuredmedia":[{"embeddable":true,"href":"https:\/\/theperfumebottles.com\/fi\/wp-json\/wp\/v2\/media\/7490"}],"wp:attachment":[{"href":"https:\/\/theperfumebottles.com\/fi\/wp-json\/wp\/v2\/media?parent=4779"}],"wp:term":[{"taxonomy":"product_brand","embeddable":true,"href":"https:\/\/theperfumebottles.com\/fi\/wp-json\/wp\/v2\/product_brand?post=4779"},{"taxonomy":"product_cat","embeddable":true,"href":"https:\/\/theperfumebottles.com\/fi\/wp-json\/wp\/v2\/product_cat?post=4779"},{"taxonomy":"product_tag","embeddable":true,"href":"https:\/\/theperfumebottles.com\/fi\/wp-json\/wp\/v2\/product_tag?post=4779"}],"curies":[{"name":"wp","href":"https:\/\/api.w.org\/{rel}","templated":true}]}}