{"id":4824,"date":"2025-07-23T15:48:46","date_gmt":"2025-07-23T07:48:46","guid":{"rendered":"https:\/\/theperfumebottles.com\/?post_type=product&#038;p=4824"},"modified":"2025-07-23T15:49:28","modified_gmt":"2025-07-23T07:49:28","slug":"1-oz-cosmetic-glass-jars-with-lids-small-cosmetic-containers-for-skincare-bulk","status":"publish","type":"product","link":"https:\/\/theperfumebottles.com\/fi\/tuote\/1-oz-cosmetic-glass-jars-with-lids-small-cosmetic-containers-for-skincare-bulk\/","title":{"rendered":"1 unssin (30 g) kosmeettisia lasipurkkeja kansilla \u2013 pieni\u00e4 ihonhoitotuotteiden irtotavarana"},"content":{"rendered":"<p><span class=\"highlights\" data-v-df95d256=\"\">Tarvitsetko sleekin, toimivan kontin ihonhoito- tai kauneuslinjalle? N\u00e4m\u00e4 1 oz kosmetiikkalasipullot korkilla on suunniteltu inspiroimaan. <\/span><\/p>\n<h2><span class=\"highlights\" data-v-df95d256=\"\">T\u00e4rkeimm\u00e4t tekniset tiedot<\/span><\/h2>\n<table style=\"border-collapse: collapse; width: 588px; height: 159px; margin-left: 360px;\" border=\"0\" width=\"144\" cellspacing=\"0\" cellpadding=\"0\">\n<tbody>\n<tr style=\"height: 13.50pt;\">\n<td style=\"height: 13.50pt; width: 54.00pt;\" width=\"72\" height=\"18\">Ominaisuus<\/td>\n<td style=\"width: 54.00pt;\" width=\"72\">Yksityiskohta<\/td>\n<\/tr>\n<tr style=\"height: 13.50pt;\">\n<td style=\"height: 13.50pt;\" height=\"18\">Kapasiteetti<\/td>\n<td>30ml (1 oz)<\/td>\n<\/tr>\n<tr style=\"height: 13.50pt;\">\n<td style=\"height: 13.50pt;\" height=\"18\">Muoto<\/td>\n<td>Suorasivuinen<\/td>\n<\/tr>\n<tr style=\"height: 13.50pt;\">\n<td style=\"height: 13.50pt;\" height=\"18\">Tiivistys<\/td>\n<td>s\u00e4\u00e4t\u00f6korkki + muovikorkki (muokattavissa)<\/td>\n<\/tr>\n<tr style=\"height: 13.50pt;\">\n<td style=\"height: 13.50pt;\" height=\"18\">Materiaali<\/td>\n<td>paksu, l\u00e4pin\u00e4kyv\u00e4 crystal-lasi<\/td>\n<\/tr>\n<tr style=\"height: 13.50pt;\">\n<td style=\"height: 13.50pt;\" height=\"18\">V\u00e4rivaihtoehdot<\/td>\n<td>Kirkas (saatavilla my\u00f6s mukautettuja v\u00e4rej\u00e4)<\/td>\n<\/tr>\n<tr style=\"height: 13.50pt;\">\n<td style=\"height: 13.50pt;\" height=\"18\">K\u00e4ytt\u00f6tapaukset<\/td>\n<td>Huulirasvojen, voiteiden ja huulirasvojen pakkaukset<\/td>\n<\/tr>\n<\/tbody>\n<\/table>\n<h2>Menestystarina<\/h2>\n<p>Keski-kohtainen splendor-tuoteyritys valitsi meid\u00e4n 1 oz. kosmetiikkalasipullot korkilla lanseerauksessaan ymp\u00e4rist\u00f6yst\u00e4v\u00e4llist\u00e4 huulirasvaa. Helppo rakenne ja mukautettu mattilabel auttoivat heit\u00e4 erottumaan kilpailukent\u00e4ll\u00e4. \"Siirtyminen lasikosmetiikkakerroksessa paransi br\u00e4ndimme laatun\u00e4kemyst\u00e4, mutta v\u00e4hensi my\u00f6s palautusastetta 30%,\" sanoi heid\u00e4n perustajaansa.<\/p>\n<h2>Mukautusvinkkej\u00e4 sinulle<\/h2>\n<ul>\n<li><strong>V\u00e4rikorostus:<\/strong> Korvaa selke\u00e4 lasi pastelliv\u00e4reill\u00e4 luodaksesi yhten\u00e4isen kauneuseristepaletin.<\/li>\n<li><strong>Label Magic:<\/strong> K\u00e4yt\u00e4 mattia tai puhdasta lopputulosta korostaaksesi avainaineita.<\/li>\n<li><strong>Ymp\u00e4rist\u00f6yst\u00e4v\u00e4lliset Parannukset:<\/strong>Lis\u00e4\u00e4 kest\u00e4v\u00e4 viila kauneuseristeisiisi valitsemalla biodegradoitavat etiketit.<\/li>\n<\/ul>","protected":false},"excerpt":{"rendered":"<p>1 oz kosmetiikkalasipullot korkilla ovat ihanteellisia ihonhoito-eristeille, laadukkaiden wholesale pienet kosmetiikkakannat erikoisvalinnoilla. Valmiina toimittamista!<\/p>","protected":false},"featured_media":4828,"comment_status":"open","ping_status":"closed","template":"","meta":{"_acf_changed":false,"site-sidebar-layout":"default","site-content-layout":"","ast-site-content-layout":"default","site-content-style":"default","site-sidebar-style":"default","ast-global-header-display":"","ast-banner-title-visibility":"","ast-main-header-display":"","ast-hfb-above-header-display":"","ast-hfb-below-header-display":"","ast-hfb-mobile-header-display":"","site-post-title":"","ast-breadcrumbs-content":"","ast-featured-img":"","footer-sml-layout":"","ast-disable-related-posts":"","theme-transparent-header-meta":"default","adv-header-id-meta":"","stick-header-meta":"","header-above-stick-meta":"","header-main-stick-meta":"","header-below-stick-meta":"","astra-migrate-meta-layouts":"set","ast-page-background-enabled":"default","ast-page-background-meta":{"desktop":{"background-color":"var(--ast-global-color-5)","background-image":"","background-repeat":"repeat","background-position":"center center","background-size":"auto","background-attachment":"scroll","background-type":"","background-media":"","overlay-type":"","overlay-color":"","overlay-opacity":"","overlay-gradient":""},"tablet":{"background-color":"","background-image":"","background-repeat":"repeat","background-position":"center center","background-size":"auto","background-attachment":"scroll","background-type":"","background-media":"","overlay-type":"","overlay-color":"","overlay-opacity":"","overlay-gradient":""},"mobile":{"background-color":"","background-image":"","background-repeat":"repeat","background-position":"center center","background-size":"auto","background-attachment":"scroll","background-type":"","background-media":"","overlay-type":"","overlay-color":"","overlay-opacity":"","overlay-gradient":""}},"ast-content-background-meta":{"desktop":{"background-color":"var(--ast-global-color-4)","background-image":"","background-repeat":"repeat","background-position":"center center","background-size":"auto","background-attachment":"scroll","background-type":"","background-media":"","overlay-type":"","overlay-color":"","overlay-opacity":"","overlay-gradient":""},"tablet":{"background-color":"var(--ast-global-color-4)","background-image":"","background-repeat":"repeat","background-position":"center center","background-size":"auto","background-attachment":"scroll","background-type":"","background-media":"","overlay-type":"","overlay-color":"","overlay-opacity":"","overlay-gradient":""},"mobile":{"background-color":"var(--ast-global-color-4)","background-image":"","background-repeat":"repeat","background-position":"center center","background-size":"auto","background-attachment":"scroll","background-type":"","background-media":"","overlay-type":"","overlay-color":"","overlay-opacity":"","overlay-gradient":""}}},"product_brand":[],"product_cat":[72,62,56],"product_tag":[175,176],"class_list":{"0":"post-4824","1":"product","2":"type-product","3":"status-publish","4":"has-post-thumbnail","6":"product_cat-cosmetic-packaging","7":"product_cat-cosmetic-containers","8":"product_cat-cosmetic-jars","9":"product_tag-1-oz-cosmetic-glass-jars-with-lids","10":"product_tag-small-cosmetic-containers","11":"desktop-align-left","12":"tablet-align-left","13":"mobile-align-left","15":"first","16":"instock","17":"shipping-taxable","18":"product-type-simple"},"acf":[],"jetpack_sharing_enabled":true,"_links":{"self":[{"href":"https:\/\/theperfumebottles.com\/fi\/wp-json\/wp\/v2\/product\/4824","targetHints":{"allow":["GET"]}}],"collection":[{"href":"https:\/\/theperfumebottles.com\/fi\/wp-json\/wp\/v2\/product"}],"about":[{"href":"https:\/\/theperfumebottles.com\/fi\/wp-json\/wp\/v2\/types\/product"}],"replies":[{"embeddable":true,"href":"https:\/\/theperfumebottles.com\/fi\/wp-json\/wp\/v2\/comments?post=4824"}],"wp:featuredmedia":[{"embeddable":true,"href":"https:\/\/theperfumebottles.com\/fi\/wp-json\/wp\/v2\/media\/4828"}],"wp:attachment":[{"href":"https:\/\/theperfumebottles.com\/fi\/wp-json\/wp\/v2\/media?parent=4824"}],"wp:term":[{"taxonomy":"product_brand","embeddable":true,"href":"https:\/\/theperfumebottles.com\/fi\/wp-json\/wp\/v2\/product_brand?post=4824"},{"taxonomy":"product_cat","embeddable":true,"href":"https:\/\/theperfumebottles.com\/fi\/wp-json\/wp\/v2\/product_cat?post=4824"},{"taxonomy":"product_tag","embeddable":true,"href":"https:\/\/theperfumebottles.com\/fi\/wp-json\/wp\/v2\/product_tag?post=4824"}],"curies":[{"name":"wp","href":"https:\/\/api.w.org\/{rel}","templated":true}]}}