{"id":4829,"date":"2025-07-23T15:52:08","date_gmt":"2025-07-23T07:52:08","guid":{"rendered":"https:\/\/theperfumebottles.com\/?post_type=product&#038;p=4829"},"modified":"2026-03-27T14:56:33","modified_gmt":"2026-03-27T06:56:33","slug":"glass-cosmetic-packaging-containers-50ml-skincare-jars-wholesale","status":"publish","type":"product","link":"https:\/\/theperfumebottles.com\/fi\/tuote\/glass-cosmetic-packaging-containers-50ml-skincare-jars-wholesale\/","title":{"rendered":"Lasiset kosmetiikkapakkaukset \u2013 50 ml:n ihonhoitopurkit tukkumyynniss\u00e4"},"content":{"rendered":"<p>N\u00e4iss\u00e4 kosmetiikkapakkauksissa on valkoinen himme\u00e4 lasipurkki, jossa on sile\u00e4 tai hopeanv\u00e4rinen metallikansi. Niiden reunat on py\u00f6ristetty eritt\u00e4in hienosti, mik\u00e4 tekee niist\u00e4 t\u00e4ydellisi\u00e4 voiteiden, huulirasvojen ja ylellisten ihonhoitotuotteiden esillepanoon.<\/p>\n<h2>T\u00e4rkeimm\u00e4t tekniset tiedot<\/h2>\n<table style=\"border-collapse: collapse; width: 580px; height: 135px; margin-left: 360px;\" border=\"0\" width=\"144\" cellspacing=\"0\" cellpadding=\"0\">\n<tbody>\n<tr style=\"height: 13.50pt;\">\n<td style=\"height: 13.50pt; width: 54.00pt;\" width=\"72\" height=\"18\">Ominaisuus<\/td>\n<td style=\"width: 54.00pt;\" width=\"72\">Yksityiskohta<\/td>\n<\/tr>\n<tr style=\"height: 13.50pt;\">\n<td style=\"height: 13.50pt;\" height=\"18\">Kapasiteetti<\/td>\n<td>50 ml<\/td>\n<\/tr>\n<tr style=\"height: 13.50pt;\">\n<td style=\"height: 13.50pt;\" height=\"18\">Muoto<\/td>\n<td>Py\u00f6rist\u00e4\u00e4<\/td>\n<\/tr>\n<tr style=\"height: 13.50pt;\">\n<td style=\"height: 13.50pt;\" height=\"18\">Tiivistys<\/td>\n<td>Kierretty + alumiininen kansi<\/td>\n<\/tr>\n<tr style=\"height: 13.50pt;\">\n<td style=\"height: 13.50pt;\" height=\"18\">Materiaali<\/td>\n<td>Lasi<\/td>\n<\/tr>\n<tr style=\"height: 13.50pt;\">\n<td style=\"height: 13.50pt;\" height=\"18\">V\u00e4rit<\/td>\n<td>Huurrettu kirkas (mukautetut vaihtoehdot)<\/td>\n<\/tr>\n<tr style=\"height: 13.50pt;\">\n<td style=\"height: 13.50pt;\" height=\"18\">K\u00e4ytt\u00f6tapaukset<\/td>\n<td>Silm\u00e4nymp\u00e4rysvoide, n\u00e4ytevoidepakkaus<\/td>\n<\/tr>\n<\/tbody>\n<\/table>\n<h2>Menestystarina: Eurooppalaisen ihonhoitobr\u00e4ndin uudelleenbr\u00e4nd\u00e4ys<\/h2>\n<p>Eurooppalainen ihonhoitobr\u00e4ndi valitsi 50 ml:n himme\u00e4st\u00e4 lasista valmistetun kosmetiikkapakkauksemme, ja hopeinen kansi harjattiin ja siihen painettiin br\u00e4ndin logo. Peitetty pinta minimoi valolle altistumisen 40 astetta. Pakkauksen tuntuma parani (60 pistett\u00e4) asiakastyytyv\u00e4isyyden ansiosta. Br\u00e4ndi on menestynyt eritt\u00e4in hyvin ja tilasi my\u00f6hemmin uuden 300 000 purkin er\u00e4n uutta seerumi- ja silm\u00e4nymp\u00e4rysvoidesarjaansa.<\/p>\n<h2>Vinkkej\u00e4 mukauttamiseen<\/h2>\n<ul>\n<li><strong>Sekoita ja yhdistele:<\/strong> Yhdist\u00e4 purkit hienosumuttimiin saadaksesi yhten\u00e4isen nipun.<\/li>\n<li><strong>Levy kuin ammattilainen:<\/strong> K\u00e4yt\u00e4 kohokuvioitua teksti\u00e4 tai holografisia yksityiskohtia, jotta s\u00e4ilytysastiasi erottuu kotisivulla.<\/li>\n<li><strong>Vihre\u00e4\u00e4:<\/strong>Lis\u00e4\u00e4 ymp\u00e4rist\u00f6yst\u00e4v\u00e4llinen vivahde k\u00e4ytt\u00e4m\u00e4ll\u00e4 purkkeihin siemenpaperietikettej\u00e4 \u2013 asiakkaat voivat istuttaa purkit k\u00e4yt\u00f6n j\u00e4lkeen kasvattaakseen luonnonkukkia tai yrttej\u00e4.<\/li>\n<\/ul>","protected":false},"excerpt":{"rendered":"<p>50 ml:n lasinen kosmetiikkapakkaus hopeisilla korkeilla ensiluokkaiseen kauneuspakkaukseen. Ihanteellinen silm\u00e4nymp\u00e4rysvoiteille, n\u00e4ytepakkauksille ja kosmetiikkapakkauksille. Valmis l\u00e4hetett\u00e4v\u00e4ksi!<\/p>","protected":false},"featured_media":4830,"comment_status":"open","ping_status":"closed","template":"","meta":{"_acf_changed":false,"site-sidebar-layout":"default","site-content-layout":"","ast-site-content-layout":"default","site-content-style":"default","site-sidebar-style":"default","ast-global-header-display":"","ast-banner-title-visibility":"","ast-main-header-display":"","ast-hfb-above-header-display":"","ast-hfb-below-header-display":"","ast-hfb-mobile-header-display":"","site-post-title":"","ast-breadcrumbs-content":"","ast-featured-img":"","footer-sml-layout":"","ast-disable-related-posts":"","theme-transparent-header-meta":"default","adv-header-id-meta":"","stick-header-meta":"","header-above-stick-meta":"","header-main-stick-meta":"","header-below-stick-meta":"","astra-migrate-meta-layouts":"set","ast-page-background-enabled":"default","ast-page-background-meta":{"desktop":{"background-color":"var(--ast-global-color-5)","background-image":"","background-repeat":"repeat","background-position":"center center","background-size":"auto","background-attachment":"scroll","background-type":"","background-media":"","overlay-type":"","overlay-color":"","overlay-opacity":"","overlay-gradient":""},"tablet":{"background-color":"","background-image":"","background-repeat":"repeat","background-position":"center center","background-size":"auto","background-attachment":"scroll","background-type":"","background-media":"","overlay-type":"","overlay-color":"","overlay-opacity":"","overlay-gradient":""},"mobile":{"background-color":"","background-image":"","background-repeat":"repeat","background-position":"center center","background-size":"auto","background-attachment":"scroll","background-type":"","background-media":"","overlay-type":"","overlay-color":"","overlay-opacity":"","overlay-gradient":""}},"ast-content-background-meta":{"desktop":{"background-color":"var(--ast-global-color-4)","background-image":"","background-repeat":"repeat","background-position":"center center","background-size":"auto","background-attachment":"scroll","background-type":"","background-media":"","overlay-type":"","overlay-color":"","overlay-opacity":"","overlay-gradient":""},"tablet":{"background-color":"var(--ast-global-color-4)","background-image":"","background-repeat":"repeat","background-position":"center center","background-size":"auto","background-attachment":"scroll","background-type":"","background-media":"","overlay-type":"","overlay-color":"","overlay-opacity":"","overlay-gradient":""},"mobile":{"background-color":"var(--ast-global-color-4)","background-image":"","background-repeat":"repeat","background-position":"center center","background-size":"auto","background-attachment":"scroll","background-type":"","background-media":"","overlay-type":"","overlay-color":"","overlay-opacity":"","overlay-gradient":""}}},"product_brand":[],"product_cat":[56,62,72],"product_tag":[178,177],"class_list":{"0":"post-4829","1":"product","2":"type-product","3":"status-publish","4":"has-post-thumbnail","6":"product_cat-cosmetic-jars","7":"product_cat-cosmetic-containers","8":"product_cat-cosmetic-packaging","9":"product_tag-cosmetic-packaging-containers","10":"product_tag-glass-cosmetic-packaging","11":"desktop-align-left","12":"tablet-align-left","13":"mobile-align-left","15":"first","16":"instock","17":"shipping-taxable","18":"product-type-simple"},"acf":[],"jetpack_sharing_enabled":true,"_links":{"self":[{"href":"https:\/\/theperfumebottles.com\/fi\/wp-json\/wp\/v2\/product\/4829","targetHints":{"allow":["GET"]}}],"collection":[{"href":"https:\/\/theperfumebottles.com\/fi\/wp-json\/wp\/v2\/product"}],"about":[{"href":"https:\/\/theperfumebottles.com\/fi\/wp-json\/wp\/v2\/types\/product"}],"replies":[{"embeddable":true,"href":"https:\/\/theperfumebottles.com\/fi\/wp-json\/wp\/v2\/comments?post=4829"}],"wp:featuredmedia":[{"embeddable":true,"href":"https:\/\/theperfumebottles.com\/fi\/wp-json\/wp\/v2\/media\/4830"}],"wp:attachment":[{"href":"https:\/\/theperfumebottles.com\/fi\/wp-json\/wp\/v2\/media?parent=4829"}],"wp:term":[{"taxonomy":"product_brand","embeddable":true,"href":"https:\/\/theperfumebottles.com\/fi\/wp-json\/wp\/v2\/product_brand?post=4829"},{"taxonomy":"product_cat","embeddable":true,"href":"https:\/\/theperfumebottles.com\/fi\/wp-json\/wp\/v2\/product_cat?post=4829"},{"taxonomy":"product_tag","embeddable":true,"href":"https:\/\/theperfumebottles.com\/fi\/wp-json\/wp\/v2\/product_tag?post=4829"}],"curies":[{"name":"wp","href":"https:\/\/api.w.org\/{rel}","templated":true}]}}