{"id":4861,"date":"2025-07-24T17:38:18","date_gmt":"2025-07-24T09:38:18","guid":{"rendered":"https:\/\/theperfumebottles.com\/?post_type=product&#038;p=4861"},"modified":"2026-04-01T14:02:53","modified_gmt":"2026-04-01T06:02:53","slug":"cream-storage-jars-empty-skincare-containers-wholesale","status":"publish","type":"product","link":"https:\/\/theperfumebottles.com\/fi\/tuote\/cream-storage-jars-empty-skincare-containers-wholesale\/","title":{"rendered":"1 oz:n voides\u00e4ilytyspurkit \u2013 Tyhjien ihonhoitoastioiden tukkumyynti"},"content":{"rendered":"<p>Kermas\u00e4ilytyspurkeissa on kompakti lieri\u00f6m\u00e4inen muotoilu, ja niit\u00e4 on saatavilla kahtena lasivaihtoehtona: pehme\u00e4st\u00e4 himme\u00e4st\u00e4 lasista ja kristallinkirkkaasta kirkkaasta lasista. Himme\u00e4ss\u00e4 purkissa on hopeinen metallinen kierrekorkki, kun taas kirkkaassa purkissa on kultainen metallinen korkki.<\/p>\n<h2><span class=\"highlights\" data-v-df95d256=\"\">T\u00e4rkeimm\u00e4t tekniset tiedot <\/span><\/h2>\n<table style=\"border-collapse: collapse; width: 600px; height: 81px; margin-left: 320px;\" border=\"0\" width=\"144\" cellspacing=\"0\" cellpadding=\"0\">\n<tbody>\n<tr style=\"height: 13.50pt;\">\n<td style=\"height: 13.50pt; width: 54.00pt;\" width=\"72\" height=\"18\">Ominaisuus<\/td>\n<td style=\"width: 54.00pt;\" width=\"72\">Yksityiskohta<\/td>\n<\/tr>\n<tr style=\"height: 13.50pt;\">\n<td style=\"height: 13.50pt;\" height=\"18\">Kapasiteetti<\/td>\n<td>30 ml (1 unssi)<\/td>\n<\/tr>\n<tr style=\"height: 13.50pt;\">\n<td style=\"height: 13.50pt;\" height=\"18\">Muoto<\/td>\n<td>Suorasivuinen<\/td>\n<\/tr>\n<tr style=\"height: 13.50pt;\">\n<td style=\"height: 13.50pt;\" height=\"18\">Tiivistysmekanismi<\/td>\n<td>Kierteinen metallikansi (muokattavissa)<\/td>\n<\/tr>\n<tr style=\"height: 13.50pt;\">\n<td style=\"height: 13.50pt;\" height=\"18\">Materiaali<\/td>\n<td>Kristallilasi<\/td>\n<\/tr>\n<tr style=\"height: 13.50pt;\">\n<td style=\"height: 13.50pt;\" height=\"18\">V\u00e4ri<\/td>\n<td>Himme\u00e4<\/td>\n<\/tr>\n<tr style=\"height: 13.50pt;\">\n<td style=\"height: 13.50pt;\" height=\"18\">K\u00e4ytt\u00f6tapaukset<\/td>\n<td>Kasvovoide, Vartalovoide, Silm\u00e4nymp\u00e4rysvoide, Huulivoide<\/td>\n<\/tr>\n<\/tbody>\n<\/table>\n<h2>Menestystarina: Tilausty\u00f6n\u00e4 tehty huippuluokan ihonhoitobr\u00e4ndilt\u00e4 Yhdistyneiss\u00e4 arabiemiirikunnissa<\/h2>\n<p>Dubaissa toimiva ihonhoitobr\u00e4ndi valitsi 50 ml:n tyhj\u00e4t ihonhoitopurkkimme ja r\u00e4\u00e4t\u00e4l\u00f6idyt 24 karaatin kullatut ja ruusukullatut hopeiset korkit. Tulos oli upea, sill\u00e4 jalometalliteema sopi br\u00e4ndin korkealuokkaiseen asemointiin, mik\u00e4 auttoi kasvattamaan joulusesongin lahjapakkausten myynti\u00e4 60 %. Ilmatiiviit metallikorkit pidensiv\u00e4t kasvipohjaisten voiteiden s\u00e4ilyvyytt\u00e4 30 %. Br\u00e4ndin valtava menestys johti 300 000 purkin lis\u00e4tilaukseen uuden kasvo\u00f6ljy- ja seerumisarjan tuotantoa varten.<\/p>\n<h2><span class=\"highlights\" data-v-df95d256=\"\"> Vinkki mukauttamiseen<\/span><\/h2>\n<ul>\n<li><span class=\"highlights\" data-v-df95d256=\"\"><strong>V\u00e4rivaihtoehdot:<\/strong> Vaihda himme\u00e4 lasi kirkkaaseen tai meripihkanv\u00e4riseen lasiin kausikokoelmissa. <\/span><\/li>\n<li><span class=\"highlights\" data-v-df95d256=\"\"><strong>Kannen p\u00e4ivitykset:<\/strong> Lis\u00e4\u00e4 magneettinen suljin huippuluokan pulloel\u00e4myst\u00e4 varten. <\/span><\/li>\n<li><span class=\"highlights\" data-v-df95d256=\"\"><strong>Ymp\u00e4rist\u00f6yst\u00e4v\u00e4llinen k\u00e4\u00e4nne:<\/strong> Yhdist\u00e4 tyhj\u00e4t ihonhoitopakkaukset biohajoaviin etiketteihin tai kasvipohjaisiin musteisiin kest\u00e4v\u00e4n kehityksen mukaisten kauneuspakkausten kehitt\u00e4miseksi.<\/span><\/li>\n<\/ul>","protected":false},"excerpt":{"rendered":"<p>Ensiluokkaiset voides\u00e4ilytyspurkit himme\u00e4st\u00e4 ja kirkkaasta lasista. Tyhj\u00e4t ihonhoitorasiat kultaisilla ja hopeisilla kansilla, t\u00e4ydelliset korkealaatuiseen kosmetiikkapakkaukseen. Ilmaisia \u200b\u200bn\u00e4ytteit\u00e4.<\/p>","protected":false},"featured_media":4862,"comment_status":"open","ping_status":"closed","template":"","meta":{"_acf_changed":false,"site-sidebar-layout":"default","site-content-layout":"","ast-site-content-layout":"default","site-content-style":"default","site-sidebar-style":"default","ast-global-header-display":"","ast-banner-title-visibility":"","ast-main-header-display":"","ast-hfb-above-header-display":"","ast-hfb-below-header-display":"","ast-hfb-mobile-header-display":"","site-post-title":"","ast-breadcrumbs-content":"","ast-featured-img":"","footer-sml-layout":"","ast-disable-related-posts":"","theme-transparent-header-meta":"default","adv-header-id-meta":"","stick-header-meta":"","header-above-stick-meta":"","header-main-stick-meta":"","header-below-stick-meta":"","astra-migrate-meta-layouts":"set","ast-page-background-enabled":"default","ast-page-background-meta":{"desktop":{"background-color":"var(--ast-global-color-5)","background-image":"","background-repeat":"repeat","background-position":"center center","background-size":"auto","background-attachment":"scroll","background-type":"","background-media":"","overlay-type":"","overlay-color":"","overlay-opacity":"","overlay-gradient":""},"tablet":{"background-color":"","background-image":"","background-repeat":"repeat","background-position":"center center","background-size":"auto","background-attachment":"scroll","background-type":"","background-media":"","overlay-type":"","overlay-color":"","overlay-opacity":"","overlay-gradient":""},"mobile":{"background-color":"","background-image":"","background-repeat":"repeat","background-position":"center center","background-size":"auto","background-attachment":"scroll","background-type":"","background-media":"","overlay-type":"","overlay-color":"","overlay-opacity":"","overlay-gradient":""}},"ast-content-background-meta":{"desktop":{"background-color":"var(--ast-global-color-4)","background-image":"","background-repeat":"repeat","background-position":"center center","background-size":"auto","background-attachment":"scroll","background-type":"","background-media":"","overlay-type":"","overlay-color":"","overlay-opacity":"","overlay-gradient":""},"tablet":{"background-color":"var(--ast-global-color-4)","background-image":"","background-repeat":"repeat","background-position":"center center","background-size":"auto","background-attachment":"scroll","background-type":"","background-media":"","overlay-type":"","overlay-color":"","overlay-opacity":"","overlay-gradient":""},"mobile":{"background-color":"var(--ast-global-color-4)","background-image":"","background-repeat":"repeat","background-position":"center center","background-size":"auto","background-attachment":"scroll","background-type":"","background-media":"","overlay-type":"","overlay-color":"","overlay-opacity":"","overlay-gradient":""}}},"product_brand":[],"product_cat":[56,62,72],"product_tag":[181,182],"class_list":{"0":"post-4861","1":"product","2":"type-product","3":"status-publish","4":"has-post-thumbnail","6":"product_cat-cosmetic-jars","7":"product_cat-cosmetic-containers","8":"product_cat-cosmetic-packaging","9":"product_tag-cream-storage-jars","10":"product_tag-empty-skincare-containers","11":"desktop-align-left","12":"tablet-align-left","13":"mobile-align-left","15":"first","16":"instock","17":"shipping-taxable","18":"product-type-simple"},"acf":[],"jetpack_sharing_enabled":true,"_links":{"self":[{"href":"https:\/\/theperfumebottles.com\/fi\/wp-json\/wp\/v2\/product\/4861","targetHints":{"allow":["GET"]}}],"collection":[{"href":"https:\/\/theperfumebottles.com\/fi\/wp-json\/wp\/v2\/product"}],"about":[{"href":"https:\/\/theperfumebottles.com\/fi\/wp-json\/wp\/v2\/types\/product"}],"replies":[{"embeddable":true,"href":"https:\/\/theperfumebottles.com\/fi\/wp-json\/wp\/v2\/comments?post=4861"}],"wp:featuredmedia":[{"embeddable":true,"href":"https:\/\/theperfumebottles.com\/fi\/wp-json\/wp\/v2\/media\/4862"}],"wp:attachment":[{"href":"https:\/\/theperfumebottles.com\/fi\/wp-json\/wp\/v2\/media?parent=4861"}],"wp:term":[{"taxonomy":"product_brand","embeddable":true,"href":"https:\/\/theperfumebottles.com\/fi\/wp-json\/wp\/v2\/product_brand?post=4861"},{"taxonomy":"product_cat","embeddable":true,"href":"https:\/\/theperfumebottles.com\/fi\/wp-json\/wp\/v2\/product_cat?post=4861"},{"taxonomy":"product_tag","embeddable":true,"href":"https:\/\/theperfumebottles.com\/fi\/wp-json\/wp\/v2\/product_tag?post=4861"}],"curies":[{"name":"wp","href":"https:\/\/api.w.org\/{rel}","templated":true}]}}