{"id":4911,"date":"2025-07-25T17:51:40","date_gmt":"2025-07-25T09:51:40","guid":{"rendered":"https:\/\/theperfumebottles.com\/?post_type=product&#038;p=4911"},"modified":"2026-05-05T13:15:47","modified_gmt":"2026-05-05T05:15:47","slug":"beauty-cream-jars-with-lids-for-cosmetic-wholesale","status":"publish","type":"product","link":"https:\/\/theperfumebottles.com\/fi\/tuote\/beauty-cream-jars-with-lids-for-cosmetic-wholesale\/","title":{"rendered":"5g \u2013 80g Beauty Cream Jars with Lids for Cosmetic Wholesale"},"content":{"rendered":"<p>N\u00e4iss\u00e4 kauneusvoidepurkeissa on sylinterim\u00e4inen muotoilu, ne on valmistettu ylellisest\u00e4 meripihkanv\u00e4risest\u00e4 lasista ja niiss\u00e4 on kiilt\u00e4v\u00e4 musta kansi. Niit\u00e4 on saatavana eri kokoisina pienist\u00e4 n\u00e4ytepurkeista suuriin ja tilaa vieviin s\u00e4ilytysastioihin.<\/p>\n<h2>T\u00e4rkeimm\u00e4t tekniset tiedot<\/h2>\n<p>&nbsp;<\/p>\n<table style=\"border-collapse: collapse; width: 80%; height: 131px; margin-left: auto; margin-right: auto;\" border=\"0\" width=\"144\" cellspacing=\"0\" cellpadding=\"0\">\n<tbody>\n<tr style=\"height: 13.50pt;\">\n<td style=\"height: 13.5pt; width: 54pt; text-align: center;\" width=\"72\" height=\"18\">Ominaisuus<\/td>\n<td style=\"width: 54pt; text-align: center;\" width=\"72\">Tiedot<\/td>\n<\/tr>\n<tr style=\"height: 13.50pt;\">\n<td style=\"height: 13.5pt; text-align: center;\" height=\"18\">Capacity(g)<\/td>\n<td style=\"text-align: center;\">5, 8, 15, 30, 40, 50, 80<\/td>\n<\/tr>\n<tr style=\"height: 13.50pt;\">\n<td style=\"height: 13.5pt; text-align: center;\" height=\"18\">Tiivistysmekanismi<\/td>\n<td style=\"text-align: center;\">Kierteinen kaula + metallinen kansi (muokattavissa)<\/td>\n<\/tr>\n<tr style=\"height: 13.50pt;\">\n<td style=\"height: 13.5pt; text-align: center;\" height=\"18\">Muoto<\/td>\n<td style=\"text-align: center;\">Py\u00f6rist\u00e4\u00e4<\/td>\n<\/tr>\n<tr style=\"height: 13.50pt;\">\n<td style=\"height: 13.5pt; text-align: center;\" height=\"18\">Materiaali<\/td>\n<td style=\"text-align: center;\">Kristallilasi<\/td>\n<\/tr>\n<tr style=\"height: 13.50pt;\">\n<td style=\"height: 13.5pt; text-align: center;\" height=\"18\">V\u00e4ri<\/td>\n<td style=\"text-align: center;\">Meripihka (saatavilla my\u00f6s mukautettuja v\u00e4rej\u00e4)<\/td>\n<\/tr>\n<tr style=\"height: 13.50pt;\">\n<td style=\"height: 13.5pt; text-align: center;\" height=\"18\">K\u00e4ytt\u00f6tapaus<\/td>\n<td style=\"text-align: center;\">Silm\u00e4nymp\u00e4rysvoide, naamio, voidepakkaus<\/td>\n<\/tr>\n<\/tbody>\n<\/table>\n<h2>Menestystarina<\/h2>\n<p>Terveydenhuollon ihonhoitoyritys valitsi 15 g:n, 30 g:n, 50 g:n ja 80 g:n py\u00f6re\u00e4korkkiset meripihkanv\u00e4riset kosmetiikkapurkkimme, joihin oli asennettu kansi. Tilauksesta tehtiin niihin silkkipainotekniikalla numeroidut (1\u20134) ja avaamattomuuden osoittavat sinetit. T\u00e4rke\u00e4 UV-suoja pidensi tuotteen s\u00e4ilyvyytt\u00e4 40 p\u00e4iv\u00e4ll\u00e4. T\u00e4m\u00e4 kattava hoitoj\u00e4rjestelm\u00e4 johti my\u00f6s 30 prosentin kasvuun niiden ihmisten m\u00e4\u00e4r\u00e4ss\u00e4, jotka ostivat koko setin yksitt\u00e4isen tuotteen ostamiseen verrattuna. Br\u00e4ndin menestys johti siihen, ett\u00e4 br\u00e4ndi tilasi 1,5 miljoonaa purkkia lis\u00e4\u00e4 uuden leikkauksen j\u00e4lkeisen hoitotuotelinjansa ja aurinkosuojavoiteensa pakkaamiseen.<\/p>\n<h2>Vinkkej\u00e4 mukauttamiseen<\/h2>\n<ul>\n<li><strong>V\u00e4rikontrasti:<\/strong> Yhdist\u00e4 meripihkanv\u00e4rinen lasi kultaisiin tai valkoisiin etiketteihin saadaksesi ylellisen ilmeen.<\/li>\n<li><strong>Hienosumun yhteensopivuus:<\/strong> Lis\u00e4\u00e4 pumppu tai pipetti tietty\u00e4 ohjelmistoa varten.<\/li>\n<li><strong>Tekstuuri ja taktiilinen muotoilu:<\/strong> Lis\u00e4\u00e4 lasipurkkiin kohokuvioituja kuvioita tai kohokuvioita parantaaksesi pitoa ja visuaalista lumoa.<\/li>\n<\/ul>","protected":false},"excerpt":{"rendered":"<p data-spm-anchor-id=\"5176.28103460.0.i4.29ab1db8t1fv9E\">Meripihkanv\u00e4risi\u00e4 kauneusvoidepurkkeja, 5\u201380 g, tyylikk\u00e4ill\u00e4 mustilla korkeilla. Kosmetiikkapurkit kansineen takaavat UV-suojan ja raikkauden. Ilmaisia \u200b\u200bn\u00e4ytteit\u00e4 saatavilla.<\/p>","protected":false},"featured_media":7784,"comment_status":"open","ping_status":"closed","template":"","meta":{"_acf_changed":false,"site-sidebar-layout":"default","site-content-layout":"","ast-site-content-layout":"default","site-content-style":"default","site-sidebar-style":"default","ast-global-header-display":"","ast-banner-title-visibility":"","ast-main-header-display":"","ast-hfb-above-header-display":"","ast-hfb-below-header-display":"","ast-hfb-mobile-header-display":"","site-post-title":"","ast-breadcrumbs-content":"","ast-featured-img":"","footer-sml-layout":"","ast-disable-related-posts":"","theme-transparent-header-meta":"default","adv-header-id-meta":"","stick-header-meta":"","header-above-stick-meta":"","header-main-stick-meta":"","header-below-stick-meta":"","astra-migrate-meta-layouts":"set","ast-page-background-enabled":"default","ast-page-background-meta":{"desktop":{"background-color":"var(--ast-global-color-5)","background-image":"","background-repeat":"repeat","background-position":"center center","background-size":"auto","background-attachment":"scroll","background-type":"","background-media":"","overlay-type":"","overlay-color":"","overlay-opacity":"","overlay-gradient":""},"tablet":{"background-color":"","background-image":"","background-repeat":"repeat","background-position":"center center","background-size":"auto","background-attachment":"scroll","background-type":"","background-media":"","overlay-type":"","overlay-color":"","overlay-opacity":"","overlay-gradient":""},"mobile":{"background-color":"","background-image":"","background-repeat":"repeat","background-position":"center center","background-size":"auto","background-attachment":"scroll","background-type":"","background-media":"","overlay-type":"","overlay-color":"","overlay-opacity":"","overlay-gradient":""}},"ast-content-background-meta":{"desktop":{"background-color":"var(--ast-global-color-4)","background-image":"","background-repeat":"repeat","background-position":"center center","background-size":"auto","background-attachment":"scroll","background-type":"","background-media":"","overlay-type":"","overlay-color":"","overlay-opacity":"","overlay-gradient":""},"tablet":{"background-color":"var(--ast-global-color-4)","background-image":"","background-repeat":"repeat","background-position":"center center","background-size":"auto","background-attachment":"scroll","background-type":"","background-media":"","overlay-type":"","overlay-color":"","overlay-opacity":"","overlay-gradient":""},"mobile":{"background-color":"var(--ast-global-color-4)","background-image":"","background-repeat":"repeat","background-position":"center center","background-size":"auto","background-attachment":"scroll","background-type":"","background-media":"","overlay-type":"","overlay-color":"","overlay-opacity":"","overlay-gradient":""}}},"product_brand":[],"product_cat":[56,62,72],"product_tag":[189,190],"class_list":{"0":"post-4911","1":"product","2":"type-product","3":"status-publish","4":"has-post-thumbnail","6":"product_cat-cosmetic-jars","7":"product_cat-cosmetic-containers","8":"product_cat-cosmetic-packaging","9":"product_tag-beauty-cream-jar","10":"product_tag-cosmetic-pots-with-lids","11":"desktop-align-left","12":"tablet-align-left","13":"mobile-align-left","15":"first","16":"instock","17":"shipping-taxable","18":"product-type-simple"},"acf":[],"jetpack_sharing_enabled":true,"_links":{"self":[{"href":"https:\/\/theperfumebottles.com\/fi\/wp-json\/wp\/v2\/product\/4911","targetHints":{"allow":["GET"]}}],"collection":[{"href":"https:\/\/theperfumebottles.com\/fi\/wp-json\/wp\/v2\/product"}],"about":[{"href":"https:\/\/theperfumebottles.com\/fi\/wp-json\/wp\/v2\/types\/product"}],"replies":[{"embeddable":true,"href":"https:\/\/theperfumebottles.com\/fi\/wp-json\/wp\/v2\/comments?post=4911"}],"wp:featuredmedia":[{"embeddable":true,"href":"https:\/\/theperfumebottles.com\/fi\/wp-json\/wp\/v2\/media\/7784"}],"wp:attachment":[{"href":"https:\/\/theperfumebottles.com\/fi\/wp-json\/wp\/v2\/media?parent=4911"}],"wp:term":[{"taxonomy":"product_brand","embeddable":true,"href":"https:\/\/theperfumebottles.com\/fi\/wp-json\/wp\/v2\/product_brand?post=4911"},{"taxonomy":"product_cat","embeddable":true,"href":"https:\/\/theperfumebottles.com\/fi\/wp-json\/wp\/v2\/product_cat?post=4911"},{"taxonomy":"product_tag","embeddable":true,"href":"https:\/\/theperfumebottles.com\/fi\/wp-json\/wp\/v2\/product_tag?post=4911"}],"curies":[{"name":"wp","href":"https:\/\/api.w.org\/{rel}","templated":true}]}}