{"id":4932,"date":"2025-07-25T17:57:13","date_gmt":"2025-07-25T09:57:13","guid":{"rendered":"https:\/\/theperfumebottles.com\/?post_type=product&#038;p=4932"},"modified":"2026-03-30T15:56:01","modified_gmt":"2026-03-30T07:56:01","slug":"clear-50ml-cosmetic-containers-with-gold-lids-wholesale","status":"publish","type":"product","link":"https:\/\/theperfumebottles.com\/fi\/tuote\/clear-50ml-cosmetic-containers-with-gold-lids-wholesale\/","title":{"rendered":"Kirkkaat 50 ml:n kosmetiikkas\u00e4ili\u00f6t, joissa on kultaiset kannet, tukkumyynti"},"content":{"rendered":"<p>N\u00e4iss\u00e4 50 ml:n kosmetiikkapulloissa on hienostunut, kerrostettu muotoilu. Pullo on valmistettu l\u00e4pin\u00e4kyv\u00e4st\u00e4, sylinterim\u00e4isest\u00e4 lasiputkesta, jonka keskell\u00e4 on kiilt\u00e4v\u00e4 metallinen kultarengas. Korkki on kirkasta akryylia ja siin\u00e4 on ohut metallinen kultainen kehys.<\/p>\n<h2><span class=\"highlights\" data-v-df95d256=\"\">T\u00e4rkeimm\u00e4t tekniset tiedot <\/span><\/h2>\n<table style=\"border-collapse: collapse; width: 80%; height: 5px; margin-left: auto; margin-right: auto;\" border=\"0\" width=\"144\" cellspacing=\"0\" cellpadding=\"0\">\n<tbody>\n<tr style=\"height: 13.50pt;\">\n<td style=\"height: 13.50pt; width: 54.00pt;\" width=\"72\" height=\"18\">Ominaisuus<\/td>\n<td style=\"width: 54.00pt;\" width=\"72\">Tiedot<\/td>\n<\/tr>\n<tr style=\"height: 13.50pt;\">\n<td style=\"height: 13.50pt;\" height=\"18\">Kapasiteetti<\/td>\n<td>50 ml<\/td>\n<\/tr>\n<tr style=\"height: 13.50pt;\">\n<td style=\"height: 13.50pt;\" height=\"18\">Tiivistysmekanismi<\/td>\n<td>Kierteinen kaula + muovikansi (muokattavissa)<\/td>\n<\/tr>\n<tr style=\"height: 13.50pt;\">\n<td style=\"height: 13.50pt;\" height=\"18\">Muoto<\/td>\n<td>Py\u00f6rist\u00e4\u00e4<\/td>\n<\/tr>\n<tr style=\"height: 13.50pt;\">\n<td style=\"height: 13.50pt;\" height=\"18\">Materiaali<\/td>\n<td>Kristallilasi<\/td>\n<\/tr>\n<tr style=\"height: 13.50pt;\">\n<td style=\"height: 13.50pt;\" height=\"18\">V\u00e4ri<\/td>\n<td>Tyhjenn\u00e4 (mukautettu)<\/td>\n<\/tr>\n<tr style=\"height: 13.50pt;\">\n<td style=\"height: 13.50pt;\" height=\"18\">K\u00e4ytt\u00f6tapaus<\/td>\n<td>Ihonhoitovoide, voidepakkaus<\/td>\n<\/tr>\n<\/tbody>\n<\/table>\n<h2>Menestystarina: Ylellinen L\u00e4hi-id\u00e4n y\u00f6voide<\/h2>\n<p>L\u00e4hi-id\u00e4ss\u00e4 toimiva luksuskauneusalan yritys on r\u00e4\u00e4t\u00e4l\u00f6inyt 50 ml:n kirkkaat lasiset kosmetiikkapurkkimme ja lis\u00e4nnyt niihin kultaiset renkaat, ruusukultaisen PVD-pinnoitteen ja kohokuvioidun viimeistelyn. L\u00e4pin\u00e4kyv\u00e4t purkit olivat t\u00e4ydellinen osoitus kultalehdest\u00e4, ja t\u00e4m\u00e4 johti 300 prosentin kasvuun sosiaalisessa mediassa. Alkuper\u00e4iset 50 000 yksikk\u00f6\u00e4 myytiin 72 tunnissa kauniiden pakkausten avulla. Br\u00e4ndin valtava menestys johti 750 000 lis\u00e4purkin tilaukseen uuden kirkastavien pohjustusvoiteiden ja kasvo\u00f6ljyjen tuoteperheen lanseeraamiseksi.<\/p>\n<h2><span class=\"highlights\" data-v-df95d256=\"\">Vinkkej\u00e4 mukauttamiseen <\/span><\/h2>\n<ul>\n<li><strong>V\u00e4rien harmonia:<\/strong> Yhdist\u00e4 puhdas lasi pehmeisiin pastellis\u00e4vyihin tai valkoisiin etiketteihin luodaksesi raikkaan, modernin ja muodikkaan ilmeen.<\/li>\n<li><strong>Tarran suunnittelu:<\/strong> K\u00e4yt\u00e4 selvi\u00e4 tai ter\u00e4ksisi\u00e4 etikettej\u00e4 keskitty\u00e4ksesi t\u00e4rkeimpiin ainesosiin ja tuoteetuihin, mik\u00e4 parantaa sek\u00e4 ulkon\u00e4k\u00f6\u00e4 ett\u00e4 asiakastietoja.<\/li>\n<li><strong>Teksturoituja ominaisuuksia:<\/strong> Lis\u00e4\u00e4 lasipurkkeihin kohokuvioituja tyylej\u00e4 tai kohokuvioituja tekstuureja parantaaksesi pitoa ja lis\u00e4t\u00e4ksesi n\u00e4kyv\u00e4\u00e4 ja tuntuista vetovoimaa.<\/li>\n<\/ul>","protected":false},"excerpt":{"rendered":"<p>50 ml:n kosmetiikkapurkit, joissa on kirkasta lasia ja kultaisia \u200b\u200byksityiskohtia. Kirkkaat lasiset kosmetiikkapurkit ovat ylellisen n\u00e4k\u00f6isi\u00e4 ja ilmatiiviisti suljettavat. Ilmaisia \u200b\u200bn\u00e4ytteit\u00e4 saatavilla t\u00e4n\u00e4\u00e4n.<\/p>","protected":false},"featured_media":4946,"comment_status":"open","ping_status":"closed","template":"","meta":{"_acf_changed":false,"site-sidebar-layout":"default","site-content-layout":"","ast-site-content-layout":"default","site-content-style":"default","site-sidebar-style":"default","ast-global-header-display":"","ast-banner-title-visibility":"","ast-main-header-display":"","ast-hfb-above-header-display":"","ast-hfb-below-header-display":"","ast-hfb-mobile-header-display":"","site-post-title":"","ast-breadcrumbs-content":"","ast-featured-img":"","footer-sml-layout":"","ast-disable-related-posts":"","theme-transparent-header-meta":"default","adv-header-id-meta":"","stick-header-meta":"","header-above-stick-meta":"","header-main-stick-meta":"","header-below-stick-meta":"","astra-migrate-meta-layouts":"set","ast-page-background-enabled":"default","ast-page-background-meta":{"desktop":{"background-color":"var(--ast-global-color-5)","background-image":"","background-repeat":"repeat","background-position":"center center","background-size":"auto","background-attachment":"scroll","background-type":"","background-media":"","overlay-type":"","overlay-color":"","overlay-opacity":"","overlay-gradient":""},"tablet":{"background-color":"","background-image":"","background-repeat":"repeat","background-position":"center center","background-size":"auto","background-attachment":"scroll","background-type":"","background-media":"","overlay-type":"","overlay-color":"","overlay-opacity":"","overlay-gradient":""},"mobile":{"background-color":"","background-image":"","background-repeat":"repeat","background-position":"center center","background-size":"auto","background-attachment":"scroll","background-type":"","background-media":"","overlay-type":"","overlay-color":"","overlay-opacity":"","overlay-gradient":""}},"ast-content-background-meta":{"desktop":{"background-color":"var(--ast-global-color-4)","background-image":"","background-repeat":"repeat","background-position":"center center","background-size":"auto","background-attachment":"scroll","background-type":"","background-media":"","overlay-type":"","overlay-color":"","overlay-opacity":"","overlay-gradient":""},"tablet":{"background-color":"var(--ast-global-color-4)","background-image":"","background-repeat":"repeat","background-position":"center center","background-size":"auto","background-attachment":"scroll","background-type":"","background-media":"","overlay-type":"","overlay-color":"","overlay-opacity":"","overlay-gradient":""},"mobile":{"background-color":"var(--ast-global-color-4)","background-image":"","background-repeat":"repeat","background-position":"center center","background-size":"auto","background-attachment":"scroll","background-type":"","background-media":"","overlay-type":"","overlay-color":"","overlay-opacity":"","overlay-gradient":""}}},"product_brand":[],"product_cat":[56,62,72],"product_tag":[197,198],"class_list":{"0":"post-4932","1":"product","2":"type-product","3":"status-publish","4":"has-post-thumbnail","6":"product_cat-cosmetic-jars","7":"product_cat-cosmetic-containers","8":"product_cat-cosmetic-packaging","9":"product_tag-50ml-cosmetic-containers","10":"product_tag-clear-glass-cosmetic-jars","11":"desktop-align-left","12":"tablet-align-left","13":"mobile-align-left","15":"first","16":"instock","17":"shipping-taxable","18":"product-type-simple"},"acf":[],"jetpack_sharing_enabled":true,"_links":{"self":[{"href":"https:\/\/theperfumebottles.com\/fi\/wp-json\/wp\/v2\/product\/4932","targetHints":{"allow":["GET"]}}],"collection":[{"href":"https:\/\/theperfumebottles.com\/fi\/wp-json\/wp\/v2\/product"}],"about":[{"href":"https:\/\/theperfumebottles.com\/fi\/wp-json\/wp\/v2\/types\/product"}],"replies":[{"embeddable":true,"href":"https:\/\/theperfumebottles.com\/fi\/wp-json\/wp\/v2\/comments?post=4932"}],"wp:featuredmedia":[{"embeddable":true,"href":"https:\/\/theperfumebottles.com\/fi\/wp-json\/wp\/v2\/media\/4946"}],"wp:attachment":[{"href":"https:\/\/theperfumebottles.com\/fi\/wp-json\/wp\/v2\/media?parent=4932"}],"wp:term":[{"taxonomy":"product_brand","embeddable":true,"href":"https:\/\/theperfumebottles.com\/fi\/wp-json\/wp\/v2\/product_brand?post=4932"},{"taxonomy":"product_cat","embeddable":true,"href":"https:\/\/theperfumebottles.com\/fi\/wp-json\/wp\/v2\/product_cat?post=4932"},{"taxonomy":"product_tag","embeddable":true,"href":"https:\/\/theperfumebottles.com\/fi\/wp-json\/wp\/v2\/product_tag?post=4932"}],"curies":[{"name":"wp","href":"https:\/\/api.w.org\/{rel}","templated":true}]}}