{"id":4985,"date":"2025-07-29T17:23:15","date_gmt":"2025-07-29T09:23:15","guid":{"rendered":"https:\/\/theperfumebottles.com\/?post_type=product&#038;p=4985"},"modified":"2026-04-28T15:56:07","modified_gmt":"2026-04-28T07:56:07","slug":"30ml-amber-cosmetic-jars-with-custom-options-in-bulk","status":"publish","type":"product","link":"https:\/\/theperfumebottles.com\/fi\/tuote\/30ml-amber-cosmetic-jars-with-custom-options-in-bulk\/","title":{"rendered":"30 ml:n meripihkanv\u00e4riset kosmetiikkapurkit, joissa on mukautettuja vaihtoehtoja irtotavarana"},"content":{"rendered":"<p>Etsitk\u00f6 kosmetiikkapakkausta, joka yhdist\u00e4\u00e4 toimivuuden ja tyylikkyyden? N\u00e4m\u00e4 30 ml:n meripihkanv\u00e4riset kosmetiikkapurkit on suunniteltu ihonhoitobr\u00e4ndeille ja kauneuspakkausten toimittajille, jotka haluavat tehd\u00e4 vaikutuksen.<\/p>\n<h2>T\u00e4rkeimm\u00e4t tekniset tiedot<\/h2>\n<table style=\"border-collapse: collapse; width: 986px; height: 5px; margin-left: 120px;\" border=\"0\" width=\"432\" cellspacing=\"0\" cellpadding=\"0\">\n<tbody>\n<tr style=\"height: 13.50pt;\">\n<td style=\"height: 13.5pt; width: 54pt; text-align: center;\" width=\"72\" height=\"18\">Kapasiteetti<\/td>\n<td style=\"width: 54pt; text-align: center;\" width=\"72\">Tiivistysmenetelm\u00e4<\/td>\n<td style=\"width: 54pt; text-align: center;\" width=\"72\">Muoto<\/td>\n<td style=\"width: 54pt; text-align: center;\" width=\"72\">Materiaali<\/td>\n<td style=\"width: 54pt; text-align: center;\" width=\"72\">V\u00e4ri<\/td>\n<td style=\"width: 54pt; text-align: center;\" width=\"72\">K\u00e4ytt\u00f6tapaus<\/td>\n<\/tr>\n<tr style=\"height: 13.50pt;\">\n<td style=\"height: 13.5pt; text-align: center;\" height=\"18\">30 ml<\/td>\n<td style=\"text-align: center;\">Kierteinen kaula + muovikansi<\/td>\n<td style=\"text-align: center;\">Py\u00f6rist\u00e4\u00e4<\/td>\n<td style=\"text-align: center;\">Kristallilasi<\/td>\n<td style=\"text-align: center;\">Meripihka (muokattava)<\/td>\n<td style=\"text-align: center;\">Huulirasvat, voiteet, emulsiot<\/td>\n<\/tr>\n<\/tbody>\n<\/table>\n<h2>Menestystarina: Luonnonmukaisen ihonhoitobr\u00e4ndin pakkausuudistus<\/h2>\n<p>Puhdas kauneusalan startup-yritys tarvitsi 30 ml:n meripihkanv\u00e4risi\u00e4 kosmetiikkapurkkeja C-vitamiiniseerumilleen. He valitsivat kosmetiikkapurkkimme, joissa oli mittatilausty\u00f6n\u00e4 tehdyt mattamustat kannet ja minimalistiset etiketit. Tulos? Asiakkaiden luottamus kasvoi 60 %, ja ostajat kommentoivat: &#034;Meripihkanv\u00e4riset kosmetiikkapurkit tuntuvat ylelliselt\u00e4 kylpyl\u00e4lt\u00e4 kylpyhuoneessani.&#034;<\/p>\n<h2>Vinkkej\u00e4 mukauttamiseen<\/h2>\n<ul>\n<li><strong>V\u00e4rikontrasti:<\/strong> Yhdist\u00e4 meripihkanv\u00e4rinen lasi valkoisiin tai kultaisiin kansiin saadaksesi upean ulkon\u00e4\u00f6n.<\/li>\n<li><strong>Tarran suunnittelu:<\/strong> K\u00e4yt\u00e4 kohokuvioituja himmeit\u00e4 etikettej\u00e4, joissa on tavaramerkit, saadaksesi tuntuman tuntumaan.<\/li>\n<li><strong>Materiaalisekoitus:<\/strong> Yhdist\u00e4 meripihkanv\u00e4rinen lasi harjattuun ter\u00e4kseen tai himme\u00e4\u00e4n muovikanteen luodaksesi modernin ilmeen kosmetiikkapakkauksiin.<\/li>\n<\/ul>","protected":false},"excerpt":{"rendered":"<p>30 ml:n meripihkanv\u00e4riset kosmetiikkapurkit voiteille ja voiteille. Ymp\u00e4rist\u00f6yst\u00e4v\u00e4lliset, UV-suojaavat ja valmiit l\u00e4hetett\u00e4v\u00e4ksi. T\u00e4ydelliset kauneudenhoitotuotteiden pakkaamiseen irtotavarana.<\/p>","protected":false},"featured_media":4986,"comment_status":"open","ping_status":"closed","template":"","meta":{"_acf_changed":false,"site-sidebar-layout":"default","site-content-layout":"","ast-site-content-layout":"default","site-content-style":"default","site-sidebar-style":"default","ast-global-header-display":"","ast-banner-title-visibility":"","ast-main-header-display":"","ast-hfb-above-header-display":"","ast-hfb-below-header-display":"","ast-hfb-mobile-header-display":"","site-post-title":"","ast-breadcrumbs-content":"","ast-featured-img":"","footer-sml-layout":"","ast-disable-related-posts":"","theme-transparent-header-meta":"default","adv-header-id-meta":"","stick-header-meta":"","header-above-stick-meta":"","header-main-stick-meta":"","header-below-stick-meta":"","astra-migrate-meta-layouts":"set","ast-page-background-enabled":"default","ast-page-background-meta":{"desktop":{"background-color":"var(--ast-global-color-5)","background-image":"","background-repeat":"repeat","background-position":"center center","background-size":"auto","background-attachment":"scroll","background-type":"","background-media":"","overlay-type":"","overlay-color":"","overlay-opacity":"","overlay-gradient":""},"tablet":{"background-color":"","background-image":"","background-repeat":"repeat","background-position":"center center","background-size":"auto","background-attachment":"scroll","background-type":"","background-media":"","overlay-type":"","overlay-color":"","overlay-opacity":"","overlay-gradient":""},"mobile":{"background-color":"","background-image":"","background-repeat":"repeat","background-position":"center center","background-size":"auto","background-attachment":"scroll","background-type":"","background-media":"","overlay-type":"","overlay-color":"","overlay-opacity":"","overlay-gradient":""}},"ast-content-background-meta":{"desktop":{"background-color":"var(--ast-global-color-4)","background-image":"","background-repeat":"repeat","background-position":"center center","background-size":"auto","background-attachment":"scroll","background-type":"","background-media":"","overlay-type":"","overlay-color":"","overlay-opacity":"","overlay-gradient":""},"tablet":{"background-color":"var(--ast-global-color-4)","background-image":"","background-repeat":"repeat","background-position":"center center","background-size":"auto","background-attachment":"scroll","background-type":"","background-media":"","overlay-type":"","overlay-color":"","overlay-opacity":"","overlay-gradient":""},"mobile":{"background-color":"var(--ast-global-color-4)","background-image":"","background-repeat":"repeat","background-position":"center center","background-size":"auto","background-attachment":"scroll","background-type":"","background-media":"","overlay-type":"","overlay-color":"","overlay-opacity":"","overlay-gradient":""}}},"product_brand":[],"product_cat":[56,62,72],"product_tag":[201,200],"class_list":{"0":"post-4985","1":"product","2":"type-product","3":"status-publish","4":"has-post-thumbnail","6":"product_cat-cosmetic-jars","7":"product_cat-cosmetic-containers","8":"product_cat-cosmetic-packaging","9":"product_tag-30ml-cosmetic-jars","10":"product_tag-amber-cosmetic-jars","11":"desktop-align-left","12":"tablet-align-left","13":"mobile-align-left","15":"first","16":"instock","17":"shipping-taxable","18":"product-type-simple"},"acf":[],"jetpack_sharing_enabled":true,"_links":{"self":[{"href":"https:\/\/theperfumebottles.com\/fi\/wp-json\/wp\/v2\/product\/4985","targetHints":{"allow":["GET"]}}],"collection":[{"href":"https:\/\/theperfumebottles.com\/fi\/wp-json\/wp\/v2\/product"}],"about":[{"href":"https:\/\/theperfumebottles.com\/fi\/wp-json\/wp\/v2\/types\/product"}],"replies":[{"embeddable":true,"href":"https:\/\/theperfumebottles.com\/fi\/wp-json\/wp\/v2\/comments?post=4985"}],"wp:featuredmedia":[{"embeddable":true,"href":"https:\/\/theperfumebottles.com\/fi\/wp-json\/wp\/v2\/media\/4986"}],"wp:attachment":[{"href":"https:\/\/theperfumebottles.com\/fi\/wp-json\/wp\/v2\/media?parent=4985"}],"wp:term":[{"taxonomy":"product_brand","embeddable":true,"href":"https:\/\/theperfumebottles.com\/fi\/wp-json\/wp\/v2\/product_brand?post=4985"},{"taxonomy":"product_cat","embeddable":true,"href":"https:\/\/theperfumebottles.com\/fi\/wp-json\/wp\/v2\/product_cat?post=4985"},{"taxonomy":"product_tag","embeddable":true,"href":"https:\/\/theperfumebottles.com\/fi\/wp-json\/wp\/v2\/product_tag?post=4985"}],"curies":[{"name":"wp","href":"https:\/\/api.w.org\/{rel}","templated":true}]}}