{"id":4990,"date":"2025-07-29T17:27:28","date_gmt":"2025-07-29T09:27:28","guid":{"rendered":"https:\/\/theperfumebottles.com\/?post_type=product&#038;p=4990"},"modified":"2026-03-30T14:38:28","modified_gmt":"2026-03-30T06:38:28","slug":"custom-1-oz-cosmetic-jars-with-lids-wholesale","status":"publish","type":"product","link":"https:\/\/theperfumebottles.com\/fi\/tuote\/custom-1-oz-cosmetic-jars-with-lids-wholesale\/","title":{"rendered":"5 g \u2013 80 g r\u00e4\u00e4t\u00e4l\u00f6ityj\u00e4 kosmetiikkapurkkeja kansilla, tukkumyynti"},"content":{"rendered":"<p>Ne ovat py\u00f6reit\u00e4, 28 gramman (n. 28 g) tilavuisia kosmetiikkapurkkeja, jotka on valmistettu kahdesta eri tyypist\u00e4: pehme\u00e4st\u00e4 himme\u00e4st\u00e4 lasista ja kristallinkirkkaasta lasista, ja ne on pakattu lasisiin lieri\u00f6m\u00e4isiin pulloihin. Purkeissa on vakiokierreruuvi ja niiss\u00e4 voi olla mustat, hopeiset tai kultaiset metalliset kierrekorkit.<\/p>\n<h2><strong data-spm-anchor-id=\"5176.28103460.0.i23.29ab1db81jJxsg\">T\u00e4rkeimm\u00e4t tekniset tiedot<\/strong><\/h2>\n<table style=\"border-collapse: collapse; width: 80%; margin-left: auto; margin-right: auto;\" border=\"0\" width=\"360\" cellspacing=\"0\" cellpadding=\"0\">\n<tbody>\n<tr style=\"height: 13.50pt;\">\n<td style=\"height: 13.50pt; width: 54.00pt;\" width=\"72\" height=\"18\">Kapasiteetti<\/td>\n<td style=\"width: 54.00pt;\" width=\"72\">Tiivistysmenetelm\u00e4<\/td>\n<td style=\"width: 54.00pt;\" width=\"72\">Materiaali<\/td>\n<td style=\"width: 54.00pt;\" width=\"72\">V\u00e4rivaihtoehdot<\/td>\n<td style=\"width: 54.00pt;\" width=\"72\">K\u00e4ytt\u00f6<\/td>\n<\/tr>\n<tr style=\"height: 13.50pt;\">\n<td style=\"height: 13.50pt;\" height=\"18\">5 g<\/td>\n<td class=\"et2\" rowspan=\"7\">Kierteinen kaula + muovi-\/metallikansi<\/td>\n<td class=\"et2\" rowspan=\"7\">Kristallilasi<\/td>\n<td class=\"et2\" rowspan=\"7\">Meripihkan, mattan ja kullanv\u00e4rinen kansi tai tarpeen mukaan<\/td>\n<td class=\"et2\" rowspan=\"7\">Kasvovoide, vartalovoide, silm\u00e4nymp\u00e4rysvoide, huulivoide\u2026<\/td>\n<\/tr>\n<tr style=\"height: 13.50pt;\">\n<td style=\"height: 13.50pt;\" height=\"18\">10 g<\/td>\n<\/tr>\n<tr style=\"height: 13.50pt;\">\n<td style=\"height: 13.50pt;\" height=\"18\">15 g (0,5 unssia)<\/td>\n<\/tr>\n<tr style=\"height: 13.50pt;\">\n<td style=\"height: 13.50pt;\" height=\"18\">20 g<\/td>\n<\/tr>\n<tr style=\"height: 13.50pt;\">\n<td style=\"height: 13.50pt;\" height=\"18\">30 g (1 unssi)<\/td>\n<\/tr>\n<tr style=\"height: 13.50pt;\">\n<td style=\"height: 13.50pt;\" height=\"18\">50 g<\/td>\n<\/tr>\n<tr style=\"height: 13.50pt;\">\n<td style=\"height: 13.50pt;\" height=\"18\">80 g<\/td>\n<\/tr>\n<\/tbody>\n<\/table>\n<h2>Menestystarina: Tilausty\u00f6n\u00e4 tehty tuote yhdysvaltalaiselta luomuihonhoitobr\u00e4ndilt\u00e4<\/h2>\n<p>Kalifornialainen orgaanisen ihonhoidon br\u00e4ndi valitsi r\u00e4\u00e4t\u00e4l\u00f6idyn kosmetiikkapakkausj\u00e4rjestelm\u00e4mme. Br\u00e4ndill\u00e4 oli l\u00e4pin\u00e4kyv\u00e4 lasi, jossa oli kultaiset korkit. Personoidulla pakkausratkaisulla oli dramaattisia seurauksia: verkkokaupan konversio parani 20 prosenttia, ja korkealaatuiset metallikorkit loivat ihanteellisen tiivisteen, joka paitsi pidensi luonnollisten eteeristen \u00f6ljyjen s\u00e4ilyvyytt\u00e4 30 p\u00e4iv\u00e4ll\u00e4, my\u00f6s auttoi esittelem\u00e4\u00e4n l\u00e4pin\u00e4kyviss\u00e4 pulloissa s\u00e4ilytetyn seerumin koostumuksen virheett\u00f6m\u00e4sti. T\u00e4m\u00e4n menestyksen pohjalta he tilasivat my\u00f6s 420 000 purkkia lis\u00e4\u00e4 uuden ihonhoidon tuotelinjan lanseeraamiseksi ja sopimuksen tilauslaatikkokumppanuuden kanssa.<\/p>\n<h2>R\u00e4\u00e4t\u00e4l\u00f6idyt kosmetiikkapakkausratkaisut<\/h2>\n<ul>\n<li>Kannen materiaali ja viimeistely: Vakiometallin lis\u00e4ksi saatavilla on lukuisia erikoisv\u00e4rej\u00e4, kuten bambu, korkki tai matta muovi.<\/li>\n<li>Mukautetut koot: Luo erikoiskokoja, jotka eiv\u00e4t ole vakiokokoja (esim. 1,7 unssin matkakoko).<\/li>\n<li>Sis\u00e4tiiviste: Lis\u00e4\u00e4 tuoreutta asettamalla alumiinifoliota tai anturitiiviste korkin alle.<\/li>\n<\/ul>","protected":false},"excerpt":{"rendered":"<p>30 g:n (noin 30 g) kosmetiikkapurkit ihonhoitoon ja kauneuteen. R\u00e4\u00e4t\u00e4l\u00f6idyt kosmetiikkapakkaukset UV-suojatulla lasilla, tukkuhintaan ja valmiina l\u00e4hetett\u00e4v\u00e4ksi.<\/p>","protected":false},"featured_media":4994,"comment_status":"open","ping_status":"closed","template":"","meta":{"_acf_changed":false,"site-sidebar-layout":"default","site-content-layout":"","ast-site-content-layout":"default","site-content-style":"default","site-sidebar-style":"default","ast-global-header-display":"","ast-banner-title-visibility":"","ast-main-header-display":"","ast-hfb-above-header-display":"","ast-hfb-below-header-display":"","ast-hfb-mobile-header-display":"","site-post-title":"","ast-breadcrumbs-content":"","ast-featured-img":"","footer-sml-layout":"","ast-disable-related-posts":"","theme-transparent-header-meta":"default","adv-header-id-meta":"","stick-header-meta":"","header-above-stick-meta":"","header-main-stick-meta":"","header-below-stick-meta":"","astra-migrate-meta-layouts":"set","ast-page-background-enabled":"default","ast-page-background-meta":{"desktop":{"background-color":"var(--ast-global-color-5)","background-image":"","background-repeat":"repeat","background-position":"center center","background-size":"auto","background-attachment":"scroll","background-type":"","background-media":"","overlay-type":"","overlay-color":"","overlay-opacity":"","overlay-gradient":""},"tablet":{"background-color":"","background-image":"","background-repeat":"repeat","background-position":"center center","background-size":"auto","background-attachment":"scroll","background-type":"","background-media":"","overlay-type":"","overlay-color":"","overlay-opacity":"","overlay-gradient":""},"mobile":{"background-color":"","background-image":"","background-repeat":"repeat","background-position":"center center","background-size":"auto","background-attachment":"scroll","background-type":"","background-media":"","overlay-type":"","overlay-color":"","overlay-opacity":"","overlay-gradient":""}},"ast-content-background-meta":{"desktop":{"background-color":"var(--ast-global-color-4)","background-image":"","background-repeat":"repeat","background-position":"center center","background-size":"auto","background-attachment":"scroll","background-type":"","background-media":"","overlay-type":"","overlay-color":"","overlay-opacity":"","overlay-gradient":""},"tablet":{"background-color":"var(--ast-global-color-4)","background-image":"","background-repeat":"repeat","background-position":"center center","background-size":"auto","background-attachment":"scroll","background-type":"","background-media":"","overlay-type":"","overlay-color":"","overlay-opacity":"","overlay-gradient":""},"mobile":{"background-color":"var(--ast-global-color-4)","background-image":"","background-repeat":"repeat","background-position":"center center","background-size":"auto","background-attachment":"scroll","background-type":"","background-media":"","overlay-type":"","overlay-color":"","overlay-opacity":"","overlay-gradient":""}}},"product_brand":[],"product_cat":[56,62,72],"product_tag":[203,202],"class_list":{"0":"post-4990","1":"product","2":"type-product","3":"status-publish","4":"has-post-thumbnail","6":"product_cat-cosmetic-jars","7":"product_cat-cosmetic-containers","8":"product_cat-cosmetic-packaging","9":"product_tag-1-oz-cosmetic-jars","10":"product_tag-custom-cosmetic-packaging","11":"desktop-align-left","12":"tablet-align-left","13":"mobile-align-left","15":"first","16":"instock","17":"shipping-taxable","18":"product-type-simple"},"acf":[],"jetpack_sharing_enabled":true,"_links":{"self":[{"href":"https:\/\/theperfumebottles.com\/fi\/wp-json\/wp\/v2\/product\/4990","targetHints":{"allow":["GET"]}}],"collection":[{"href":"https:\/\/theperfumebottles.com\/fi\/wp-json\/wp\/v2\/product"}],"about":[{"href":"https:\/\/theperfumebottles.com\/fi\/wp-json\/wp\/v2\/types\/product"}],"replies":[{"embeddable":true,"href":"https:\/\/theperfumebottles.com\/fi\/wp-json\/wp\/v2\/comments?post=4990"}],"wp:featuredmedia":[{"embeddable":true,"href":"https:\/\/theperfumebottles.com\/fi\/wp-json\/wp\/v2\/media\/4994"}],"wp:attachment":[{"href":"https:\/\/theperfumebottles.com\/fi\/wp-json\/wp\/v2\/media?parent=4990"}],"wp:term":[{"taxonomy":"product_brand","embeddable":true,"href":"https:\/\/theperfumebottles.com\/fi\/wp-json\/wp\/v2\/product_brand?post=4990"},{"taxonomy":"product_cat","embeddable":true,"href":"https:\/\/theperfumebottles.com\/fi\/wp-json\/wp\/v2\/product_cat?post=4990"},{"taxonomy":"product_tag","embeddable":true,"href":"https:\/\/theperfumebottles.com\/fi\/wp-json\/wp\/v2\/product_tag?post=4990"}],"curies":[{"name":"wp","href":"https:\/\/api.w.org\/{rel}","templated":true}]}}