{"id":5185,"date":"2025-08-05T18:48:14","date_gmt":"2025-08-05T10:48:14","guid":{"rendered":"https:\/\/theperfumebottles.com\/?post_type=product&#038;p=5185"},"modified":"2025-08-05T17:03:32","modified_gmt":"2025-08-05T09:03:32","slug":"custom-frosted-glass-bottle-with-pump-wholesale","status":"publish","type":"product","link":"https:\/\/theperfumebottles.com\/fi\/tuote\/custom-frosted-glass-bottle-with-pump-wholesale\/","title":{"rendered":"100 ml:n mukautettu himme\u00e4 lasipullo pumpulla tukkumyynniss\u00e4"},"content":{"rendered":"<p>Jos olet etsinyt tyhji\u00e4 lasipulloja pumppupakkauksilla, lopeta. Olet oikeassa paikassa. Olitpa sitten yksinvalmistaja tai pienen ihonhoitosarjan lanseeraaja, n\u00e4m\u00e4 lasiset ilmattomat pumppupullot on rakennettu suorituskyky\u00e4 ja tyyli\u00e4 ajatellen.<\/p>\n<p>Ymm\u00e4rr\u00e4mme sen \u2013 lasipakkaustarpeesi ovat ainutlaatuiset. Siksi loimme jotain, joka sopii: eleganttia, toimivaa ja t\u00e4ysin sinun.<\/p>\n<h2>T\u00e4rkeimm\u00e4t tekniset tiedot<\/h2>\n<table style=\"border-collapse: collapse;margin-left: auto;margin-right: auto;width: 80%\" border=\"0\" width=\"489\" cellspacing=\"0\" cellpadding=\"0\">\n<tbody>\n<tr style=\"height: 13.50pt\">\n<td style=\"height: 13.50pt;width: 112.50pt\" width=\"150\" height=\"18\">Ominaisuus<\/td>\n<td style=\"width: 254.25pt\" width=\"339\">Tiedot<\/td>\n<\/tr>\n<tr style=\"height: 13.50pt\">\n<td style=\"height: 13.50pt\" height=\"18\">Kapasiteetti<\/td>\n<td>100 ml<\/td>\n<\/tr>\n<tr style=\"height: 13.50pt\">\n<td style=\"height: 13.50pt\" height=\"18\">Pullon materiaali<\/td>\n<td>Ensiluokkainen himme\u00e4 lasi<\/td>\n<\/tr>\n<tr style=\"height: 13.50pt\">\n<td style=\"height: 13.50pt\" height=\"18\">Pumpun tyyppi<\/td>\n<td>Ilmaton<\/td>\n<\/tr>\n<tr style=\"height: 13.50pt\">\n<td style=\"height: 13.50pt\" height=\"18\">P\u00e4\u00e4tt\u00e4minen<\/td>\n<td>Lehdist\u00f6kansi<\/td>\n<\/tr>\n<tr style=\"height: 13.50pt\">\n<td style=\"height: 13.50pt\" height=\"18\">Pakkauskoko<\/td>\n<td>100 mm \u00d7 100 mm \u00d7 150 mm (yksitt\u00e4iselle yksik\u00f6lle)<\/td>\n<\/tr>\n<tr style=\"height: 13.50pt\">\n<td style=\"height: 13.50pt\" height=\"18\">Saatavilla olevat v\u00e4rit<\/td>\n<td>Mukautettava (musta, valkoinen, ruusu jne.)<\/td>\n<\/tr>\n<tr style=\"height: 13.50pt\">\n<td style=\"height: 13.50pt\" height=\"18\">Ihanteellinen<\/td>\n<td>Essenssej\u00e4, kosteusvoiteita, kasvovesi\u00e4 jne.<\/td>\n<\/tr>\n<\/tbody>\n<\/table>\n<h2>Menestystarina<\/h2>\n<p>Mukavassa pieness\u00e4 keitti\u00f6ss\u00e4 kaupungin laitamilla Lily aloitti yritt\u00e4j\u00e4henkisen matkansa kotitekoisten, luonnollisten kasvo\u00f6ljyjen parissa. H\u00e4n kaatoi syd\u00e4mens\u00e4 ja sielunsa jokaiseen tippaan, mutta h\u00e4nen varsinaisesta pakkauksestaan \u200b\u200btuli lattea \u2013 lasipullot vuotivat helposti ja ulkon\u00e4k\u00f6 muuttui mauttomaksi, sopimattomaksi huolellisesti sekoitettujen \u00f6ljyjen kanssa.<\/p>\n<p>Lily vaihtoi pullon hieman karmiininpunaiseen lasiseen tyhji\u00f6pumppupulloon, jossa oli yksinkertainen kultainen pumppup\u00e4\u00e4 ja h\u00e4nen oma minimalistinen muotoilunsa. Uudesta pakkauksesta tuli v\u00e4lit\u00f6n hitti Instagramissa! Viestej\u00e4 tulvi, ja niiss\u00e4 kysyttiin: &#034;Mist\u00e4 ostit t\u00e4m\u00e4n pullon? Se on niin ainutlaatuinen!&#034; ja &#034;Sen k\u00e4ytt\u00f6 tekee ihonhoidostani rutiininomaisemman rituaalin.&#034; Muutamassa kuukaudessa tulot kaksinkertaistuivat, ja jopa kivijalkakaupat l\u00e4hestyiv\u00e4t h\u00e4nt\u00e4 kumppanuuksista.<\/p>\n<p>Lilyn menestyksen avain ei ole en\u00e4\u00e4 pelk\u00e4st\u00e4\u00e4n eteeristen \u00f6ljyjen mainostaminen, vaan korkeatasoisen ja hemmottelevan ihonhoidon tarjoaminen upeiden lasisten pumppupullojensa kautta. T\u00e4m\u00e4 innovatiivinen muutos alkoi oikean pakkauksen valinnalla.<\/p>\n<h2>Loppusanat<\/h2>\n<p>Loistava ihonhoito ansaitsee loistavan pakkauksen. \u00c4l\u00e4 piilota kovaa ty\u00f6t\u00e4si unohtuvaan pulloon. Lasiset ilmattomat pumppupullomme suojaavat koostumustasi, nostavat br\u00e4ndi\u00e4si esiin ja saavat asiakkaasi sanomaan &#034;Rakastan t\u00e4t\u00e4&#034;. Joten anna tuotteellesi ansaitsemansa koti.<\/p>","protected":false},"excerpt":{"rendered":"<p>Tyylik\u00e4s ja kest\u00e4v\u00e4 lasipullo pumpulla ja korkilla, joka on mittatilausty\u00f6n\u00e4 ja tukkumyynniss\u00e4. T\u00e4ydellinen kosmetiikkaan, ihonhoitoon ja B2B-irtotavarapakkauksiin.<\/p>","protected":false},"featured_media":5188,"comment_status":"open","ping_status":"closed","template":"","meta":{"_acf_changed":false,"site-sidebar-layout":"default","site-content-layout":"","ast-site-content-layout":"default","site-content-style":"default","site-sidebar-style":"default","ast-global-header-display":"","ast-banner-title-visibility":"","ast-main-header-display":"","ast-hfb-above-header-display":"","ast-hfb-below-header-display":"","ast-hfb-mobile-header-display":"","site-post-title":"","ast-breadcrumbs-content":"","ast-featured-img":"","footer-sml-layout":"","ast-disable-related-posts":"","theme-transparent-header-meta":"default","adv-header-id-meta":"","stick-header-meta":"","header-above-stick-meta":"","header-main-stick-meta":"","header-below-stick-meta":"","astra-migrate-meta-layouts":"set","ast-page-background-enabled":"default","ast-page-background-meta":{"desktop":{"background-color":"var(--ast-global-color-5)","background-image":"","background-repeat":"repeat","background-position":"center center","background-size":"auto","background-attachment":"scroll","background-type":"","background-media":"","overlay-type":"","overlay-color":"","overlay-opacity":"","overlay-gradient":""},"tablet":{"background-color":"","background-image":"","background-repeat":"repeat","background-position":"center center","background-size":"auto","background-attachment":"scroll","background-type":"","background-media":"","overlay-type":"","overlay-color":"","overlay-opacity":"","overlay-gradient":""},"mobile":{"background-color":"","background-image":"","background-repeat":"repeat","background-position":"center center","background-size":"auto","background-attachment":"scroll","background-type":"","background-media":"","overlay-type":"","overlay-color":"","overlay-opacity":"","overlay-gradient":""}},"ast-content-background-meta":{"desktop":{"background-color":"var(--ast-global-color-4)","background-image":"","background-repeat":"repeat","background-position":"center center","background-size":"auto","background-attachment":"scroll","background-type":"","background-media":"","overlay-type":"","overlay-color":"","overlay-opacity":"","overlay-gradient":""},"tablet":{"background-color":"var(--ast-global-color-4)","background-image":"","background-repeat":"repeat","background-position":"center center","background-size":"auto","background-attachment":"scroll","background-type":"","background-media":"","overlay-type":"","overlay-color":"","overlay-opacity":"","overlay-gradient":""},"mobile":{"background-color":"var(--ast-global-color-4)","background-image":"","background-repeat":"repeat","background-position":"center center","background-size":"auto","background-attachment":"scroll","background-type":"","background-media":"","overlay-type":"","overlay-color":"","overlay-opacity":"","overlay-gradient":""}}},"product_brand":[],"product_cat":[62,72,71],"product_tag":[190,204],"class_list":{"0":"post-5185","1":"product","2":"type-product","3":"status-publish","4":"has-post-thumbnail","6":"product_cat-cosmetic-containers","7":"product_cat-cosmetic-packaging","8":"product_cat-glass-lotion-bottles","9":"product_tag-cosmetic-pots-with-lids","10":"product_tag-frosted-cosmetic-jars","11":"desktop-align-left","12":"tablet-align-left","13":"mobile-align-left","15":"first","16":"instock","17":"shipping-taxable","18":"product-type-simple"},"acf":[],"jetpack_sharing_enabled":true,"_links":{"self":[{"href":"https:\/\/theperfumebottles.com\/fi\/wp-json\/wp\/v2\/product\/5185","targetHints":{"allow":["GET"]}}],"collection":[{"href":"https:\/\/theperfumebottles.com\/fi\/wp-json\/wp\/v2\/product"}],"about":[{"href":"https:\/\/theperfumebottles.com\/fi\/wp-json\/wp\/v2\/types\/product"}],"replies":[{"embeddable":true,"href":"https:\/\/theperfumebottles.com\/fi\/wp-json\/wp\/v2\/comments?post=5185"}],"wp:featuredmedia":[{"embeddable":true,"href":"https:\/\/theperfumebottles.com\/fi\/wp-json\/wp\/v2\/media\/5188"}],"wp:attachment":[{"href":"https:\/\/theperfumebottles.com\/fi\/wp-json\/wp\/v2\/media?parent=5185"}],"wp:term":[{"taxonomy":"product_brand","embeddable":true,"href":"https:\/\/theperfumebottles.com\/fi\/wp-json\/wp\/v2\/product_brand?post=5185"},{"taxonomy":"product_cat","embeddable":true,"href":"https:\/\/theperfumebottles.com\/fi\/wp-json\/wp\/v2\/product_cat?post=5185"},{"taxonomy":"product_tag","embeddable":true,"href":"https:\/\/theperfumebottles.com\/fi\/wp-json\/wp\/v2\/product_tag?post=5185"}],"curies":[{"name":"wp","href":"https:\/\/api.w.org\/{rel}","templated":true}]}}