{"id":5245,"date":"2025-08-07T10:30:11","date_gmt":"2025-08-07T02:30:11","guid":{"rendered":"https:\/\/theperfumebottles.com\/?post_type=product&#038;p=5245"},"modified":"2026-03-30T14:21:28","modified_gmt":"2026-03-30T06:21:28","slug":"essential-oil-glass-roller-bottles-for-packaging-wholesale","status":"publish","type":"product","link":"https:\/\/theperfumebottles.com\/fi\/tuote\/essential-oil-glass-roller-bottles-for-packaging-wholesale\/","title":{"rendered":"1 ml - 100 ml eteerist\u00e4 \u00f6ljy\u00e4 sis\u00e4lt\u00e4vi\u00e4 lasipulloja tukkumyyntiin"},"content":{"rendered":"<p>Etsitk\u00f6 lasisia rullapulloja, jotka yhdist\u00e4v\u00e4t tarkkuuden ja tyylikkyyden? N\u00e4m\u00e4 eteeristen \u00f6ljyjen rullapullot on suunniteltu br\u00e4ndeille, jotka haluavat erottuvan kosmetiikkapakkauksen.<\/p>\n<h2><strong data-spm-anchor-id=\"5176.28103460.0.i9.29ab1db8AYaOUi\">T\u00e4rkeimm\u00e4t tekniset tiedot<\/strong><\/h2>\n<table style=\"margin-left: auto; margin-right: auto; border-collapse: collapse; width: 80%;\" border=\"0\" width=\"144\" cellspacing=\"0\" cellpadding=\"0\">\n<tbody>\n<tr style=\"height: 13.50pt;\">\n<td style=\"height: 13.5pt; width: 54pt; text-align: center;\" width=\"72\" height=\"18\">Ominaisuus<\/td>\n<td style=\"width: 54pt; text-align: center;\" width=\"72\">Tiedot<\/td>\n<\/tr>\n<tr style=\"height: 13.50pt;\">\n<td style=\"height: 13.5pt; text-align: center;\" height=\"18\">Kapasiteetti<\/td>\n<td style=\"text-align: center;\">1 ml, 2 ml, 3 ml, 5 ml, 10 ml, 15 ml, 20 ml, 30 ml, 50 ml, 100 ml<\/td>\n<\/tr>\n<tr style=\"height: 13.50pt;\">\n<td style=\"height: 13.5pt; text-align: center;\" height=\"18\">Materiaali<\/td>\n<td style=\"text-align: center;\">Kristallilasi<\/td>\n<\/tr>\n<tr style=\"height: 13.50pt;\">\n<td style=\"height: 13.5pt; text-align: center;\" height=\"18\">Tiivistysmekanismi<\/td>\n<td style=\"text-align: center;\">Roll-On (metallinen rullak\u00e4rkinen)<\/td>\n<\/tr>\n<tr style=\"height: 13.50pt;\">\n<td style=\"height: 13.5pt; text-align: center;\" height=\"18\">V\u00e4ri<\/td>\n<td style=\"text-align: center;\">Meripihkanv\u00e4rinen\/musta\/ruskea\/vihre\u00e4\/l\u00e4pin\u00e4kyv\u00e4<\/td>\n<\/tr>\n<tr style=\"height: 13.50pt;\">\n<td style=\"height: 13.5pt; text-align: center;\" height=\"18\">K\u00e4ytt\u00f6<\/td>\n<td style=\"text-align: center;\">Eteerinen \u00f6ljy\/hajuvesi\/kemian laboratoriokemikaalit\u2026<\/td>\n<\/tr>\n<\/tbody>\n<\/table>\n<h2>Menestystapaus<\/h2>\n<p>Australialainen luontaistuotteita valmistava yritys tarvitsi kipe\u00e4sti vahvan valikoiman eteeristen \u00f6ljyjen rullapulloja. Lopulta he p\u00e4\u00e4tyiv\u00e4t myymiimme 50 ml:n meripihkanv\u00e4risiin lasisiin rullapulloihin. Valmistimme my\u00f6s rullapullot ruostumattomasta ter\u00e4ksest\u00e4, jotta levitys olisi helppoa r\u00e4\u00e4t\u00e4l\u00f6intivaiheessa, ja varustimme ne mustilla mattakorkeilla, jotta ne n\u00e4ytt\u00e4isiv\u00e4t muodikkailta ja moderneilta. Lis\u00e4ksi asiakas p\u00e4\u00e4tti k\u00e4ytt\u00e4\u00e4 silkkipainatusta br\u00e4ndilogonsa painamiseen ja k\u00e4ytti toista himme\u00e4pintaa erottaakseen eri tuoteformulaatiot ja -versiot toisistaan, koska asiakas halusi k\u00e4ytt\u00e4\u00e4 eri er\u00e4tuotteita.<\/p>\n<p>Tuotteen myynti on kasvanut 30 prosenttia kahden ensimm\u00e4isen kuukauden aikana lanseerauksensa j\u00e4lkeen. Positiivisen markkinareaktion ansiosta asiakas teki v\u00e4litt\u00f6m\u00e4sti jatkotilauksen ja laajensi t\u00e4t\u00e4 pakkausratkaisua kattamaan my\u00f6s muita tuotevalikoimiaan, jotka ovat eteeristen \u00f6ljyjen sekoituksia.<\/p>\n<h2>\u00a0Ehdotus mukauttamiseen<\/h2>\n<ul>\n<li><strong>Valonkest\u00e4v\u00e4t vaihtoehdot:<\/strong> Ruskea lasi sopii eteerisille \u00f6ljyille; vihre\u00e4 lasi sopii hajusteille ja laboratoriok\u00e4ytt\u00f6\u00f6n.<\/li>\n<li><strong>Tyylik\u00e4s ja kest\u00e4v\u00e4:<\/strong> Vuonna 2025 suositut, kohtuuttoman kyll\u00e4iset mattav\u00e4rit (kuten Klein Blue, Fluorescent Green) sopivat yhteen UV-tulostuksen ja kulutusta kest\u00e4vien etikettien kanssa. Roller-kuulan ja korkin asettelu takaa hygienian.<\/li>\n<li><strong>Monipuoliset koot:<\/strong> Saatavilla 1 ml\u2013100 ml (5 ml matkak\u00e4ytt\u00f6\u00f6n, 30 ml eleganttiin) erilaisten pakkaustarpeiden tyydytt\u00e4miseksi.<\/li>\n<\/ul>","protected":false},"excerpt":{"rendered":"<p>Tutustu lasisiin rullapulloihin tarkoitettuihin eteeristen \u00f6ljyjen ratkaisuihin luotettavalta kosmetiikkapakkausten toimittajalta. Kest\u00e4v\u00e4t, toimitusvalmiit ja tukkumyyntitilauksia varten muokattavissa.<\/p>","protected":false},"featured_media":7498,"comment_status":"open","ping_status":"closed","template":"","meta":{"_acf_changed":false,"site-sidebar-layout":"default","site-content-layout":"","ast-site-content-layout":"default","site-content-style":"default","site-sidebar-style":"default","ast-global-header-display":"","ast-banner-title-visibility":"","ast-main-header-display":"","ast-hfb-above-header-display":"","ast-hfb-below-header-display":"","ast-hfb-mobile-header-display":"","site-post-title":"","ast-breadcrumbs-content":"","ast-featured-img":"","footer-sml-layout":"","ast-disable-related-posts":"","theme-transparent-header-meta":"default","adv-header-id-meta":"","stick-header-meta":"","header-above-stick-meta":"","header-main-stick-meta":"","header-below-stick-meta":"","astra-migrate-meta-layouts":"set","ast-page-background-enabled":"default","ast-page-background-meta":{"desktop":{"background-color":"var(--ast-global-color-5)","background-image":"","background-repeat":"repeat","background-position":"center center","background-size":"auto","background-attachment":"scroll","background-type":"","background-media":"","overlay-type":"","overlay-color":"","overlay-opacity":"","overlay-gradient":""},"tablet":{"background-color":"","background-image":"","background-repeat":"repeat","background-position":"center center","background-size":"auto","background-attachment":"scroll","background-type":"","background-media":"","overlay-type":"","overlay-color":"","overlay-opacity":"","overlay-gradient":""},"mobile":{"background-color":"","background-image":"","background-repeat":"repeat","background-position":"center center","background-size":"auto","background-attachment":"scroll","background-type":"","background-media":"","overlay-type":"","overlay-color":"","overlay-opacity":"","overlay-gradient":""}},"ast-content-background-meta":{"desktop":{"background-color":"var(--ast-global-color-4)","background-image":"","background-repeat":"repeat","background-position":"center center","background-size":"auto","background-attachment":"scroll","background-type":"","background-media":"","overlay-type":"","overlay-color":"","overlay-opacity":"","overlay-gradient":""},"tablet":{"background-color":"var(--ast-global-color-4)","background-image":"","background-repeat":"repeat","background-position":"center center","background-size":"auto","background-attachment":"scroll","background-type":"","background-media":"","overlay-type":"","overlay-color":"","overlay-opacity":"","overlay-gradient":""},"mobile":{"background-color":"var(--ast-global-color-4)","background-image":"","background-repeat":"repeat","background-position":"center center","background-size":"auto","background-attachment":"scroll","background-type":"","background-media":"","overlay-type":"","overlay-color":"","overlay-opacity":"","overlay-gradient":""}}},"product_brand":[],"product_cat":[60,62,72,57],"product_tag":[206,205],"class_list":{"0":"post-5245","1":"product","2":"type-product","3":"status-publish","4":"has-post-thumbnail","6":"product_cat-roller-bottles","7":"product_cat-cosmetic-containers","8":"product_cat-cosmetic-packaging","9":"product_cat-essential-oil-bottles","10":"product_tag-glass-roller-bottle","11":"product_tag-roll-on-bottles-essential-oils","12":"desktop-align-left","13":"tablet-align-left","14":"mobile-align-left","16":"first","17":"instock","18":"shipping-taxable","19":"product-type-simple"},"acf":[],"jetpack_sharing_enabled":true,"_links":{"self":[{"href":"https:\/\/theperfumebottles.com\/fi\/wp-json\/wp\/v2\/product\/5245","targetHints":{"allow":["GET"]}}],"collection":[{"href":"https:\/\/theperfumebottles.com\/fi\/wp-json\/wp\/v2\/product"}],"about":[{"href":"https:\/\/theperfumebottles.com\/fi\/wp-json\/wp\/v2\/types\/product"}],"replies":[{"embeddable":true,"href":"https:\/\/theperfumebottles.com\/fi\/wp-json\/wp\/v2\/comments?post=5245"}],"wp:featuredmedia":[{"embeddable":true,"href":"https:\/\/theperfumebottles.com\/fi\/wp-json\/wp\/v2\/media\/7498"}],"wp:attachment":[{"href":"https:\/\/theperfumebottles.com\/fi\/wp-json\/wp\/v2\/media?parent=5245"}],"wp:term":[{"taxonomy":"product_brand","embeddable":true,"href":"https:\/\/theperfumebottles.com\/fi\/wp-json\/wp\/v2\/product_brand?post=5245"},{"taxonomy":"product_cat","embeddable":true,"href":"https:\/\/theperfumebottles.com\/fi\/wp-json\/wp\/v2\/product_cat?post=5245"},{"taxonomy":"product_tag","embeddable":true,"href":"https:\/\/theperfumebottles.com\/fi\/wp-json\/wp\/v2\/product_tag?post=5245"}],"curies":[{"name":"wp","href":"https:\/\/api.w.org\/{rel}","templated":true}]}}