{"id":5272,"date":"2025-08-07T13:32:39","date_gmt":"2025-08-07T05:32:39","guid":{"rendered":"https:\/\/theperfumebottles.com\/?post_type=product&#038;p=5272"},"modified":"2025-08-07T17:51:17","modified_gmt":"2025-08-07T09:51:17","slug":"10ml-glass-roll-on-bottle-perfume-bottle-roller-for-cosmetic-packaging-wholesale","status":"publish","type":"product","link":"https:\/\/theperfumebottles.com\/fi\/tuote\/10ml-glass-roll-on-bottle-perfume-bottle-roller-for-cosmetic-packaging-wholesale\/","title":{"rendered":"10 ml:n lasinen roll-on-pullo \u2013 hajuvesipullorulla kosmetiikkapakkausten tukkumyyntiin"},"content":{"rendered":"<p>Etsitk\u00f6 kont\u0435\u0439\u043daria, joka yhdist\u00e4\u00e4 funktionalisuuden ja muodikkaimmat? Parf\u00fcmipullojen py\u00f6ritt\u00e4j\u00e4 on suunniteltu br\u00e4ndeille, jotka haluavat erottuvan kosmetiikkapakkauksista.<\/p>\n<h3><strong data-spm-anchor-id=\"5176.28103460.0.i50.11491db8QY3D0b\">T\u00e4rkeimm\u00e4t tekniset tiedot<\/strong><\/h3>\n<table style=\"margin-right: auto;margin-left: auto;width: 80%\" width=\"144\">\n<tbody>\n<tr>\n<td width=\"72\">Ominaisuus<\/td>\n<td width=\"72\">Tiedot<\/td>\n<\/tr>\n<tr>\n<td>Kapasiteetti<\/td>\n<td>3ml, 5ml, 10ml<\/td>\n<\/tr>\n<tr>\n<td>Materiaali<\/td>\n<td>Kristallilasi<\/td>\n<\/tr>\n<tr>\n<td>V\u00e4rivaihtoehdot<\/td>\n<td>R\u00e4\u00e4t\u00e4l\u00f6ity<\/td>\n<\/tr>\n<tr>\n<td>Tiivistysmekanismi<\/td>\n<td>Roll-On (metallinen rullak\u00e4rkinen)<\/td>\n<\/tr>\n<tr>\n<td>K\u00e4ytt\u00f6<\/td>\n<td>Parf\u00fcmi<\/td>\n<\/tr>\n<\/tbody>\n<\/table>\n<h2>Menestystarina: Kuinka Keskiti Parf\u00fcmi M<span class=\"HwtZe\" lang=\"en\"><span class=\"jCAhz ChMk0b\"><span class=\"ryNqvb\">tuottaja<\/span><\/span><\/span> Kasvatti Myyntej\u00e4 Yksil\u00f6llisill\u00e4 Py\u00f6ritt\u00e4jill\u00e4 Pulloilla<\/h2>\n<p>Kun Keski T Parf\u00fcmi <span class=\"HwtZe\" lang=\"en\"><span class=\"jCAhz ChMk0b\"><span class=\"ryNqvb\">valmistaja <\/span><\/span><\/span>lanseerasi parf\u00fcmipullojen py\u00f6ritt\u00e4j\u00e4t\u00e4ydennysten sarjan, he kumppanoinnin meid\u00e4n kanssa luodakseen 10ml lasipullot teenv\u00e4risess\u00e4 lasissa. Kun tilasivat valikoitavaksi ja lis\u00e4siv\u00e4t yksil\u00f6lliset etiketit, jotka olivat paksuina, he v\u00e4hensiv\u00e4t kosmetiikkapakkauksen kustannuksia 20% ja n\u00e4kiv\u00e4t 60% lis\u00e4\u00e4 toistuvia asiakkaita. \"Kruunun muotoinen suunnittelu tuntui arvokkaalta mutta k\u00e4yt\u00e4nn\u00f6lliselt\u00e4 p\u00e4ivitt\u00e4iseen k\u00e4ytt\u00f6\u00f6n,\" heid\u00e4n perustaja sanoo.<\/p>\n<h2>Vinkkej\u00e4 mukauttamiseen<\/h2>\n<ul>\n<li><strong>Massatuotannon etu:<\/strong> Tilaa pakkausta massatuotannossa s\u00e4\u00e4st\u00e4 25% \u2014 t\u00e4ydellist\u00e4 pop-up-kauppoihin tai joulukokoelmiin.<\/li>\n<li><strong>Levy kuin ammattilainen:<\/strong> K\u00e4yt\u00e4 holograafisia koristeita tai painettua teksti\u00e4 tehd\u00e4ksesi pullosi n\u00e4ytt\u00e4v\u00e4n kotisivulla.<\/li>\n<li><strong>V\u00e4ripsykologia:<\/strong> Yhdist\u00e4 rohkeat v\u00e4rit kultaisiin korkkeihin saadaksesi kauneusk\u00e4sittely\u00e4, joka sanoo \"premium\".<\/li>\n<\/ul>","protected":false},"excerpt":{"rendered":"<p>Korkeenna kauneusk\u00e4\u00e4reisiidemme 3ml 5ml 10ml lasipullon\u2014ideaalinen kosmetiikkauutteille, ihonhoitoon ja kosmetiikkakontaineille. Kest\u00e4v\u00e4, muokattavissa ja valmis toimittamiseen tukkam\u00e4\u00e4r\u00e4tilauksia varten.<\/p>","protected":false},"featured_media":5274,"comment_status":"open","ping_status":"closed","template":"","meta":{"_acf_changed":false,"site-sidebar-layout":"default","site-content-layout":"","ast-site-content-layout":"default","site-content-style":"default","site-sidebar-style":"default","ast-global-header-display":"","ast-banner-title-visibility":"","ast-main-header-display":"","ast-hfb-above-header-display":"","ast-hfb-below-header-display":"","ast-hfb-mobile-header-display":"","site-post-title":"","ast-breadcrumbs-content":"","ast-featured-img":"","footer-sml-layout":"","ast-disable-related-posts":"","theme-transparent-header-meta":"default","adv-header-id-meta":"","stick-header-meta":"","header-above-stick-meta":"","header-main-stick-meta":"","header-below-stick-meta":"","astra-migrate-meta-layouts":"set","ast-page-background-enabled":"default","ast-page-background-meta":{"desktop":{"background-color":"var(--ast-global-color-5)","background-image":"","background-repeat":"repeat","background-position":"center center","background-size":"auto","background-attachment":"scroll","background-type":"","background-media":"","overlay-type":"","overlay-color":"","overlay-opacity":"","overlay-gradient":""},"tablet":{"background-color":"","background-image":"","background-repeat":"repeat","background-position":"center center","background-size":"auto","background-attachment":"scroll","background-type":"","background-media":"","overlay-type":"","overlay-color":"","overlay-opacity":"","overlay-gradient":""},"mobile":{"background-color":"","background-image":"","background-repeat":"repeat","background-position":"center center","background-size":"auto","background-attachment":"scroll","background-type":"","background-media":"","overlay-type":"","overlay-color":"","overlay-opacity":"","overlay-gradient":""}},"ast-content-background-meta":{"desktop":{"background-color":"var(--ast-global-color-4)","background-image":"","background-repeat":"repeat","background-position":"center center","background-size":"auto","background-attachment":"scroll","background-type":"","background-media":"","overlay-type":"","overlay-color":"","overlay-opacity":"","overlay-gradient":""},"tablet":{"background-color":"var(--ast-global-color-4)","background-image":"","background-repeat":"repeat","background-position":"center center","background-size":"auto","background-attachment":"scroll","background-type":"","background-media":"","overlay-type":"","overlay-color":"","overlay-opacity":"","overlay-gradient":""},"mobile":{"background-color":"var(--ast-global-color-4)","background-image":"","background-repeat":"repeat","background-position":"center center","background-size":"auto","background-attachment":"scroll","background-type":"","background-media":"","overlay-type":"","overlay-color":"","overlay-opacity":"","overlay-gradient":""}}},"product_brand":[],"product_cat":[72,62,57,60],"product_tag":[209,210],"class_list":{"0":"post-5272","1":"product","2":"type-product","3":"status-publish","4":"has-post-thumbnail","6":"product_cat-cosmetic-packaging","7":"product_cat-cosmetic-containers","8":"product_cat-essential-oil-bottles","9":"product_cat-roller-bottles","10":"product_tag-10ml-glass-roll-on-bottle","11":"product_tag-perfume-bottle-roller","12":"desktop-align-left","13":"tablet-align-left","14":"mobile-align-left","16":"first","17":"instock","18":"shipping-taxable","19":"product-type-simple"},"acf":[],"jetpack_sharing_enabled":true,"_links":{"self":[{"href":"https:\/\/theperfumebottles.com\/fi\/wp-json\/wp\/v2\/product\/5272","targetHints":{"allow":["GET"]}}],"collection":[{"href":"https:\/\/theperfumebottles.com\/fi\/wp-json\/wp\/v2\/product"}],"about":[{"href":"https:\/\/theperfumebottles.com\/fi\/wp-json\/wp\/v2\/types\/product"}],"replies":[{"embeddable":true,"href":"https:\/\/theperfumebottles.com\/fi\/wp-json\/wp\/v2\/comments?post=5272"}],"wp:featuredmedia":[{"embeddable":true,"href":"https:\/\/theperfumebottles.com\/fi\/wp-json\/wp\/v2\/media\/5274"}],"wp:attachment":[{"href":"https:\/\/theperfumebottles.com\/fi\/wp-json\/wp\/v2\/media?parent=5272"}],"wp:term":[{"taxonomy":"product_brand","embeddable":true,"href":"https:\/\/theperfumebottles.com\/fi\/wp-json\/wp\/v2\/product_brand?post=5272"},{"taxonomy":"product_cat","embeddable":true,"href":"https:\/\/theperfumebottles.com\/fi\/wp-json\/wp\/v2\/product_cat?post=5272"},{"taxonomy":"product_tag","embeddable":true,"href":"https:\/\/theperfumebottles.com\/fi\/wp-json\/wp\/v2\/product_tag?post=5272"}],"curies":[{"name":"wp","href":"https:\/\/api.w.org\/{rel}","templated":true}]}}