{"id":5287,"date":"2025-08-07T18:38:59","date_gmt":"2025-08-07T10:38:59","guid":{"rendered":"https:\/\/theperfumebottles.com\/?post_type=product&#038;p=5287"},"modified":"2026-04-02T14:06:27","modified_gmt":"2026-04-02T06:06:27","slug":"wholesale-cosmetic-bottles-glass-with-lotion-pump","status":"publish","type":"product","link":"https:\/\/theperfumebottles.com\/fi\/tuote\/wholesale-cosmetic-bottles-glass-with-lotion-pump\/","title":{"rendered":"Tukku 30ml tyhj\u00e4t kosmetiikkapullot lasilla Glod Lotion -pumpulla"},"content":{"rendered":"<p>Korkealaatuisessa kosmetiikkalasissa on sylinterim\u00e4inen muotoilu, jossa on py\u00f6re\u00e4 pohja, joka on valmistettu eritt\u00e4in kirkkaasta ensiluokkaisesta lasista. Tuotteessa on hienostunut kultainen suihkepumppu, jossa on l\u00e4pin\u00e4kyv\u00e4 lasinen turvakorkki, ja useita v\u00e4rivaihtoehtoja.<\/p>\n<h2>T\u00e4rkeimm\u00e4t tekniset tiedot<\/h2>\n<table style=\"border-collapse: collapse; margin-left: auto; margin-right: auto; width: 80%;\" border=\"0\" width=\"526\" cellspacing=\"0\" cellpadding=\"0\">\n<tbody>\n<tr style=\"height: 13.50pt;\">\n<td style=\"height: 13.50pt; width: 116.25pt;\" width=\"155\" height=\"18\">Ominaisuus<\/td>\n<td style=\"width: 278.25pt;\" width=\"371\">Yksityiskohta<\/td>\n<\/tr>\n<tr style=\"height: 13.50pt;\">\n<td style=\"height: 13.50pt;\" height=\"18\">Kapasiteetti<\/td>\n<td>30 ml (optimaalinen kosmetiikkapullojen lasikoko)<\/td>\n<\/tr>\n<tr style=\"height: 13.50pt;\">\n<td style=\"height: 13.50pt;\" height=\"18\">Materiaali<\/td>\n<td>Natrium-kalsiumlasi<\/td>\n<\/tr>\n<tr style=\"height: 13.50pt;\">\n<td style=\"height: 13.50pt;\" height=\"18\">Pumppu<\/td>\n<td>Metallinen levypumppu (kullanv\u00e4rinen)<\/td>\n<\/tr>\n<tr style=\"height: 13.50pt;\">\n<td style=\"height: 13.50pt;\" height=\"18\">Muoto<\/td>\n<td>Sylinterim\u00e4inen, tyylik\u00e4s profiili<\/td>\n<\/tr>\n<tr style=\"height: 13.50pt;\">\n<td style=\"height: 13.50pt;\" height=\"18\">Mukauttaminen<\/td>\n<td>Lasin ja pumpun v\u00e4rivaihtoehdot<\/td>\n<\/tr>\n<tr style=\"height: 13.50pt;\">\n<td style=\"height: 13.50pt;\" height=\"18\">K\u00e4ytt\u00f6tapaus<\/td>\n<td>Voide, seerumi, kosteusvoide<\/td>\n<\/tr>\n<\/tbody>\n<\/table>\n<h2>Menestystarina<\/h2>\n<p>Ranskalainen parfym\u00f6\u00f6ri valitsi 30 ml:n tyhj\u00e4n voidepullopumpun mittatilausty\u00f6n\u00e4 tehtyyn designiinsa, johon kuului mattakultainen pumppup\u00e4\u00e4 ja hiekkapuhallettu tuotemerkin logo. Painotettu pohja antaa tuotteelle &#034;premium-tunnelman&#034;, mik\u00e4 mainitaan 95 %:ssa asiakasarvosteluista. Kultainen sumutin luo hienojakoisen sumun, joka lis\u00e4\u00e4 tuotteen arvoa ja v\u00e4hent\u00e4\u00e4 samalla suihkeh\u00e4vikki\u00e4 30 %. Tuoksusuihke saavutti vahvan myyntimenestyksen, mink\u00e4 ansiosta he tilasivat 300 000 lis\u00e4pulloa uuteen huone- ja tekstiilituoksusuihkelinjaansa.<\/p>\n<h2>Voidepullojen mukautusvaihtoehdot<\/h2>\n<ul>\n<li>Pumpun p\u00e4\u00e4n ja kaulan viimeistely on saatavilla nelj\u00e4ss\u00e4 v\u00e4rivaihtoehdossa: kulta, ruusukulta, hopea ja musta.<\/li>\n<li>J\u00e4rjestelm\u00e4ss\u00e4 on kaksi sumusuihkeasetusta, jotka sis\u00e4lt\u00e4v\u00e4t hienon ja keskikarkean sumun sek\u00e4 jatkuvan suihkutuksen.<\/li>\n<li>Tuotteessa on magneettinen metallikorkki, joka tarjoaa t\u00e4ydellisen suojan vuotoja vastaan \u200b\u200bja on samalla helppo kuljettaa.<\/li>\n<\/ul>","protected":false},"excerpt":{"rendered":"<p>Kosmetiikkapullojen ja tyhjien voidepullojen tukkumyynti lasisissa eriss\u00e4 \u2013 ihonhoito- ja kauneusbr\u00e4ndeille saatavilla r\u00e4\u00e4t\u00e4l\u00f6ityj\u00e4 vaihtoehtoja tukkuhintaan.<\/p>","protected":false},"featured_media":5290,"comment_status":"open","ping_status":"closed","template":"","meta":{"_acf_changed":false,"site-sidebar-layout":"default","site-content-layout":"","ast-site-content-layout":"default","site-content-style":"default","site-sidebar-style":"default","ast-global-header-display":"","ast-banner-title-visibility":"","ast-main-header-display":"","ast-hfb-above-header-display":"","ast-hfb-below-header-display":"","ast-hfb-mobile-header-display":"","site-post-title":"","ast-breadcrumbs-content":"","ast-featured-img":"","footer-sml-layout":"","ast-disable-related-posts":"","theme-transparent-header-meta":"default","adv-header-id-meta":"","stick-header-meta":"","header-above-stick-meta":"","header-main-stick-meta":"","header-below-stick-meta":"","astra-migrate-meta-layouts":"set","ast-page-background-enabled":"default","ast-page-background-meta":{"desktop":{"background-color":"var(--ast-global-color-5)","background-image":"","background-repeat":"repeat","background-position":"center center","background-size":"auto","background-attachment":"scroll","background-type":"","background-media":"","overlay-type":"","overlay-color":"","overlay-opacity":"","overlay-gradient":""},"tablet":{"background-color":"","background-image":"","background-repeat":"repeat","background-position":"center center","background-size":"auto","background-attachment":"scroll","background-type":"","background-media":"","overlay-type":"","overlay-color":"","overlay-opacity":"","overlay-gradient":""},"mobile":{"background-color":"","background-image":"","background-repeat":"repeat","background-position":"center center","background-size":"auto","background-attachment":"scroll","background-type":"","background-media":"","overlay-type":"","overlay-color":"","overlay-opacity":"","overlay-gradient":""}},"ast-content-background-meta":{"desktop":{"background-color":"var(--ast-global-color-4)","background-image":"","background-repeat":"repeat","background-position":"center center","background-size":"auto","background-attachment":"scroll","background-type":"","background-media":"","overlay-type":"","overlay-color":"","overlay-opacity":"","overlay-gradient":""},"tablet":{"background-color":"var(--ast-global-color-4)","background-image":"","background-repeat":"repeat","background-position":"center center","background-size":"auto","background-attachment":"scroll","background-type":"","background-media":"","overlay-type":"","overlay-color":"","overlay-opacity":"","overlay-gradient":""},"mobile":{"background-color":"var(--ast-global-color-4)","background-image":"","background-repeat":"repeat","background-position":"center center","background-size":"auto","background-attachment":"scroll","background-type":"","background-media":"","overlay-type":"","overlay-color":"","overlay-opacity":"","overlay-gradient":""}}},"product_brand":[],"product_cat":[71,72,62],"product_tag":[190,204],"class_list":{"0":"post-5287","1":"product","2":"type-product","3":"status-publish","4":"has-post-thumbnail","6":"product_cat-glass-lotion-bottles","7":"product_cat-cosmetic-packaging","8":"product_cat-cosmetic-containers","9":"product_tag-cosmetic-pots-with-lids","10":"product_tag-frosted-cosmetic-jars","11":"desktop-align-left","12":"tablet-align-left","13":"mobile-align-left","15":"first","16":"instock","17":"shipping-taxable","18":"product-type-simple"},"acf":[],"jetpack_sharing_enabled":true,"_links":{"self":[{"href":"https:\/\/theperfumebottles.com\/fi\/wp-json\/wp\/v2\/product\/5287","targetHints":{"allow":["GET"]}}],"collection":[{"href":"https:\/\/theperfumebottles.com\/fi\/wp-json\/wp\/v2\/product"}],"about":[{"href":"https:\/\/theperfumebottles.com\/fi\/wp-json\/wp\/v2\/types\/product"}],"replies":[{"embeddable":true,"href":"https:\/\/theperfumebottles.com\/fi\/wp-json\/wp\/v2\/comments?post=5287"}],"wp:featuredmedia":[{"embeddable":true,"href":"https:\/\/theperfumebottles.com\/fi\/wp-json\/wp\/v2\/media\/5290"}],"wp:attachment":[{"href":"https:\/\/theperfumebottles.com\/fi\/wp-json\/wp\/v2\/media?parent=5287"}],"wp:term":[{"taxonomy":"product_brand","embeddable":true,"href":"https:\/\/theperfumebottles.com\/fi\/wp-json\/wp\/v2\/product_brand?post=5287"},{"taxonomy":"product_cat","embeddable":true,"href":"https:\/\/theperfumebottles.com\/fi\/wp-json\/wp\/v2\/product_cat?post=5287"},{"taxonomy":"product_tag","embeddable":true,"href":"https:\/\/theperfumebottles.com\/fi\/wp-json\/wp\/v2\/product_tag?post=5287"}],"curies":[{"name":"wp","href":"https:\/\/api.w.org\/{rel}","templated":true}]}}