{"id":5306,"date":"2025-08-11T09:05:47","date_gmt":"2025-08-11T01:05:47","guid":{"rendered":"https:\/\/theperfumebottles.com\/?post_type=product&#038;p=5306"},"modified":"2025-08-11T09:05:49","modified_gmt":"2025-08-11T01:05:49","slug":"10ml-amber-glass-roller-ball-bottles-for-cosmetic-packaging-wholesale","status":"publish","type":"product","link":"https:\/\/theperfumebottles.com\/fi\/tuote\/10ml-amber-glass-roller-ball-bottles-for-cosmetic-packaging-wholesale\/","title":{"rendered":"10 ml:n meripihkanv\u00e4risi\u00e4 lasipulloja kosmetiikkapakkausten tukkumyyntiin"},"content":{"rendered":"<p>Jos etsit s\u00e4ili\u00f6t\u00e4, joka suojelee tuotantoasi UV-vahingolta ja samalla tekee muodollisen ilmeen, t\u00e4m\u00e4 pullo on t\u00e4ydellinen vaihtoehto.<\/p>\n<h2>T\u00e4rkeimm\u00e4t tekniset tiedot<\/h2>\n<table style=\"margin-left: auto;margin-right: auto;border-collapse: collapse;width: 80%\" border=\"0\" width=\"144\" cellspacing=\"0\" cellpadding=\"0\">\n<tbody>\n<tr style=\"height: 13.50pt\">\n<td style=\"height: 13.50pt;width: 54.00pt\" width=\"72\" height=\"18\">Ominaisuus<\/td>\n<td style=\"width: 54.00pt\" width=\"72\">Tiedot<\/td>\n<\/tr>\n<tr style=\"height: 13.50pt\">\n<td style=\"height: 13.50pt\" height=\"18\">Kapasiteetti<\/td>\n<td>10 ml<\/td>\n<\/tr>\n<tr style=\"height: 13.50pt\">\n<td style=\"height: 13.50pt\" height=\"18\">Materiaali<\/td>\n<td>Keltainen Kristallilasi<\/td>\n<\/tr>\n<tr style=\"height: 13.50pt\">\n<td style=\"height: 13.50pt\" height=\"18\">Tiivistysmekanismi<\/td>\n<td>Py\u00f6ritett\u00e4v\u00e4 (Keramiikkikeraamikko)<\/td>\n<\/tr>\n<tr style=\"height: 13.50pt\">\n<td style=\"height: 13.50pt\" height=\"18\">Muoto<\/td>\n<td>Py\u00f6rist\u00e4\u00e4<\/td>\n<\/tr>\n<tr style=\"height: 13.50pt\">\n<td style=\"height: 13.50pt\" height=\"18\">Kiinnitys<\/td>\n<td>Keraamikko + Kultainen metallikorkki<\/td>\n<\/tr>\n<\/tbody>\n<\/table>\n<h2>Onnistumistarina: Kuinka kasvava ihonhoitotieto\u6539\u5584 kosmetiikkapakkauksen vetovoimaa<\/h2>\n<p>Ihohoitovalmistaja julkaisi uuden ihonhoitoj\u00e4rjestelm\u00e4n, joka keskittyy ymp\u00e4rist\u00f6n huolissaan oleviin ostajiin, ja valitsi keltaiset lasipullot pakkaukseksi. Kun he tilasivat pakkausta massatuotannossa ja lis\u00e4siv\u00e4t kustomoidut etiketit ymp\u00e4rist\u00f6viestinn\u00e4n kanssa, he laskivat pakkauskustannuksia 20% ja huomasivat 60% myynti\u00e4 lis\u00e4\u00e4ntyv\u00e4n. \"Kannun muoto on sek\u00e4 muodollinen ett\u00e4 k\u00e4yt\u00e4nn\u00f6llinen,\" sanoi heid\u00e4n pakkausp\u00e4\u00e4llikk\u00f6ns\u00e4.<\/p>\n<h2>Vinkkej\u00e4 mukauttamiseen<\/h2>\n<ul>\n<li>Yhdist\u00e4m\u00e4ll\u00e4 etiketin luonnolliseen v\u00e4riin, kuten mets\u00e4nvihre\u00e4\u00e4n, luodaan rauhallinen ja pehme\u00e4 visuaalinen tyyli; metallisten elementtien lis\u00e4\u00e4minen luo korkeamman tuntuisen vaikutelman.<\/li>\n<li>Yhdist\u00e4m\u00e4ll\u00e4 \u00e4lyteknologiaa, QR-koodi pullokan\u30c3\u4e0a tekee pakkauksesta ei ainoastaan esteettisesti miellytt\u00e4v\u00e4n, vaan my\u00f6s vuorovaikutteisen. K\u00e4ytt\u00e4j\u00e4t voivat skanna koodia saadakseen k\u00e4ytt\u00f6ohjeita tai t\u00e4ytt\u00f6tietoja.<\/li>\n<\/ul>","protected":false},"excerpt":{"rendered":"<p>Korkeakvaliteetin kosmetiikkapakkauksia keltaisilla lasipulloilla. 10ml py\u00f6ritett\u00e4v\u00e4 lasipullo ihohoitoon, valmiina l\u00e4hetett\u00e4v\u00e4ksi. Erinomainen tukkatoimituksiin ja kosmetiikkapakkauksiin.<\/p>","protected":false},"featured_media":5307,"comment_status":"open","ping_status":"closed","template":"","meta":{"_acf_changed":false,"site-sidebar-layout":"default","site-content-layout":"","ast-site-content-layout":"default","site-content-style":"default","site-sidebar-style":"default","ast-global-header-display":"","ast-banner-title-visibility":"","ast-main-header-display":"","ast-hfb-above-header-display":"","ast-hfb-below-header-display":"","ast-hfb-mobile-header-display":"","site-post-title":"","ast-breadcrumbs-content":"","ast-featured-img":"","footer-sml-layout":"","ast-disable-related-posts":"","theme-transparent-header-meta":"default","adv-header-id-meta":"","stick-header-meta":"","header-above-stick-meta":"","header-main-stick-meta":"","header-below-stick-meta":"","astra-migrate-meta-layouts":"set","ast-page-background-enabled":"default","ast-page-background-meta":{"desktop":{"background-color":"var(--ast-global-color-5)","background-image":"","background-repeat":"repeat","background-position":"center center","background-size":"auto","background-attachment":"scroll","background-type":"","background-media":"","overlay-type":"","overlay-color":"","overlay-opacity":"","overlay-gradient":""},"tablet":{"background-color":"","background-image":"","background-repeat":"repeat","background-position":"center center","background-size":"auto","background-attachment":"scroll","background-type":"","background-media":"","overlay-type":"","overlay-color":"","overlay-opacity":"","overlay-gradient":""},"mobile":{"background-color":"","background-image":"","background-repeat":"repeat","background-position":"center center","background-size":"auto","background-attachment":"scroll","background-type":"","background-media":"","overlay-type":"","overlay-color":"","overlay-opacity":"","overlay-gradient":""}},"ast-content-background-meta":{"desktop":{"background-color":"var(--ast-global-color-4)","background-image":"","background-repeat":"repeat","background-position":"center center","background-size":"auto","background-attachment":"scroll","background-type":"","background-media":"","overlay-type":"","overlay-color":"","overlay-opacity":"","overlay-gradient":""},"tablet":{"background-color":"var(--ast-global-color-4)","background-image":"","background-repeat":"repeat","background-position":"center center","background-size":"auto","background-attachment":"scroll","background-type":"","background-media":"","overlay-type":"","overlay-color":"","overlay-opacity":"","overlay-gradient":""},"mobile":{"background-color":"var(--ast-global-color-4)","background-image":"","background-repeat":"repeat","background-position":"center center","background-size":"auto","background-attachment":"scroll","background-type":"","background-media":"","overlay-type":"","overlay-color":"","overlay-opacity":"","overlay-gradient":""}}},"product_brand":[],"product_cat":[72,62,57,60],"product_tag":[213,214],"class_list":{"0":"post-5306","1":"product","2":"type-product","3":"status-publish","4":"has-post-thumbnail","6":"product_cat-cosmetic-packaging","7":"product_cat-cosmetic-containers","8":"product_cat-essential-oil-bottles","9":"product_cat-roller-bottles","10":"product_tag-amber-glass-roller-ball-bottles","11":"product_tag-roll-on-glass-bottles","12":"desktop-align-left","13":"tablet-align-left","14":"mobile-align-left","16":"first","17":"instock","18":"shipping-taxable","19":"product-type-simple"},"acf":[],"jetpack_sharing_enabled":true,"_links":{"self":[{"href":"https:\/\/theperfumebottles.com\/fi\/wp-json\/wp\/v2\/product\/5306","targetHints":{"allow":["GET"]}}],"collection":[{"href":"https:\/\/theperfumebottles.com\/fi\/wp-json\/wp\/v2\/product"}],"about":[{"href":"https:\/\/theperfumebottles.com\/fi\/wp-json\/wp\/v2\/types\/product"}],"replies":[{"embeddable":true,"href":"https:\/\/theperfumebottles.com\/fi\/wp-json\/wp\/v2\/comments?post=5306"}],"wp:featuredmedia":[{"embeddable":true,"href":"https:\/\/theperfumebottles.com\/fi\/wp-json\/wp\/v2\/media\/5307"}],"wp:attachment":[{"href":"https:\/\/theperfumebottles.com\/fi\/wp-json\/wp\/v2\/media?parent=5306"}],"wp:term":[{"taxonomy":"product_brand","embeddable":true,"href":"https:\/\/theperfumebottles.com\/fi\/wp-json\/wp\/v2\/product_brand?post=5306"},{"taxonomy":"product_cat","embeddable":true,"href":"https:\/\/theperfumebottles.com\/fi\/wp-json\/wp\/v2\/product_cat?post=5306"},{"taxonomy":"product_tag","embeddable":true,"href":"https:\/\/theperfumebottles.com\/fi\/wp-json\/wp\/v2\/product_tag?post=5306"}],"curies":[{"name":"wp","href":"https:\/\/api.w.org\/{rel}","templated":true}]}}