{"id":5311,"date":"2025-08-08T17:15:15","date_gmt":"2025-08-08T09:15:15","guid":{"rendered":"https:\/\/theperfumebottles.com\/?post_type=product&#038;p=5311"},"modified":"2025-08-08T17:17:29","modified_gmt":"2025-08-08T09:17:29","slug":"glass-roller-ball-bottle-essential-roll-on-container-for-cosmetic-packaging","status":"publish","type":"product","link":"https:\/\/theperfumebottles.com\/fi\/tuote\/glass-roller-ball-bottle-essential-roll-on-container-for-cosmetic-packaging\/","title":{"rendered":"30 ml 50 ml:n lasiset rullapullot \u2013 rullattava s\u00e4ili\u00f6 kosmetiikkapakkauksiin"},"content":{"rendered":"<p>Tarvitsetko s\u00e4ili\u00f6n, joka suojelee tuotetta valonalvosta samalla, kun k\u00e4ytt\u00f6 on helppoa? Meid\u00e4n lasipullolit on suunniteltu br\u00e4ndeille, jotka haluavat sek\u00e4 toiminnallisia ett\u00e4 tyylikk\u00e4it\u00e4 kosmetiikkapakkauksia.<\/p>\n<h2>T\u00e4rkeimm\u00e4t tekniset tiedot<\/h2>\n<table style=\"border-collapse: collapse; width: 80%; margin-left: auto; margin-right: auto;\" border=\"0\" width=\"144\" cellspacing=\"0\" cellpadding=\"0\">\n<tbody>\n<tr style=\"height: 13.50pt;\">\n<td style=\"height: 13.50pt; width: 54.00pt;\" width=\"72\" height=\"18\">Ominaisuus<\/td>\n<td style=\"width: 54.00pt;\" width=\"72\">Tiedot<\/td>\n<\/tr>\n<tr style=\"height: 13.50pt;\">\n<td style=\"height: 13.50pt;\" height=\"18\">Kapasiteetti<\/td>\n<td>30ml 50ml<\/td>\n<\/tr>\n<tr style=\"height: 13.50pt;\">\n<td style=\"height: 13.50pt;\" height=\"18\">Materiaali<\/td>\n<td>Selke\u00e4 lasi<\/td>\n<\/tr>\n<tr style=\"height: 13.50pt;\">\n<td style=\"height: 13.50pt;\" height=\"18\">Tiivistysmekanismi<\/td>\n<td>K\u00e4\u00e4rit\u00e4\u00e4n<\/td>\n<\/tr>\n<tr style=\"height: 13.50pt;\">\n<td style=\"height: 13.50pt;\" height=\"18\">Kiinnitys<\/td>\n<td>Muovikuulakehoves + Musta muovitakka<\/td>\n<\/tr>\n<\/tbody>\n<\/table>\n<h2>Menestystarina: Kuinka ymp\u00e4rist\u00f6yst\u00e4v\u00e4llinen ihonhoitobr\u00e4ndi kasvatti myyntej\u00e4 erikoispullolitakka- pakkaamisella<\/h2>\n<p>Ymp\u00e4rist\u00f6yst\u00e4v\u00e4llinen ihonhoitovalmistaja julkaisi ihonhoitoon suunnatun sarjan ymp\u00e4rist\u00f6herkki\u00e4 asiakkaita varten ja valitsi lasikuulakehovesipullot kosmetiikkapakkauksilleen. Myym\u00e4ll\u00e4 pakkausta tukkua ja sis\u00e4llytt\u00e4m\u00e4ll\u00e4 erikoistunnisteita ymp\u00e4rist\u00f6yst\u00e4v\u00e4llisill\u00e4 viestill\u00e4, he v\u00e4hensiv\u00e4t pakkauskuluja k\u00e4ytt\u00e4m\u00e4ll\u00e4 20% ja huomasivat 60% tavan lis\u00e4\u00e4ntyv\u00e4n tuloja.<\/p>\n<h2>Erikoistunnuksen ohjeet<\/h2>\n<ul>\n<li><strong>Yksinkertaistetut pullolinjat:<\/strong> Selke\u00e4 suunnitelma ilman tarpeettomia koristeluja ja kiilt\u00e4m\u00e4tt\u00f6m\u00e4n lopetuksen edustaa nykyaikaista, minimalismia.<\/li>\n<li><strong>Parantettu visuaalinen tunnistus:<\/strong> Selke\u00e4 lasipulloli ja musta takka luovat k\u00e4sittelyarvoa, korostaen nesteen rikkautta ja rakennetta.<\/li>\n<\/ul>","protected":false},"excerpt":{"rendered":"<p>L\u00f6yd\u00e4 lasikuulakehovesipulloli UV-suojaavalla lasilla ja tarkka k\u00e4\u00e4rit\u00e4\u00e4n suunnittelulla. Irtain ihonhoitoon, kauneusk\u00e4sittelyyn ja tukkutilaamisiin.<\/p>","protected":false},"featured_media":5312,"comment_status":"open","ping_status":"closed","template":"","meta":{"_acf_changed":false,"site-sidebar-layout":"default","site-content-layout":"","ast-site-content-layout":"default","site-content-style":"default","site-sidebar-style":"default","ast-global-header-display":"","ast-banner-title-visibility":"","ast-main-header-display":"","ast-hfb-above-header-display":"","ast-hfb-below-header-display":"","ast-hfb-mobile-header-display":"","site-post-title":"","ast-breadcrumbs-content":"","ast-featured-img":"","footer-sml-layout":"","ast-disable-related-posts":"","theme-transparent-header-meta":"default","adv-header-id-meta":"","stick-header-meta":"","header-above-stick-meta":"","header-main-stick-meta":"","header-below-stick-meta":"","astra-migrate-meta-layouts":"set","ast-page-background-enabled":"default","ast-page-background-meta":{"desktop":{"background-color":"var(--ast-global-color-5)","background-image":"","background-repeat":"repeat","background-position":"center center","background-size":"auto","background-attachment":"scroll","background-type":"","background-media":"","overlay-type":"","overlay-color":"","overlay-opacity":"","overlay-gradient":""},"tablet":{"background-color":"","background-image":"","background-repeat":"repeat","background-position":"center center","background-size":"auto","background-attachment":"scroll","background-type":"","background-media":"","overlay-type":"","overlay-color":"","overlay-opacity":"","overlay-gradient":""},"mobile":{"background-color":"","background-image":"","background-repeat":"repeat","background-position":"center center","background-size":"auto","background-attachment":"scroll","background-type":"","background-media":"","overlay-type":"","overlay-color":"","overlay-opacity":"","overlay-gradient":""}},"ast-content-background-meta":{"desktop":{"background-color":"var(--ast-global-color-4)","background-image":"","background-repeat":"repeat","background-position":"center center","background-size":"auto","background-attachment":"scroll","background-type":"","background-media":"","overlay-type":"","overlay-color":"","overlay-opacity":"","overlay-gradient":""},"tablet":{"background-color":"var(--ast-global-color-4)","background-image":"","background-repeat":"repeat","background-position":"center center","background-size":"auto","background-attachment":"scroll","background-type":"","background-media":"","overlay-type":"","overlay-color":"","overlay-opacity":"","overlay-gradient":""},"mobile":{"background-color":"var(--ast-global-color-4)","background-image":"","background-repeat":"repeat","background-position":"center center","background-size":"auto","background-attachment":"scroll","background-type":"","background-media":"","overlay-type":"","overlay-color":"","overlay-opacity":"","overlay-gradient":""}}},"product_brand":[],"product_cat":[72,62,57,60],"product_tag":[215,214],"class_list":{"0":"post-5311","1":"product","2":"type-product","3":"status-publish","4":"has-post-thumbnail","6":"product_cat-cosmetic-packaging","7":"product_cat-cosmetic-containers","8":"product_cat-essential-oil-bottles","9":"product_cat-roller-bottles","10":"product_tag-glass-roller-ball-bottle","11":"product_tag-roll-on-glass-bottles","12":"desktop-align-left","13":"tablet-align-left","14":"mobile-align-left","16":"first","17":"instock","18":"shipping-taxable","19":"product-type-simple"},"acf":[],"jetpack_sharing_enabled":true,"_links":{"self":[{"href":"https:\/\/theperfumebottles.com\/fi\/wp-json\/wp\/v2\/product\/5311","targetHints":{"allow":["GET"]}}],"collection":[{"href":"https:\/\/theperfumebottles.com\/fi\/wp-json\/wp\/v2\/product"}],"about":[{"href":"https:\/\/theperfumebottles.com\/fi\/wp-json\/wp\/v2\/types\/product"}],"replies":[{"embeddable":true,"href":"https:\/\/theperfumebottles.com\/fi\/wp-json\/wp\/v2\/comments?post=5311"}],"wp:featuredmedia":[{"embeddable":true,"href":"https:\/\/theperfumebottles.com\/fi\/wp-json\/wp\/v2\/media\/5312"}],"wp:attachment":[{"href":"https:\/\/theperfumebottles.com\/fi\/wp-json\/wp\/v2\/media?parent=5311"}],"wp:term":[{"taxonomy":"product_brand","embeddable":true,"href":"https:\/\/theperfumebottles.com\/fi\/wp-json\/wp\/v2\/product_brand?post=5311"},{"taxonomy":"product_cat","embeddable":true,"href":"https:\/\/theperfumebottles.com\/fi\/wp-json\/wp\/v2\/product_cat?post=5311"},{"taxonomy":"product_tag","embeddable":true,"href":"https:\/\/theperfumebottles.com\/fi\/wp-json\/wp\/v2\/product_tag?post=5311"}],"curies":[{"name":"wp","href":"https:\/\/api.w.org\/{rel}","templated":true}]}}